{"id":35882,"date":"2024-03-18T10:54:56","date_gmt":"2024-03-18T10:54:56","guid":{"rendered":"https:\/\/iggnita.com\/en\/?page_id=35882"},"modified":"2024-03-18T13:55:57","modified_gmt":"2024-03-18T13:55:57","slug":"otomasyon","status":"publish","type":"page","link":"https:\/\/iggnita.com\/en\/otomasyon\/","title":{"rendered":"Kontrol ve Otomasyon"},"content":{"rendered":"<style type=\"text\/css\">@media only screen and (min-width: 1000px) and (max-width: 5000px){body.kc-css-system .kc-css-3843024{width: 50%;}body.kc-css-system .kc-css-3369534{width: 50%;}body.kc-css-system .kc-css-3505245{width: 50%;}body.kc-css-system .kc-css-220440{width: 50%;}body.kc-css-system .kc-css-2969263{width: 50%;}body.kc-css-system .kc-css-3713212{width: 50%;}body.kc-css-system .kc-css-3180162{width: 50%;}body.kc-css-system .kc-css-1416944{width: 50%;}body.kc-css-system .kc-css-3261591{width: 50%;}body.kc-css-system .kc-css-787411{width: 50%;}}<\/style>\n<section class=\"kc-elm kc-css-2795817 kc_row\">\n<div class=\"kc-row-container  kc-container\">\n<div class=\"kc-wrap-columns\">\n<div class=\"kc-elm kc-css-3843024 kc_col-sm-6 kc_column kc_col-sm-6\">\n<div class=\"kc-col-container\">\n<div class=\"kc-elm kc-css-1368735 kc_shortcode kc_single_image\">\n<p>        <img decoding=\"async\" src=\"https:\/\/iggnita.com\/en\/wp-content\/uploads\/2024\/03\/energy.jpg\" class=\"\" alt=\"\" \/>    <\/div>\n<div class=\"kc-elm kc-css-1801532\" style=\"height: 61px; clear: both; width:100%;\"><\/div>\n<\/div>\n<\/div>\n<div class=\"kc-elm kc-css-3369534 kc_col-sm-6 kc_column kc_col-sm-6\">\n<div class=\"kc-col-container\">\n<div class=\"kc-elm kc-css-1416828 kc_text_block\">\n<h2 data-sourcepos=\"1:1-1:39\">Tesis Kontrol ve Otomasyon \u00c7\u00f6z\u00fcmleri<\/h2>\n<\/div>\n<div class=\"kc-elm kc-css-2495244 kc_text_block\">\n<p data-sourcepos=\"5:1-5:145\">Gaz motorlar\u0131 i\u00e7in otomasyon sistemleri, motorun \u00e7al\u0131\u015fmas\u0131n\u0131 kontrol etmek ve izlemek i\u00e7in kullan\u0131l\u0131r. Otomasyon sistemleri \u015funlar\u0131 sa\u011flayabilir:<\/p>\n<ul data-sourcepos=\"7:1-12:0\">\n<li data-sourcepos=\"7:1-7:44\"><strong>Motorun \u00e7al\u0131\u015ft\u0131r\u0131lmas\u0131 ve durdurulmas\u0131<\/strong><\/li>\n<li data-sourcepos=\"8:1-8:47\"><strong>Motor h\u0131z\u0131n\u0131n ve y\u00fck\u00fcn\u00fcn kontrol edilmesi<\/strong><\/li>\n<li data-sourcepos=\"9:1-9:42\"><strong>Hava-yak\u0131t oran\u0131n\u0131n kontrol edilmesi<\/strong><\/li>\n<li data-sourcepos=\"10:1-10:38\"><strong>Motorun emisyonlar\u0131n\u0131n izlenmesi<\/strong><\/li>\n<li data-sourcepos=\"11:1-12:0\"><strong>Motorun ar\u0131zalar\u0131n\u0131n te\u015fhisi<\/strong><\/li>\n<\/ul>\n<p data-sourcepos=\"13:1-13:216\">Gaz motorlar\u0131 i\u00e7in otomasyon sistemleri, motorun daha verimli ve g\u00fcvenli bir \u015fekilde \u00e7al\u0131\u015fmas\u0131n\u0131 sa\u011flayabilir. Otomasyon sistemleri ayr\u0131ca motorun emisyonlar\u0131n\u0131 azaltmaya ve motorun \u00f6mr\u00fcn\u00fc uzatmaya yard\u0131mc\u0131 olabilir.<\/p>\n<p data-sourcepos=\"15:1-15:199\">Gaz motorlar\u0131 i\u00e7in otomasyon sistemleri, basit kontrol\u00f6rlerden karma\u015f\u0131k PLC tabanl\u0131 sistemlere kadar \u00e7e\u015fitlilik g\u00f6sterir. Otomasyon sisteminin karma\u015f\u0131kl\u0131\u011f\u0131, motorun boyutuna ve uygulamas\u0131na ba\u011fl\u0131d\u0131r.<\/p>\n<\/div>\n<\/div>\n<\/div>\n<\/div>\n<\/div>\n<\/section>\n<section class=\"kc-elm kc-css-2549802 kc_row\">\n<div class=\"kc-row-container  kc-container\">\n<div class=\"kc-wrap-columns\">\n<div class=\"kc-elm kc-css-739302 kc_col-sm-12 kc_column kc_col-sm-12\">\n<div class=\"kc-col-container\">\n<div class=\"kc-elm kc-css-973867\" style=\"height: 48px; clear: both; width:100%;\"><\/div>\n<\/div>\n<\/div>\n<\/div>\n<\/div>\n<\/section>\n<section class=\"kc-elm kc-css-1410447 kc_row\">\n<div class=\"kc-row-container  kc-container\">\n<div class=\"kc-wrap-columns\">\n<div class=\"kc-elm kc-css-3505245 kc_col-sm-6 kc_column kc_col-sm-6\">\n<div class=\"kc-col-container\">\n<div class=\"kc-elm kc-css-615502\" style=\"height: 50px; clear: both; width:100%;\"><\/div>\n<div class=\"kc-elm kc-css-2098007 kc_text_block\">\n<ul>\n<li data-sourcepos=\"1:1-1:109\"><strong>Tek Noktadan Her \u015eeyi Kontrol Edin:<\/strong> T\u00fcm tesislerinizi tek bir yaz\u0131l\u0131m platformu \u00fczerinden uzaktan y\u00f6netin.<\/li>\n<li data-sourcepos=\"3:1-3:139\"><strong>Mobil Eri\u015fim:<\/strong> Ak\u0131ll\u0131 telefonunuz veya tabletiniz kullanarak tesislerinizi diledi\u011finiz yerden, diledi\u011finiz zaman izleyin ve kontrol edin.<\/li>\n<li data-sourcepos=\"5:1-5:128\"><strong>Ger\u00e7ek Zamanl\u0131 G\u00f6r\u00fcnt\u00fcler:<\/strong> Veri analizi ve izleme ara\u00e7lar\u0131 sayesinde tesis operasyonlar\u0131n\u0131z hakk\u0131nda de\u011ferli bilgiler edinin.<\/li>\n<li data-sourcepos=\"7:1-7:177\"><strong>Bulut Tabanl\u0131 \u00c7\u00f6z\u00fcmler:<\/strong> MODBUS ve OPC UA gibi end\u00fcstri standartlar\u0131 protokolleri ile uyumlu bulut teknolojisi arac\u0131l\u0131\u011f\u0131yla verilerinize g\u00fcvenli bir \u015fekilde eri\u015fin ve y\u00f6netin.<\/li>\n<li data-sourcepos=\"9:1-9:129\"><strong>Ak\u0131ll\u0131 Tesis Optimizasyonu:<\/strong> Enerji kullan\u0131m\u0131n\u0131 ve genel tesis performans\u0131n\u0131 optimize etmek i\u00e7in ileri analizlerden yararlan\u0131n.<\/li>\n<\/ul>\n<\/div>\n<\/div>\n<\/div>\n<div class=\"kc-elm kc-css-220440 kc_col-sm-6 kc_column kc_col-sm-6\">\n<div class=\"kc-col-container\">\n<div class=\"kc-elm kc-css-2223942 kc_shortcode kc_single_image\">\n<p>        <img decoding=\"async\" src=\"https:\/\/iggnita.com\/en\/wp-content\/uploads\/2024\/03\/Laptop-Cogen.png\" class=\"\" alt=\"\" \/>    <\/div>\n<\/div>\n<\/div>\n<\/div>\n<\/div>\n<\/section>\n<section class=\"kc-elm kc-css-2571129 kc_row\">\n<div class=\"kc-row-container  kc-container\">\n<div class=\"kc-wrap-columns\">\n<div class=\"kc-elm kc-css-3619448 kc_col-sm-12 kc_column kc_col-sm-12\">\n<div class=\"kc-col-container\">\n<div class=\"kc-elm kc-css-235696\" style=\"height: 48px; clear: both; width:100%;\"><\/div>\n<\/div>\n<\/div>\n<\/div>\n<\/div>\n<\/section>\n<section class=\"kc-elm kc-css-2731376 kc_row\">\n<div class=\"kc-row-container  kc-container\">\n<div class=\"kc-wrap-columns\">\n<div class=\"kc-elm kc-css-2969263 kc_col-sm-6 kc_column kc_col-sm-6\">\n<div class=\"kc-col-container\">\n<div class=\"kc-elm kc-css-1635117\" style=\"height: 50px; clear: both; width:100%;\"><\/div>\n<div class=\"kc-elm kc-css-3684995 kc_shortcode kc_single_image\">\n<p>        <img decoding=\"async\" src=\"https:\/\/iggnita.com\/en\/wp-content\/uploads\/2024\/03\/Resim3.png\" class=\"\" alt=\"\" \/>    <\/div>\n<\/div>\n<\/div>\n<div class=\"kc-elm kc-css-3713212 kc_col-sm-6 kc_column kc_col-sm-6\">\n<div class=\"kc-col-container\">\n<div class=\"kc-elm kc-css-806839\" style=\"height: 229px; clear: both; width:100%;\"><\/div>\n<div class=\"kc-elm kc-css-229431 kc_text_block\">\n<h2 data-sourcepos=\"1:1-1:20\">Proses Otomasyonu<\/h2>\n<p data-sourcepos=\"3:1-3:192\">Proses otomasyonu, end\u00fcstriyel tesislerde verimlili\u011fi, g\u00fcvenli\u011fi ve \u00fcr\u00fcn kalitesini art\u0131rmak i\u00e7in kullan\u0131lan bir teknolojidir. A\u015fa\u011f\u0131da proses otomasyonunun baz\u0131 \u00f6nemli alanlar\u0131 yer almaktad\u0131r:<\/p>\n<ul>\n<li style=\"list-style-type: none;\">\n<ul data-sourcepos=\"5:1-11:0\">\n<li data-sourcepos=\"5:1-5:141\"><strong>Hassas Cihaz Y\u00f6netimi:<\/strong>\u00a0Sens\u00f6rler, analiz\u00f6rler ve \u00e7e\u015fitli \u00f6l\u00e7\u00fcm cihazlar\u0131n\u0131 izleyerek ve kontrol ederek do\u011fru veri toplanmas\u0131n\u0131 sa\u011flar.<\/li>\n<li data-sourcepos=\"6:1-6:144\"><strong>Otomatik Yard\u0131mc\u0131 Sistemler:<\/strong>\u00a0Motorlar, pompalar, vanalar, kompres\u00f6rler, so\u011futma sistemleri ve daha fazlas\u0131n\u0131 verimli \u00e7al\u0131\u015fma i\u00e7in y\u00f6netir.<\/li>\n<li data-sourcepos=\"7:1-7:130\"><strong>Kazan Otomasyon \u00c7\u00f6z\u00fcmleri:<\/strong>\u00a0Kazan kontrol\u00fc dahil olmak \u00fczere buhar, s\u0131cak su ve s\u0131cak ya\u011f kazan\u0131 performans\u0131n\u0131 optimize eder.<\/li>\n<li data-sourcepos=\"8:1-8:114\"><strong>Geli\u015ftirilmi\u015f Kazan G\u00fcvenli\u011fi:<\/strong>\u00a0G\u00fcvenli kazan \u00e7al\u0131\u015fmas\u0131n\u0131 sa\u011flamak i\u00e7in sa\u011flam g\u00fcvenlik sistemleri uygulay\u0131n.<\/li>\n<li data-sourcepos=\"9:1-9:115\"><strong>Geli\u015fmi\u015f Proses Kontrol\u00fc:<\/strong>\u00a0Kapsaml\u0131 proses izleme ve kontrol\u00fc i\u00e7in SCADA, DCS ve PLC teknolojilerini kullan\u0131r.<\/li>\n<li data-sourcepos=\"10:1-11:0\"><strong>G\u00fcvenilir Acil Durum Y\u00f6netimi:<\/strong>\u00a0Otomatik acil durum m\u00fcdahale sistemleri ile tesis g\u00fcvenli\u011fini sa\u011flar.<\/li>\n<\/ul>\n<\/li>\n<\/ul>\n<\/div>\n<\/div>\n<\/div>\n<\/div>\n<\/div>\n<\/section>\n<section class=\"kc-elm kc-css-2193395 kc_row\">\n<div class=\"kc-row-container  kc-container\">\n<div class=\"kc-wrap-columns\">\n<div class=\"kc-elm kc-css-2244729 kc_col-sm-12 kc_column kc_col-sm-12\">\n<div class=\"kc-col-container\">\n<div class=\"kc-elm kc-css-1174590\" style=\"height: 48px; clear: both; width:100%;\"><\/div>\n<\/div>\n<\/div>\n<\/div>\n<\/div>\n<\/section>\n<section class=\"kc-elm kc-css-1817641 kc_row\">\n<div class=\"kc-row-container  kc-container\">\n<div class=\"kc-wrap-columns\">\n<div class=\"kc-elm kc-css-3180162 kc_col-sm-6 kc_column kc_col-sm-6\">\n<div class=\"kc-col-container\">\n<div class=\"kc-elm kc-css-2797716\" style=\"height: 113px; clear: both; width:100%;\"><\/div>\n<div class=\"kc-elm kc-css-3216498 kc_text_block\">\n<h2 data-sourcepos=\"1:1-1:29\">SCADA ve DCS Sistemlerimiz<\/h2>\n<ul>\n<li data-sourcepos=\"3:1-3:130\"><strong>Ger\u00e7ek Zamanl\u0131 Veri Analizi:<\/strong> Otomatik veri toplama ve analizi sayesinde tesis performans\u0131n\u0131z hakk\u0131nda de\u011ferli bilgiler edinin.<\/li>\n<li data-sourcepos=\"5:1-5:123\"><strong>G\u00fcvenli Bulut \u00c7\u00f6z\u00fcmleri:<\/strong> Bulut tabanl\u0131 veri depolama ve y\u00f6netiminin \u00f6l\u00e7eklenebilirli\u011finden ve g\u00fcvenli\u011finden yararlan\u0131n.<\/li>\n<li data-sourcepos=\"7:1-7:131\"><strong>Mod\u00fcler Tasar\u0131m:<\/strong> SCADA sistemlerimiz, gelecekteki b\u00fcy\u00fcmeye ve de\u011fi\u015fen ihtiya\u00e7lara kolayca adapte edilebilir \u015fekilde mod\u00fclerdir.<\/li>\n<li data-sourcepos=\"9:1-9:103\"><strong>Sekt\u00f6r Standartlar\u0131 Uyumlu:<\/strong> MODBUS ve OPC UA gibi mevcut ekipman ve protokollerle sorunsuz \u00e7al\u0131\u015f\u0131r.<\/li>\n<\/ul>\n<h2 data-sourcepos=\"11:1-11:69\"><strong>Yenilik\u00e7i \u00c7\u00f6z\u00fcmlerimizle Verimlilik ve Maliyet Tasarrufu Sa\u011flay\u0131n<\/strong><\/h2>\n<ul>\n<li data-sourcepos=\"13:1-13:148\"><strong>Ak\u0131ll\u0131 Otomasyon:<\/strong> Hassas s\u0131cakl\u0131k kontrol\u00fc ve ak\u0131\u015f optimizasyonu \u0131s\u0131 kayb\u0131n\u0131 en aza indirerek \u015febeke \u0131s\u0131tma a\u011f\u0131 verimlili\u011fini maksimuma \u00e7\u0131kar\u0131r.<\/li>\n<li data-sourcepos=\"15:1-15:126\"><strong>Maliyet Tasarrufu:<\/strong> Ger\u00e7ek zamanl\u0131 talep bazl\u0131 ayarlamalar, enerji t\u00fcketimini ve i\u015fletme giderlerini \u00f6nemli \u00f6l\u00e7\u00fcde azalt\u0131r.<\/li>\n<li data-sourcepos=\"17:1-17:94\"><strong>S\u00fcrd\u00fcr\u00fclebilir Gelecek:<\/strong> Optimize edilmi\u015f enerji kullan\u0131m\u0131, \u00e7evresel ayak izinizi k\u00fc\u00e7\u00fclt\u00fcr.<\/li>\n<li data-sourcepos=\"19:1-19:103\"><strong>\u00d6ng\u00f6r\u00fcl\u00fc Bak\u0131m:<\/strong> Ger\u00e7ek zamanl\u0131 veri analizi, proaktif bak\u0131ma olanak sa\u011flar ve ar\u0131za s\u00fcresini \u00f6nler.<\/li>\n<li data-sourcepos=\"21:1-21:102\"><strong>Uzaktan Komut:<\/strong> Herhangi bir soruna h\u0131zl\u0131 yan\u0131t vermek i\u00e7in t\u00fcm a\u011f\u0131n\u0131z\u0131 uzaktan izleyin ve y\u00f6netin.<\/li>\n<\/ul>\n<\/div>\n<\/div>\n<\/div>\n<div class=\"kc-elm kc-css-1416944 kc_col-sm-6 kc_column kc_col-sm-6\">\n<div class=\"kc-col-container\">\n<div class=\"kc-elm kc-css-3394723\" style=\"height: 50px; clear: both; width:100%;\"><\/div>\n<div class=\"kc-elm kc-css-342970 kc_shortcode kc_single_image\">\n<p>        <img decoding=\"async\" src=\"https:\/\/iggnita.com\/en\/wp-content\/uploads\/2024\/03\/zxczxc.png\" class=\"\" alt=\"\" \/>    <\/div>\n<\/div>\n<\/div>\n<\/div>\n<\/div>\n<\/section>\n<section class=\"kc-elm kc-css-1321381 kc_row\">\n<div class=\"kc-row-container  kc-container\">\n<div class=\"kc-wrap-columns\">\n<div class=\"kc-elm kc-css-1007303 kc_col-sm-12 kc_column kc_col-sm-12\">\n<div class=\"kc-col-container\">\n<div class=\"kc-elm kc-css-1868814\" style=\"height: 48px; clear: both; width:100%;\"><\/div>\n<\/div>\n<\/div>\n<\/div>\n<\/div>\n<\/section>\n<section class=\"kc-elm kc-css-1374136 kc_row\">\n<div class=\"kc-row-container  kc-container\">\n<div class=\"kc-wrap-columns\">\n<div class=\"kc-elm kc-css-3261591 kc_col-sm-6 kc_column kc_col-sm-6\">\n<div class=\"kc-col-container\">\n<div class=\"kc-elm kc-css-3322618\" style=\"height: 50px; clear: both; width:100%;\"><\/div>\n<div class=\"kc-elm kc-css-1710346 kc_shortcode kc_single_image\">\n<p>        <img decoding=\"async\" src=\"https:\/\/iggnita.com\/en\/wp-content\/uploads\/2024\/03\/Resim2-scaled.jpg\" class=\"\" alt=\"\" \/>    <\/div>\n<\/div>\n<\/div>\n<div class=\"kc-elm kc-css-787411 kc_col-sm-6 kc_column kc_col-sm-6\">\n<div class=\"kc-col-container\">\n<div class=\"kc-elm kc-css-3255465\" style=\"height: 143px; clear: both; width:100%;\"><\/div>\n<div class=\"kc-elm kc-css-3186669 kc_text_block\">\n<h2 data-sourcepos=\"1:1-1:24\">Ak\u0131ll\u0131 Enerji \u00dcretimi<\/h2>\n<p data-sourcepos=\"3:1-3:102\"><strong>Maksimum \u00c7\u0131k\u0131\u015f:<\/strong> Otomatik kontroller, motor performans\u0131n\u0131 en y\u00fcksek g\u00fc\u00e7 \u00fcretimi i\u00e7in optimize eder.<\/p>\n<p data-sourcepos=\"5:1-5:106\"><strong>Verimlili\u011fi Art\u0131r\u0131n:<\/strong> Ger\u00e7ek zamanl\u0131 ayarlamalar, verimli yak\u0131t kullan\u0131m\u0131 ve azalt\u0131lm\u0131\u015f emisyon sa\u011flar.<\/p>\n<p data-sourcepos=\"7:1-7:96\"><strong>Uzaktan Y\u00f6netim:<\/strong> Artan operasyonel esneklik i\u00e7in tesisinizi uzaktan izleyin ve kontrol edin.<\/p>\n<p data-sourcepos=\"9:1-9:108\"><strong>\u00d6ng\u00f6r\u00fcl\u00fc Bak\u0131m:<\/strong> Veriye dayal\u0131 \u00f6ng\u00f6r\u00fcler, proaktif bak\u0131ma olanak sa\u011flar ve ar\u0131za s\u00fcresini en aza indirir.<\/p>\n<p data-sourcepos=\"11:1-11:90\"><strong>Geli\u015ftirilmi\u015f G\u00fcvenlik:<\/strong> Otomatik sistemler, potansiyel ar\u0131zalara kar\u015f\u0131 koruma sa\u011flar.<\/p>\n<\/div>\n<\/div>\n<\/div>\n<\/div>\n<\/div>\n<\/section>\n","protected":false},"excerpt":{"rendered":"<p>Tesis Kontrol ve Otomasyon \u00c7\u00f6z\u00fcmleri Gaz motorlar\u0131 i\u00e7in otomasyon sistemleri, motorun \u00e7al\u0131\u015fmas\u0131n\u0131 kontrol etmek ve izlemek i\u00e7in kullan\u0131l\u0131r. Otomasyon sistemleri \u015funlar\u0131 sa\u011flayabilir: Motorun \u00e7al\u0131\u015ft\u0131r\u0131lmas\u0131 ve durdurulmas\u0131 Motor h\u0131z\u0131n\u0131n ve y\u00fck\u00fcn\u00fcn kontrol edilmesi Hava-yak\u0131t oran\u0131n\u0131n kontrol edilmesi Motorun emisyonlar\u0131n\u0131n izlenmesi Motorun ar\u0131zalar\u0131n\u0131n te\u015fhisi Gaz motorlar\u0131 i\u00e7in otomasyon sistemleri, motorun daha verimli ve g\u00fcvenli bir \u015fekilde \u00e7al\u0131\u015fmas\u0131n\u0131 [&hellip;]<\/p>\n","protected":false},"author":1,"featured_media":0,"parent":0,"menu_order":0,"comment_status":"closed","ping_status":"closed","template":"","meta":{"footnotes":""},"class_list":["post-35882","page","type-page","status-publish","hentry","no-thumb"],"yoast_head":"<!-- This site is optimized with the Yoast SEO plugin v25.3 - https:\/\/yoast.com\/wordpress\/plugins\/seo\/ -->\n<title>Kontrol ve Otomasyon - iggnita<\/title>\n<meta name=\"robots\" content=\"index, follow, max-snippet:-1, max-image-preview:large, max-video-preview:-1\" \/>\n<link rel=\"canonical\" href=\"https:\/\/iggnita.com\/en\/otomasyon\/\" \/>\n<meta property=\"og:locale\" content=\"en_US\" \/>\n<meta property=\"og:type\" content=\"article\" \/>\n<meta property=\"og:title\" content=\"Kontrol ve Otomasyon - iggnita\" \/>\n<meta property=\"og:description\" content=\"Tesis Kontrol ve Otomasyon \u00c7\u00f6z\u00fcmleri Gaz motorlar\u0131 i\u00e7in otomasyon sistemleri, motorun \u00e7al\u0131\u015fmas\u0131n\u0131 kontrol etmek ve izlemek i\u00e7in kullan\u0131l\u0131r. Otomasyon sistemleri \u015funlar\u0131 sa\u011flayabilir: Motorun \u00e7al\u0131\u015ft\u0131r\u0131lmas\u0131 ve durdurulmas\u0131 Motor h\u0131z\u0131n\u0131n ve y\u00fck\u00fcn\u00fcn kontrol edilmesi Hava-yak\u0131t oran\u0131n\u0131n kontrol edilmesi Motorun emisyonlar\u0131n\u0131n izlenmesi Motorun ar\u0131zalar\u0131n\u0131n te\u015fhisi Gaz motorlar\u0131 i\u00e7in otomasyon sistemleri, motorun daha verimli ve g\u00fcvenli bir \u015fekilde \u00e7al\u0131\u015fmas\u0131n\u0131 [&hellip;]\" \/>\n<meta property=\"og:url\" content=\"https:\/\/iggnita.com\/en\/otomasyon\/\" \/>\n<meta property=\"og:site_name\" content=\"iggnita\" \/>\n<meta property=\"article:publisher\" content=\"https:\/\/www.facebook.com\/iggnita\" \/>\n<meta property=\"article:modified_time\" content=\"2024-03-18T13:55:57+00:00\" \/>\n<meta property=\"og:image\" content=\"https:\/\/iggnita.com\/en\/wp-content\/uploads\/2024\/03\/energy.jpg\" \/>\n<meta name=\"twitter:card\" content=\"summary_large_image\" \/>\n<meta name=\"twitter:site\" content=\"@iggnita\" \/>\n<meta name=\"twitter:label1\" content=\"Est. reading time\" \/>\n\t<meta name=\"twitter:data1\" content=\"4 minutes\" \/>\n<script type=\"application\/ld+json\" class=\"yoast-schema-graph\">{\"@context\":\"https:\/\/schema.org\",\"@graph\":[{\"@type\":\"WebPage\",\"@id\":\"https:\/\/iggnita.com\/en\/otomasyon\/\",\"url\":\"https:\/\/iggnita.com\/en\/otomasyon\/\",\"name\":\"Kontrol ve Otomasyon - iggnita\",\"isPartOf\":{\"@id\":\"https:\/\/iggnita.com\/en\/#website\"},\"primaryImageOfPage\":{\"@id\":\"https:\/\/iggnita.com\/en\/otomasyon\/#primaryimage\"},\"image\":{\"@id\":\"https:\/\/iggnita.com\/en\/otomasyon\/#primaryimage\"},\"thumbnailUrl\":\"https:\/\/iggnita.com\/en\/wp-content\/uploads\/2024\/03\/energy.jpg\",\"datePublished\":\"2024-03-18T10:54:56+00:00\",\"dateModified\":\"2024-03-18T13:55:57+00:00\",\"breadcrumb\":{\"@id\":\"https:\/\/iggnita.com\/en\/otomasyon\/#breadcrumb\"},\"inLanguage\":\"en-US\",\"potentialAction\":[{\"@type\":\"ReadAction\",\"target\":[\"https:\/\/iggnita.com\/en\/otomasyon\/\"]}]},{\"@type\":\"ImageObject\",\"inLanguage\":\"en-US\",\"@id\":\"https:\/\/iggnita.com\/en\/otomasyon\/#primaryimage\",\"url\":\"https:\/\/iggnita.com\/en\/wp-content\/uploads\/2024\/03\/energy.jpg\",\"contentUrl\":\"https:\/\/iggnita.com\/en\/wp-content\/uploads\/2024\/03\/energy.jpg\",\"width\":2000,\"height\":1334},{\"@type\":\"BreadcrumbList\",\"@id\":\"https:\/\/iggnita.com\/en\/otomasyon\/#breadcrumb\",\"itemListElement\":[{\"@type\":\"ListItem\",\"position\":1,\"name\":\"Anasayfa\",\"item\":\"https:\/\/iggnita.com\/en\/\"},{\"@type\":\"ListItem\",\"position\":2,\"name\":\"Kontrol ve Otomasyon\"}]},{\"@type\":\"WebSite\",\"@id\":\"https:\/\/iggnita.com\/en\/#website\",\"url\":\"https:\/\/iggnita.com\/en\/\",\"name\":\"iggnita\",\"description\":\"Gaz Motoru Yedek Par\u00e7alar\u0131\",\"publisher\":{\"@id\":\"https:\/\/iggnita.com\/en\/#organization\"},\"potentialAction\":[{\"@type\":\"SearchAction\",\"target\":{\"@type\":\"EntryPoint\",\"urlTemplate\":\"https:\/\/iggnita.com\/en\/?s={search_term_string}\"},\"query-input\":{\"@type\":\"PropertyValueSpecification\",\"valueRequired\":true,\"valueName\":\"search_term_string\"}}],\"inLanguage\":\"en-US\"},{\"@type\":\"Organization\",\"@id\":\"https:\/\/iggnita.com\/en\/#organization\",\"name\":\"\u0130GGN\u0130TA MAK\u0130NA SANAY\u0130 VE T\u0130CARET\",\"url\":\"https:\/\/iggnita.com\/en\/\",\"logo\":{\"@type\":\"ImageObject\",\"inLanguage\":\"en-US\",\"@id\":\"https:\/\/iggnita.com\/en\/#\/schema\/logo\/image\/\",\"url\":\"https:\/\/iggnita.com\/en\/wp-content\/uploads\/2020\/12\/cropped-cropped-iggnita-logokkk.png\",\"contentUrl\":\"https:\/\/iggnita.com\/en\/wp-content\/uploads\/2020\/12\/cropped-cropped-iggnita-logokkk.png\",\"width\":330,\"height\":110,\"caption\":\"\u0130GGN\u0130TA MAK\u0130NA SANAY\u0130 VE T\u0130CARET\"},\"image\":{\"@id\":\"https:\/\/iggnita.com\/en\/#\/schema\/logo\/image\/\"},\"sameAs\":[\"https:\/\/www.facebook.com\/iggnita\",\"https:\/\/x.com\/iggnita\",\"https:\/\/www.instagram.com\/iggnita\/\",\"https:\/\/www.linkedin.com\/company\/70903335\/admin\/\",\"https:\/\/www.youtube.com\/channel\/UC0vF0xKibV2BYvXQi7kWb5w\"]}]}<\/script>\n<!-- \/ Yoast SEO plugin. -->","yoast_head_json":{"title":"Kontrol ve Otomasyon - iggnita","robots":{"index":"index","follow":"follow","max-snippet":"max-snippet:-1","max-image-preview":"max-image-preview:large","max-video-preview":"max-video-preview:-1"},"canonical":"https:\/\/iggnita.com\/en\/otomasyon\/","og_locale":"en_US","og_type":"article","og_title":"Kontrol ve Otomasyon - iggnita","og_description":"Tesis Kontrol ve Otomasyon \u00c7\u00f6z\u00fcmleri Gaz motorlar\u0131 i\u00e7in otomasyon sistemleri, motorun \u00e7al\u0131\u015fmas\u0131n\u0131 kontrol etmek ve izlemek i\u00e7in kullan\u0131l\u0131r. Otomasyon sistemleri \u015funlar\u0131 sa\u011flayabilir: Motorun \u00e7al\u0131\u015ft\u0131r\u0131lmas\u0131 ve durdurulmas\u0131 Motor h\u0131z\u0131n\u0131n ve y\u00fck\u00fcn\u00fcn kontrol edilmesi Hava-yak\u0131t oran\u0131n\u0131n kontrol edilmesi Motorun emisyonlar\u0131n\u0131n izlenmesi Motorun ar\u0131zalar\u0131n\u0131n te\u015fhisi Gaz motorlar\u0131 i\u00e7in otomasyon sistemleri, motorun daha verimli ve g\u00fcvenli bir \u015fekilde \u00e7al\u0131\u015fmas\u0131n\u0131 [&hellip;]","og_url":"https:\/\/iggnita.com\/en\/otomasyon\/","og_site_name":"iggnita","article_publisher":"https:\/\/www.facebook.com\/iggnita","article_modified_time":"2024-03-18T13:55:57+00:00","og_image":[{"url":"https:\/\/iggnita.com\/en\/wp-content\/uploads\/2024\/03\/energy.jpg","type":"","width":"","height":""}],"twitter_card":"summary_large_image","twitter_site":"@iggnita","twitter_misc":{"Est. reading time":"4 minutes"},"schema":{"@context":"https:\/\/schema.org","@graph":[{"@type":"WebPage","@id":"https:\/\/iggnita.com\/en\/otomasyon\/","url":"https:\/\/iggnita.com\/en\/otomasyon\/","name":"Kontrol ve Otomasyon - iggnita","isPartOf":{"@id":"https:\/\/iggnita.com\/en\/#website"},"primaryImageOfPage":{"@id":"https:\/\/iggnita.com\/en\/otomasyon\/#primaryimage"},"image":{"@id":"https:\/\/iggnita.com\/en\/otomasyon\/#primaryimage"},"thumbnailUrl":"https:\/\/iggnita.com\/en\/wp-content\/uploads\/2024\/03\/energy.jpg","datePublished":"2024-03-18T10:54:56+00:00","dateModified":"2024-03-18T13:55:57+00:00","breadcrumb":{"@id":"https:\/\/iggnita.com\/en\/otomasyon\/#breadcrumb"},"inLanguage":"en-US","potentialAction":[{"@type":"ReadAction","target":["https:\/\/iggnita.com\/en\/otomasyon\/"]}]},{"@type":"ImageObject","inLanguage":"en-US","@id":"https:\/\/iggnita.com\/en\/otomasyon\/#primaryimage","url":"https:\/\/iggnita.com\/en\/wp-content\/uploads\/2024\/03\/energy.jpg","contentUrl":"https:\/\/iggnita.com\/en\/wp-content\/uploads\/2024\/03\/energy.jpg","width":2000,"height":1334},{"@type":"BreadcrumbList","@id":"https:\/\/iggnita.com\/en\/otomasyon\/#breadcrumb","itemListElement":[{"@type":"ListItem","position":1,"name":"Anasayfa","item":"https:\/\/iggnita.com\/en\/"},{"@type":"ListItem","position":2,"name":"Kontrol ve Otomasyon"}]},{"@type":"WebSite","@id":"https:\/\/iggnita.com\/en\/#website","url":"https:\/\/iggnita.com\/en\/","name":"iggnita","description":"Gaz Motoru Yedek Par\u00e7alar\u0131","publisher":{"@id":"https:\/\/iggnita.com\/en\/#organization"},"potentialAction":[{"@type":"SearchAction","target":{"@type":"EntryPoint","urlTemplate":"https:\/\/iggnita.com\/en\/?s={search_term_string}"},"query-input":{"@type":"PropertyValueSpecification","valueRequired":true,"valueName":"search_term_string"}}],"inLanguage":"en-US"},{"@type":"Organization","@id":"https:\/\/iggnita.com\/en\/#organization","name":"\u0130GGN\u0130TA MAK\u0130NA SANAY\u0130 VE T\u0130CARET","url":"https:\/\/iggnita.com\/en\/","logo":{"@type":"ImageObject","inLanguage":"en-US","@id":"https:\/\/iggnita.com\/en\/#\/schema\/logo\/image\/","url":"https:\/\/iggnita.com\/en\/wp-content\/uploads\/2020\/12\/cropped-cropped-iggnita-logokkk.png","contentUrl":"https:\/\/iggnita.com\/en\/wp-content\/uploads\/2020\/12\/cropped-cropped-iggnita-logokkk.png","width":330,"height":110,"caption":"\u0130GGN\u0130TA MAK\u0130NA SANAY\u0130 VE T\u0130CARET"},"image":{"@id":"https:\/\/iggnita.com\/en\/#\/schema\/logo\/image\/"},"sameAs":["https:\/\/www.facebook.com\/iggnita","https:\/\/x.com\/iggnita","https:\/\/www.instagram.com\/iggnita\/","https:\/\/www.linkedin.com\/company\/70903335\/admin\/","https:\/\/www.youtube.com\/channel\/UC0vF0xKibV2BYvXQi7kWb5w"]}]}},"_links":{"self":[{"href":"https:\/\/iggnita.com\/en\/wp-json\/wp\/v2\/pages\/35882","targetHints":{"allow":["GET"]}}],"collection":[{"href":"https:\/\/iggnita.com\/en\/wp-json\/wp\/v2\/pages"}],"about":[{"href":"https:\/\/iggnita.com\/en\/wp-json\/wp\/v2\/types\/page"}],"author":[{"embeddable":true,"href":"https:\/\/iggnita.com\/en\/wp-json\/wp\/v2\/users\/1"}],"replies":[{"embeddable":true,"href":"https:\/\/iggnita.com\/en\/wp-json\/wp\/v2\/comments?post=35882"}],"version-history":[{"count":18,"href":"https:\/\/iggnita.com\/en\/wp-json\/wp\/v2\/pages\/35882\/revisions"}],"predecessor-version":[{"id":35908,"href":"https:\/\/iggnita.com\/en\/wp-json\/wp\/v2\/pages\/35882\/revisions\/35908"}],"wp:attachment":[{"href":"https:\/\/iggnita.com\/en\/wp-json\/wp\/v2\/media?parent=35882"}],"curies":[{"name":"wp","href":"https:\/\/api.w.org\/{rel}","templated":true}]}}