{"id":36254,"date":"2024-08-13T14:01:54","date_gmt":"2024-08-13T14:01:54","guid":{"rendered":"https:\/\/iggnita.com\/en\/?page_id=36254"},"modified":"2024-08-19T14:15:36","modified_gmt":"2024-08-19T14:15:36","slug":"kariyer","status":"publish","type":"page","link":"https:\/\/iggnita.com\/en\/kariyer\/","title":{"rendered":"Kariyer"},"content":{"rendered":"<div class=\"wpb-content-wrapper\"><p>[vc_row][vc_column][vc_empty_space height=&#8221;50px&#8221;][\/vc_column][vc_column][vc_column_text css=&#8221;&#8221;]<\/p>\n<h4>IGGNITA&#8217;da Kariyerinize G\u00fc\u00e7 Kat\u0131n<\/h4>\n<p>IGGNITA, b\u00fcy\u00fcyen ve dinamik ekibine kat\u0131lacak yetenekli profesyoneller ar\u0131yor. E\u011fer siz de kariyerinizde yeni zirvelere ula\u015fmak, \u00e7e\u015fitli f\u0131rsatlarla dolu bir yolculu\u011fa \u00e7\u0131kmak ve enerjinin gelece\u011fini \u015fekillendirmek istiyorsan\u0131z, do\u011fru yerdesiniz.<\/p>\n<p>IGGNITA olarak, \u00e7al\u0131\u015fanlar\u0131m\u0131z\u0131n ki\u015fisel ve profesyonel geli\u015fimlerine \u00f6nem veriyor ve onlara en iyi \u00e7al\u0131\u015fma ortam\u0131n\u0131 sunmay\u0131 hedefliyoruz.<\/p>\n<p>&nbsp;<\/p>\n<h4>Neden IGGNITA?<\/h4>\n<p><strong>1. Yenilik\u00e7i \u00c7\u00f6z\u00fcmler ve Teknoloji:<\/strong> Enerji sekt\u00f6r\u00fcndeki en son teknolojileri kullanarak yenilik\u00e7i \u00e7\u00f6z\u00fcmler \u00fcretiyoruz. \u00c7al\u0131\u015fanlar\u0131m\u0131z\u0131n bu teknolojilere eri\u015fimini sa\u011flayarak, onlar\u0131n en iyi performans\u0131 g\u00f6stermelerini destekliyoruz. Geli\u015fen teknolojilere h\u0131zl\u0131 adaptasyon sa\u011fl\u0131yor ve projelerimizde en ileri m\u00fchendislik uygulamalar\u0131n\u0131 kullan\u0131yoruz.<\/p>\n<p><strong>2. Profesyonel Geli\u015fim:<\/strong> IGGNITA, \u00e7al\u0131\u015fanlar\u0131n\u0131n s\u00fcrekli \u00f6\u011frenme ve geli\u015fim s\u00fcre\u00e7lerini destekler. E\u011fitim programlar\u0131, seminerler, at\u00f6lye \u00e7al\u0131\u015fmalar\u0131 ve \u00e7evrimi\u00e7i \u00f6\u011frenme f\u0131rsatlar\u0131 ile profesyonel becerilerinizi art\u0131rabilirsiniz. Ki\u015fisel geli\u015fim planlar\u0131 ile kariyer yolculu\u011funuzu destekliyor, liderlik ve teknik yetkinliklerinizi geli\u015ftirecek f\u0131rsatlar sunuyoruz.<\/p>\n<p><strong>3. Dinamik ve Destekleyici \u00c7al\u0131\u015fma Ortam\u0131:<\/strong> Dinamik, destekleyici ve i\u015fbirlik\u00e7i bir \u00e7al\u0131\u015fma ortam\u0131 sunarak, \u00e7al\u0131\u015fanlar\u0131m\u0131z\u0131n kendilerini de\u011ferli hissetmelerini sa\u011fl\u0131yoruz. Ekip \u00e7al\u0131\u015fmas\u0131n\u0131 te\u015fvik ediyor ve her bireyin katk\u0131s\u0131n\u0131n \u00f6nemli oldu\u011funu biliyoruz. A\u00e7\u0131k ileti\u015fim, g\u00fcven ve i\u015fbirli\u011fine dayal\u0131 bir \u00e7al\u0131\u015fma k\u00fclt\u00fcr\u00fc ile herkesin en iyi performans\u0131n\u0131 g\u00f6stermesine olanak tan\u0131yoruz.<\/p>\n<p><strong>4. \u00c7e\u015fitli Kariyer F\u0131rsatlar\u0131:<\/strong> IGGNITA&#8217;da, yeteneklerinizi ve kariyer hedeflerinizi destekleyen \u00e7e\u015fitli kariyer f\u0131rsatlar\u0131 sunuyoruz. \u00c7e\u015fitli departmanlarda ve projelerde yer alarak kariyerinizi bir \u00fcst seviyeye ta\u015f\u0131yabilirsiniz. Y\u00fcksek performans g\u00f6steren \u00e7al\u0131\u015fanlar\u0131m\u0131z i\u00e7in i\u00e7 terfi imkanlar\u0131 ve kariyer geli\u015fim programlar\u0131 sunuyoruz.<\/p>\n<p>&nbsp;<\/p>\n<h4>IGGNITA Ailesine Kat\u0131l\u0131n<\/h4>\n<p>IGGNITA&#8217;da kariyerinize g\u00fc\u00e7 katmak ve enerjinin gelece\u011fini birlikte \u015fekillendirmek i\u00e7in hemen ba\u015fvurun. A\u00e7\u0131k pozisyonlar hakk\u0131nda daha fazla bilgi edinmek ve ba\u015fvuru yapmak i\u00e7in\u00a0 \u00f6zge\u00e7mi\u015finizi <em><strong><a rel=\"noreferrer\">info@iggnita.com<\/a><\/strong><\/em>\u00a0adresine g\u00f6nderin. IGGNITA ailesine kat\u0131larak, enerji sekt\u00f6r\u00fcnde fark yaratma f\u0131rsat\u0131n\u0131 yakalay\u0131n.<\/p>\n<p>IGGNITA olarak, enerjinin gelece\u011fini birlikte \u015fekillendirmek i\u00e7in sizi ekibimize kat\u0131lmaya davet ediyoruz.[\/vc_column_text][\/vc_column][vc_column][vc_empty_space height=&#8221;50px&#8221;][\/vc_column][\/vc_row][vc_row equal_height=&#8221;yes&#8221; content_placement=&#8221;middle&#8221; enable_parallax=&#8221;yes&#8221; css=&#8221;.vc_custom_1580721032455{padding-top: 50px !important;padding-bottom: 50px !important;background-image: url(http:\/\/demo2.steelthemes.com\/induscity\/wp-content\/uploads\/sites\/9\/2020\/02\/action-bg-1.jpg?id=3888) !important;}&#8221;][vc_column offset=&#8221;vc_col-lg-9 vc_col-md-8&#8243;]<div class=\"mf-empty-space \" style=\"\"><div class=\"mf_empty_space_lg\" ><\/div><div class=\"mf_empty_space_md\" ><\/div><div class=\"mf_empty_space_xs\"  style=\"height: 30px\"><\/div><\/div>[vc_custom_heading text=&#8221;Kapsaml\u0131 kariyer f\u0131rsatlar\u0131m\u0131z\u0131 ke\u015ffedin ve enerji sekt\u00f6r\u00fcnde fark yarat\u0131n!&#8221; font_container=&#8221;tag:h2|font_size:20|text_align:left&#8221; use_theme_fonts=&#8221;yes&#8221; css=&#8221;.vc_custom_1722260118272{margin-top: 0px !important;margin-bottom: 0px !important;}&#8221; el_class=&#8221;fw-medium main-color&#8221;][\/vc_column][vc_column offset=&#8221;vc_col-lg-3 vc_col-md-4&#8243;]<div class=\"mf-button align-right style-1 \"><a class=\"button mf-btn\" href=\"\/iletisim\/\">\u0130leti\u015fim<\/a><\/div>[\/vc_column][\/vc_row][vc_row][vc_column]<div class=\"mf-empty-space \" style=\"\"><div class=\"mf_empty_space_lg\"  style=\"height: 80px\"><\/div><div class=\"mf_empty_space_md\"  style=\"height: 50px\"><\/div><div class=\"mf_empty_space_xs\"  style=\"height: 50px\"><\/div><\/div><div class=\"mf-section-title text-center dark large-size \"><h2 >Y\u00f6netim Kurulu<\/h2><\/div>[vc_empty_space height=&#8221;50px&#8221;]<div class=\"mf-empty-space \" style=\"\"><div class=\"mf_empty_space_lg\"  style=\"height: 5px\"><\/div><div class=\"mf_empty_space_md\"  style=\"height: 5px\"><\/div><div class=\"mf_empty_space_xs\"  style=\"height: 5px\"><\/div><\/div>[vc_column_text css=&#8221;&#8221;]<\/p>\n<div class=\"text-center\" style=\"font-size: 20px; color: #393939; font-weight: 500;\">&#8221;Ekip arkada\u015flar\u0131m\u0131z, \u015firketimizin vizyonuna ve misyonuna inan\u0131yor ve bu vizyonu ger\u00e7e\u011fe d\u00f6n\u00fc\u015ft\u00fcrmek i\u00e7in \u00e7ok \u00e7al\u0131\u015f\u0131yorlar.<\/div>\n<div class=\"text-center\" style=\"font-size: 20px; color: #393939; font-weight: 500;\">Ekibimiz\u00a0 partnerlerimize kesintisiz bir hizmet anlay\u0131\u015f\u0131 sunabilmek i\u00e7in her g\u00fcn daha \u00e7ok \u00e7al\u0131\u015f\u0131yor,<\/div>\n<div class=\"text-center\" style=\"font-size: 20px; color: #393939; font-weight: 500;\">hepimiz bunun bir <strong>tak\u0131m \u00e7al\u0131\u015fmas\u0131<\/strong> oldu\u011funu \u00e7ok iyi biliyoruz.&#8221;<\/div>\n<p>[\/vc_column_text]<div class=\"mf-empty-space \" style=\"\"><div class=\"mf_empty_space_lg\"  style=\"height: 80px\"><\/div><div class=\"mf_empty_space_md\"  style=\"height: 50px\"><\/div><div class=\"mf_empty_space_xs\"  style=\"height: 50px\"><\/div><\/div>[\/vc_column][\/vc_row]<\/p>\n<\/div>","protected":false},"excerpt":{"rendered":"<p>[vc_row][vc_column][vc_empty_space height=&#8221;50px&#8221;][\/vc_column][vc_column][vc_column_text css=&#8221;&#8221;] IGGNITA&#8217;da Kariyerinize G\u00fc\u00e7 Kat\u0131n IGGNITA, b\u00fcy\u00fcyen ve dinamik ekibine kat\u0131lacak yetenekli profesyoneller ar\u0131yor. E\u011fer siz de kariyerinizde yeni zirvelere ula\u015fmak, \u00e7e\u015fitli f\u0131rsatlarla dolu bir yolculu\u011fa \u00e7\u0131kmak ve enerjinin gelece\u011fini \u015fekillendirmek istiyorsan\u0131z, do\u011fru yerdesiniz. IGGNITA olarak, \u00e7al\u0131\u015fanlar\u0131m\u0131z\u0131n ki\u015fisel ve profesyonel geli\u015fimlerine \u00f6nem veriyor ve onlara en iyi \u00e7al\u0131\u015fma ortam\u0131n\u0131 sunmay\u0131 hedefliyoruz. &nbsp; Neden [&hellip;]<\/p>\n","protected":false},"author":1,"featured_media":0,"parent":0,"menu_order":0,"comment_status":"closed","ping_status":"closed","template":"template-fullwidth.php","meta":{"footnotes":""},"class_list":["post-36254","page","type-page","status-publish","hentry","no-thumb"],"yoast_head":"<!-- This site is optimized with the Yoast SEO plugin v25.3 - https:\/\/yoast.com\/wordpress\/plugins\/seo\/ -->\n<title>Kariyer - iggnita<\/title>\n<meta name=\"robots\" content=\"index, follow, max-snippet:-1, max-image-preview:large, max-video-preview:-1\" \/>\n<link rel=\"canonical\" href=\"https:\/\/iggnita.com\/en\/kariyer\/\" \/>\n<meta property=\"og:locale\" content=\"en_US\" \/>\n<meta property=\"og:type\" content=\"article\" \/>\n<meta property=\"og:title\" content=\"Kariyer - iggnita\" \/>\n<meta property=\"og:description\" content=\"[vc_row][vc_column][vc_empty_space height=&#8221;50px&#8221;][\/vc_column][vc_column][vc_column_text css=&#8221;&#8221;] IGGNITA&#8217;da Kariyerinize G\u00fc\u00e7 Kat\u0131n IGGNITA, b\u00fcy\u00fcyen ve dinamik ekibine kat\u0131lacak yetenekli profesyoneller ar\u0131yor. E\u011fer siz de kariyerinizde yeni zirvelere ula\u015fmak, \u00e7e\u015fitli f\u0131rsatlarla dolu bir yolculu\u011fa \u00e7\u0131kmak ve enerjinin gelece\u011fini \u015fekillendirmek istiyorsan\u0131z, do\u011fru yerdesiniz. IGGNITA olarak, \u00e7al\u0131\u015fanlar\u0131m\u0131z\u0131n ki\u015fisel ve profesyonel geli\u015fimlerine \u00f6nem veriyor ve onlara en iyi \u00e7al\u0131\u015fma ortam\u0131n\u0131 sunmay\u0131 hedefliyoruz. &nbsp; Neden [&hellip;]\" \/>\n<meta property=\"og:url\" content=\"https:\/\/iggnita.com\/en\/kariyer\/\" \/>\n<meta property=\"og:site_name\" content=\"iggnita\" \/>\n<meta property=\"article:publisher\" content=\"https:\/\/www.facebook.com\/iggnita\" \/>\n<meta property=\"article:modified_time\" content=\"2024-08-19T14:15:36+00:00\" \/>\n<meta name=\"twitter:card\" content=\"summary_large_image\" \/>\n<meta name=\"twitter:site\" content=\"@iggnita\" \/>\n<meta name=\"twitter:label1\" content=\"Est. reading time\" \/>\n\t<meta name=\"twitter:data1\" content=\"3 minutes\" \/>\n<script type=\"application\/ld+json\" class=\"yoast-schema-graph\">{\"@context\":\"https:\/\/schema.org\",\"@graph\":[{\"@type\":\"WebPage\",\"@id\":\"https:\/\/iggnita.com\/en\/kariyer\/\",\"url\":\"https:\/\/iggnita.com\/en\/kariyer\/\",\"name\":\"Kariyer - iggnita\",\"isPartOf\":{\"@id\":\"https:\/\/iggnita.com\/en\/#website\"},\"datePublished\":\"2024-08-13T14:01:54+00:00\",\"dateModified\":\"2024-08-19T14:15:36+00:00\",\"breadcrumb\":{\"@id\":\"https:\/\/iggnita.com\/en\/kariyer\/#breadcrumb\"},\"inLanguage\":\"en-US\",\"potentialAction\":[{\"@type\":\"ReadAction\",\"target\":[\"https:\/\/iggnita.com\/en\/kariyer\/\"]}]},{\"@type\":\"BreadcrumbList\",\"@id\":\"https:\/\/iggnita.com\/en\/kariyer\/#breadcrumb\",\"itemListElement\":[{\"@type\":\"ListItem\",\"position\":1,\"name\":\"Anasayfa\",\"item\":\"https:\/\/iggnita.com\/en\/\"},{\"@type\":\"ListItem\",\"position\":2,\"name\":\"Kariyer\"}]},{\"@type\":\"WebSite\",\"@id\":\"https:\/\/iggnita.com\/en\/#website\",\"url\":\"https:\/\/iggnita.com\/en\/\",\"name\":\"iggnita\",\"description\":\"Gaz Motoru Yedek Par\u00e7alar\u0131\",\"publisher\":{\"@id\":\"https:\/\/iggnita.com\/en\/#organization\"},\"potentialAction\":[{\"@type\":\"SearchAction\",\"target\":{\"@type\":\"EntryPoint\",\"urlTemplate\":\"https:\/\/iggnita.com\/en\/?s={search_term_string}\"},\"query-input\":{\"@type\":\"PropertyValueSpecification\",\"valueRequired\":true,\"valueName\":\"search_term_string\"}}],\"inLanguage\":\"en-US\"},{\"@type\":\"Organization\",\"@id\":\"https:\/\/iggnita.com\/en\/#organization\",\"name\":\"\u0130GGN\u0130TA MAK\u0130NA SANAY\u0130 VE T\u0130CARET\",\"url\":\"https:\/\/iggnita.com\/en\/\",\"logo\":{\"@type\":\"ImageObject\",\"inLanguage\":\"en-US\",\"@id\":\"https:\/\/iggnita.com\/en\/#\/schema\/logo\/image\/\",\"url\":\"https:\/\/iggnita.com\/en\/wp-content\/uploads\/2020\/12\/cropped-cropped-iggnita-logokkk.png\",\"contentUrl\":\"https:\/\/iggnita.com\/en\/wp-content\/uploads\/2020\/12\/cropped-cropped-iggnita-logokkk.png\",\"width\":330,\"height\":110,\"caption\":\"\u0130GGN\u0130TA MAK\u0130NA SANAY\u0130 VE T\u0130CARET\"},\"image\":{\"@id\":\"https:\/\/iggnita.com\/en\/#\/schema\/logo\/image\/\"},\"sameAs\":[\"https:\/\/www.facebook.com\/iggnita\",\"https:\/\/x.com\/iggnita\",\"https:\/\/www.instagram.com\/iggnita\/\",\"https:\/\/www.linkedin.com\/company\/70903335\/admin\/\",\"https:\/\/www.youtube.com\/channel\/UC0vF0xKibV2BYvXQi7kWb5w\"]}]}<\/script>\n<!-- \/ Yoast SEO plugin. -->","yoast_head_json":{"title":"Kariyer - iggnita","robots":{"index":"index","follow":"follow","max-snippet":"max-snippet:-1","max-image-preview":"max-image-preview:large","max-video-preview":"max-video-preview:-1"},"canonical":"https:\/\/iggnita.com\/en\/kariyer\/","og_locale":"en_US","og_type":"article","og_title":"Kariyer - iggnita","og_description":"[vc_row][vc_column][vc_empty_space height=&#8221;50px&#8221;][\/vc_column][vc_column][vc_column_text css=&#8221;&#8221;] IGGNITA&#8217;da Kariyerinize G\u00fc\u00e7 Kat\u0131n IGGNITA, b\u00fcy\u00fcyen ve dinamik ekibine kat\u0131lacak yetenekli profesyoneller ar\u0131yor. E\u011fer siz de kariyerinizde yeni zirvelere ula\u015fmak, \u00e7e\u015fitli f\u0131rsatlarla dolu bir yolculu\u011fa \u00e7\u0131kmak ve enerjinin gelece\u011fini \u015fekillendirmek istiyorsan\u0131z, do\u011fru yerdesiniz. IGGNITA olarak, \u00e7al\u0131\u015fanlar\u0131m\u0131z\u0131n ki\u015fisel ve profesyonel geli\u015fimlerine \u00f6nem veriyor ve onlara en iyi \u00e7al\u0131\u015fma ortam\u0131n\u0131 sunmay\u0131 hedefliyoruz. &nbsp; Neden [&hellip;]","og_url":"https:\/\/iggnita.com\/en\/kariyer\/","og_site_name":"iggnita","article_publisher":"https:\/\/www.facebook.com\/iggnita","article_modified_time":"2024-08-19T14:15:36+00:00","twitter_card":"summary_large_image","twitter_site":"@iggnita","twitter_misc":{"Est. reading time":"3 minutes"},"schema":{"@context":"https:\/\/schema.org","@graph":[{"@type":"WebPage","@id":"https:\/\/iggnita.com\/en\/kariyer\/","url":"https:\/\/iggnita.com\/en\/kariyer\/","name":"Kariyer - iggnita","isPartOf":{"@id":"https:\/\/iggnita.com\/en\/#website"},"datePublished":"2024-08-13T14:01:54+00:00","dateModified":"2024-08-19T14:15:36+00:00","breadcrumb":{"@id":"https:\/\/iggnita.com\/en\/kariyer\/#breadcrumb"},"inLanguage":"en-US","potentialAction":[{"@type":"ReadAction","target":["https:\/\/iggnita.com\/en\/kariyer\/"]}]},{"@type":"BreadcrumbList","@id":"https:\/\/iggnita.com\/en\/kariyer\/#breadcrumb","itemListElement":[{"@type":"ListItem","position":1,"name":"Anasayfa","item":"https:\/\/iggnita.com\/en\/"},{"@type":"ListItem","position":2,"name":"Kariyer"}]},{"@type":"WebSite","@id":"https:\/\/iggnita.com\/en\/#website","url":"https:\/\/iggnita.com\/en\/","name":"iggnita","description":"Gaz Motoru Yedek Par\u00e7alar\u0131","publisher":{"@id":"https:\/\/iggnita.com\/en\/#organization"},"potentialAction":[{"@type":"SearchAction","target":{"@type":"EntryPoint","urlTemplate":"https:\/\/iggnita.com\/en\/?s={search_term_string}"},"query-input":{"@type":"PropertyValueSpecification","valueRequired":true,"valueName":"search_term_string"}}],"inLanguage":"en-US"},{"@type":"Organization","@id":"https:\/\/iggnita.com\/en\/#organization","name":"\u0130GGN\u0130TA MAK\u0130NA SANAY\u0130 VE T\u0130CARET","url":"https:\/\/iggnita.com\/en\/","logo":{"@type":"ImageObject","inLanguage":"en-US","@id":"https:\/\/iggnita.com\/en\/#\/schema\/logo\/image\/","url":"https:\/\/iggnita.com\/en\/wp-content\/uploads\/2020\/12\/cropped-cropped-iggnita-logokkk.png","contentUrl":"https:\/\/iggnita.com\/en\/wp-content\/uploads\/2020\/12\/cropped-cropped-iggnita-logokkk.png","width":330,"height":110,"caption":"\u0130GGN\u0130TA MAK\u0130NA SANAY\u0130 VE T\u0130CARET"},"image":{"@id":"https:\/\/iggnita.com\/en\/#\/schema\/logo\/image\/"},"sameAs":["https:\/\/www.facebook.com\/iggnita","https:\/\/x.com\/iggnita","https:\/\/www.instagram.com\/iggnita\/","https:\/\/www.linkedin.com\/company\/70903335\/admin\/","https:\/\/www.youtube.com\/channel\/UC0vF0xKibV2BYvXQi7kWb5w"]}]}},"_links":{"self":[{"href":"https:\/\/iggnita.com\/en\/wp-json\/wp\/v2\/pages\/36254","targetHints":{"allow":["GET"]}}],"collection":[{"href":"https:\/\/iggnita.com\/en\/wp-json\/wp\/v2\/pages"}],"about":[{"href":"https:\/\/iggnita.com\/en\/wp-json\/wp\/v2\/types\/page"}],"author":[{"embeddable":true,"href":"https:\/\/iggnita.com\/en\/wp-json\/wp\/v2\/users\/1"}],"replies":[{"embeddable":true,"href":"https:\/\/iggnita.com\/en\/wp-json\/wp\/v2\/comments?post=36254"}],"version-history":[{"count":2,"href":"https:\/\/iggnita.com\/en\/wp-json\/wp\/v2\/pages\/36254\/revisions"}],"predecessor-version":[{"id":36507,"href":"https:\/\/iggnita.com\/en\/wp-json\/wp\/v2\/pages\/36254\/revisions\/36507"}],"wp:attachment":[{"href":"https:\/\/iggnita.com\/en\/wp-json\/wp\/v2\/media?parent=36254"}],"curies":[{"name":"wp","href":"https:\/\/api.w.org\/{rel}","templated":true}]}}