{"id":10075,"date":"2021-02-16T14:46:08","date_gmt":"2021-02-16T14:46:08","guid":{"rendered":"https:\/\/iggnita.com\/en\/urun\/bosch-buji-mwm-12420480-oem\/"},"modified":"2024-10-10T08:59:40","modified_gmt":"2024-10-10T08:59:40","slug":"bosch-7308-mr3dii360-buji","status":"publish","type":"product","link":"https:\/\/iggnita.com\/en\/urun\/bosch-7308-mr3dii360-buji\/","title":{"rendered":"Bosch 7308 MR3DII360 Spark Plug"},"content":{"rendered":"<p>Spark Plug Bosch 7308 &#8211; MR3DII360 MWM 12420480<\/p>\n<p>Bosch Part Number: 0242356508 \/ 0 242 356 508 \/ 0242356515 \/ 0 242 356 515 \/ MR3DII360 \/ 7308<\/p>\n<p>Technical Information:<\/p>\n<p>Electrode: Iridium \/ Iridium<\/p>\n<p>Thread Size: 18mm<\/p>\n<p>Resistance: 6 kOhm<\/p>\n<p>Extent: 13\/16&#8243; (20.6 mm)<\/p>\n<p>Hex Size: 13\/16&#8243; (20.8mm)<\/p>\n<p>Spacing: 0.012&#8243; (0.3mm)<\/p>\n<p>Heat Range: 3<\/p>\n<p>Central Electrode:<\/p>\n<p>Material: Iridium<\/p>\n<p>Type: Standard<\/p>\n<p>Size: 2.4mm<\/p>\n<p>Grounding Electrode:<\/p>\n<p>Material: Iridium<\/p>\n<p>Engine Models:<\/p>\n<p>MWM<\/p>\n<p>CAT 3516, Deutz TBG616, MAN E3262,E3268<\/p>\n<p>G620 \/ TBG441B \/ TBG616 \/ TBG620 \/ TCG2020 \/ TCG2016<\/p>\n<p>GUASCOR<\/p>\n<p>FG180 \/ FGLD180 \/ FG240 \/ FGLD240 \/ FGLD360 \/ FGLD480 \/ FGLD560<\/p>\n<p>MAN<\/p>\n<p>E 3268 LE212 \/ E 3268 LE222 \/ E 3268 LE232 \/ E 3262 E302 \/ E 3262 LE 202 \/ E 3262 LE 212 \/ E 3262 LE 232 \/ E 3262 LE 242<\/p>\n<p>2G<\/p>\n<p>AGENITOR 206\/ 208\/ 212\/ 306\/ 312<\/p>\n<p>CAT<\/p>\n<p>G3500 (non B, C and E series) \/ G3600 series<\/p>\n<p>JENBACHER<\/p>\n<p>J612 \/ J616 \/ J620 (1995\/9 &#8211; BMEP = 16 bar or less)<\/p>\n<p>CUMMINS<\/p>\n<p>Q19G \/ QSV81-V16 \/ QSV91-V18 \/ QSV 81 \/ QSV 91 \/ QSK 19G \/ QSK 38G \/ QSK 45G \/ QSK 50G \/ QSK 60G<\/p>\n<p>PERKINS<\/p>\n<p>4000 Series<\/p>\n<p>LIEBHERR<\/p>\n<p>G96 SERIE<\/p>\n<p>SUPERIOR<\/p>\n<p>1706G2 \/ 1712G1 \/2400 G Series<\/p>\n<p>W\u00c4RTSIL\u00c4<\/p>\n<p>W25SG \/ W28SG \/ W34SG \/ W20V \/ 34SG<\/p>\n<p>Manufacturer Reference:<\/p>\n<p>DENSO<\/p>\n<p>GL3-5<\/p>\n<p>BOSCH<\/p>\n<p>7308 \/ MR 3 DII 360 \/ 0 242 356 515<\/p>\n<p>Federal Mogul \/ BERU \/ TENNECO<\/p>\n<p>18GZ5-77-2 (Z201)<\/p>\n<p>Operator Reference:<\/p>\n<p>MOTORTECH<\/p>\n<p>B8324<\/p>\n<p>2G<\/p>\n<p>61014-04733<\/p>\n<p>2GP18.1<\/p>\n<p>WEIGELT BHKW<\/p>\n<p>107,582 \/ 109,169<\/p>\n<p>EMISSION PARTNER<\/p>\n<p>000162 \/ H1-1-000162<\/p>\n<p>MWM<\/p>\n<p>1242 0290 \/ 1242-0290 \/ 12420290<\/p>\n<p>1242 0480 \/ 1242-0480 \/ 12420480<\/p>\n<p>MAN<\/p>\n<p>51.25923-0059 \/ 51259230059<\/p>\n<p>SAM POPWER<\/p>\n<p>12110003<\/p>\n<p>Cross References:<\/p>\n<p>DENSO<\/p>\n<p>GL3-1 \/ GL3-3 \/ GL3-5<\/p>\n<p>FEDERAL MOGULE &#8211; CHAMPION<\/p>\n<p>RB75N, RB75PP, RB75WPC, RB75WPCC<\/p>\n<p>BOSCH<\/p>\n<p>7308, 7307<\/p>\n<p>GATEWAY<\/p>\n<p>1175112<\/p>\n<p>ALTRONIC<\/p>\n<p>L1863B \/ L1863DP \/ L1863IP<\/p>\n<p>STITTT<\/p>\n<p>RL807LL<\/p>\n<p>&nbsp;<\/p>\n","protected":false},"excerpt":{"rendered":"<p>MWM TCG 2016 V16, MWM TCG 2016<\/p>\n<p>Our Iggnita Istanbul Warehouse Delivery Price:<\/p>\n<p>(Please sign up for special prices)<\/p>\n","protected":false},"featured_media":12392,"template":"","meta":[],"product_brand":[],"product_cat":[115],"product_tag":[478,481,505,504,442,491,507,487],"class_list":{"0":"post-10075","1":"product","2":"type-product","3":"status-publish","4":"has-post-thumbnail","6":"product_cat-bujiler","7":"product_tag-buji","8":"product_tag-jenbacher","9":"product_tag-jenbacher-oem","10":"product_tag-jenbacher-yedek-parca","11":"product_tag-mwm","12":"product_tag-mwm-buji","13":"product_tag-mwm-oem","14":"product_tag-mwm-yedek-parca","15":"pa_motor-modelleri-mwm-tcg-2016","16":"pa_motor-modelleri-mwm-tcg-2016-v16","17":"pa_orijinal-oem-alternatif-alternatif","18":"pa_parca-markasi-bosch","19":"pa_urun-tipi-parca","20":"","22":"first","23":"instock","24":"taxable","25":"shipping-taxable","26":"product-type-simple"},"yoast_head":"<!-- This site is optimized with the Yoast SEO plugin v25.3 - https:\/\/yoast.com\/wordpress\/plugins\/seo\/ -->\n<title>Bosch 7308 MR3DII360 Spark Plug - iggnita<\/title>\n<meta name=\"robots\" content=\"index, follow, max-snippet:-1, max-image-preview:large, max-video-preview:-1\" \/>\n<link rel=\"canonical\" href=\"https:\/\/iggnita.com\/en\/urun\/bosch-7308-mr3dii360-buji\/\" \/>\n<meta property=\"og:locale\" content=\"en_US\" \/>\n<meta property=\"og:type\" content=\"article\" \/>\n<meta property=\"og:title\" content=\"Bosch 7308 MR3DII360 Spark Plug - iggnita\" \/>\n<meta property=\"og:description\" content=\"MWM TCG 2016 V16, MWM TCG 2016 Our Iggnita Istanbul Warehouse Delivery Price: (Please sign up for special prices)\" \/>\n<meta property=\"og:url\" content=\"https:\/\/iggnita.com\/en\/urun\/bosch-7308-mr3dii360-buji\/\" \/>\n<meta property=\"og:site_name\" content=\"iggnita\" \/>\n<meta property=\"article:publisher\" content=\"https:\/\/www.facebook.com\/iggnita\" \/>\n<meta property=\"article:modified_time\" content=\"2024-10-10T08:59:40+00:00\" \/>\n<meta property=\"og:image\" content=\"https:\/\/iggnita.com\/en\/wp-content\/uploads\/2021\/02\/Bosch-7308-MR3DII360.jpg\" \/>\n\t<meta property=\"og:image:width\" content=\"1600\" \/>\n\t<meta property=\"og:image:height\" content=\"1600\" \/>\n\t<meta property=\"og:image:type\" content=\"image\/jpeg\" \/>\n<meta name=\"twitter:card\" content=\"summary_large_image\" \/>\n<meta name=\"twitter:site\" content=\"@iggnita\" \/>\n<meta name=\"twitter:label1\" content=\"Est. reading time\" \/>\n\t<meta name=\"twitter:data1\" content=\"2 minutes\" \/>\n<script type=\"application\/ld+json\" class=\"yoast-schema-graph\">{\"@context\":\"https:\/\/schema.org\",\"@graph\":[{\"@type\":\"WebPage\",\"@id\":\"https:\/\/iggnita.com\/en\/urun\/bosch-7308-mr3dii360-buji\/\",\"url\":\"https:\/\/iggnita.com\/en\/urun\/bosch-7308-mr3dii360-buji\/\",\"name\":\"Bosch 7308 MR3DII360 Spark Plug - iggnita\",\"isPartOf\":{\"@id\":\"https:\/\/iggnita.com\/en\/#website\"},\"primaryImageOfPage\":{\"@id\":\"https:\/\/iggnita.com\/en\/urun\/bosch-7308-mr3dii360-buji\/#primaryimage\"},\"image\":{\"@id\":\"https:\/\/iggnita.com\/en\/urun\/bosch-7308-mr3dii360-buji\/#primaryimage\"},\"thumbnailUrl\":\"https:\/\/iggnita.com\/en\/wp-content\/uploads\/2021\/02\/Bosch-7308-MR3DII360.jpg\",\"datePublished\":\"2021-02-16T14:46:08+00:00\",\"dateModified\":\"2024-10-10T08:59:40+00:00\",\"breadcrumb\":{\"@id\":\"https:\/\/iggnita.com\/en\/urun\/bosch-7308-mr3dii360-buji\/#breadcrumb\"},\"inLanguage\":\"en-US\",\"potentialAction\":[{\"@type\":\"ReadAction\",\"target\":[\"https:\/\/iggnita.com\/en\/urun\/bosch-7308-mr3dii360-buji\/\"]}]},{\"@type\":\"ImageObject\",\"inLanguage\":\"en-US\",\"@id\":\"https:\/\/iggnita.com\/en\/urun\/bosch-7308-mr3dii360-buji\/#primaryimage\",\"url\":\"https:\/\/iggnita.com\/en\/wp-content\/uploads\/2021\/02\/Bosch-7308-MR3DII360.jpg\",\"contentUrl\":\"https:\/\/iggnita.com\/en\/wp-content\/uploads\/2021\/02\/Bosch-7308-MR3DII360.jpg\",\"width\":1600,\"height\":1600},{\"@type\":\"BreadcrumbList\",\"@id\":\"https:\/\/iggnita.com\/en\/urun\/bosch-7308-mr3dii360-buji\/#breadcrumb\",\"itemListElement\":[{\"@type\":\"ListItem\",\"position\":1,\"name\":\"Anasayfa\",\"item\":\"https:\/\/iggnita.com\/en\/\"},{\"@type\":\"ListItem\",\"position\":2,\"name\":\"Shop\",\"item\":\"https:\/\/iggnita.com\/en\/iggnitashop\/\"},{\"@type\":\"ListItem\",\"position\":3,\"name\":\"Bosch 7308 MR3DII360 Spark Plug\"}]},{\"@type\":\"WebSite\",\"@id\":\"https:\/\/iggnita.com\/en\/#website\",\"url\":\"https:\/\/iggnita.com\/en\/\",\"name\":\"iggnita\",\"description\":\"Gaz Motoru Yedek Par\u00e7alar\u0131\",\"publisher\":{\"@id\":\"https:\/\/iggnita.com\/en\/#organization\"},\"potentialAction\":[{\"@type\":\"SearchAction\",\"target\":{\"@type\":\"EntryPoint\",\"urlTemplate\":\"https:\/\/iggnita.com\/en\/?s={search_term_string}\"},\"query-input\":{\"@type\":\"PropertyValueSpecification\",\"valueRequired\":true,\"valueName\":\"search_term_string\"}}],\"inLanguage\":\"en-US\"},{\"@type\":\"Organization\",\"@id\":\"https:\/\/iggnita.com\/en\/#organization\",\"name\":\"\u0130GGN\u0130TA MAK\u0130NA SANAY\u0130 VE T\u0130CARET\",\"url\":\"https:\/\/iggnita.com\/en\/\",\"logo\":{\"@type\":\"ImageObject\",\"inLanguage\":\"en-US\",\"@id\":\"https:\/\/iggnita.com\/en\/#\/schema\/logo\/image\/\",\"url\":\"https:\/\/iggnita.com\/en\/wp-content\/uploads\/2020\/12\/cropped-cropped-iggnita-logokkk.png\",\"contentUrl\":\"https:\/\/iggnita.com\/en\/wp-content\/uploads\/2020\/12\/cropped-cropped-iggnita-logokkk.png\",\"width\":330,\"height\":110,\"caption\":\"\u0130GGN\u0130TA MAK\u0130NA SANAY\u0130 VE T\u0130CARET\"},\"image\":{\"@id\":\"https:\/\/iggnita.com\/en\/#\/schema\/logo\/image\/\"},\"sameAs\":[\"https:\/\/www.facebook.com\/iggnita\",\"https:\/\/x.com\/iggnita\",\"https:\/\/www.instagram.com\/iggnita\/\",\"https:\/\/www.linkedin.com\/company\/70903335\/admin\/\",\"https:\/\/www.youtube.com\/channel\/UC0vF0xKibV2BYvXQi7kWb5w\"]}]}<\/script>\n<!-- \/ Yoast SEO plugin. -->","yoast_head_json":{"title":"Bosch 7308 MR3DII360 Spark Plug - iggnita","robots":{"index":"index","follow":"follow","max-snippet":"max-snippet:-1","max-image-preview":"max-image-preview:large","max-video-preview":"max-video-preview:-1"},"canonical":"https:\/\/iggnita.com\/en\/urun\/bosch-7308-mr3dii360-buji\/","og_locale":"en_US","og_type":"article","og_title":"Bosch 7308 MR3DII360 Spark Plug - iggnita","og_description":"MWM TCG 2016 V16, MWM TCG 2016 Our Iggnita Istanbul Warehouse Delivery Price: (Please sign up for special prices)","og_url":"https:\/\/iggnita.com\/en\/urun\/bosch-7308-mr3dii360-buji\/","og_site_name":"iggnita","article_publisher":"https:\/\/www.facebook.com\/iggnita","article_modified_time":"2024-10-10T08:59:40+00:00","og_image":[{"width":1600,"height":1600,"url":"https:\/\/iggnita.com\/en\/wp-content\/uploads\/2021\/02\/Bosch-7308-MR3DII360.jpg","type":"image\/jpeg"}],"twitter_card":"summary_large_image","twitter_site":"@iggnita","twitter_misc":{"Est. reading time":"2 minutes"},"schema":{"@context":"https:\/\/schema.org","@graph":[{"@type":"WebPage","@id":"https:\/\/iggnita.com\/en\/urun\/bosch-7308-mr3dii360-buji\/","url":"https:\/\/iggnita.com\/en\/urun\/bosch-7308-mr3dii360-buji\/","name":"Bosch 7308 MR3DII360 Spark Plug - iggnita","isPartOf":{"@id":"https:\/\/iggnita.com\/en\/#website"},"primaryImageOfPage":{"@id":"https:\/\/iggnita.com\/en\/urun\/bosch-7308-mr3dii360-buji\/#primaryimage"},"image":{"@id":"https:\/\/iggnita.com\/en\/urun\/bosch-7308-mr3dii360-buji\/#primaryimage"},"thumbnailUrl":"https:\/\/iggnita.com\/en\/wp-content\/uploads\/2021\/02\/Bosch-7308-MR3DII360.jpg","datePublished":"2021-02-16T14:46:08+00:00","dateModified":"2024-10-10T08:59:40+00:00","breadcrumb":{"@id":"https:\/\/iggnita.com\/en\/urun\/bosch-7308-mr3dii360-buji\/#breadcrumb"},"inLanguage":"en-US","potentialAction":[{"@type":"ReadAction","target":["https:\/\/iggnita.com\/en\/urun\/bosch-7308-mr3dii360-buji\/"]}]},{"@type":"ImageObject","inLanguage":"en-US","@id":"https:\/\/iggnita.com\/en\/urun\/bosch-7308-mr3dii360-buji\/#primaryimage","url":"https:\/\/iggnita.com\/en\/wp-content\/uploads\/2021\/02\/Bosch-7308-MR3DII360.jpg","contentUrl":"https:\/\/iggnita.com\/en\/wp-content\/uploads\/2021\/02\/Bosch-7308-MR3DII360.jpg","width":1600,"height":1600},{"@type":"BreadcrumbList","@id":"https:\/\/iggnita.com\/en\/urun\/bosch-7308-mr3dii360-buji\/#breadcrumb","itemListElement":[{"@type":"ListItem","position":1,"name":"Anasayfa","item":"https:\/\/iggnita.com\/en\/"},{"@type":"ListItem","position":2,"name":"Shop","item":"https:\/\/iggnita.com\/en\/iggnitashop\/"},{"@type":"ListItem","position":3,"name":"Bosch 7308 MR3DII360 Spark Plug"}]},{"@type":"WebSite","@id":"https:\/\/iggnita.com\/en\/#website","url":"https:\/\/iggnita.com\/en\/","name":"iggnita","description":"Gaz Motoru Yedek Par\u00e7alar\u0131","publisher":{"@id":"https:\/\/iggnita.com\/en\/#organization"},"potentialAction":[{"@type":"SearchAction","target":{"@type":"EntryPoint","urlTemplate":"https:\/\/iggnita.com\/en\/?s={search_term_string}"},"query-input":{"@type":"PropertyValueSpecification","valueRequired":true,"valueName":"search_term_string"}}],"inLanguage":"en-US"},{"@type":"Organization","@id":"https:\/\/iggnita.com\/en\/#organization","name":"\u0130GGN\u0130TA MAK\u0130NA SANAY\u0130 VE T\u0130CARET","url":"https:\/\/iggnita.com\/en\/","logo":{"@type":"ImageObject","inLanguage":"en-US","@id":"https:\/\/iggnita.com\/en\/#\/schema\/logo\/image\/","url":"https:\/\/iggnita.com\/en\/wp-content\/uploads\/2020\/12\/cropped-cropped-iggnita-logokkk.png","contentUrl":"https:\/\/iggnita.com\/en\/wp-content\/uploads\/2020\/12\/cropped-cropped-iggnita-logokkk.png","width":330,"height":110,"caption":"\u0130GGN\u0130TA MAK\u0130NA SANAY\u0130 VE T\u0130CARET"},"image":{"@id":"https:\/\/iggnita.com\/en\/#\/schema\/logo\/image\/"},"sameAs":["https:\/\/www.facebook.com\/iggnita","https:\/\/x.com\/iggnita","https:\/\/www.instagram.com\/iggnita\/","https:\/\/www.linkedin.com\/company\/70903335\/admin\/","https:\/\/www.youtube.com\/channel\/UC0vF0xKibV2BYvXQi7kWb5w"]}]}},"_links":{"self":[{"href":"https:\/\/iggnita.com\/en\/wp-json\/wp\/v2\/product\/10075","targetHints":{"allow":["GET"]}}],"collection":[{"href":"https:\/\/iggnita.com\/en\/wp-json\/wp\/v2\/product"}],"about":[{"href":"https:\/\/iggnita.com\/en\/wp-json\/wp\/v2\/types\/product"}],"wp:featuredmedia":[{"embeddable":true,"href":"https:\/\/iggnita.com\/en\/wp-json\/wp\/v2\/media\/12392"}],"wp:attachment":[{"href":"https:\/\/iggnita.com\/en\/wp-json\/wp\/v2\/media?parent=10075"}],"wp:term":[{"taxonomy":"product_brand","embeddable":true,"href":"https:\/\/iggnita.com\/en\/wp-json\/wp\/v2\/product_brand?post=10075"},{"taxonomy":"product_cat","embeddable":true,"href":"https:\/\/iggnita.com\/en\/wp-json\/wp\/v2\/product_cat?post=10075"},{"taxonomy":"product_tag","embeddable":true,"href":"https:\/\/iggnita.com\/en\/wp-json\/wp\/v2\/product_tag?post=10075"}],"curies":[{"name":"wp","href":"https:\/\/api.w.org\/{rel}","templated":true}]}}