{"id":11211,"date":"2021-03-08T13:05:14","date_gmt":"2021-03-08T13:05:14","guid":{"rendered":"https:\/\/iggnita.com\/en\/?post_type=product&#038;p=11211"},"modified":"2024-10-09T13:42:01","modified_gmt":"2024-10-09T13:42:01","slug":"endustriyel-buji-jenbacher-4-serisi-gaz-motorlari-icin-462203","status":"publish","type":"product","link":"https:\/\/iggnita.com\/en\/urun\/endustriyel-buji-jenbacher-4-serisi-gaz-motorlari-icin-462203\/","title":{"rendered":"Industrial Spark Plug 462203 For Jenbacher 4 Series Gas Engines"},"content":{"rendered":"<p>Industrial Spark Plug 462203 Alternative for Jenbacher 4 Series Gas Engines<\/p>\n<p>Industrial Jenbacher Gas Engines Spare Parts: Spark Plug 462203 Alternative<\/p>\n<p>Suitable for Biogas, Landfill Gas and Natural Gas Engines.<\/p>\n<p><strong>Engine Models:<\/strong> Jenbacher J 412 &#8211; J 416 &#8211; J 420<\/p>\n<p><strong>Reference Numbers:\u00a0<\/strong><\/p>\n<p>Jenbacher: P3V3N1, 462199 ; 462-199 ; 462 199 \/ 462203 ; 462-203 ; 462 203 \/ 401824 ; 401-824 ; 401 824 \/ 639753 ; 639-753 ; 639 753 \/ 639754 ; 639-754 ; 639 754 \/ 347257 ; 347-257 ; 347 257<\/p>\n<p>BERU: 18GZ47 \/ 18GZ 47 \/ FBM80WPNS<\/p>\n<p><strong>Technical Specifications:<\/strong><\/p>\n<table width=\"546\">\n<tbody>\n<tr>\n<td width=\"336\">Type<\/td>\n<td style=\"font-style: inherit;\" width=\"210\">462203 For Jenbacher 4 Series Gas Engines<\/td>\n<\/tr>\n<tr style=\"font-style: inherit; font-weight: inherit;\">\n<td style=\"font-style: inherit;\"><span style=\"font-style: inherit; font-weight: inherit;\">Thread<\/span><\/td>\n<td style=\"font-style: inherit;\"><span style=\"font-style: inherit; font-weight: inherit;\">M18x1.5<\/span><\/td>\n<\/tr>\n<tr style=\"font-style: inherit; font-weight: inherit;\">\n<td style=\"font-style: inherit;\"><span style=\"font-style: inherit; font-weight: inherit;\">Reach<\/span><\/td>\n<td style=\"font-style: inherit;\"><span style=\"font-style: inherit; font-weight: inherit;\">20.6mm<\/span><\/td>\n<\/tr>\n<tr style=\"font-style: inherit; font-weight: inherit;\">\n<td style=\"font-style: inherit;\"><span style=\"font-style: inherit; font-weight: inherit;\">Hex<\/span><\/td>\n<td style=\"font-style: inherit;\"><span style=\"font-style: inherit; font-weight: inherit;\">22.2mm<\/span><\/td>\n<\/tr>\n<tr style=\"font-style: inherit; font-weight: inherit;\">\n<td style=\"font-style: inherit;\"><span style=\"font-style: inherit; font-weight: inherit;\">Seat Type<\/span><\/td>\n<td style=\"font-style: inherit;\"><span style=\"font-style: inherit; font-weight: inherit;\">Flat\u00a0<\/span><\/td>\n<\/tr>\n<tr style=\"font-style: inherit; font-weight: inherit;\">\n<td style=\"font-style: inherit;\"><span style=\"font-style: inherit; font-weight: inherit;\">Gap<\/span><\/td>\n<td style=\"font-style: inherit;\"><span style=\"font-style: inherit; font-weight: inherit;\">0.3mm<\/span><\/td>\n<\/tr>\n<tr style=\"font-style: inherit; font-weight: inherit;\">\n<td style=\"font-style: inherit;\"><span style=\"font-style: inherit; font-weight: inherit;\">Heat Range<\/span><\/td>\n<td style=\"font-style: inherit;\"><span style=\"font-style: inherit; font-weight: inherit;\">77<\/span><\/td>\n<\/tr>\n<tr style=\"font-style: inherit; font-weight: inherit;\">\n<td style=\"font-style: inherit;\"><span style=\"font-style: inherit; font-weight: inherit;\">Electrode Type<\/span><\/td>\n<td style=\"font-style: inherit;\"><span style=\"font-style: inherit; font-weight: inherit;\">Special design for jenbacher\u00a0<\/span><\/td>\n<\/tr>\n<tr style=\"font-style: inherit; font-weight: inherit;\">\n<td style=\"font-style: inherit;\"><span style=\"font-style: inherit; font-weight: inherit;\">Resistor or\u00a0Non-Resistor<\/span><\/td>\n<td style=\"font-style: inherit;\" data-spm-anchor-id=\"a2700.wholesale.0.i31.16a9bcf1HdYTXH\"><span style=\"font-style: inherit; font-weight: inherit;\">Resistor<\/span><\/td>\n<\/tr>\n<\/tbody>\n<\/table>\n<table>\n<tbody>\n<tr>\n<td width=\"121\">Configuration<\/td>\n<td colspan=\"3\" width=\"211\">V 70&#8242;<\/td>\n<\/tr>\n<tr>\n<td width=\"121\">Bore (mm)<\/td>\n<td colspan=\"3\" width=\"211\">145<\/td>\n<\/tr>\n<tr>\n<td width=\"121\">Stroke (mm)<\/td>\n<td colspan=\"3\" width=\"211\">185<\/td>\n<\/tr>\n<tr>\n<td width=\"121\">Disp lacerrent \/ cylinder (lit)<\/td>\n<td colspan=\"3\" width=\"211\">3.06<\/td>\n<\/tr>\n<tr>\n<td width=\"121\">Speed \u200b\u200b(rpm)<\/td>\n<td colspan=\"3\" width=\"211\">1,200\/1,800 (60 Hz)<\/p>\n<p>1,500 (50 Hz)<\/td>\n<\/tr>\n<tr>\n<td width=\"121\">Mean piston speed (mls)<\/td>\n<td colspan=\"3\" width=\"211\">7.4 (1,200 rpm)<\/p>\n<p>9.3 (1,500rpm)<\/td>\n<\/tr>\n<tr>\n<td width=\"121\">Scope of supply<\/td>\n<td colspan=\"3\" width=\"211\">Cienerator set, cogeneration system generator set \/ cogeneration in container<\/td>\n<\/tr>\n<tr>\n<td width=\"121\">&nbsp;<\/p>\n<p>Applicable gas types<\/td>\n<td colspan=\"3\" width=\"211\">Natural gas, flare gas, biogas, landfill gas<\/p>\n<p>sewage gas. Special gases (e.g., coal mine gas, coke gas, wood gas, pyrolysis gas)<\/td>\n<\/tr>\n<tr>\n<td rowspan=\"3\" width=\"121\">Engine type<\/p>\n<p>No. of cylinders<\/p>\n<p>Total displacement (lit)<\/td>\n<td width=\"65\">J412<\/td>\n<td width=\"44\">J416<\/td>\n<td width=\"102\">J420<\/td>\n<\/tr>\n<tr>\n<td width=\"65\">12<\/td>\n<td width=\"44\">16<\/td>\n<td width=\"102\">20<\/td>\n<\/tr>\n<tr>\n<td width=\"65\">36.7<\/td>\n<td width=\"44\">48.9<\/td>\n<td width=\"102\">61.1<\/td>\n<\/tr>\n<\/tbody>\n<\/table>\n<p>&nbsp;<\/p>\n","protected":false},"excerpt":{"rendered":"<p>Industrial Spark Plug Jenbacher 4 Series<\/p>\n<p>Our Iggnita Istanbul Warehouse Delivery Price:<\/p>\n<p>(Please sign up for special prices)<\/p>\n","protected":false},"featured_media":11212,"template":"","meta":[],"product_brand":[],"product_cat":[115],"product_tag":[478,558,565,551,504],"class_list":{"0":"post-11211","1":"product","2":"type-product","3":"status-publish","4":"has-post-thumbnail","6":"product_cat-bujiler","7":"product_tag-buji","8":"product_tag-endustriyel-gaz-motorlari","9":"product_tag-jenbacher-4-serisi-buji","10":"product_tag-jenbacher-buji","11":"product_tag-jenbacher-yedek-parca","12":"pa_motor-modelleri-j-412","13":"pa_motor-modelleri-j-416","14":"pa_motor-modelleri-j-420","15":"pa_motor-modelleri-jenbacher","16":"pa_motor-modelleri-jenbacher-4-serisi","17":"pa_orijinal-oem-alternatif-alternatif","18":"pa_parca-markasi-iggnita","19":"pa_urun-tipi-parca","20":"","22":"first","23":"instock","24":"taxable","25":"shipping-taxable","26":"product-type-simple"},"yoast_head":"<!-- This site is optimized with the Yoast SEO plugin v25.3 - https:\/\/yoast.com\/wordpress\/plugins\/seo\/ -->\n<title>Industrial Spark Plug 462203 For Jenbacher 4 Series Gas Engines - iggnita<\/title>\n<meta name=\"robots\" content=\"index, follow, max-snippet:-1, max-image-preview:large, max-video-preview:-1\" \/>\n<link rel=\"canonical\" href=\"https:\/\/iggnita.com\/en\/urun\/endustriyel-buji-jenbacher-4-serisi-gaz-motorlari-icin-462203\/\" \/>\n<meta property=\"og:locale\" content=\"en_US\" \/>\n<meta property=\"og:type\" content=\"article\" \/>\n<meta property=\"og:title\" content=\"Industrial Spark Plug 462203 For Jenbacher 4 Series Gas Engines - iggnita\" \/>\n<meta property=\"og:description\" content=\"Industrial Spark Plug Jenbacher 4 Series  Our Iggnita Istanbul Warehouse Delivery Price:  (Please sign up for special prices)\" \/>\n<meta property=\"og:url\" content=\"https:\/\/iggnita.com\/en\/urun\/endustriyel-buji-jenbacher-4-serisi-gaz-motorlari-icin-462203\/\" \/>\n<meta property=\"og:site_name\" content=\"iggnita\" \/>\n<meta property=\"article:publisher\" content=\"https:\/\/www.facebook.com\/iggnita\" \/>\n<meta property=\"article:modified_time\" content=\"2024-10-09T13:42:01+00:00\" \/>\n<meta property=\"og:image\" content=\"https:\/\/iggnita.com\/en\/wp-content\/uploads\/2021\/03\/Endustriyel-Buji-Torch-R10P3-Jenbacher-4-Serisi-Gaz-Motorlari-Icin-462203.jpg\" \/>\n\t<meta property=\"og:image:width\" content=\"992\" \/>\n\t<meta property=\"og:image:height\" content=\"992\" \/>\n\t<meta property=\"og:image:type\" content=\"image\/jpeg\" \/>\n<meta name=\"twitter:card\" content=\"summary_large_image\" \/>\n<meta name=\"twitter:site\" content=\"@iggnita\" \/>\n<meta name=\"twitter:label1\" content=\"Est. reading time\" \/>\n\t<meta name=\"twitter:data1\" content=\"1 minute\" \/>\n<script type=\"application\/ld+json\" class=\"yoast-schema-graph\">{\"@context\":\"https:\/\/schema.org\",\"@graph\":[{\"@type\":\"WebPage\",\"@id\":\"https:\/\/iggnita.com\/en\/urun\/endustriyel-buji-jenbacher-4-serisi-gaz-motorlari-icin-462203\/\",\"url\":\"https:\/\/iggnita.com\/en\/urun\/endustriyel-buji-jenbacher-4-serisi-gaz-motorlari-icin-462203\/\",\"name\":\"Industrial Spark Plug 462203 For Jenbacher 4 Series Gas Engines - iggnita\",\"isPartOf\":{\"@id\":\"https:\/\/iggnita.com\/en\/#website\"},\"primaryImageOfPage\":{\"@id\":\"https:\/\/iggnita.com\/en\/urun\/endustriyel-buji-jenbacher-4-serisi-gaz-motorlari-icin-462203\/#primaryimage\"},\"image\":{\"@id\":\"https:\/\/iggnita.com\/en\/urun\/endustriyel-buji-jenbacher-4-serisi-gaz-motorlari-icin-462203\/#primaryimage\"},\"thumbnailUrl\":\"https:\/\/iggnita.com\/en\/wp-content\/uploads\/2021\/03\/Endustriyel-Buji-Torch-R10P3-Jenbacher-4-Serisi-Gaz-Motorlari-Icin-462203.jpg\",\"datePublished\":\"2021-03-08T13:05:14+00:00\",\"dateModified\":\"2024-10-09T13:42:01+00:00\",\"breadcrumb\":{\"@id\":\"https:\/\/iggnita.com\/en\/urun\/endustriyel-buji-jenbacher-4-serisi-gaz-motorlari-icin-462203\/#breadcrumb\"},\"inLanguage\":\"en-US\",\"potentialAction\":[{\"@type\":\"ReadAction\",\"target\":[\"https:\/\/iggnita.com\/en\/urun\/endustriyel-buji-jenbacher-4-serisi-gaz-motorlari-icin-462203\/\"]}]},{\"@type\":\"ImageObject\",\"inLanguage\":\"en-US\",\"@id\":\"https:\/\/iggnita.com\/en\/urun\/endustriyel-buji-jenbacher-4-serisi-gaz-motorlari-icin-462203\/#primaryimage\",\"url\":\"https:\/\/iggnita.com\/en\/wp-content\/uploads\/2021\/03\/Endustriyel-Buji-Torch-R10P3-Jenbacher-4-Serisi-Gaz-Motorlari-Icin-462203.jpg\",\"contentUrl\":\"https:\/\/iggnita.com\/en\/wp-content\/uploads\/2021\/03\/Endustriyel-Buji-Torch-R10P3-Jenbacher-4-Serisi-Gaz-Motorlari-Icin-462203.jpg\",\"width\":992,\"height\":992},{\"@type\":\"BreadcrumbList\",\"@id\":\"https:\/\/iggnita.com\/en\/urun\/endustriyel-buji-jenbacher-4-serisi-gaz-motorlari-icin-462203\/#breadcrumb\",\"itemListElement\":[{\"@type\":\"ListItem\",\"position\":1,\"name\":\"Anasayfa\",\"item\":\"https:\/\/iggnita.com\/en\/\"},{\"@type\":\"ListItem\",\"position\":2,\"name\":\"Shop\",\"item\":\"https:\/\/iggnita.com\/en\/iggnitashop\/\"},{\"@type\":\"ListItem\",\"position\":3,\"name\":\"Industrial Spark Plug 462203 For Jenbacher 4 Series Gas Engines\"}]},{\"@type\":\"WebSite\",\"@id\":\"https:\/\/iggnita.com\/en\/#website\",\"url\":\"https:\/\/iggnita.com\/en\/\",\"name\":\"iggnita\",\"description\":\"Gaz Motoru Yedek Par\u00e7alar\u0131\",\"publisher\":{\"@id\":\"https:\/\/iggnita.com\/en\/#organization\"},\"potentialAction\":[{\"@type\":\"SearchAction\",\"target\":{\"@type\":\"EntryPoint\",\"urlTemplate\":\"https:\/\/iggnita.com\/en\/?s={search_term_string}\"},\"query-input\":{\"@type\":\"PropertyValueSpecification\",\"valueRequired\":true,\"valueName\":\"search_term_string\"}}],\"inLanguage\":\"en-US\"},{\"@type\":\"Organization\",\"@id\":\"https:\/\/iggnita.com\/en\/#organization\",\"name\":\"\u0130GGN\u0130TA MAK\u0130NA SANAY\u0130 VE T\u0130CARET\",\"url\":\"https:\/\/iggnita.com\/en\/\",\"logo\":{\"@type\":\"ImageObject\",\"inLanguage\":\"en-US\",\"@id\":\"https:\/\/iggnita.com\/en\/#\/schema\/logo\/image\/\",\"url\":\"https:\/\/iggnita.com\/en\/wp-content\/uploads\/2020\/12\/cropped-cropped-iggnita-logokkk.png\",\"contentUrl\":\"https:\/\/iggnita.com\/en\/wp-content\/uploads\/2020\/12\/cropped-cropped-iggnita-logokkk.png\",\"width\":330,\"height\":110,\"caption\":\"\u0130GGN\u0130TA MAK\u0130NA SANAY\u0130 VE T\u0130CARET\"},\"image\":{\"@id\":\"https:\/\/iggnita.com\/en\/#\/schema\/logo\/image\/\"},\"sameAs\":[\"https:\/\/www.facebook.com\/iggnita\",\"https:\/\/x.com\/iggnita\",\"https:\/\/www.instagram.com\/iggnita\/\",\"https:\/\/www.linkedin.com\/company\/70903335\/admin\/\",\"https:\/\/www.youtube.com\/channel\/UC0vF0xKibV2BYvXQi7kWb5w\"]}]}<\/script>\n<!-- \/ Yoast SEO plugin. -->","yoast_head_json":{"title":"Industrial Spark Plug 462203 For Jenbacher 4 Series Gas Engines - iggnita","robots":{"index":"index","follow":"follow","max-snippet":"max-snippet:-1","max-image-preview":"max-image-preview:large","max-video-preview":"max-video-preview:-1"},"canonical":"https:\/\/iggnita.com\/en\/urun\/endustriyel-buji-jenbacher-4-serisi-gaz-motorlari-icin-462203\/","og_locale":"en_US","og_type":"article","og_title":"Industrial Spark Plug 462203 For Jenbacher 4 Series Gas Engines - iggnita","og_description":"Industrial Spark Plug Jenbacher 4 Series  Our Iggnita Istanbul Warehouse Delivery Price:  (Please sign up for special prices)","og_url":"https:\/\/iggnita.com\/en\/urun\/endustriyel-buji-jenbacher-4-serisi-gaz-motorlari-icin-462203\/","og_site_name":"iggnita","article_publisher":"https:\/\/www.facebook.com\/iggnita","article_modified_time":"2024-10-09T13:42:01+00:00","og_image":[{"width":992,"height":992,"url":"https:\/\/iggnita.com\/en\/wp-content\/uploads\/2021\/03\/Endustriyel-Buji-Torch-R10P3-Jenbacher-4-Serisi-Gaz-Motorlari-Icin-462203.jpg","type":"image\/jpeg"}],"twitter_card":"summary_large_image","twitter_site":"@iggnita","twitter_misc":{"Est. reading time":"1 minute"},"schema":{"@context":"https:\/\/schema.org","@graph":[{"@type":"WebPage","@id":"https:\/\/iggnita.com\/en\/urun\/endustriyel-buji-jenbacher-4-serisi-gaz-motorlari-icin-462203\/","url":"https:\/\/iggnita.com\/en\/urun\/endustriyel-buji-jenbacher-4-serisi-gaz-motorlari-icin-462203\/","name":"Industrial Spark Plug 462203 For Jenbacher 4 Series Gas Engines - iggnita","isPartOf":{"@id":"https:\/\/iggnita.com\/en\/#website"},"primaryImageOfPage":{"@id":"https:\/\/iggnita.com\/en\/urun\/endustriyel-buji-jenbacher-4-serisi-gaz-motorlari-icin-462203\/#primaryimage"},"image":{"@id":"https:\/\/iggnita.com\/en\/urun\/endustriyel-buji-jenbacher-4-serisi-gaz-motorlari-icin-462203\/#primaryimage"},"thumbnailUrl":"https:\/\/iggnita.com\/en\/wp-content\/uploads\/2021\/03\/Endustriyel-Buji-Torch-R10P3-Jenbacher-4-Serisi-Gaz-Motorlari-Icin-462203.jpg","datePublished":"2021-03-08T13:05:14+00:00","dateModified":"2024-10-09T13:42:01+00:00","breadcrumb":{"@id":"https:\/\/iggnita.com\/en\/urun\/endustriyel-buji-jenbacher-4-serisi-gaz-motorlari-icin-462203\/#breadcrumb"},"inLanguage":"en-US","potentialAction":[{"@type":"ReadAction","target":["https:\/\/iggnita.com\/en\/urun\/endustriyel-buji-jenbacher-4-serisi-gaz-motorlari-icin-462203\/"]}]},{"@type":"ImageObject","inLanguage":"en-US","@id":"https:\/\/iggnita.com\/en\/urun\/endustriyel-buji-jenbacher-4-serisi-gaz-motorlari-icin-462203\/#primaryimage","url":"https:\/\/iggnita.com\/en\/wp-content\/uploads\/2021\/03\/Endustriyel-Buji-Torch-R10P3-Jenbacher-4-Serisi-Gaz-Motorlari-Icin-462203.jpg","contentUrl":"https:\/\/iggnita.com\/en\/wp-content\/uploads\/2021\/03\/Endustriyel-Buji-Torch-R10P3-Jenbacher-4-Serisi-Gaz-Motorlari-Icin-462203.jpg","width":992,"height":992},{"@type":"BreadcrumbList","@id":"https:\/\/iggnita.com\/en\/urun\/endustriyel-buji-jenbacher-4-serisi-gaz-motorlari-icin-462203\/#breadcrumb","itemListElement":[{"@type":"ListItem","position":1,"name":"Anasayfa","item":"https:\/\/iggnita.com\/en\/"},{"@type":"ListItem","position":2,"name":"Shop","item":"https:\/\/iggnita.com\/en\/iggnitashop\/"},{"@type":"ListItem","position":3,"name":"Industrial Spark Plug 462203 For Jenbacher 4 Series Gas Engines"}]},{"@type":"WebSite","@id":"https:\/\/iggnita.com\/en\/#website","url":"https:\/\/iggnita.com\/en\/","name":"iggnita","description":"Gaz Motoru Yedek Par\u00e7alar\u0131","publisher":{"@id":"https:\/\/iggnita.com\/en\/#organization"},"potentialAction":[{"@type":"SearchAction","target":{"@type":"EntryPoint","urlTemplate":"https:\/\/iggnita.com\/en\/?s={search_term_string}"},"query-input":{"@type":"PropertyValueSpecification","valueRequired":true,"valueName":"search_term_string"}}],"inLanguage":"en-US"},{"@type":"Organization","@id":"https:\/\/iggnita.com\/en\/#organization","name":"\u0130GGN\u0130TA MAK\u0130NA SANAY\u0130 VE T\u0130CARET","url":"https:\/\/iggnita.com\/en\/","logo":{"@type":"ImageObject","inLanguage":"en-US","@id":"https:\/\/iggnita.com\/en\/#\/schema\/logo\/image\/","url":"https:\/\/iggnita.com\/en\/wp-content\/uploads\/2020\/12\/cropped-cropped-iggnita-logokkk.png","contentUrl":"https:\/\/iggnita.com\/en\/wp-content\/uploads\/2020\/12\/cropped-cropped-iggnita-logokkk.png","width":330,"height":110,"caption":"\u0130GGN\u0130TA MAK\u0130NA SANAY\u0130 VE T\u0130CARET"},"image":{"@id":"https:\/\/iggnita.com\/en\/#\/schema\/logo\/image\/"},"sameAs":["https:\/\/www.facebook.com\/iggnita","https:\/\/x.com\/iggnita","https:\/\/www.instagram.com\/iggnita\/","https:\/\/www.linkedin.com\/company\/70903335\/admin\/","https:\/\/www.youtube.com\/channel\/UC0vF0xKibV2BYvXQi7kWb5w"]}]}},"_links":{"self":[{"href":"https:\/\/iggnita.com\/en\/wp-json\/wp\/v2\/product\/11211","targetHints":{"allow":["GET"]}}],"collection":[{"href":"https:\/\/iggnita.com\/en\/wp-json\/wp\/v2\/product"}],"about":[{"href":"https:\/\/iggnita.com\/en\/wp-json\/wp\/v2\/types\/product"}],"wp:featuredmedia":[{"embeddable":true,"href":"https:\/\/iggnita.com\/en\/wp-json\/wp\/v2\/media\/11212"}],"wp:attachment":[{"href":"https:\/\/iggnita.com\/en\/wp-json\/wp\/v2\/media?parent=11211"}],"wp:term":[{"taxonomy":"product_brand","embeddable":true,"href":"https:\/\/iggnita.com\/en\/wp-json\/wp\/v2\/product_brand?post=11211"},{"taxonomy":"product_cat","embeddable":true,"href":"https:\/\/iggnita.com\/en\/wp-json\/wp\/v2\/product_cat?post=11211"},{"taxonomy":"product_tag","embeddable":true,"href":"https:\/\/iggnita.com\/en\/wp-json\/wp\/v2\/product_tag?post=11211"}],"curies":[{"name":"wp","href":"https:\/\/api.w.org\/{rel}","templated":true}]}}