{"id":11223,"date":"2021-03-08T14:45:04","date_gmt":"2021-03-08T14:45:04","guid":{"rendered":"https:\/\/iggnita.com\/en\/?post_type=product&#038;p=11223"},"modified":"2024-10-09T13:43:26","modified_gmt":"2024-10-09T13:43:26","slug":"endustriyel-buji-mwm-tcg-2016-serisi-gaz-motorlari-icin-12453562","status":"publish","type":"product","link":"https:\/\/iggnita.com\/en\/urun\/endustriyel-buji-mwm-tcg-2016-serisi-gaz-motorlari-icin-12453562\/","title":{"rendered":"Industrial Spark Plug 12453562 For MWM TCG 2016 Series Gas Engines"},"content":{"rendered":"<p>Spare Part for Industrial MWM Gas Engines: Industrial Spark Plug 12453562 Alternative for MWM TCG 2016 Series Gas Engines<\/p>\n<p>Suitable for Biogas, Landfill Gas and Natural Gas.<\/p>\n<p><strong>Engine Models:<\/strong> MWM TCG 2016 V8 V12 V16 &#8211; MWM TCG 3016 &#8211; Caterpillar CG 132<\/p>\n<p><strong>Reference Numbers:<\/strong><\/p>\n<p><b>Old Reference Numbers: 12453562 \/ 12344096 \/ 12343755<\/b><\/p>\n<p><b>MWM (current PN: 12453562):<\/p>\n<p><\/b>&#8211; TCG 2016 V8<\/p>\n<p>&#8211; TCG 2016 V12<\/p>\n<p>&#8211; TCG 2016 V16 A-B-C<\/p>\n<p>&#8211; TCG 3016<\/p>\n<p><b>Caterpillar \/ CAT (current PN: 12453546):<\/b><\/p>\n<p>&#8211; CG 132 V8<\/p>\n<p>&#8211; CG 132 V12<\/p>\n<p>&#8211; CG 132 V16<\/p>\n<p><b>MWM:<\/b><\/p>\n<p>1245-3562 \/ 12453562 \/ 1245 3562<\/p>\n<p>1234-3755 \/ 12343755 \/ 1234 3755<\/p>\n<p>1234-3055 \/ 12343055 \/ 1234 3055<\/p>\n<p>1234-4096 \/ 12344096 \/ 1234 4096<\/p>\n<p>1231-9475 \/ 12319475 \/ 1231 9475<\/p>\n<p>1234-2668 \/ 12342668 \/ 1234 2668<\/p>\n<p><b>Caterpillar \/ CAT:<\/b><\/p>\n<p>1245-3546 \/ 12453546 \/ 1245 3546<\/p>\n<p>1234-4096 \/ 12344096 \/1234 4096<\/p>\n<p><b>2G:<\/b><\/p>\n<p>32090-00017\/ 3209000017 \/ 32090 00017<\/p>\n<table>\n<tbody>\n<tr>\n<td width=\"151\">Type<\/td>\n<td width=\"228\">12453562 For MWM TCG 2016 Series Gas Engines<\/td>\n<\/tr>\n<tr>\n<td width=\"151\">Thread<\/td>\n<td width=\"228\">M 18&#215;1.5<\/td>\n<\/tr>\n<tr>\n<td width=\"151\">Hex<\/td>\n<td width=\"228\">22.2 mm<\/td>\n<\/tr>\n<tr>\n<td width=\"151\">Seat Type<\/td>\n<td width=\"228\">Flat<\/td>\n<\/tr>\n<tr>\n<td width=\"151\">Gap<\/td>\n<td width=\"228\">0.3 mm<\/td>\n<\/tr>\n<tr>\n<td width=\"151\">Resistor or Non-Resistor<\/td>\n<td width=\"228\">Resistor<\/td>\n<\/tr>\n<tr>\n<td width=\"151\">Length of steel tube<\/td>\n<td width=\"228\">195mm<\/td>\n<\/tr>\n<tr>\n<td width=\"151\">Line length<\/td>\n<td width=\"228\">324mm<\/td>\n<\/tr>\n<\/tbody>\n<\/table>\n<table>\n<tbody>\n<tr>\n<td width=\"129\">Bore (mm)<\/td>\n<td colspan=\"3\" width=\"205\">132<\/td>\n<\/tr>\n<tr>\n<td width=\"129\">Stroke (mm)<\/td>\n<td colspan=\"3\" width=\"205\">160<\/td>\n<\/tr>\n<tr>\n<td width=\"129\">Displacement \/ cylinder (lit)<\/td>\n<td colspan=\"3\" width=\"205\">2.19<\/td>\n<\/tr>\n<tr>\n<td width=\"129\">Speed \u200b\u200b(rpm)<\/td>\n<td colspan=\"3\" width=\"205\">1,500 (50 Hz)<\/p>\n<p>1,800 (60 Hz)<\/td>\n<\/tr>\n<tr>\n<td width=\"129\">&nbsp;<\/p>\n<p>Mean piston speed (mls)<\/td>\n<td colspan=\"3\" width=\"205\">8.0 (1,500 rpm)<\/p>\n<p>&nbsp;<\/p>\n<p>9.6 (1,800 rpm)<\/td>\n<\/tr>\n<tr>\n<td width=\"129\">Scope of supply<\/td>\n<td colspan=\"3\" width=\"205\">Generator set, cogeneration system<\/p>\n<p>generator set \/ cogeneration in container<\/td>\n<\/tr>\n<tr>\n<td width=\"129\">&nbsp;<\/p>\n<p>Applicable gas types<\/td>\n<td colspan=\"3\" width=\"205\">Natural gas, flare gas, propane, biogas<\/p>\n<p>land- fill gas, sewage gas . Special gases (e.g.)<\/td>\n<\/tr>\n<tr>\n<td rowspan=\"3\" width=\"129\">Engine type<\/p>\n<p>Number of cylinders<\/p>\n<p>Total displacement (lit)<\/td>\n<td width=\"69\">V08 C<\/td>\n<td width=\"69\">V12 C<\/td>\n<td width=\"66\">VU<\/td>\n<\/tr>\n<tr>\n<td width=\"69\">8<\/td>\n<td width=\"69\">12<\/td>\n<td width=\"66\">16<\/td>\n<\/tr>\n<tr>\n<td width=\"69\">17.5<\/td>\n<td width=\"69\">26.3<\/td>\n<td width=\"66\">35<\/td>\n<\/tr>\n<\/tbody>\n<\/table>\n","protected":false},"excerpt":{"rendered":"<p>MWM TCG 2016 V8 V12 V16 &#8211; MWM TCG 3016 &#8211; Caterpillar CG 130<\/p>\n<p>Our Iggnita Istanbul Warehouse Delivery Price:<\/p>\n<p>(Please sign up for special prices)<\/p>\n","protected":false},"featured_media":14855,"template":"","meta":[],"product_brand":[],"product_cat":[722,115],"product_tag":[575,574,442,573,572,560,555,487],"class_list":{"0":"post-11223","1":"product","2":"type-product","3":"status-publish","4":"has-post-thumbnail","6":"product_cat-mwm-alternatif-buji","7":"product_cat-bujiler","8":"product_tag-biyogaz-buji","9":"product_tag-biyogaz-santralleri","10":"product_tag-mwm","11":"product_tag-mwm-aftermarket","12":"product_tag-mwm-alternatif","13":"product_tag-mwm-biyogaz","14":"product_tag-mwm-gaz-motorlari","15":"product_tag-mwm-yedek-parca","16":"pa_motor-modelleri-cat","17":"pa_motor-modelleri-cat-cg-132","18":"pa_motor-modelleri-cat-cg-132-08","19":"pa_motor-modelleri-cat-cg-132-12","20":"pa_motor-modelleri-cat-cg-132-16","21":"pa_motor-modelleri-mwm","22":"pa_motor-modelleri-mwm-tcg-2016","23":"pa_motor-modelleri-mwm-tcg-2016-v12","24":"pa_motor-modelleri-mwm-tcg-2016-v16","25":"pa_motor-modelleri-mwm-tcg-2016-v8","26":"pa_motor-modelleri-mwm-tcg-3016","27":"pa_motor-modelleri-mwm-tcg-3016-v12","28":"pa_motor-modelleri-mwm-tcg-3016-v16","29":"pa_motor-modelleri-mwm-tcg-3016-v8","30":"pa_orijinal-oem-alternatif-alternatif","31":"pa_parca-markasi-iggnita","32":"pa_urun-tipi-parca","33":"","35":"first","36":"instock","37":"taxable","38":"shipping-taxable","39":"product-type-simple"},"yoast_head":"<!-- This site is optimized with the Yoast SEO plugin v25.3 - https:\/\/yoast.com\/wordpress\/plugins\/seo\/ -->\n<title>Industrial Spark Plug 12453562 For MWM TCG 2016 Series Gas Engines - iggnita<\/title>\n<meta name=\"robots\" content=\"index, follow, max-snippet:-1, max-image-preview:large, max-video-preview:-1\" \/>\n<link rel=\"canonical\" href=\"https:\/\/iggnita.com\/en\/urun\/endustriyel-buji-mwm-tcg-2016-serisi-gaz-motorlari-icin-12453562\/\" \/>\n<meta property=\"og:locale\" content=\"en_US\" \/>\n<meta property=\"og:type\" content=\"article\" \/>\n<meta property=\"og:title\" content=\"Industrial Spark Plug 12453562 For MWM TCG 2016 Series Gas Engines - iggnita\" \/>\n<meta property=\"og:description\" content=\"MWM TCG 2016 V8 V12 V16 - MWM TCG 3016 - Caterpillar CG 130  Our Iggnita Istanbul Warehouse Delivery Price:  (Please sign up for special prices)\" \/>\n<meta property=\"og:url\" content=\"https:\/\/iggnita.com\/en\/urun\/endustriyel-buji-mwm-tcg-2016-serisi-gaz-motorlari-icin-12453562\/\" \/>\n<meta property=\"og:site_name\" content=\"iggnita\" \/>\n<meta property=\"article:publisher\" content=\"https:\/\/www.facebook.com\/iggnita\" \/>\n<meta property=\"article:modified_time\" content=\"2024-10-09T13:43:26+00:00\" \/>\n<meta property=\"og:image\" content=\"https:\/\/iggnita.com\/en\/wp-content\/uploads\/2021\/03\/MWM-TCG-2016-scaled.jpg\" \/>\n\t<meta property=\"og:image:width\" content=\"2560\" \/>\n\t<meta property=\"og:image:height\" content=\"2560\" \/>\n\t<meta property=\"og:image:type\" content=\"image\/jpeg\" \/>\n<meta name=\"twitter:card\" content=\"summary_large_image\" \/>\n<meta name=\"twitter:site\" content=\"@iggnita\" \/>\n<meta name=\"twitter:label1\" content=\"Est. reading time\" \/>\n\t<meta name=\"twitter:data1\" content=\"2 minutes\" \/>\n<script type=\"application\/ld+json\" class=\"yoast-schema-graph\">{\"@context\":\"https:\/\/schema.org\",\"@graph\":[{\"@type\":\"WebPage\",\"@id\":\"https:\/\/iggnita.com\/en\/urun\/endustriyel-buji-mwm-tcg-2016-serisi-gaz-motorlari-icin-12453562\/\",\"url\":\"https:\/\/iggnita.com\/en\/urun\/endustriyel-buji-mwm-tcg-2016-serisi-gaz-motorlari-icin-12453562\/\",\"name\":\"Industrial Spark Plug 12453562 For MWM TCG 2016 Series Gas Engines - iggnita\",\"isPartOf\":{\"@id\":\"https:\/\/iggnita.com\/en\/#website\"},\"primaryImageOfPage\":{\"@id\":\"https:\/\/iggnita.com\/en\/urun\/endustriyel-buji-mwm-tcg-2016-serisi-gaz-motorlari-icin-12453562\/#primaryimage\"},\"image\":{\"@id\":\"https:\/\/iggnita.com\/en\/urun\/endustriyel-buji-mwm-tcg-2016-serisi-gaz-motorlari-icin-12453562\/#primaryimage\"},\"thumbnailUrl\":\"https:\/\/iggnita.com\/en\/wp-content\/uploads\/2021\/03\/MWM-TCG-2016-scaled.jpg\",\"datePublished\":\"2021-03-08T14:45:04+00:00\",\"dateModified\":\"2024-10-09T13:43:26+00:00\",\"breadcrumb\":{\"@id\":\"https:\/\/iggnita.com\/en\/urun\/endustriyel-buji-mwm-tcg-2016-serisi-gaz-motorlari-icin-12453562\/#breadcrumb\"},\"inLanguage\":\"en-US\",\"potentialAction\":[{\"@type\":\"ReadAction\",\"target\":[\"https:\/\/iggnita.com\/en\/urun\/endustriyel-buji-mwm-tcg-2016-serisi-gaz-motorlari-icin-12453562\/\"]}]},{\"@type\":\"ImageObject\",\"inLanguage\":\"en-US\",\"@id\":\"https:\/\/iggnita.com\/en\/urun\/endustriyel-buji-mwm-tcg-2016-serisi-gaz-motorlari-icin-12453562\/#primaryimage\",\"url\":\"https:\/\/iggnita.com\/en\/wp-content\/uploads\/2021\/03\/MWM-TCG-2016-scaled.jpg\",\"contentUrl\":\"https:\/\/iggnita.com\/en\/wp-content\/uploads\/2021\/03\/MWM-TCG-2016-scaled.jpg\",\"width\":2560,\"height\":2560},{\"@type\":\"BreadcrumbList\",\"@id\":\"https:\/\/iggnita.com\/en\/urun\/endustriyel-buji-mwm-tcg-2016-serisi-gaz-motorlari-icin-12453562\/#breadcrumb\",\"itemListElement\":[{\"@type\":\"ListItem\",\"position\":1,\"name\":\"Anasayfa\",\"item\":\"https:\/\/iggnita.com\/en\/\"},{\"@type\":\"ListItem\",\"position\":2,\"name\":\"Shop\",\"item\":\"https:\/\/iggnita.com\/en\/iggnitashop\/\"},{\"@type\":\"ListItem\",\"position\":3,\"name\":\"Industrial Spark Plug 12453562 For MWM TCG 2016 Series Gas Engines\"}]},{\"@type\":\"WebSite\",\"@id\":\"https:\/\/iggnita.com\/en\/#website\",\"url\":\"https:\/\/iggnita.com\/en\/\",\"name\":\"iggnita\",\"description\":\"Gaz Motoru Yedek Par\u00e7alar\u0131\",\"publisher\":{\"@id\":\"https:\/\/iggnita.com\/en\/#organization\"},\"potentialAction\":[{\"@type\":\"SearchAction\",\"target\":{\"@type\":\"EntryPoint\",\"urlTemplate\":\"https:\/\/iggnita.com\/en\/?s={search_term_string}\"},\"query-input\":{\"@type\":\"PropertyValueSpecification\",\"valueRequired\":true,\"valueName\":\"search_term_string\"}}],\"inLanguage\":\"en-US\"},{\"@type\":\"Organization\",\"@id\":\"https:\/\/iggnita.com\/en\/#organization\",\"name\":\"\u0130GGN\u0130TA MAK\u0130NA SANAY\u0130 VE T\u0130CARET\",\"url\":\"https:\/\/iggnita.com\/en\/\",\"logo\":{\"@type\":\"ImageObject\",\"inLanguage\":\"en-US\",\"@id\":\"https:\/\/iggnita.com\/en\/#\/schema\/logo\/image\/\",\"url\":\"https:\/\/iggnita.com\/en\/wp-content\/uploads\/2020\/12\/cropped-cropped-iggnita-logokkk.png\",\"contentUrl\":\"https:\/\/iggnita.com\/en\/wp-content\/uploads\/2020\/12\/cropped-cropped-iggnita-logokkk.png\",\"width\":330,\"height\":110,\"caption\":\"\u0130GGN\u0130TA MAK\u0130NA SANAY\u0130 VE T\u0130CARET\"},\"image\":{\"@id\":\"https:\/\/iggnita.com\/en\/#\/schema\/logo\/image\/\"},\"sameAs\":[\"https:\/\/www.facebook.com\/iggnita\",\"https:\/\/x.com\/iggnita\",\"https:\/\/www.instagram.com\/iggnita\/\",\"https:\/\/www.linkedin.com\/company\/70903335\/admin\/\",\"https:\/\/www.youtube.com\/channel\/UC0vF0xKibV2BYvXQi7kWb5w\"]}]}<\/script>\n<!-- \/ Yoast SEO plugin. -->","yoast_head_json":{"title":"Industrial Spark Plug 12453562 For MWM TCG 2016 Series Gas Engines - iggnita","robots":{"index":"index","follow":"follow","max-snippet":"max-snippet:-1","max-image-preview":"max-image-preview:large","max-video-preview":"max-video-preview:-1"},"canonical":"https:\/\/iggnita.com\/en\/urun\/endustriyel-buji-mwm-tcg-2016-serisi-gaz-motorlari-icin-12453562\/","og_locale":"en_US","og_type":"article","og_title":"Industrial Spark Plug 12453562 For MWM TCG 2016 Series Gas Engines - iggnita","og_description":"MWM TCG 2016 V8 V12 V16 - MWM TCG 3016 - Caterpillar CG 130  Our Iggnita Istanbul Warehouse Delivery Price:  (Please sign up for special prices)","og_url":"https:\/\/iggnita.com\/en\/urun\/endustriyel-buji-mwm-tcg-2016-serisi-gaz-motorlari-icin-12453562\/","og_site_name":"iggnita","article_publisher":"https:\/\/www.facebook.com\/iggnita","article_modified_time":"2024-10-09T13:43:26+00:00","og_image":[{"width":2560,"height":2560,"url":"https:\/\/iggnita.com\/en\/wp-content\/uploads\/2021\/03\/MWM-TCG-2016-scaled.jpg","type":"image\/jpeg"}],"twitter_card":"summary_large_image","twitter_site":"@iggnita","twitter_misc":{"Est. reading time":"2 minutes"},"schema":{"@context":"https:\/\/schema.org","@graph":[{"@type":"WebPage","@id":"https:\/\/iggnita.com\/en\/urun\/endustriyel-buji-mwm-tcg-2016-serisi-gaz-motorlari-icin-12453562\/","url":"https:\/\/iggnita.com\/en\/urun\/endustriyel-buji-mwm-tcg-2016-serisi-gaz-motorlari-icin-12453562\/","name":"Industrial Spark Plug 12453562 For MWM TCG 2016 Series Gas Engines - iggnita","isPartOf":{"@id":"https:\/\/iggnita.com\/en\/#website"},"primaryImageOfPage":{"@id":"https:\/\/iggnita.com\/en\/urun\/endustriyel-buji-mwm-tcg-2016-serisi-gaz-motorlari-icin-12453562\/#primaryimage"},"image":{"@id":"https:\/\/iggnita.com\/en\/urun\/endustriyel-buji-mwm-tcg-2016-serisi-gaz-motorlari-icin-12453562\/#primaryimage"},"thumbnailUrl":"https:\/\/iggnita.com\/en\/wp-content\/uploads\/2021\/03\/MWM-TCG-2016-scaled.jpg","datePublished":"2021-03-08T14:45:04+00:00","dateModified":"2024-10-09T13:43:26+00:00","breadcrumb":{"@id":"https:\/\/iggnita.com\/en\/urun\/endustriyel-buji-mwm-tcg-2016-serisi-gaz-motorlari-icin-12453562\/#breadcrumb"},"inLanguage":"en-US","potentialAction":[{"@type":"ReadAction","target":["https:\/\/iggnita.com\/en\/urun\/endustriyel-buji-mwm-tcg-2016-serisi-gaz-motorlari-icin-12453562\/"]}]},{"@type":"ImageObject","inLanguage":"en-US","@id":"https:\/\/iggnita.com\/en\/urun\/endustriyel-buji-mwm-tcg-2016-serisi-gaz-motorlari-icin-12453562\/#primaryimage","url":"https:\/\/iggnita.com\/en\/wp-content\/uploads\/2021\/03\/MWM-TCG-2016-scaled.jpg","contentUrl":"https:\/\/iggnita.com\/en\/wp-content\/uploads\/2021\/03\/MWM-TCG-2016-scaled.jpg","width":2560,"height":2560},{"@type":"BreadcrumbList","@id":"https:\/\/iggnita.com\/en\/urun\/endustriyel-buji-mwm-tcg-2016-serisi-gaz-motorlari-icin-12453562\/#breadcrumb","itemListElement":[{"@type":"ListItem","position":1,"name":"Anasayfa","item":"https:\/\/iggnita.com\/en\/"},{"@type":"ListItem","position":2,"name":"Shop","item":"https:\/\/iggnita.com\/en\/iggnitashop\/"},{"@type":"ListItem","position":3,"name":"Industrial Spark Plug 12453562 For MWM TCG 2016 Series Gas Engines"}]},{"@type":"WebSite","@id":"https:\/\/iggnita.com\/en\/#website","url":"https:\/\/iggnita.com\/en\/","name":"iggnita","description":"Gaz Motoru Yedek Par\u00e7alar\u0131","publisher":{"@id":"https:\/\/iggnita.com\/en\/#organization"},"potentialAction":[{"@type":"SearchAction","target":{"@type":"EntryPoint","urlTemplate":"https:\/\/iggnita.com\/en\/?s={search_term_string}"},"query-input":{"@type":"PropertyValueSpecification","valueRequired":true,"valueName":"search_term_string"}}],"inLanguage":"en-US"},{"@type":"Organization","@id":"https:\/\/iggnita.com\/en\/#organization","name":"\u0130GGN\u0130TA MAK\u0130NA SANAY\u0130 VE T\u0130CARET","url":"https:\/\/iggnita.com\/en\/","logo":{"@type":"ImageObject","inLanguage":"en-US","@id":"https:\/\/iggnita.com\/en\/#\/schema\/logo\/image\/","url":"https:\/\/iggnita.com\/en\/wp-content\/uploads\/2020\/12\/cropped-cropped-iggnita-logokkk.png","contentUrl":"https:\/\/iggnita.com\/en\/wp-content\/uploads\/2020\/12\/cropped-cropped-iggnita-logokkk.png","width":330,"height":110,"caption":"\u0130GGN\u0130TA MAK\u0130NA SANAY\u0130 VE T\u0130CARET"},"image":{"@id":"https:\/\/iggnita.com\/en\/#\/schema\/logo\/image\/"},"sameAs":["https:\/\/www.facebook.com\/iggnita","https:\/\/x.com\/iggnita","https:\/\/www.instagram.com\/iggnita\/","https:\/\/www.linkedin.com\/company\/70903335\/admin\/","https:\/\/www.youtube.com\/channel\/UC0vF0xKibV2BYvXQi7kWb5w"]}]}},"_links":{"self":[{"href":"https:\/\/iggnita.com\/en\/wp-json\/wp\/v2\/product\/11223","targetHints":{"allow":["GET"]}}],"collection":[{"href":"https:\/\/iggnita.com\/en\/wp-json\/wp\/v2\/product"}],"about":[{"href":"https:\/\/iggnita.com\/en\/wp-json\/wp\/v2\/types\/product"}],"wp:featuredmedia":[{"embeddable":true,"href":"https:\/\/iggnita.com\/en\/wp-json\/wp\/v2\/media\/14855"}],"wp:attachment":[{"href":"https:\/\/iggnita.com\/en\/wp-json\/wp\/v2\/media?parent=11223"}],"wp:term":[{"taxonomy":"product_brand","embeddable":true,"href":"https:\/\/iggnita.com\/en\/wp-json\/wp\/v2\/product_brand?post=11223"},{"taxonomy":"product_cat","embeddable":true,"href":"https:\/\/iggnita.com\/en\/wp-json\/wp\/v2\/product_cat?post=11223"},{"taxonomy":"product_tag","embeddable":true,"href":"https:\/\/iggnita.com\/en\/wp-json\/wp\/v2\/product_tag?post=11223"}],"curies":[{"name":"wp","href":"https:\/\/api.w.org\/{rel}","templated":true}]}}