{"id":11230,"date":"2021-03-08T15:10:00","date_gmt":"2021-03-08T15:10:00","guid":{"rendered":"https:\/\/iggnita.com\/en\/?post_type=product&#038;p=11230"},"modified":"2024-10-09T13:43:26","modified_gmt":"2024-10-09T13:43:26","slug":"endustriyel-buji-mwm-tcg-2032-serisi-gaz-motorlari-icin-12285295","status":"publish","type":"product","link":"https:\/\/iggnita.com\/en\/urun\/endustriyel-buji-mwm-tcg-2032-serisi-gaz-motorlari-icin-12285295\/","title":{"rendered":"Industrial Spark Plug MWM TCG 2032 Series 12285295 For Gas Engines"},"content":{"rendered":"<p>Spare Part for Industrial MWM Gas Engines: Industrial Spark Plug 12285295 Alternative for MWM TCG 2032 Series Gas Engines<\/p>\n<p>Suitable for engines using biogas landfill gas and natural gas.<\/p>\n<p><strong>Engine Models:<\/strong> MWM TCG 2032 &#8211; CAT CG 260<\/p>\n<p>Old Reference Numbers: 12284236 \/ 12284432 \/ 12285126<\/p>\n<div class=\" wrapper container\">\n<div class=\"row-fluid\">\n<div class=\"span9 content detailpage\">\n<div id=\"productinfo\" class=\"details_page\">\n<div class=\"detailstabs\">\n<div class=\"tab-content\">\n<div id=\"description\" class=\"tab-pane active\">\n<div>\n<div>\n<div>12453576; 1245 3576; 1245-3576;<\/div>\n<\/div>\n<\/div>\n<\/div>\n<\/div>\n<\/div>\n<\/div>\n<\/div>\n<\/div>\n<\/div>\n<div class=\"container_notice\"><\/div>\n<p><strong>MWM &#8211; Caterpillar Energy Solutions CAT<\/strong><\/p>\n<div>\n<div>12285295; 1228 5295; 1228-5295;<\/div>\n<div>12284236;\u00a01228 4236; 1228-4236;<\/div>\n<div>12284432; 1228 4432; 1228-4432;<\/div>\n<div>12285126; 1228 5126; 1228-5126;<\/div>\n<div><\/div>\n<div>\n<table>\n<tbody>\n<tr>\n<td width=\"150\">Type<\/td>\n<td width=\"227\">12285295 For MWM TCG 2032 Series Gas Engines<\/td>\n<\/tr>\n<tr>\n<td width=\"150\">Thread<\/td>\n<td width=\"227\">M22x1.5<\/td>\n<\/tr>\n<tr>\n<td width=\"150\">Hex<\/td>\n<td width=\"227\">22.2 mm<\/td>\n<\/tr>\n<tr>\n<td width=\"150\">Seat Type<\/td>\n<td width=\"227\">Flat<\/td>\n<\/tr>\n<tr>\n<td width=\"150\">Gap<\/td>\n<td width=\"227\">0.3 mm<\/td>\n<\/tr>\n<tr>\n<td width=\"150\">Resistor or Non-Resistor<\/td>\n<td width=\"227\">Resistor<\/td>\n<\/tr>\n<tr>\n<td width=\"150\">Length of steel tube<\/td>\n<td width=\"227\">275 mm<\/td>\n<\/tr>\n<tr>\n<td width=\"150\">Line length<\/td>\n<td width=\"227\">875 mm<\/td>\n<\/tr>\n<\/tbody>\n<\/table>\n<table>\n<tbody>\n<tr>\n<td width=\"124\">Bore (mm)<\/td>\n<td colspan=\"3\" width=\"211\">260<\/td>\n<\/tr>\n<tr>\n<td width=\"124\">Stroke (mm)<\/td>\n<td colspan=\"3\" width=\"211\">320<\/td>\n<\/tr>\n<tr>\n<td width=\"124\">Displacement \/ cylinder (lit)<\/td>\n<td colspan=\"3\" width=\"211\">16.99<\/td>\n<\/tr>\n<tr>\n<td width=\"124\">Speed \u200b\u200b(rpm)<\/td>\n<td colspan=\"3\" width=\"211\">1,000 (50 Hz)<\/p>\n<p>900 (60 Hz)<\/td>\n<\/tr>\n<tr>\n<td width=\"124\">Mean piston speed (mls)<\/td>\n<td colspan=\"3\" width=\"211\">10.7 (1,000 rpm)<\/p>\n<p>9.6(900rpm)<\/td>\n<\/tr>\n<tr>\n<td width=\"124\">Scope of supply<\/td>\n<td colspan=\"3\" width=\"211\">Generator set, cogeneration system<\/p>\n<p>generator set \/ cogeneration in container<\/td>\n<\/tr>\n<tr>\n<td width=\"124\">Applicable gas types<\/td>\n<td colspan=\"3\" width=\"211\">Natural gas, flare gas, propane, biogas, land-fill gas, sewage gas. Special gases (e.g., coal mine gas, coke gas, wood gas, pyrolysis gas)<\/td>\n<\/tr>\n<tr>\n<td width=\"124\">Engine type<\/td>\n<td width=\"66\">V12<\/td>\n<td width=\"67\">V16<\/td>\n<td width=\"78\">BV16<\/td>\n<\/tr>\n<tr>\n<td width=\"124\">No. of cylinders<\/td>\n<td width=\"66\">12<\/td>\n<td width=\"67\">16<\/td>\n<td width=\"78\">16<\/td>\n<\/tr>\n<tr>\n<td width=\"124\">Total displacement (lit)<\/td>\n<td width=\"66\">203.9<\/td>\n<td width=\"67\">271.8<\/td>\n<td width=\"78\">271.8<\/td>\n<\/tr>\n<\/tbody>\n<\/table>\n<\/div>\n<\/div>\n","protected":false},"excerpt":{"rendered":"<p>MWM TCG 2032 &#8211; CAT CG 260<\/p>\n<p>Our Iggnita Istanbul Warehouse Delivery Price:<\/p>\n<p>(Please sign up for special prices)<\/p>\n","protected":false},"featured_media":14853,"template":"","meta":[],"product_brand":[],"product_cat":[722,115],"product_tag":[523,576,500,542,442,560,491,441,487],"class_list":{"0":"post-11230","1":"product","2":"type-product","3":"status-publish","4":"has-post-thumbnail","6":"product_cat-mwm-alternatif-buji","7":"product_cat-bujiler","8":"product_tag-cat","9":"product_tag-cat-cg-260","10":"product_tag-cat-yedek-parca","11":"product_tag-gaz-motoru-yedek-parcalari","12":"product_tag-mwm","13":"product_tag-mwm-biyogaz","14":"product_tag-mwm-buji","15":"product_tag-mwm-tcg-2032","16":"product_tag-mwm-yedek-parca","17":"pa_motor-modelleri-cat","18":"pa_motor-modelleri-cat-cg-260","19":"pa_motor-modelleri-cat-cg-260-v12","20":"pa_motor-modelleri-cat-cg-260-v16","21":"pa_motor-modelleri-mwm","22":"pa_motor-modelleri-mwm-tcg-2032","23":"pa_motor-modelleri-mwm-tcg-2032-v12","24":"pa_motor-modelleri-mwm-tcg-2032-v16","25":"pa_orijinal-oem-alternatif-alternatif","26":"pa_parca-markasi-iggnita","27":"pa_urun-tipi-parca","28":"","30":"first","31":"instock","32":"taxable","33":"shipping-taxable","34":"product-type-simple"},"yoast_head":"<!-- This site is optimized with the Yoast SEO plugin v25.3 - https:\/\/yoast.com\/wordpress\/plugins\/seo\/ -->\n<title>Industrial Spark Plug MWM TCG 2032 Series 12285295 For Gas Engines - iggnita<\/title>\n<meta name=\"robots\" content=\"index, follow, max-snippet:-1, max-image-preview:large, max-video-preview:-1\" \/>\n<link rel=\"canonical\" href=\"https:\/\/iggnita.com\/en\/urun\/endustriyel-buji-mwm-tcg-2032-serisi-gaz-motorlari-icin-12285295\/\" \/>\n<meta property=\"og:locale\" content=\"en_US\" \/>\n<meta property=\"og:type\" content=\"article\" \/>\n<meta property=\"og:title\" content=\"Industrial Spark Plug MWM TCG 2032 Series 12285295 For Gas Engines - iggnita\" \/>\n<meta property=\"og:description\" content=\"MWM TCG 2032 - CAT CG 260  Our Iggnita Istanbul Warehouse Delivery Price:  (Please sign up for special prices)\" \/>\n<meta property=\"og:url\" content=\"https:\/\/iggnita.com\/en\/urun\/endustriyel-buji-mwm-tcg-2032-serisi-gaz-motorlari-icin-12285295\/\" \/>\n<meta property=\"og:site_name\" content=\"iggnita\" \/>\n<meta property=\"article:publisher\" content=\"https:\/\/www.facebook.com\/iggnita\" \/>\n<meta property=\"article:modified_time\" content=\"2024-10-09T13:43:26+00:00\" \/>\n<meta property=\"og:image\" content=\"https:\/\/iggnita.com\/en\/wp-content\/uploads\/2021\/03\/MWM-TCG-2032-scaled.jpg\" \/>\n\t<meta property=\"og:image:width\" content=\"2560\" \/>\n\t<meta property=\"og:image:height\" content=\"2560\" \/>\n\t<meta property=\"og:image:type\" content=\"image\/jpeg\" \/>\n<meta name=\"twitter:card\" content=\"summary_large_image\" \/>\n<meta name=\"twitter:site\" content=\"@iggnita\" \/>\n<meta name=\"twitter:label1\" content=\"Est. reading time\" \/>\n\t<meta name=\"twitter:data1\" content=\"1 minute\" \/>\n<script type=\"application\/ld+json\" class=\"yoast-schema-graph\">{\"@context\":\"https:\/\/schema.org\",\"@graph\":[{\"@type\":\"WebPage\",\"@id\":\"https:\/\/iggnita.com\/en\/urun\/endustriyel-buji-mwm-tcg-2032-serisi-gaz-motorlari-icin-12285295\/\",\"url\":\"https:\/\/iggnita.com\/en\/urun\/endustriyel-buji-mwm-tcg-2032-serisi-gaz-motorlari-icin-12285295\/\",\"name\":\"Industrial Spark Plug MWM TCG 2032 Series 12285295 For Gas Engines - iggnita\",\"isPartOf\":{\"@id\":\"https:\/\/iggnita.com\/en\/#website\"},\"primaryImageOfPage\":{\"@id\":\"https:\/\/iggnita.com\/en\/urun\/endustriyel-buji-mwm-tcg-2032-serisi-gaz-motorlari-icin-12285295\/#primaryimage\"},\"image\":{\"@id\":\"https:\/\/iggnita.com\/en\/urun\/endustriyel-buji-mwm-tcg-2032-serisi-gaz-motorlari-icin-12285295\/#primaryimage\"},\"thumbnailUrl\":\"https:\/\/iggnita.com\/en\/wp-content\/uploads\/2021\/03\/MWM-TCG-2032-scaled.jpg\",\"datePublished\":\"2021-03-08T15:10:00+00:00\",\"dateModified\":\"2024-10-09T13:43:26+00:00\",\"breadcrumb\":{\"@id\":\"https:\/\/iggnita.com\/en\/urun\/endustriyel-buji-mwm-tcg-2032-serisi-gaz-motorlari-icin-12285295\/#breadcrumb\"},\"inLanguage\":\"en-US\",\"potentialAction\":[{\"@type\":\"ReadAction\",\"target\":[\"https:\/\/iggnita.com\/en\/urun\/endustriyel-buji-mwm-tcg-2032-serisi-gaz-motorlari-icin-12285295\/\"]}]},{\"@type\":\"ImageObject\",\"inLanguage\":\"en-US\",\"@id\":\"https:\/\/iggnita.com\/en\/urun\/endustriyel-buji-mwm-tcg-2032-serisi-gaz-motorlari-icin-12285295\/#primaryimage\",\"url\":\"https:\/\/iggnita.com\/en\/wp-content\/uploads\/2021\/03\/MWM-TCG-2032-scaled.jpg\",\"contentUrl\":\"https:\/\/iggnita.com\/en\/wp-content\/uploads\/2021\/03\/MWM-TCG-2032-scaled.jpg\",\"width\":2560,\"height\":2560},{\"@type\":\"BreadcrumbList\",\"@id\":\"https:\/\/iggnita.com\/en\/urun\/endustriyel-buji-mwm-tcg-2032-serisi-gaz-motorlari-icin-12285295\/#breadcrumb\",\"itemListElement\":[{\"@type\":\"ListItem\",\"position\":1,\"name\":\"Anasayfa\",\"item\":\"https:\/\/iggnita.com\/en\/\"},{\"@type\":\"ListItem\",\"position\":2,\"name\":\"Shop\",\"item\":\"https:\/\/iggnita.com\/en\/iggnitashop\/\"},{\"@type\":\"ListItem\",\"position\":3,\"name\":\"Industrial Spark Plug MWM TCG 2032 Series 12285295 For Gas Engines\"}]},{\"@type\":\"WebSite\",\"@id\":\"https:\/\/iggnita.com\/en\/#website\",\"url\":\"https:\/\/iggnita.com\/en\/\",\"name\":\"iggnita\",\"description\":\"Gaz Motoru Yedek Par\u00e7alar\u0131\",\"publisher\":{\"@id\":\"https:\/\/iggnita.com\/en\/#organization\"},\"potentialAction\":[{\"@type\":\"SearchAction\",\"target\":{\"@type\":\"EntryPoint\",\"urlTemplate\":\"https:\/\/iggnita.com\/en\/?s={search_term_string}\"},\"query-input\":{\"@type\":\"PropertyValueSpecification\",\"valueRequired\":true,\"valueName\":\"search_term_string\"}}],\"inLanguage\":\"en-US\"},{\"@type\":\"Organization\",\"@id\":\"https:\/\/iggnita.com\/en\/#organization\",\"name\":\"\u0130GGN\u0130TA MAK\u0130NA SANAY\u0130 VE T\u0130CARET\",\"url\":\"https:\/\/iggnita.com\/en\/\",\"logo\":{\"@type\":\"ImageObject\",\"inLanguage\":\"en-US\",\"@id\":\"https:\/\/iggnita.com\/en\/#\/schema\/logo\/image\/\",\"url\":\"https:\/\/iggnita.com\/en\/wp-content\/uploads\/2020\/12\/cropped-cropped-iggnita-logokkk.png\",\"contentUrl\":\"https:\/\/iggnita.com\/en\/wp-content\/uploads\/2020\/12\/cropped-cropped-iggnita-logokkk.png\",\"width\":330,\"height\":110,\"caption\":\"\u0130GGN\u0130TA MAK\u0130NA SANAY\u0130 VE T\u0130CARET\"},\"image\":{\"@id\":\"https:\/\/iggnita.com\/en\/#\/schema\/logo\/image\/\"},\"sameAs\":[\"https:\/\/www.facebook.com\/iggnita\",\"https:\/\/x.com\/iggnita\",\"https:\/\/www.instagram.com\/iggnita\/\",\"https:\/\/www.linkedin.com\/company\/70903335\/admin\/\",\"https:\/\/www.youtube.com\/channel\/UC0vF0xKibV2BYvXQi7kWb5w\"]}]}<\/script>\n<!-- \/ Yoast SEO plugin. -->","yoast_head_json":{"title":"Industrial Spark Plug MWM TCG 2032 Series 12285295 For Gas Engines - iggnita","robots":{"index":"index","follow":"follow","max-snippet":"max-snippet:-1","max-image-preview":"max-image-preview:large","max-video-preview":"max-video-preview:-1"},"canonical":"https:\/\/iggnita.com\/en\/urun\/endustriyel-buji-mwm-tcg-2032-serisi-gaz-motorlari-icin-12285295\/","og_locale":"en_US","og_type":"article","og_title":"Industrial Spark Plug MWM TCG 2032 Series 12285295 For Gas Engines - iggnita","og_description":"MWM TCG 2032 - CAT CG 260  Our Iggnita Istanbul Warehouse Delivery Price:  (Please sign up for special prices)","og_url":"https:\/\/iggnita.com\/en\/urun\/endustriyel-buji-mwm-tcg-2032-serisi-gaz-motorlari-icin-12285295\/","og_site_name":"iggnita","article_publisher":"https:\/\/www.facebook.com\/iggnita","article_modified_time":"2024-10-09T13:43:26+00:00","og_image":[{"width":2560,"height":2560,"url":"https:\/\/iggnita.com\/en\/wp-content\/uploads\/2021\/03\/MWM-TCG-2032-scaled.jpg","type":"image\/jpeg"}],"twitter_card":"summary_large_image","twitter_site":"@iggnita","twitter_misc":{"Est. reading time":"1 minute"},"schema":{"@context":"https:\/\/schema.org","@graph":[{"@type":"WebPage","@id":"https:\/\/iggnita.com\/en\/urun\/endustriyel-buji-mwm-tcg-2032-serisi-gaz-motorlari-icin-12285295\/","url":"https:\/\/iggnita.com\/en\/urun\/endustriyel-buji-mwm-tcg-2032-serisi-gaz-motorlari-icin-12285295\/","name":"Industrial Spark Plug MWM TCG 2032 Series 12285295 For Gas Engines - iggnita","isPartOf":{"@id":"https:\/\/iggnita.com\/en\/#website"},"primaryImageOfPage":{"@id":"https:\/\/iggnita.com\/en\/urun\/endustriyel-buji-mwm-tcg-2032-serisi-gaz-motorlari-icin-12285295\/#primaryimage"},"image":{"@id":"https:\/\/iggnita.com\/en\/urun\/endustriyel-buji-mwm-tcg-2032-serisi-gaz-motorlari-icin-12285295\/#primaryimage"},"thumbnailUrl":"https:\/\/iggnita.com\/en\/wp-content\/uploads\/2021\/03\/MWM-TCG-2032-scaled.jpg","datePublished":"2021-03-08T15:10:00+00:00","dateModified":"2024-10-09T13:43:26+00:00","breadcrumb":{"@id":"https:\/\/iggnita.com\/en\/urun\/endustriyel-buji-mwm-tcg-2032-serisi-gaz-motorlari-icin-12285295\/#breadcrumb"},"inLanguage":"en-US","potentialAction":[{"@type":"ReadAction","target":["https:\/\/iggnita.com\/en\/urun\/endustriyel-buji-mwm-tcg-2032-serisi-gaz-motorlari-icin-12285295\/"]}]},{"@type":"ImageObject","inLanguage":"en-US","@id":"https:\/\/iggnita.com\/en\/urun\/endustriyel-buji-mwm-tcg-2032-serisi-gaz-motorlari-icin-12285295\/#primaryimage","url":"https:\/\/iggnita.com\/en\/wp-content\/uploads\/2021\/03\/MWM-TCG-2032-scaled.jpg","contentUrl":"https:\/\/iggnita.com\/en\/wp-content\/uploads\/2021\/03\/MWM-TCG-2032-scaled.jpg","width":2560,"height":2560},{"@type":"BreadcrumbList","@id":"https:\/\/iggnita.com\/en\/urun\/endustriyel-buji-mwm-tcg-2032-serisi-gaz-motorlari-icin-12285295\/#breadcrumb","itemListElement":[{"@type":"ListItem","position":1,"name":"Anasayfa","item":"https:\/\/iggnita.com\/en\/"},{"@type":"ListItem","position":2,"name":"Shop","item":"https:\/\/iggnita.com\/en\/iggnitashop\/"},{"@type":"ListItem","position":3,"name":"Industrial Spark Plug MWM TCG 2032 Series 12285295 For Gas Engines"}]},{"@type":"WebSite","@id":"https:\/\/iggnita.com\/en\/#website","url":"https:\/\/iggnita.com\/en\/","name":"iggnita","description":"Gaz Motoru Yedek Par\u00e7alar\u0131","publisher":{"@id":"https:\/\/iggnita.com\/en\/#organization"},"potentialAction":[{"@type":"SearchAction","target":{"@type":"EntryPoint","urlTemplate":"https:\/\/iggnita.com\/en\/?s={search_term_string}"},"query-input":{"@type":"PropertyValueSpecification","valueRequired":true,"valueName":"search_term_string"}}],"inLanguage":"en-US"},{"@type":"Organization","@id":"https:\/\/iggnita.com\/en\/#organization","name":"\u0130GGN\u0130TA MAK\u0130NA SANAY\u0130 VE T\u0130CARET","url":"https:\/\/iggnita.com\/en\/","logo":{"@type":"ImageObject","inLanguage":"en-US","@id":"https:\/\/iggnita.com\/en\/#\/schema\/logo\/image\/","url":"https:\/\/iggnita.com\/en\/wp-content\/uploads\/2020\/12\/cropped-cropped-iggnita-logokkk.png","contentUrl":"https:\/\/iggnita.com\/en\/wp-content\/uploads\/2020\/12\/cropped-cropped-iggnita-logokkk.png","width":330,"height":110,"caption":"\u0130GGN\u0130TA MAK\u0130NA SANAY\u0130 VE T\u0130CARET"},"image":{"@id":"https:\/\/iggnita.com\/en\/#\/schema\/logo\/image\/"},"sameAs":["https:\/\/www.facebook.com\/iggnita","https:\/\/x.com\/iggnita","https:\/\/www.instagram.com\/iggnita\/","https:\/\/www.linkedin.com\/company\/70903335\/admin\/","https:\/\/www.youtube.com\/channel\/UC0vF0xKibV2BYvXQi7kWb5w"]}]}},"_links":{"self":[{"href":"https:\/\/iggnita.com\/en\/wp-json\/wp\/v2\/product\/11230","targetHints":{"allow":["GET"]}}],"collection":[{"href":"https:\/\/iggnita.com\/en\/wp-json\/wp\/v2\/product"}],"about":[{"href":"https:\/\/iggnita.com\/en\/wp-json\/wp\/v2\/types\/product"}],"wp:featuredmedia":[{"embeddable":true,"href":"https:\/\/iggnita.com\/en\/wp-json\/wp\/v2\/media\/14853"}],"wp:attachment":[{"href":"https:\/\/iggnita.com\/en\/wp-json\/wp\/v2\/media?parent=11230"}],"wp:term":[{"taxonomy":"product_brand","embeddable":true,"href":"https:\/\/iggnita.com\/en\/wp-json\/wp\/v2\/product_brand?post=11230"},{"taxonomy":"product_cat","embeddable":true,"href":"https:\/\/iggnita.com\/en\/wp-json\/wp\/v2\/product_cat?post=11230"},{"taxonomy":"product_tag","embeddable":true,"href":"https:\/\/iggnita.com\/en\/wp-json\/wp\/v2\/product_tag?post=11230"}],"curies":[{"name":"wp","href":"https:\/\/api.w.org\/{rel}","templated":true}]}}