{"id":12026,"date":"2021-06-09T12:03:53","date_gmt":"2021-06-09T12:03:53","guid":{"rendered":"https:\/\/iggnita.com\/en\/?post_type=product&#038;p=12026"},"modified":"2024-10-09T12:06:53","modified_gmt":"2024-10-09T12:06:53","slug":"denso-gk-3-1-buji-gaz-motorlari-ve-cng-ile-calisan-otobusler-icin","status":"publish","type":"product","link":"https:\/\/iggnita.com\/en\/urun\/denso-gk-3-1-buji-gaz-motorlari-ve-cng-ile-calisan-otobusler-icin\/","title":{"rendered":"DENSO GK 3-1 Spark Plug &#8211; For Gas Engines and CNG Powered Buses"},"content":{"rendered":"<p>DENSO GK 3-1 Spark Plug &#8211; For Gas Engines and CNG Powered Buses<\/p>\n<p>Original DENSO GK3-1 industrial spark plug for various engines.<\/p>\n<p>IRIDIUM SAVER, IRIDIUM SAVER DDI and IRIDIUM SAVER PERFORMER provide high efficiency for Denso industrial spark plugs.<\/p>\n<p>Suitable for use in a variety of cogeneration applications powered by a MAN engine.<\/p>\n<p>DENSO Iridium Saver spark plugs offer high performance, long life and reliability even in systems operating with lean mixture.<\/p>\n<p>With Denso Quality<\/p>\n<p>DENSO GK 3-1 Spark Plug for Industrial Gas Engines<\/p>\n<p>For CNG Powered Buses<\/p>\n<p>DENSO GK31 \/ GK 3-1 \/ GK 31 \/ GK3-1 \/ GK3-1A \/ GK 3-1A<\/p>\n<p><strong>Engines Used:<\/strong><\/p>\n<p>MAN:<\/p>\n<p>E2876 E302 + E312 + TE302 + LE302<\/p>\n<p>E2848 LE322 + E312<\/p>\n<p>E2842 LE322<\/p>\n<p>E0834 E302 + E312 + LE302,<\/p>\n<p>E0836 E302 + E312 + LE202,<\/p>\n<p>CUMMINS: 6B, 6C, L-10, ISL G<\/p>\n<p>DAE WOO: GV222TIC, GE08TIC, GE12TIC, GV180TIC, GV158TIC<\/p>\n<p>HERCULES: G4800, GTA4800<\/p>\n<p>JOHN DEERE: 6076AFN30 (150, 200 HP), 6081HFN, 6090HFN<\/p>\n<p>LIEBHERR: G9408TC, G9408TC40<\/p>\n<p>SACM: Model UD30 Thru 1994, Model 175 1996 &amp; up<\/p>\n<p>WARTSILA: Model 175 (1994-), W220SG<\/p>\n<p><strong>Cross References:<\/strong><\/p>\n<p>BERU 14FR-4DIU<\/p>\n<p>14 FR-4 DIU &#8211; Z 212 \/ 14FR-4DIU-Z212<\/p>\n<p>DENSO:<\/p>\n<p>GK3-1 \/ K3-3 (OEM-Version GK3-1) GK3-5<\/p>\n<p>Champion:<\/p>\n<p>RC78PYP \/ RC78PYP15 \/ RC78PYP17<\/p>\n<p>RC78PYP21 \/ RC78PYP25<\/p>\n<p>Champion Premium:<\/p>\n<p>RC78WP \/ RC78WYP11 \/ RC78WP15<\/p>\n<p>CAT:<\/p>\n<p>104-3170<\/p>\n","protected":false},"excerpt":{"rendered":"<p>Industrial Spark Plug DENSO GK 3-1<\/p>\n<p>Our Iggnita Istanbul Warehouse Delivery Price:<\/p>\n<p>(Please sign up for special prices)<\/p>\n","protected":false},"featured_media":18164,"template":"","meta":[],"product_brand":[],"product_cat":[115],"product_tag":[478,634,631,632,633],"class_list":{"0":"post-12026","1":"product","2":"type-product","3":"status-publish","4":"has-post-thumbnail","6":"product_cat-bujiler","7":"product_tag-buji","8":"product_tag-cng-otobus-buji","9":"product_tag-denso-buji","10":"product_tag-denso-gk3-1","11":"product_tag-gk3-1","12":"pa_parca-markasi-denso","13":"pa_urun-tipi-parca","14":"","16":"first","17":"instock","18":"taxable","19":"shipping-taxable","20":"product-type-simple"},"yoast_head":"<!-- This site is optimized with the Yoast SEO plugin v25.3 - https:\/\/yoast.com\/wordpress\/plugins\/seo\/ -->\n<title>DENSO GK 3-1 Spark Plug - For Gas Engines and CNG Powered Buses - iggnita<\/title>\n<meta name=\"robots\" content=\"index, follow, max-snippet:-1, max-image-preview:large, max-video-preview:-1\" \/>\n<link rel=\"canonical\" href=\"https:\/\/iggnita.com\/en\/urun\/denso-gk-3-1-buji-gaz-motorlari-ve-cng-ile-calisan-otobusler-icin\/\" \/>\n<meta property=\"og:locale\" content=\"en_US\" \/>\n<meta property=\"og:type\" content=\"article\" \/>\n<meta property=\"og:title\" content=\"DENSO GK 3-1 Spark Plug - For Gas Engines and CNG Powered Buses - iggnita\" \/>\n<meta property=\"og:description\" content=\"Industrial Spark Plug DENSO GK 3-1  Our Iggnita Istanbul Warehouse Delivery Price:  (Please sign up for special prices)\" \/>\n<meta property=\"og:url\" content=\"https:\/\/iggnita.com\/en\/urun\/denso-gk-3-1-buji-gaz-motorlari-ve-cng-ile-calisan-otobusler-icin\/\" \/>\n<meta property=\"og:site_name\" content=\"iggnita\" \/>\n<meta property=\"article:publisher\" content=\"https:\/\/www.facebook.com\/iggnita\" \/>\n<meta property=\"article:modified_time\" content=\"2024-10-09T12:06:53+00:00\" \/>\n<meta property=\"og:image\" content=\"https:\/\/iggnita.com\/en\/wp-content\/uploads\/2021\/06\/Denso-GK-3-1-1.jpg\" \/>\n\t<meta property=\"og:image:width\" content=\"1000\" \/>\n\t<meta property=\"og:image:height\" content=\"1000\" \/>\n\t<meta property=\"og:image:type\" content=\"image\/jpeg\" \/>\n<meta name=\"twitter:card\" content=\"summary_large_image\" \/>\n<meta name=\"twitter:site\" content=\"@iggnita\" \/>\n<meta name=\"twitter:label1\" content=\"Est. reading time\" \/>\n\t<meta name=\"twitter:data1\" content=\"1 minute\" \/>\n<script type=\"application\/ld+json\" class=\"yoast-schema-graph\">{\"@context\":\"https:\/\/schema.org\",\"@graph\":[{\"@type\":\"WebPage\",\"@id\":\"https:\/\/iggnita.com\/en\/urun\/denso-gk-3-1-buji-gaz-motorlari-ve-cng-ile-calisan-otobusler-icin\/\",\"url\":\"https:\/\/iggnita.com\/en\/urun\/denso-gk-3-1-buji-gaz-motorlari-ve-cng-ile-calisan-otobusler-icin\/\",\"name\":\"DENSO GK 3-1 Spark Plug - For Gas Engines and CNG Powered Buses - iggnita\",\"isPartOf\":{\"@id\":\"https:\/\/iggnita.com\/en\/#website\"},\"primaryImageOfPage\":{\"@id\":\"https:\/\/iggnita.com\/en\/urun\/denso-gk-3-1-buji-gaz-motorlari-ve-cng-ile-calisan-otobusler-icin\/#primaryimage\"},\"image\":{\"@id\":\"https:\/\/iggnita.com\/en\/urun\/denso-gk-3-1-buji-gaz-motorlari-ve-cng-ile-calisan-otobusler-icin\/#primaryimage\"},\"thumbnailUrl\":\"https:\/\/iggnita.com\/en\/wp-content\/uploads\/2021\/06\/Denso-GK-3-1-1.jpg\",\"datePublished\":\"2021-06-09T12:03:53+00:00\",\"dateModified\":\"2024-10-09T12:06:53+00:00\",\"breadcrumb\":{\"@id\":\"https:\/\/iggnita.com\/en\/urun\/denso-gk-3-1-buji-gaz-motorlari-ve-cng-ile-calisan-otobusler-icin\/#breadcrumb\"},\"inLanguage\":\"en-US\",\"potentialAction\":[{\"@type\":\"ReadAction\",\"target\":[\"https:\/\/iggnita.com\/en\/urun\/denso-gk-3-1-buji-gaz-motorlari-ve-cng-ile-calisan-otobusler-icin\/\"]}]},{\"@type\":\"ImageObject\",\"inLanguage\":\"en-US\",\"@id\":\"https:\/\/iggnita.com\/en\/urun\/denso-gk-3-1-buji-gaz-motorlari-ve-cng-ile-calisan-otobusler-icin\/#primaryimage\",\"url\":\"https:\/\/iggnita.com\/en\/wp-content\/uploads\/2021\/06\/Denso-GK-3-1-1.jpg\",\"contentUrl\":\"https:\/\/iggnita.com\/en\/wp-content\/uploads\/2021\/06\/Denso-GK-3-1-1.jpg\",\"width\":1000,\"height\":1000},{\"@type\":\"BreadcrumbList\",\"@id\":\"https:\/\/iggnita.com\/en\/urun\/denso-gk-3-1-buji-gaz-motorlari-ve-cng-ile-calisan-otobusler-icin\/#breadcrumb\",\"itemListElement\":[{\"@type\":\"ListItem\",\"position\":1,\"name\":\"Anasayfa\",\"item\":\"https:\/\/iggnita.com\/en\/\"},{\"@type\":\"ListItem\",\"position\":2,\"name\":\"Shop\",\"item\":\"https:\/\/iggnita.com\/en\/iggnitashop\/\"},{\"@type\":\"ListItem\",\"position\":3,\"name\":\"DENSO GK 3-1 Spark Plug &#8211; For Gas Engines and CNG Powered Buses\"}]},{\"@type\":\"WebSite\",\"@id\":\"https:\/\/iggnita.com\/en\/#website\",\"url\":\"https:\/\/iggnita.com\/en\/\",\"name\":\"iggnita\",\"description\":\"Gaz Motoru Yedek Par\u00e7alar\u0131\",\"publisher\":{\"@id\":\"https:\/\/iggnita.com\/en\/#organization\"},\"potentialAction\":[{\"@type\":\"SearchAction\",\"target\":{\"@type\":\"EntryPoint\",\"urlTemplate\":\"https:\/\/iggnita.com\/en\/?s={search_term_string}\"},\"query-input\":{\"@type\":\"PropertyValueSpecification\",\"valueRequired\":true,\"valueName\":\"search_term_string\"}}],\"inLanguage\":\"en-US\"},{\"@type\":\"Organization\",\"@id\":\"https:\/\/iggnita.com\/en\/#organization\",\"name\":\"\u0130GGN\u0130TA MAK\u0130NA SANAY\u0130 VE T\u0130CARET\",\"url\":\"https:\/\/iggnita.com\/en\/\",\"logo\":{\"@type\":\"ImageObject\",\"inLanguage\":\"en-US\",\"@id\":\"https:\/\/iggnita.com\/en\/#\/schema\/logo\/image\/\",\"url\":\"https:\/\/iggnita.com\/en\/wp-content\/uploads\/2020\/12\/cropped-cropped-iggnita-logokkk.png\",\"contentUrl\":\"https:\/\/iggnita.com\/en\/wp-content\/uploads\/2020\/12\/cropped-cropped-iggnita-logokkk.png\",\"width\":330,\"height\":110,\"caption\":\"\u0130GGN\u0130TA MAK\u0130NA SANAY\u0130 VE T\u0130CARET\"},\"image\":{\"@id\":\"https:\/\/iggnita.com\/en\/#\/schema\/logo\/image\/\"},\"sameAs\":[\"https:\/\/www.facebook.com\/iggnita\",\"https:\/\/x.com\/iggnita\",\"https:\/\/www.instagram.com\/iggnita\/\",\"https:\/\/www.linkedin.com\/company\/70903335\/admin\/\",\"https:\/\/www.youtube.com\/channel\/UC0vF0xKibV2BYvXQi7kWb5w\"]}]}<\/script>\n<!-- \/ Yoast SEO plugin. -->","yoast_head_json":{"title":"DENSO GK 3-1 Spark Plug - For Gas Engines and CNG Powered Buses - iggnita","robots":{"index":"index","follow":"follow","max-snippet":"max-snippet:-1","max-image-preview":"max-image-preview:large","max-video-preview":"max-video-preview:-1"},"canonical":"https:\/\/iggnita.com\/en\/urun\/denso-gk-3-1-buji-gaz-motorlari-ve-cng-ile-calisan-otobusler-icin\/","og_locale":"en_US","og_type":"article","og_title":"DENSO GK 3-1 Spark Plug - For Gas Engines and CNG Powered Buses - iggnita","og_description":"Industrial Spark Plug DENSO GK 3-1  Our Iggnita Istanbul Warehouse Delivery Price:  (Please sign up for special prices)","og_url":"https:\/\/iggnita.com\/en\/urun\/denso-gk-3-1-buji-gaz-motorlari-ve-cng-ile-calisan-otobusler-icin\/","og_site_name":"iggnita","article_publisher":"https:\/\/www.facebook.com\/iggnita","article_modified_time":"2024-10-09T12:06:53+00:00","og_image":[{"width":1000,"height":1000,"url":"https:\/\/iggnita.com\/en\/wp-content\/uploads\/2021\/06\/Denso-GK-3-1-1.jpg","type":"image\/jpeg"}],"twitter_card":"summary_large_image","twitter_site":"@iggnita","twitter_misc":{"Est. reading time":"1 minute"},"schema":{"@context":"https:\/\/schema.org","@graph":[{"@type":"WebPage","@id":"https:\/\/iggnita.com\/en\/urun\/denso-gk-3-1-buji-gaz-motorlari-ve-cng-ile-calisan-otobusler-icin\/","url":"https:\/\/iggnita.com\/en\/urun\/denso-gk-3-1-buji-gaz-motorlari-ve-cng-ile-calisan-otobusler-icin\/","name":"DENSO GK 3-1 Spark Plug - For Gas Engines and CNG Powered Buses - iggnita","isPartOf":{"@id":"https:\/\/iggnita.com\/en\/#website"},"primaryImageOfPage":{"@id":"https:\/\/iggnita.com\/en\/urun\/denso-gk-3-1-buji-gaz-motorlari-ve-cng-ile-calisan-otobusler-icin\/#primaryimage"},"image":{"@id":"https:\/\/iggnita.com\/en\/urun\/denso-gk-3-1-buji-gaz-motorlari-ve-cng-ile-calisan-otobusler-icin\/#primaryimage"},"thumbnailUrl":"https:\/\/iggnita.com\/en\/wp-content\/uploads\/2021\/06\/Denso-GK-3-1-1.jpg","datePublished":"2021-06-09T12:03:53+00:00","dateModified":"2024-10-09T12:06:53+00:00","breadcrumb":{"@id":"https:\/\/iggnita.com\/en\/urun\/denso-gk-3-1-buji-gaz-motorlari-ve-cng-ile-calisan-otobusler-icin\/#breadcrumb"},"inLanguage":"en-US","potentialAction":[{"@type":"ReadAction","target":["https:\/\/iggnita.com\/en\/urun\/denso-gk-3-1-buji-gaz-motorlari-ve-cng-ile-calisan-otobusler-icin\/"]}]},{"@type":"ImageObject","inLanguage":"en-US","@id":"https:\/\/iggnita.com\/en\/urun\/denso-gk-3-1-buji-gaz-motorlari-ve-cng-ile-calisan-otobusler-icin\/#primaryimage","url":"https:\/\/iggnita.com\/en\/wp-content\/uploads\/2021\/06\/Denso-GK-3-1-1.jpg","contentUrl":"https:\/\/iggnita.com\/en\/wp-content\/uploads\/2021\/06\/Denso-GK-3-1-1.jpg","width":1000,"height":1000},{"@type":"BreadcrumbList","@id":"https:\/\/iggnita.com\/en\/urun\/denso-gk-3-1-buji-gaz-motorlari-ve-cng-ile-calisan-otobusler-icin\/#breadcrumb","itemListElement":[{"@type":"ListItem","position":1,"name":"Anasayfa","item":"https:\/\/iggnita.com\/en\/"},{"@type":"ListItem","position":2,"name":"Shop","item":"https:\/\/iggnita.com\/en\/iggnitashop\/"},{"@type":"ListItem","position":3,"name":"DENSO GK 3-1 Spark Plug &#8211; For Gas Engines and CNG Powered Buses"}]},{"@type":"WebSite","@id":"https:\/\/iggnita.com\/en\/#website","url":"https:\/\/iggnita.com\/en\/","name":"iggnita","description":"Gaz Motoru Yedek Par\u00e7alar\u0131","publisher":{"@id":"https:\/\/iggnita.com\/en\/#organization"},"potentialAction":[{"@type":"SearchAction","target":{"@type":"EntryPoint","urlTemplate":"https:\/\/iggnita.com\/en\/?s={search_term_string}"},"query-input":{"@type":"PropertyValueSpecification","valueRequired":true,"valueName":"search_term_string"}}],"inLanguage":"en-US"},{"@type":"Organization","@id":"https:\/\/iggnita.com\/en\/#organization","name":"\u0130GGN\u0130TA MAK\u0130NA SANAY\u0130 VE T\u0130CARET","url":"https:\/\/iggnita.com\/en\/","logo":{"@type":"ImageObject","inLanguage":"en-US","@id":"https:\/\/iggnita.com\/en\/#\/schema\/logo\/image\/","url":"https:\/\/iggnita.com\/en\/wp-content\/uploads\/2020\/12\/cropped-cropped-iggnita-logokkk.png","contentUrl":"https:\/\/iggnita.com\/en\/wp-content\/uploads\/2020\/12\/cropped-cropped-iggnita-logokkk.png","width":330,"height":110,"caption":"\u0130GGN\u0130TA MAK\u0130NA SANAY\u0130 VE T\u0130CARET"},"image":{"@id":"https:\/\/iggnita.com\/en\/#\/schema\/logo\/image\/"},"sameAs":["https:\/\/www.facebook.com\/iggnita","https:\/\/x.com\/iggnita","https:\/\/www.instagram.com\/iggnita\/","https:\/\/www.linkedin.com\/company\/70903335\/admin\/","https:\/\/www.youtube.com\/channel\/UC0vF0xKibV2BYvXQi7kWb5w"]}]}},"_links":{"self":[{"href":"https:\/\/iggnita.com\/en\/wp-json\/wp\/v2\/product\/12026","targetHints":{"allow":["GET"]}}],"collection":[{"href":"https:\/\/iggnita.com\/en\/wp-json\/wp\/v2\/product"}],"about":[{"href":"https:\/\/iggnita.com\/en\/wp-json\/wp\/v2\/types\/product"}],"wp:featuredmedia":[{"embeddable":true,"href":"https:\/\/iggnita.com\/en\/wp-json\/wp\/v2\/media\/18164"}],"wp:attachment":[{"href":"https:\/\/iggnita.com\/en\/wp-json\/wp\/v2\/media?parent=12026"}],"wp:term":[{"taxonomy":"product_brand","embeddable":true,"href":"https:\/\/iggnita.com\/en\/wp-json\/wp\/v2\/product_brand?post=12026"},{"taxonomy":"product_cat","embeddable":true,"href":"https:\/\/iggnita.com\/en\/wp-json\/wp\/v2\/product_cat?post=12026"},{"taxonomy":"product_tag","embeddable":true,"href":"https:\/\/iggnita.com\/en\/wp-json\/wp\/v2\/product_tag?post=12026"}],"curies":[{"name":"wp","href":"https:\/\/api.w.org\/{rel}","templated":true}]}}