{"id":15119,"date":"2021-11-15T16:04:41","date_gmt":"2021-11-15T16:04:41","guid":{"rendered":"https:\/\/iggnita.com\/en\/?post_type=product&#038;p=15119"},"modified":"2024-10-09T13:42:28","modified_gmt":"2024-10-09T13:42:28","slug":"buji-kablosu-polymot-spark-plug-lead-motortech-06-85-486-12","status":"publish","type":"product","link":"https:\/\/iggnita.com\/en\/urun\/buji-kablosu-polymot-spark-plug-lead-motortech-06-85-486-12\/","title":{"rendered":"Spark Plug Cable &#8211; PolyMot Spark Plug Lead Motortech 06.85.486-12"},"content":{"rendered":"<p>Spare Parts for Industrial Gas Engines Jenbacher 464366<\/p>\n<p>Teflon ignition cable; Teflon Spark plug connector;<\/p>\n<p>PolyMot spark plug lead Motortech 06.85.486-12 \/ 068548612<\/p>\n<p>for Jenbacher engines type 3<\/p>\n<p>References:<\/p>\n<p>Jenbacher<\/p>\n<p>464366 \/ 464-366 \/ 464 366<\/p>\n","protected":false},"excerpt":{"rendered":"<p>Spark Plug Cable &#8211; PolyMot Spark Plug Lead Motortech 06.85.486-12<\/p>\n<p>Our Iggnita Istanbul Warehouse Delivery Price:<\/p>\n<p>(Please sign up for special prices)<\/p>\n","protected":false},"featured_media":15120,"template":"","meta":[],"product_brand":[],"product_cat":[111],"product_tag":[488,721],"class_list":{"0":"post-15119","1":"product","2":"type-product","3":"status-publish","4":"has-post-thumbnail","6":"product_cat-buji-kablolari","7":"product_tag-motortech","8":"product_tag-polymot","9":"pa_motor-modelleri-j-312","10":"pa_motor-modelleri-j-316","11":"pa_motor-modelleri-j-320","12":"pa_motor-modelleri-jenbacher","13":"pa_motor-modelleri-jenbacher-3-serisi","14":"pa_orijinal-oem-alternatif-alternatif","15":"pa_parca-markasi-motortech","16":"pa_urun-tipi-parca","17":"","19":"first","20":"instock","21":"taxable","22":"shipping-taxable","23":"product-type-simple"},"yoast_head":"<!-- This site is optimized with the Yoast SEO plugin v25.3 - https:\/\/yoast.com\/wordpress\/plugins\/seo\/ -->\n<title>Spark Plug Cable - PolyMot Spark Plug Lead Motortech 06.85.486-12 - iggnita<\/title>\n<meta name=\"robots\" content=\"index, follow, max-snippet:-1, max-image-preview:large, max-video-preview:-1\" \/>\n<link rel=\"canonical\" href=\"https:\/\/iggnita.com\/en\/urun\/buji-kablosu-polymot-spark-plug-lead-motortech-06-85-486-12\/\" \/>\n<meta property=\"og:locale\" content=\"en_US\" \/>\n<meta property=\"og:type\" content=\"article\" \/>\n<meta property=\"og:title\" content=\"Spark Plug Cable - PolyMot Spark Plug Lead Motortech 06.85.486-12 - iggnita\" \/>\n<meta property=\"og:description\" content=\"Spark Plug Cable - PolyMot Spark Plug Lead Motortech 06.85.486-12 Our Iggnita Istanbul Warehouse Delivery Price: (Please sign up for special prices)\" \/>\n<meta property=\"og:url\" content=\"https:\/\/iggnita.com\/en\/urun\/buji-kablosu-polymot-spark-plug-lead-motortech-06-85-486-12\/\" \/>\n<meta property=\"og:site_name\" content=\"iggnita\" \/>\n<meta property=\"article:publisher\" content=\"https:\/\/www.facebook.com\/iggnita\" \/>\n<meta property=\"article:modified_time\" content=\"2024-10-09T13:42:28+00:00\" \/>\n<meta property=\"og:image\" content=\"https:\/\/iggnita.com\/en\/wp-content\/uploads\/2021\/11\/Buji-Kablosu-scaled.jpg\" \/>\n\t<meta property=\"og:image:width\" content=\"2560\" \/>\n\t<meta property=\"og:image:height\" content=\"2560\" \/>\n\t<meta property=\"og:image:type\" content=\"image\/jpeg\" \/>\n<meta name=\"twitter:card\" content=\"summary_large_image\" \/>\n<meta name=\"twitter:site\" content=\"@iggnita\" \/>\n<meta name=\"twitter:label1\" content=\"Est. reading time\" \/>\n\t<meta name=\"twitter:data1\" content=\"1 minute\" \/>\n<script type=\"application\/ld+json\" class=\"yoast-schema-graph\">{\"@context\":\"https:\/\/schema.org\",\"@graph\":[{\"@type\":\"WebPage\",\"@id\":\"https:\/\/iggnita.com\/en\/urun\/buji-kablosu-polymot-spark-plug-lead-motortech-06-85-486-12\/\",\"url\":\"https:\/\/iggnita.com\/en\/urun\/buji-kablosu-polymot-spark-plug-lead-motortech-06-85-486-12\/\",\"name\":\"Spark Plug Cable - PolyMot Spark Plug Lead Motortech 06.85.486-12 - iggnita\",\"isPartOf\":{\"@id\":\"https:\/\/iggnita.com\/en\/#website\"},\"primaryImageOfPage\":{\"@id\":\"https:\/\/iggnita.com\/en\/urun\/buji-kablosu-polymot-spark-plug-lead-motortech-06-85-486-12\/#primaryimage\"},\"image\":{\"@id\":\"https:\/\/iggnita.com\/en\/urun\/buji-kablosu-polymot-spark-plug-lead-motortech-06-85-486-12\/#primaryimage\"},\"thumbnailUrl\":\"https:\/\/iggnita.com\/en\/wp-content\/uploads\/2021\/11\/Buji-Kablosu-scaled.jpg\",\"datePublished\":\"2021-11-15T16:04:41+00:00\",\"dateModified\":\"2024-10-09T13:42:28+00:00\",\"breadcrumb\":{\"@id\":\"https:\/\/iggnita.com\/en\/urun\/buji-kablosu-polymot-spark-plug-lead-motortech-06-85-486-12\/#breadcrumb\"},\"inLanguage\":\"en-US\",\"potentialAction\":[{\"@type\":\"ReadAction\",\"target\":[\"https:\/\/iggnita.com\/en\/urun\/buji-kablosu-polymot-spark-plug-lead-motortech-06-85-486-12\/\"]}]},{\"@type\":\"ImageObject\",\"inLanguage\":\"en-US\",\"@id\":\"https:\/\/iggnita.com\/en\/urun\/buji-kablosu-polymot-spark-plug-lead-motortech-06-85-486-12\/#primaryimage\",\"url\":\"https:\/\/iggnita.com\/en\/wp-content\/uploads\/2021\/11\/Buji-Kablosu-scaled.jpg\",\"contentUrl\":\"https:\/\/iggnita.com\/en\/wp-content\/uploads\/2021\/11\/Buji-Kablosu-scaled.jpg\",\"width\":2560,\"height\":2560},{\"@type\":\"BreadcrumbList\",\"@id\":\"https:\/\/iggnita.com\/en\/urun\/buji-kablosu-polymot-spark-plug-lead-motortech-06-85-486-12\/#breadcrumb\",\"itemListElement\":[{\"@type\":\"ListItem\",\"position\":1,\"name\":\"Anasayfa\",\"item\":\"https:\/\/iggnita.com\/en\/\"},{\"@type\":\"ListItem\",\"position\":2,\"name\":\"Shop\",\"item\":\"https:\/\/iggnita.com\/en\/iggnitashop\/\"},{\"@type\":\"ListItem\",\"position\":3,\"name\":\"Spark Plug Cable &#8211; PolyMot Spark Plug Lead Motortech 06.85.486-12\"}]},{\"@type\":\"WebSite\",\"@id\":\"https:\/\/iggnita.com\/en\/#website\",\"url\":\"https:\/\/iggnita.com\/en\/\",\"name\":\"iggnita\",\"description\":\"Gaz Motoru Yedek Par\u00e7alar\u0131\",\"publisher\":{\"@id\":\"https:\/\/iggnita.com\/en\/#organization\"},\"potentialAction\":[{\"@type\":\"SearchAction\",\"target\":{\"@type\":\"EntryPoint\",\"urlTemplate\":\"https:\/\/iggnita.com\/en\/?s={search_term_string}\"},\"query-input\":{\"@type\":\"PropertyValueSpecification\",\"valueRequired\":true,\"valueName\":\"search_term_string\"}}],\"inLanguage\":\"en-US\"},{\"@type\":\"Organization\",\"@id\":\"https:\/\/iggnita.com\/en\/#organization\",\"name\":\"\u0130GGN\u0130TA MAK\u0130NA SANAY\u0130 VE T\u0130CARET\",\"url\":\"https:\/\/iggnita.com\/en\/\",\"logo\":{\"@type\":\"ImageObject\",\"inLanguage\":\"en-US\",\"@id\":\"https:\/\/iggnita.com\/en\/#\/schema\/logo\/image\/\",\"url\":\"https:\/\/iggnita.com\/en\/wp-content\/uploads\/2020\/12\/cropped-cropped-iggnita-logokkk.png\",\"contentUrl\":\"https:\/\/iggnita.com\/en\/wp-content\/uploads\/2020\/12\/cropped-cropped-iggnita-logokkk.png\",\"width\":330,\"height\":110,\"caption\":\"\u0130GGN\u0130TA MAK\u0130NA SANAY\u0130 VE T\u0130CARET\"},\"image\":{\"@id\":\"https:\/\/iggnita.com\/en\/#\/schema\/logo\/image\/\"},\"sameAs\":[\"https:\/\/www.facebook.com\/iggnita\",\"https:\/\/x.com\/iggnita\",\"https:\/\/www.instagram.com\/iggnita\/\",\"https:\/\/www.linkedin.com\/company\/70903335\/admin\/\",\"https:\/\/www.youtube.com\/channel\/UC0vF0xKibV2BYvXQi7kWb5w\"]}]}<\/script>\n<!-- \/ Yoast SEO plugin. -->","yoast_head_json":{"title":"Spark Plug Cable - PolyMot Spark Plug Lead Motortech 06.85.486-12 - iggnita","robots":{"index":"index","follow":"follow","max-snippet":"max-snippet:-1","max-image-preview":"max-image-preview:large","max-video-preview":"max-video-preview:-1"},"canonical":"https:\/\/iggnita.com\/en\/urun\/buji-kablosu-polymot-spark-plug-lead-motortech-06-85-486-12\/","og_locale":"en_US","og_type":"article","og_title":"Spark Plug Cable - PolyMot Spark Plug Lead Motortech 06.85.486-12 - iggnita","og_description":"Spark Plug Cable - PolyMot Spark Plug Lead Motortech 06.85.486-12 Our Iggnita Istanbul Warehouse Delivery Price: (Please sign up for special prices)","og_url":"https:\/\/iggnita.com\/en\/urun\/buji-kablosu-polymot-spark-plug-lead-motortech-06-85-486-12\/","og_site_name":"iggnita","article_publisher":"https:\/\/www.facebook.com\/iggnita","article_modified_time":"2024-10-09T13:42:28+00:00","og_image":[{"width":2560,"height":2560,"url":"https:\/\/iggnita.com\/en\/wp-content\/uploads\/2021\/11\/Buji-Kablosu-scaled.jpg","type":"image\/jpeg"}],"twitter_card":"summary_large_image","twitter_site":"@iggnita","twitter_misc":{"Est. reading time":"1 minute"},"schema":{"@context":"https:\/\/schema.org","@graph":[{"@type":"WebPage","@id":"https:\/\/iggnita.com\/en\/urun\/buji-kablosu-polymot-spark-plug-lead-motortech-06-85-486-12\/","url":"https:\/\/iggnita.com\/en\/urun\/buji-kablosu-polymot-spark-plug-lead-motortech-06-85-486-12\/","name":"Spark Plug Cable - PolyMot Spark Plug Lead Motortech 06.85.486-12 - iggnita","isPartOf":{"@id":"https:\/\/iggnita.com\/en\/#website"},"primaryImageOfPage":{"@id":"https:\/\/iggnita.com\/en\/urun\/buji-kablosu-polymot-spark-plug-lead-motortech-06-85-486-12\/#primaryimage"},"image":{"@id":"https:\/\/iggnita.com\/en\/urun\/buji-kablosu-polymot-spark-plug-lead-motortech-06-85-486-12\/#primaryimage"},"thumbnailUrl":"https:\/\/iggnita.com\/en\/wp-content\/uploads\/2021\/11\/Buji-Kablosu-scaled.jpg","datePublished":"2021-11-15T16:04:41+00:00","dateModified":"2024-10-09T13:42:28+00:00","breadcrumb":{"@id":"https:\/\/iggnita.com\/en\/urun\/buji-kablosu-polymot-spark-plug-lead-motortech-06-85-486-12\/#breadcrumb"},"inLanguage":"en-US","potentialAction":[{"@type":"ReadAction","target":["https:\/\/iggnita.com\/en\/urun\/buji-kablosu-polymot-spark-plug-lead-motortech-06-85-486-12\/"]}]},{"@type":"ImageObject","inLanguage":"en-US","@id":"https:\/\/iggnita.com\/en\/urun\/buji-kablosu-polymot-spark-plug-lead-motortech-06-85-486-12\/#primaryimage","url":"https:\/\/iggnita.com\/en\/wp-content\/uploads\/2021\/11\/Buji-Kablosu-scaled.jpg","contentUrl":"https:\/\/iggnita.com\/en\/wp-content\/uploads\/2021\/11\/Buji-Kablosu-scaled.jpg","width":2560,"height":2560},{"@type":"BreadcrumbList","@id":"https:\/\/iggnita.com\/en\/urun\/buji-kablosu-polymot-spark-plug-lead-motortech-06-85-486-12\/#breadcrumb","itemListElement":[{"@type":"ListItem","position":1,"name":"Anasayfa","item":"https:\/\/iggnita.com\/en\/"},{"@type":"ListItem","position":2,"name":"Shop","item":"https:\/\/iggnita.com\/en\/iggnitashop\/"},{"@type":"ListItem","position":3,"name":"Spark Plug Cable &#8211; PolyMot Spark Plug Lead Motortech 06.85.486-12"}]},{"@type":"WebSite","@id":"https:\/\/iggnita.com\/en\/#website","url":"https:\/\/iggnita.com\/en\/","name":"iggnita","description":"Gaz Motoru Yedek Par\u00e7alar\u0131","publisher":{"@id":"https:\/\/iggnita.com\/en\/#organization"},"potentialAction":[{"@type":"SearchAction","target":{"@type":"EntryPoint","urlTemplate":"https:\/\/iggnita.com\/en\/?s={search_term_string}"},"query-input":{"@type":"PropertyValueSpecification","valueRequired":true,"valueName":"search_term_string"}}],"inLanguage":"en-US"},{"@type":"Organization","@id":"https:\/\/iggnita.com\/en\/#organization","name":"\u0130GGN\u0130TA MAK\u0130NA SANAY\u0130 VE T\u0130CARET","url":"https:\/\/iggnita.com\/en\/","logo":{"@type":"ImageObject","inLanguage":"en-US","@id":"https:\/\/iggnita.com\/en\/#\/schema\/logo\/image\/","url":"https:\/\/iggnita.com\/en\/wp-content\/uploads\/2020\/12\/cropped-cropped-iggnita-logokkk.png","contentUrl":"https:\/\/iggnita.com\/en\/wp-content\/uploads\/2020\/12\/cropped-cropped-iggnita-logokkk.png","width":330,"height":110,"caption":"\u0130GGN\u0130TA MAK\u0130NA SANAY\u0130 VE T\u0130CARET"},"image":{"@id":"https:\/\/iggnita.com\/en\/#\/schema\/logo\/image\/"},"sameAs":["https:\/\/www.facebook.com\/iggnita","https:\/\/x.com\/iggnita","https:\/\/www.instagram.com\/iggnita\/","https:\/\/www.linkedin.com\/company\/70903335\/admin\/","https:\/\/www.youtube.com\/channel\/UC0vF0xKibV2BYvXQi7kWb5w"]}]}},"_links":{"self":[{"href":"https:\/\/iggnita.com\/en\/wp-json\/wp\/v2\/product\/15119","targetHints":{"allow":["GET"]}}],"collection":[{"href":"https:\/\/iggnita.com\/en\/wp-json\/wp\/v2\/product"}],"about":[{"href":"https:\/\/iggnita.com\/en\/wp-json\/wp\/v2\/types\/product"}],"wp:featuredmedia":[{"embeddable":true,"href":"https:\/\/iggnita.com\/en\/wp-json\/wp\/v2\/media\/15120"}],"wp:attachment":[{"href":"https:\/\/iggnita.com\/en\/wp-json\/wp\/v2\/media?parent=15119"}],"wp:term":[{"taxonomy":"product_brand","embeddable":true,"href":"https:\/\/iggnita.com\/en\/wp-json\/wp\/v2\/product_brand?post=15119"},{"taxonomy":"product_cat","embeddable":true,"href":"https:\/\/iggnita.com\/en\/wp-json\/wp\/v2\/product_cat?post=15119"},{"taxonomy":"product_tag","embeddable":true,"href":"https:\/\/iggnita.com\/en\/wp-json\/wp\/v2\/product_tag?post=15119"}],"curies":[{"name":"wp","href":"https:\/\/api.w.org\/{rel}","templated":true}]}}