{"id":15430,"date":"2021-12-01T13:33:11","date_gmt":"2021-12-01T13:33:11","guid":{"rendered":"https:\/\/iggnita.com\/en\/?post_type=product&#038;p=15430"},"modified":"2024-10-09T13:18:28","modified_gmt":"2024-10-09T13:18:28","slug":"hava-filtresi-jenbacher-1227732-alternatif","status":"publish","type":"product","link":"https:\/\/iggnita.com\/en\/urun\/hava-filtresi-jenbacher-1227732-alternatif\/","title":{"rendered":"Air Filter Jenbacher 1227732 Alternative"},"content":{"rendered":"<p>Filter Cartridge Jenbacher 1227732 Alternative<\/p>\n<p>Suitable for Jenbacher 4 Series.<\/p>\n<p><strong>High Quality Alternative (Iggnita Special Production)<\/strong><\/p>\n<p>Old part number: 642704<\/p>\n<p>Cross References:<\/p>\n<p>Jenbacher \/ GEJ:<\/p>\n<p>1227732\/642704<\/p>\n<blockquote>\n<h2 class=\"\" data-sourcepos=\"1:1-1:90\">Air Filters in Industrial Gas Engines: Function and Points to Consider<\/h2>\n<p data-sourcepos=\"3:1-3:8\">Industrial gas engines working with gases such as biogas, natural gas and landfill gas play an important role in energy production. Air filters are critical to keeping these engines running efficiently and reliably. Air filters prevent engine wear and damage by cleaning dust, dirt and other particles in the air entering the engine.<\/p>\n<p data-sourcepos=\"5:1-5:13\"><strong>Function of Air Filters:<\/strong><\/p>\n<ul data-sourcepos=\"7:1-11:0\">\n<li data-sourcepos=\"7:1-7:65\">To clean dust, dirt and other particles in the air entering the engine<\/li>\n<li data-sourcepos=\"8:1-8:47\">To prevent engine wear and damage<\/li>\n<li data-sourcepos=\"9:1-9:49\">Increasing the efficiency and performance of the engine<\/li>\n<li data-sourcepos=\"10:1-11:0\">Reducing emissions<\/li>\n<\/ul>\n<p data-sourcepos=\"12:1-12:60\"><strong>Things to Consider When Choosing an Air Filter:<\/strong><\/p>\n<ul data-sourcepos=\"14:1-19:0\">\n<li data-sourcepos=\"14:1-14:28\">Type and capacity of the engine<\/li>\n<li data-sourcepos=\"15:1-15:24\">Type and quality of gas<\/li>\n<li data-sourcepos=\"16:1-16:19\">Environmental conditions<\/li>\n<li data-sourcepos=\"17:1-17:24\">Filtering efficiency<\/li>\n<li data-sourcepos=\"18:1-19:0\">Maintenance and replacement interval<\/li>\n<\/ul>\n<p data-sourcepos=\"20:1-20:3\"><strong>Air Filter Maintenance:<\/strong><\/p>\n<p data-sourcepos=\"22:1-22:281\">Air filters must be maintained regularly as they are critical for the performance and life of the engine. The maintenance interval varies depending on the filter type and operating conditions. Generally, air filters should be replaced every 500-1000 operating hours or annually.<\/p>\n<p data-sourcepos=\"24:1-24:37\"><strong>Points to Consider:<\/strong><\/p>\n<ul data-sourcepos=\"26:1-31:0\">\n<li data-sourcepos=\"26:1-26:55\">Air filters should always be kept clean and dry.<\/li>\n<li data-sourcepos=\"27:1-27:83\">Filters should be checked regularly for signs of damage or wear.<\/li>\n<li data-sourcepos=\"28:1-28:56\">Dirty or damaged filters should be replaced immediately.<\/li>\n<li data-sourcepos=\"29:1-29:64\">Make sure that the correct filter type and size is selected.<\/li>\n<li data-sourcepos=\"30:1-31:0\">Filters should be replaced according to the\u00a0manufacturer&#8217;s instructions.<\/li>\n<\/ul>\n<p data-sourcepos=\"32:1-32:41\"><strong>Additional Information About Air Filters:<\/strong><\/p>\n<ul data-sourcepos=\"34:1-39:18\">\n<li data-sourcepos=\"34:1-38:29\">Different types of air filters are available.\u00a0The most commonly used air filters are:\n<ul data-sourcepos=\"35:5-38:29\">\n<li data-sourcepos=\"35:5-35:21\">Paper filters<\/li>\n<li data-sourcepos=\"36:5-36:23\">Cotton filters<\/li>\n<li data-sourcepos=\"37:5-37:21\">Metal filters<\/li>\n<li data-sourcepos=\"38:5-38:29\">Electrostatic filters<\/li>\n<\/ul>\n<\/li>\n<li data-sourcepos=\"39:1-39:18\">Air filters are mounted on the engine&#8217;s air intake.<\/li>\n<li data-sourcepos=\"40:1-41:0\">Air filters can\u00a0significantly extend the life and performance of the engine.<\/li>\n<\/ul>\n<p data-sourcepos=\"44:1-44:149\"><strong>Regular maintenance and correct selection of air filters are very important to ensure efficient and reliable operation of industrial gas engines.<\/strong><\/p>\n<\/blockquote>\n","protected":false},"excerpt":{"rendered":"<p>Jenbacher 4 Series<\/p>\n<p>Our Iggnita Istanbul Warehouse Delivery Price:<\/p>\n<p>(Please sign up for special prices)<\/p>\n","protected":false},"featured_media":35739,"template":"","meta":[],"product_brand":[],"product_cat":[109],"product_tag":[484,340,538,553,542,356,481,506,529,504],"class_list":{"0":"post-15430","1":"product","2":"type-product","3":"status-publish","4":"has-post-thumbnail","6":"product_cat-hava-filtreleri","7":"product_tag-filtre","8":"product_tag-gaz-motorlari","9":"product_tag-gaz-motorlari-yedek-parcalari","10":"product_tag-gaz-motoru","11":"product_tag-gaz-motoru-yedek-parcalari","12":"product_tag-hava-filtresi","13":"product_tag-jenbacher","14":"product_tag-jenbacher-4-serisi","15":"product_tag-jenbacher-orijinal","16":"product_tag-jenbacher-yedek-parca","17":"pa_motor-modelleri-j-412","18":"pa_motor-modelleri-j-416","19":"pa_motor-modelleri-j-420","20":"pa_motor-modelleri-jenbacher","21":"pa_motor-modelleri-jenbacher-4-serisi","22":"pa_orijinal-oem-alternatif-alternatif","23":"pa_parca-markasi-iggnita","24":"pa_urun-tipi-parca","25":"","27":"first","28":"instock","29":"taxable","30":"shipping-taxable","31":"product-type-simple"},"yoast_head":"<!-- This site is optimized with the Yoast SEO plugin v25.3 - https:\/\/yoast.com\/wordpress\/plugins\/seo\/ -->\n<title>Air Filter Jenbacher 1227732 Alternative - iggnita<\/title>\n<meta name=\"robots\" content=\"index, follow, max-snippet:-1, max-image-preview:large, max-video-preview:-1\" \/>\n<link rel=\"canonical\" href=\"https:\/\/iggnita.com\/en\/urun\/hava-filtresi-jenbacher-1227732-alternatif\/\" \/>\n<meta property=\"og:locale\" content=\"en_US\" \/>\n<meta property=\"og:type\" content=\"article\" \/>\n<meta property=\"og:title\" content=\"Air Filter Jenbacher 1227732 Alternative - iggnita\" \/>\n<meta property=\"og:description\" content=\"Jenbacher 4 Series Our Iggnita Istanbul Warehouse Delivery Price: (Please sign up for special prices)\" \/>\n<meta property=\"og:url\" content=\"https:\/\/iggnita.com\/en\/urun\/hava-filtresi-jenbacher-1227732-alternatif\/\" \/>\n<meta property=\"og:site_name\" content=\"iggnita\" \/>\n<meta property=\"article:publisher\" content=\"https:\/\/www.facebook.com\/iggnita\" \/>\n<meta property=\"article:modified_time\" content=\"2024-10-09T13:18:28+00:00\" \/>\n<meta property=\"og:image\" content=\"https:\/\/iggnita.com\/en\/wp-content\/uploads\/2021\/11\/1227733-1227732.-Hava-Filtresi-J4-IGGNITA.jpg\" \/>\n\t<meta property=\"og:image:width\" content=\"1500\" \/>\n\t<meta property=\"og:image:height\" content=\"1500\" \/>\n\t<meta property=\"og:image:type\" content=\"image\/jpeg\" \/>\n<meta name=\"twitter:card\" content=\"summary_large_image\" \/>\n<meta name=\"twitter:site\" content=\"@iggnita\" \/>\n<meta name=\"twitter:label1\" content=\"Est. reading time\" \/>\n\t<meta name=\"twitter:data1\" content=\"1 minute\" \/>\n<script type=\"application\/ld+json\" class=\"yoast-schema-graph\">{\"@context\":\"https:\/\/schema.org\",\"@graph\":[{\"@type\":\"WebPage\",\"@id\":\"https:\/\/iggnita.com\/en\/urun\/hava-filtresi-jenbacher-1227732-alternatif\/\",\"url\":\"https:\/\/iggnita.com\/en\/urun\/hava-filtresi-jenbacher-1227732-alternatif\/\",\"name\":\"Air Filter Jenbacher 1227732 Alternative - iggnita\",\"isPartOf\":{\"@id\":\"https:\/\/iggnita.com\/en\/#website\"},\"primaryImageOfPage\":{\"@id\":\"https:\/\/iggnita.com\/en\/urun\/hava-filtresi-jenbacher-1227732-alternatif\/#primaryimage\"},\"image\":{\"@id\":\"https:\/\/iggnita.com\/en\/urun\/hava-filtresi-jenbacher-1227732-alternatif\/#primaryimage\"},\"thumbnailUrl\":\"https:\/\/iggnita.com\/en\/wp-content\/uploads\/2021\/11\/1227733-1227732.-Hava-Filtresi-J4-IGGNITA.jpg\",\"datePublished\":\"2021-12-01T13:33:11+00:00\",\"dateModified\":\"2024-10-09T13:18:28+00:00\",\"breadcrumb\":{\"@id\":\"https:\/\/iggnita.com\/en\/urun\/hava-filtresi-jenbacher-1227732-alternatif\/#breadcrumb\"},\"inLanguage\":\"en-US\",\"potentialAction\":[{\"@type\":\"ReadAction\",\"target\":[\"https:\/\/iggnita.com\/en\/urun\/hava-filtresi-jenbacher-1227732-alternatif\/\"]}]},{\"@type\":\"ImageObject\",\"inLanguage\":\"en-US\",\"@id\":\"https:\/\/iggnita.com\/en\/urun\/hava-filtresi-jenbacher-1227732-alternatif\/#primaryimage\",\"url\":\"https:\/\/iggnita.com\/en\/wp-content\/uploads\/2021\/11\/1227733-1227732.-Hava-Filtresi-J4-IGGNITA.jpg\",\"contentUrl\":\"https:\/\/iggnita.com\/en\/wp-content\/uploads\/2021\/11\/1227733-1227732.-Hava-Filtresi-J4-IGGNITA.jpg\",\"width\":1500,\"height\":1500},{\"@type\":\"BreadcrumbList\",\"@id\":\"https:\/\/iggnita.com\/en\/urun\/hava-filtresi-jenbacher-1227732-alternatif\/#breadcrumb\",\"itemListElement\":[{\"@type\":\"ListItem\",\"position\":1,\"name\":\"Anasayfa\",\"item\":\"https:\/\/iggnita.com\/en\/\"},{\"@type\":\"ListItem\",\"position\":2,\"name\":\"Shop\",\"item\":\"https:\/\/iggnita.com\/en\/iggnitashop\/\"},{\"@type\":\"ListItem\",\"position\":3,\"name\":\"Air Filter Jenbacher 1227732 Alternative\"}]},{\"@type\":\"WebSite\",\"@id\":\"https:\/\/iggnita.com\/en\/#website\",\"url\":\"https:\/\/iggnita.com\/en\/\",\"name\":\"iggnita\",\"description\":\"Gaz Motoru Yedek Par\u00e7alar\u0131\",\"publisher\":{\"@id\":\"https:\/\/iggnita.com\/en\/#organization\"},\"potentialAction\":[{\"@type\":\"SearchAction\",\"target\":{\"@type\":\"EntryPoint\",\"urlTemplate\":\"https:\/\/iggnita.com\/en\/?s={search_term_string}\"},\"query-input\":{\"@type\":\"PropertyValueSpecification\",\"valueRequired\":true,\"valueName\":\"search_term_string\"}}],\"inLanguage\":\"en-US\"},{\"@type\":\"Organization\",\"@id\":\"https:\/\/iggnita.com\/en\/#organization\",\"name\":\"\u0130GGN\u0130TA MAK\u0130NA SANAY\u0130 VE T\u0130CARET\",\"url\":\"https:\/\/iggnita.com\/en\/\",\"logo\":{\"@type\":\"ImageObject\",\"inLanguage\":\"en-US\",\"@id\":\"https:\/\/iggnita.com\/en\/#\/schema\/logo\/image\/\",\"url\":\"https:\/\/iggnita.com\/en\/wp-content\/uploads\/2020\/12\/cropped-cropped-iggnita-logokkk.png\",\"contentUrl\":\"https:\/\/iggnita.com\/en\/wp-content\/uploads\/2020\/12\/cropped-cropped-iggnita-logokkk.png\",\"width\":330,\"height\":110,\"caption\":\"\u0130GGN\u0130TA MAK\u0130NA SANAY\u0130 VE T\u0130CARET\"},\"image\":{\"@id\":\"https:\/\/iggnita.com\/en\/#\/schema\/logo\/image\/\"},\"sameAs\":[\"https:\/\/www.facebook.com\/iggnita\",\"https:\/\/x.com\/iggnita\",\"https:\/\/www.instagram.com\/iggnita\/\",\"https:\/\/www.linkedin.com\/company\/70903335\/admin\/\",\"https:\/\/www.youtube.com\/channel\/UC0vF0xKibV2BYvXQi7kWb5w\"]}]}<\/script>\n<!-- \/ Yoast SEO plugin. -->","yoast_head_json":{"title":"Air Filter Jenbacher 1227732 Alternative - iggnita","robots":{"index":"index","follow":"follow","max-snippet":"max-snippet:-1","max-image-preview":"max-image-preview:large","max-video-preview":"max-video-preview:-1"},"canonical":"https:\/\/iggnita.com\/en\/urun\/hava-filtresi-jenbacher-1227732-alternatif\/","og_locale":"en_US","og_type":"article","og_title":"Air Filter Jenbacher 1227732 Alternative - iggnita","og_description":"Jenbacher 4 Series Our Iggnita Istanbul Warehouse Delivery Price: (Please sign up for special prices)","og_url":"https:\/\/iggnita.com\/en\/urun\/hava-filtresi-jenbacher-1227732-alternatif\/","og_site_name":"iggnita","article_publisher":"https:\/\/www.facebook.com\/iggnita","article_modified_time":"2024-10-09T13:18:28+00:00","og_image":[{"width":1500,"height":1500,"url":"https:\/\/iggnita.com\/en\/wp-content\/uploads\/2021\/11\/1227733-1227732.-Hava-Filtresi-J4-IGGNITA.jpg","type":"image\/jpeg"}],"twitter_card":"summary_large_image","twitter_site":"@iggnita","twitter_misc":{"Est. reading time":"1 minute"},"schema":{"@context":"https:\/\/schema.org","@graph":[{"@type":"WebPage","@id":"https:\/\/iggnita.com\/en\/urun\/hava-filtresi-jenbacher-1227732-alternatif\/","url":"https:\/\/iggnita.com\/en\/urun\/hava-filtresi-jenbacher-1227732-alternatif\/","name":"Air Filter Jenbacher 1227732 Alternative - iggnita","isPartOf":{"@id":"https:\/\/iggnita.com\/en\/#website"},"primaryImageOfPage":{"@id":"https:\/\/iggnita.com\/en\/urun\/hava-filtresi-jenbacher-1227732-alternatif\/#primaryimage"},"image":{"@id":"https:\/\/iggnita.com\/en\/urun\/hava-filtresi-jenbacher-1227732-alternatif\/#primaryimage"},"thumbnailUrl":"https:\/\/iggnita.com\/en\/wp-content\/uploads\/2021\/11\/1227733-1227732.-Hava-Filtresi-J4-IGGNITA.jpg","datePublished":"2021-12-01T13:33:11+00:00","dateModified":"2024-10-09T13:18:28+00:00","breadcrumb":{"@id":"https:\/\/iggnita.com\/en\/urun\/hava-filtresi-jenbacher-1227732-alternatif\/#breadcrumb"},"inLanguage":"en-US","potentialAction":[{"@type":"ReadAction","target":["https:\/\/iggnita.com\/en\/urun\/hava-filtresi-jenbacher-1227732-alternatif\/"]}]},{"@type":"ImageObject","inLanguage":"en-US","@id":"https:\/\/iggnita.com\/en\/urun\/hava-filtresi-jenbacher-1227732-alternatif\/#primaryimage","url":"https:\/\/iggnita.com\/en\/wp-content\/uploads\/2021\/11\/1227733-1227732.-Hava-Filtresi-J4-IGGNITA.jpg","contentUrl":"https:\/\/iggnita.com\/en\/wp-content\/uploads\/2021\/11\/1227733-1227732.-Hava-Filtresi-J4-IGGNITA.jpg","width":1500,"height":1500},{"@type":"BreadcrumbList","@id":"https:\/\/iggnita.com\/en\/urun\/hava-filtresi-jenbacher-1227732-alternatif\/#breadcrumb","itemListElement":[{"@type":"ListItem","position":1,"name":"Anasayfa","item":"https:\/\/iggnita.com\/en\/"},{"@type":"ListItem","position":2,"name":"Shop","item":"https:\/\/iggnita.com\/en\/iggnitashop\/"},{"@type":"ListItem","position":3,"name":"Air Filter Jenbacher 1227732 Alternative"}]},{"@type":"WebSite","@id":"https:\/\/iggnita.com\/en\/#website","url":"https:\/\/iggnita.com\/en\/","name":"iggnita","description":"Gaz Motoru Yedek Par\u00e7alar\u0131","publisher":{"@id":"https:\/\/iggnita.com\/en\/#organization"},"potentialAction":[{"@type":"SearchAction","target":{"@type":"EntryPoint","urlTemplate":"https:\/\/iggnita.com\/en\/?s={search_term_string}"},"query-input":{"@type":"PropertyValueSpecification","valueRequired":true,"valueName":"search_term_string"}}],"inLanguage":"en-US"},{"@type":"Organization","@id":"https:\/\/iggnita.com\/en\/#organization","name":"\u0130GGN\u0130TA MAK\u0130NA SANAY\u0130 VE T\u0130CARET","url":"https:\/\/iggnita.com\/en\/","logo":{"@type":"ImageObject","inLanguage":"en-US","@id":"https:\/\/iggnita.com\/en\/#\/schema\/logo\/image\/","url":"https:\/\/iggnita.com\/en\/wp-content\/uploads\/2020\/12\/cropped-cropped-iggnita-logokkk.png","contentUrl":"https:\/\/iggnita.com\/en\/wp-content\/uploads\/2020\/12\/cropped-cropped-iggnita-logokkk.png","width":330,"height":110,"caption":"\u0130GGN\u0130TA MAK\u0130NA SANAY\u0130 VE T\u0130CARET"},"image":{"@id":"https:\/\/iggnita.com\/en\/#\/schema\/logo\/image\/"},"sameAs":["https:\/\/www.facebook.com\/iggnita","https:\/\/x.com\/iggnita","https:\/\/www.instagram.com\/iggnita\/","https:\/\/www.linkedin.com\/company\/70903335\/admin\/","https:\/\/www.youtube.com\/channel\/UC0vF0xKibV2BYvXQi7kWb5w"]}]}},"_links":{"self":[{"href":"https:\/\/iggnita.com\/en\/wp-json\/wp\/v2\/product\/15430","targetHints":{"allow":["GET"]}}],"collection":[{"href":"https:\/\/iggnita.com\/en\/wp-json\/wp\/v2\/product"}],"about":[{"href":"https:\/\/iggnita.com\/en\/wp-json\/wp\/v2\/types\/product"}],"wp:featuredmedia":[{"embeddable":true,"href":"https:\/\/iggnita.com\/en\/wp-json\/wp\/v2\/media\/35739"}],"wp:attachment":[{"href":"https:\/\/iggnita.com\/en\/wp-json\/wp\/v2\/media?parent=15430"}],"wp:term":[{"taxonomy":"product_brand","embeddable":true,"href":"https:\/\/iggnita.com\/en\/wp-json\/wp\/v2\/product_brand?post=15430"},{"taxonomy":"product_cat","embeddable":true,"href":"https:\/\/iggnita.com\/en\/wp-json\/wp\/v2\/product_cat?post=15430"},{"taxonomy":"product_tag","embeddable":true,"href":"https:\/\/iggnita.com\/en\/wp-json\/wp\/v2\/product_tag?post=15430"}],"curies":[{"name":"wp","href":"https:\/\/api.w.org\/{rel}","templated":true}]}}