{"id":18172,"date":"2022-03-31T13:35:43","date_gmt":"2022-03-31T13:35:43","guid":{"rendered":"https:\/\/iggnita.com\/en\/?post_type=product&#038;p=18172"},"modified":"2024-10-10T09:00:08","modified_gmt":"2024-10-10T09:00:08","slug":"denso-gi3-3-iridyum-buji-cat-guascor-waukesha-jenbacher-cummins","status":"publish","type":"product","link":"https:\/\/iggnita.com\/en\/urun\/denso-gi3-3-iridyum-buji-cat-guascor-waukesha-jenbacher-cummins\/","title":{"rendered":"Denso GI3-3 Iridium Spark Plug &#8211; CAT, Guascor, Waukesha, Jenbacher, Cummins"},"content":{"rendered":"<p>Spark plug DENSO GI3-3 \/ GI 3-3 \/ GI33 \/ GI 33<\/p>\n<p>M18x1.5; SW 22.2mm; Iridium Saver Performer<\/p>\n<p><strong>TECHNICAL SPECIFICATIONS:<\/strong><\/p>\n<ul>\n<li><strong>Roof electrode gap:<\/strong>.011\u201d (0.28 mm)<\/li>\n<li><strong>Electrode material:\u00a0<\/strong>Iridium\/Platinum<\/li>\n<li><strong>Thread size:<\/strong>M18 x 1.5 mm<\/li>\n<li><strong>Thread reach:<\/strong>20.6 mm<\/li>\n<li><strong>Hex size:<\/strong>22.2 mm<\/li>\n<\/ul>\n<p><strong>CROSS REFERENCES:<\/strong><\/p>\n<p>Beru: Super Green Spark Plug, 18GZ 4-77 \/ 18GZ 6-77 \/ 18GZ20 \/ 18GZ 6-77-2 \/ 18GZ 7 \/ RB76N \/ RB76PP \/ RB75N \/ RB75PP<\/p>\n<p>Bosch: 7302 \/ 7305 \/ 7306<\/p>\n<p>Caterpillar: 194-8518 \/ 224-2700 \/ 243-4291 \/ 301-6663<\/p>\n<p>Champion: RB77CC \/ RB77N \/ KB75N \/ RB75N \/ RB77WPC \/ RB77WPCC<\/p>\n<p>Champion Premium: FB77WPCC<\/p>\n<p>Denso: GI3-1 \/ GI3-5<\/p>\n<p>GATEWAY: 1175112 \/ 1177512 \/ 1176112<\/p>\n<p>ALTRONIC: L1863B \/ L1863IP \/ L1863DP<\/p>\n<p>Waukesha: 60999Z \/ 69919D<\/p>\n<p>Cummins: 4098162 \/ 4010981 \/ 2866879<\/p>\n<p>STITT: RL807LL<\/p>\n<p>&nbsp;<\/p>\n<p><strong>ENGINE MODELS<\/strong><\/p>\n<table class=\"table\" width=\"100%\">\n<tbody>\n<tr>\n<td>Caterpillar<\/td>\n<td>G3500 Series (except C and E series with prechamber plugs), G3600 series<\/td>\n<\/tr>\n<tr>\n<td>Cummins<\/td>\n<td>Q19G, QSV81-V16, QSV91-V18<\/td>\n<\/tr>\n<tr>\n<td>Guascor<\/td>\n<td>FG180, FGLD180, FG240, FGLD240, FGLD360, FGLD480<\/td>\n<\/tr>\n<tr>\n<td>GE Jenbacher<\/td>\n<td>J612, J616, J629 (BMEP = 16 bar or less)<\/td>\n<\/tr>\n<tr>\n<td>Perkins<\/td>\n<td>4000 Series<\/td>\n<\/tr>\n<tr>\n<td>Superior<\/td>\n<td>1706G2, 1712G1<\/td>\n<\/tr>\n<tr>\n<td>Wartsila<\/td>\n<td>W25SG, W28SG, W34SG, W20V, 34SG<\/td>\n<\/tr>\n<tr>\n<td>Waukesha<\/td>\n<td>AT Series: 8L-AT25GL \/ AT27GL (13\/16\u2033 Reach Heads), 12V-AT25GL \/ AT27GL (13\/16\u2033 Reach Heads), VGF Series Inline 6: F18G, F18GL\/GLD, VGF Series Inline 8: H24G, H24GL\/GLD, VGF Series V-12: L36GL\/GLD, VGF Series V-16: P48GL\/GLD, VHP Series Inline 6: 2895GL (13\/16\u2033 Reach Heads), 3521GL (13\/16\u2033 Reach Heads), VHP Series V-12: L5108GL (13\/16\u2033 Reach Heads), L5790GL (13\/16\u2033 Reach Heads), L7042GL (13\/16\u2033 Reach Heads), VHP Series V-16: P5115GL, P9390GL (13 \/16\u2033 Reach Heads)<\/td>\n<\/tr>\n<\/tbody>\n<\/table>\n","protected":false},"excerpt":{"rendered":"<p>DENSO GI3-3 Spark Plug<\/p>\n<p>Our Iggnita Istanbul Warehouse Delivery Price:<\/p>\n<p>(Please sign up for special prices)<\/p>\n","protected":false},"featured_media":18173,"template":"","meta":[],"product_brand":[],"product_cat":[115],"product_tag":[478,523,500,937,545,631,739,481,719],"class_list":{"0":"post-18172","1":"product","2":"type-product","3":"status-publish","4":"has-post-thumbnail","6":"product_cat-bujiler","7":"product_tag-buji","8":"product_tag-cat","9":"product_tag-cat-yedek-parca","10":"product_tag-cummins","11":"product_tag-denso","12":"product_tag-denso-buji","13":"product_tag-guascor","14":"product_tag-jenbacher","15":"product_tag-waukesha","16":"pa_motor-modelleri-2g","17":"pa_motor-modelleri-cat","18":"pa_motor-modelleri-cummins","19":"pa_motor-modelleri-deutz","20":"pa_motor-modelleri-guascor","21":"pa_motor-modelleri-jenbacher","22":"pa_motor-modelleri-liebherr","23":"pa_motor-modelleri-man","24":"pa_motor-modelleri-mtu","25":"pa_motor-modelleri-superior","26":"pa_motor-modelleri-waukesha","27":"pa_parca-markasi-denso","28":"pa_urun-tipi-parca","29":"","31":"first","32":"instock","33":"taxable","34":"shipping-taxable","35":"product-type-simple"},"yoast_head":"<!-- This site is optimized with the Yoast SEO plugin v25.3 - https:\/\/yoast.com\/wordpress\/plugins\/seo\/ -->\n<title>Denso GI3-3 Iridium Spark Plug - CAT, Guascor, Waukesha, Jenbacher, Cummins - iggnita<\/title>\n<meta name=\"robots\" content=\"index, follow, max-snippet:-1, max-image-preview:large, max-video-preview:-1\" \/>\n<link rel=\"canonical\" href=\"https:\/\/iggnita.com\/en\/urun\/denso-gi3-3-iridyum-buji-cat-guascor-waukesha-jenbacher-cummins\/\" \/>\n<meta property=\"og:locale\" content=\"en_US\" \/>\n<meta property=\"og:type\" content=\"article\" \/>\n<meta property=\"og:title\" content=\"Denso GI3-3 Iridium Spark Plug - CAT, Guascor, Waukesha, Jenbacher, Cummins - iggnita\" \/>\n<meta property=\"og:description\" content=\"DENSO GI3-3 Spark Plug Our Iggnita Istanbul Warehouse Delivery Price: (Please sign up for special prices)\" \/>\n<meta property=\"og:url\" content=\"https:\/\/iggnita.com\/en\/urun\/denso-gi3-3-iridyum-buji-cat-guascor-waukesha-jenbacher-cummins\/\" \/>\n<meta property=\"og:site_name\" content=\"iggnita\" \/>\n<meta property=\"article:publisher\" content=\"https:\/\/www.facebook.com\/iggnita\" \/>\n<meta property=\"article:modified_time\" content=\"2024-10-10T09:00:08+00:00\" \/>\n<meta property=\"og:image\" content=\"https:\/\/iggnita.com\/en\/wp-content\/uploads\/2022\/03\/Denso-GI3-3.jpg\" \/>\n\t<meta property=\"og:image:width\" content=\"1000\" \/>\n\t<meta property=\"og:image:height\" content=\"1000\" \/>\n\t<meta property=\"og:image:type\" content=\"image\/jpeg\" \/>\n<meta name=\"twitter:card\" content=\"summary_large_image\" \/>\n<meta name=\"twitter:site\" content=\"@iggnita\" \/>\n<meta name=\"twitter:label1\" content=\"Est. reading time\" \/>\n\t<meta name=\"twitter:data1\" content=\"2 minutes\" \/>\n<script type=\"application\/ld+json\" class=\"yoast-schema-graph\">{\"@context\":\"https:\/\/schema.org\",\"@graph\":[{\"@type\":\"WebPage\",\"@id\":\"https:\/\/iggnita.com\/en\/urun\/denso-gi3-3-iridyum-buji-cat-guascor-waukesha-jenbacher-cummins\/\",\"url\":\"https:\/\/iggnita.com\/en\/urun\/denso-gi3-3-iridyum-buji-cat-guascor-waukesha-jenbacher-cummins\/\",\"name\":\"Denso GI3-3 Iridium Spark Plug - CAT, Guascor, Waukesha, Jenbacher, Cummins - iggnita\",\"isPartOf\":{\"@id\":\"https:\/\/iggnita.com\/en\/#website\"},\"primaryImageOfPage\":{\"@id\":\"https:\/\/iggnita.com\/en\/urun\/denso-gi3-3-iridyum-buji-cat-guascor-waukesha-jenbacher-cummins\/#primaryimage\"},\"image\":{\"@id\":\"https:\/\/iggnita.com\/en\/urun\/denso-gi3-3-iridyum-buji-cat-guascor-waukesha-jenbacher-cummins\/#primaryimage\"},\"thumbnailUrl\":\"https:\/\/iggnita.com\/en\/wp-content\/uploads\/2022\/03\/Denso-GI3-3.jpg\",\"datePublished\":\"2022-03-31T13:35:43+00:00\",\"dateModified\":\"2024-10-10T09:00:08+00:00\",\"breadcrumb\":{\"@id\":\"https:\/\/iggnita.com\/en\/urun\/denso-gi3-3-iridyum-buji-cat-guascor-waukesha-jenbacher-cummins\/#breadcrumb\"},\"inLanguage\":\"en-US\",\"potentialAction\":[{\"@type\":\"ReadAction\",\"target\":[\"https:\/\/iggnita.com\/en\/urun\/denso-gi3-3-iridyum-buji-cat-guascor-waukesha-jenbacher-cummins\/\"]}]},{\"@type\":\"ImageObject\",\"inLanguage\":\"en-US\",\"@id\":\"https:\/\/iggnita.com\/en\/urun\/denso-gi3-3-iridyum-buji-cat-guascor-waukesha-jenbacher-cummins\/#primaryimage\",\"url\":\"https:\/\/iggnita.com\/en\/wp-content\/uploads\/2022\/03\/Denso-GI3-3.jpg\",\"contentUrl\":\"https:\/\/iggnita.com\/en\/wp-content\/uploads\/2022\/03\/Denso-GI3-3.jpg\",\"width\":1000,\"height\":1000},{\"@type\":\"BreadcrumbList\",\"@id\":\"https:\/\/iggnita.com\/en\/urun\/denso-gi3-3-iridyum-buji-cat-guascor-waukesha-jenbacher-cummins\/#breadcrumb\",\"itemListElement\":[{\"@type\":\"ListItem\",\"position\":1,\"name\":\"Anasayfa\",\"item\":\"https:\/\/iggnita.com\/en\/\"},{\"@type\":\"ListItem\",\"position\":2,\"name\":\"Shop\",\"item\":\"https:\/\/iggnita.com\/en\/iggnitashop\/\"},{\"@type\":\"ListItem\",\"position\":3,\"name\":\"Denso GI3-3 Iridium Spark Plug &#8211; CAT, Guascor, Waukesha, Jenbacher, Cummins\"}]},{\"@type\":\"WebSite\",\"@id\":\"https:\/\/iggnita.com\/en\/#website\",\"url\":\"https:\/\/iggnita.com\/en\/\",\"name\":\"iggnita\",\"description\":\"Gaz Motoru Yedek Par\u00e7alar\u0131\",\"publisher\":{\"@id\":\"https:\/\/iggnita.com\/en\/#organization\"},\"potentialAction\":[{\"@type\":\"SearchAction\",\"target\":{\"@type\":\"EntryPoint\",\"urlTemplate\":\"https:\/\/iggnita.com\/en\/?s={search_term_string}\"},\"query-input\":{\"@type\":\"PropertyValueSpecification\",\"valueRequired\":true,\"valueName\":\"search_term_string\"}}],\"inLanguage\":\"en-US\"},{\"@type\":\"Organization\",\"@id\":\"https:\/\/iggnita.com\/en\/#organization\",\"name\":\"\u0130GGN\u0130TA MAK\u0130NA SANAY\u0130 VE T\u0130CARET\",\"url\":\"https:\/\/iggnita.com\/en\/\",\"logo\":{\"@type\":\"ImageObject\",\"inLanguage\":\"en-US\",\"@id\":\"https:\/\/iggnita.com\/en\/#\/schema\/logo\/image\/\",\"url\":\"https:\/\/iggnita.com\/en\/wp-content\/uploads\/2020\/12\/cropped-cropped-iggnita-logokkk.png\",\"contentUrl\":\"https:\/\/iggnita.com\/en\/wp-content\/uploads\/2020\/12\/cropped-cropped-iggnita-logokkk.png\",\"width\":330,\"height\":110,\"caption\":\"\u0130GGN\u0130TA MAK\u0130NA SANAY\u0130 VE T\u0130CARET\"},\"image\":{\"@id\":\"https:\/\/iggnita.com\/en\/#\/schema\/logo\/image\/\"},\"sameAs\":[\"https:\/\/www.facebook.com\/iggnita\",\"https:\/\/x.com\/iggnita\",\"https:\/\/www.instagram.com\/iggnita\/\",\"https:\/\/www.linkedin.com\/company\/70903335\/admin\/\",\"https:\/\/www.youtube.com\/channel\/UC0vF0xKibV2BYvXQi7kWb5w\"]}]}<\/script>\n<!-- \/ Yoast SEO plugin. -->","yoast_head_json":{"title":"Denso GI3-3 Iridium Spark Plug - CAT, Guascor, Waukesha, Jenbacher, Cummins - iggnita","robots":{"index":"index","follow":"follow","max-snippet":"max-snippet:-1","max-image-preview":"max-image-preview:large","max-video-preview":"max-video-preview:-1"},"canonical":"https:\/\/iggnita.com\/en\/urun\/denso-gi3-3-iridyum-buji-cat-guascor-waukesha-jenbacher-cummins\/","og_locale":"en_US","og_type":"article","og_title":"Denso GI3-3 Iridium Spark Plug - CAT, Guascor, Waukesha, Jenbacher, Cummins - iggnita","og_description":"DENSO GI3-3 Spark Plug Our Iggnita Istanbul Warehouse Delivery Price: (Please sign up for special prices)","og_url":"https:\/\/iggnita.com\/en\/urun\/denso-gi3-3-iridyum-buji-cat-guascor-waukesha-jenbacher-cummins\/","og_site_name":"iggnita","article_publisher":"https:\/\/www.facebook.com\/iggnita","article_modified_time":"2024-10-10T09:00:08+00:00","og_image":[{"width":1000,"height":1000,"url":"https:\/\/iggnita.com\/en\/wp-content\/uploads\/2022\/03\/Denso-GI3-3.jpg","type":"image\/jpeg"}],"twitter_card":"summary_large_image","twitter_site":"@iggnita","twitter_misc":{"Est. reading time":"2 minutes"},"schema":{"@context":"https:\/\/schema.org","@graph":[{"@type":"WebPage","@id":"https:\/\/iggnita.com\/en\/urun\/denso-gi3-3-iridyum-buji-cat-guascor-waukesha-jenbacher-cummins\/","url":"https:\/\/iggnita.com\/en\/urun\/denso-gi3-3-iridyum-buji-cat-guascor-waukesha-jenbacher-cummins\/","name":"Denso GI3-3 Iridium Spark Plug - CAT, Guascor, Waukesha, Jenbacher, Cummins - iggnita","isPartOf":{"@id":"https:\/\/iggnita.com\/en\/#website"},"primaryImageOfPage":{"@id":"https:\/\/iggnita.com\/en\/urun\/denso-gi3-3-iridyum-buji-cat-guascor-waukesha-jenbacher-cummins\/#primaryimage"},"image":{"@id":"https:\/\/iggnita.com\/en\/urun\/denso-gi3-3-iridyum-buji-cat-guascor-waukesha-jenbacher-cummins\/#primaryimage"},"thumbnailUrl":"https:\/\/iggnita.com\/en\/wp-content\/uploads\/2022\/03\/Denso-GI3-3.jpg","datePublished":"2022-03-31T13:35:43+00:00","dateModified":"2024-10-10T09:00:08+00:00","breadcrumb":{"@id":"https:\/\/iggnita.com\/en\/urun\/denso-gi3-3-iridyum-buji-cat-guascor-waukesha-jenbacher-cummins\/#breadcrumb"},"inLanguage":"en-US","potentialAction":[{"@type":"ReadAction","target":["https:\/\/iggnita.com\/en\/urun\/denso-gi3-3-iridyum-buji-cat-guascor-waukesha-jenbacher-cummins\/"]}]},{"@type":"ImageObject","inLanguage":"en-US","@id":"https:\/\/iggnita.com\/en\/urun\/denso-gi3-3-iridyum-buji-cat-guascor-waukesha-jenbacher-cummins\/#primaryimage","url":"https:\/\/iggnita.com\/en\/wp-content\/uploads\/2022\/03\/Denso-GI3-3.jpg","contentUrl":"https:\/\/iggnita.com\/en\/wp-content\/uploads\/2022\/03\/Denso-GI3-3.jpg","width":1000,"height":1000},{"@type":"BreadcrumbList","@id":"https:\/\/iggnita.com\/en\/urun\/denso-gi3-3-iridyum-buji-cat-guascor-waukesha-jenbacher-cummins\/#breadcrumb","itemListElement":[{"@type":"ListItem","position":1,"name":"Anasayfa","item":"https:\/\/iggnita.com\/en\/"},{"@type":"ListItem","position":2,"name":"Shop","item":"https:\/\/iggnita.com\/en\/iggnitashop\/"},{"@type":"ListItem","position":3,"name":"Denso GI3-3 Iridium Spark Plug &#8211; CAT, Guascor, Waukesha, Jenbacher, Cummins"}]},{"@type":"WebSite","@id":"https:\/\/iggnita.com\/en\/#website","url":"https:\/\/iggnita.com\/en\/","name":"iggnita","description":"Gaz Motoru Yedek Par\u00e7alar\u0131","publisher":{"@id":"https:\/\/iggnita.com\/en\/#organization"},"potentialAction":[{"@type":"SearchAction","target":{"@type":"EntryPoint","urlTemplate":"https:\/\/iggnita.com\/en\/?s={search_term_string}"},"query-input":{"@type":"PropertyValueSpecification","valueRequired":true,"valueName":"search_term_string"}}],"inLanguage":"en-US"},{"@type":"Organization","@id":"https:\/\/iggnita.com\/en\/#organization","name":"\u0130GGN\u0130TA MAK\u0130NA SANAY\u0130 VE T\u0130CARET","url":"https:\/\/iggnita.com\/en\/","logo":{"@type":"ImageObject","inLanguage":"en-US","@id":"https:\/\/iggnita.com\/en\/#\/schema\/logo\/image\/","url":"https:\/\/iggnita.com\/en\/wp-content\/uploads\/2020\/12\/cropped-cropped-iggnita-logokkk.png","contentUrl":"https:\/\/iggnita.com\/en\/wp-content\/uploads\/2020\/12\/cropped-cropped-iggnita-logokkk.png","width":330,"height":110,"caption":"\u0130GGN\u0130TA MAK\u0130NA SANAY\u0130 VE T\u0130CARET"},"image":{"@id":"https:\/\/iggnita.com\/en\/#\/schema\/logo\/image\/"},"sameAs":["https:\/\/www.facebook.com\/iggnita","https:\/\/x.com\/iggnita","https:\/\/www.instagram.com\/iggnita\/","https:\/\/www.linkedin.com\/company\/70903335\/admin\/","https:\/\/www.youtube.com\/channel\/UC0vF0xKibV2BYvXQi7kWb5w"]}]}},"_links":{"self":[{"href":"https:\/\/iggnita.com\/en\/wp-json\/wp\/v2\/product\/18172","targetHints":{"allow":["GET"]}}],"collection":[{"href":"https:\/\/iggnita.com\/en\/wp-json\/wp\/v2\/product"}],"about":[{"href":"https:\/\/iggnita.com\/en\/wp-json\/wp\/v2\/types\/product"}],"wp:featuredmedia":[{"embeddable":true,"href":"https:\/\/iggnita.com\/en\/wp-json\/wp\/v2\/media\/18173"}],"wp:attachment":[{"href":"https:\/\/iggnita.com\/en\/wp-json\/wp\/v2\/media?parent=18172"}],"wp:term":[{"taxonomy":"product_brand","embeddable":true,"href":"https:\/\/iggnita.com\/en\/wp-json\/wp\/v2\/product_brand?post=18172"},{"taxonomy":"product_cat","embeddable":true,"href":"https:\/\/iggnita.com\/en\/wp-json\/wp\/v2\/product_cat?post=18172"},{"taxonomy":"product_tag","embeddable":true,"href":"https:\/\/iggnita.com\/en\/wp-json\/wp\/v2\/product_tag?post=18172"}],"curies":[{"name":"wp","href":"https:\/\/api.w.org\/{rel}","templated":true}]}}