{"id":18179,"date":"2022-04-01T09:39:07","date_gmt":"2022-04-01T09:39:07","guid":{"rendered":"https:\/\/iggnita.com\/en\/?post_type=product&#038;p=18179"},"modified":"2024-10-10T09:00:17","modified_gmt":"2024-10-10T09:00:17","slug":"denso-gl3-1-iridyum-buji","status":"publish","type":"product","link":"https:\/\/iggnita.com\/en\/urun\/denso-gl3-1-iridyum-buji\/","title":{"rendered":"Denso GL3-1 Iridium Spark Plug"},"content":{"rendered":"<p>Spark plug DENSO GL3-1 \/ GL 3-1 \/ GL31 \/ GL 31<\/p>\n<p><strong>TECHNICAL SPECIFICATIONS:<\/strong><\/p>\n<ul>\n<li><strong>Gap:\u00a0<\/strong>.012\u201d<\/li>\n<li><strong>Electrode material:\u00a0<\/strong>Iridium<\/li>\n<li><strong>Thread size:<\/strong>M18 x 1.5 mm<\/li>\n<li><strong>Thread reach:<\/strong>20.6 mm<\/li>\n<li><strong>Hex size:<\/strong>20.8 mm<\/li>\n<\/ul>\n<p><strong>CROSS REFERENCES:<\/strong><\/p>\n<ul>\n<li><strong>CHAMPION:\u00a0<\/strong>RB75N \/ RB75PP \/ RB75WPC \/ RB75WPCC<\/li>\n<li><strong>BERU:\u00a0<\/strong>18GZ5-77-2<\/li>\n<li><strong>STITT:\u00a0<\/strong>RL807LL<\/li>\n<li><strong>GATEWAY:\u00a0<\/strong>1175112<\/li>\n<li><strong>ALTRONIC:\u00a0<\/strong>L1863B \/ L1863DP \/ L1863IP<\/li>\n<li><strong>Bosch:\u00a0<\/strong>7307 \/ 7308<\/li>\n<li><strong>DENSO:\u00a0<\/strong>GL 3-3 \/ GL 3-5<\/li>\n<\/ul>\n<p>&nbsp;<\/p>\n<p><strong>ENGINE MODELS<\/strong><\/p>\n<ul>\n<li><strong>DEUTZ MWM TBG\u00a0<\/strong>616-620, G620 V-8, TBG616 V-8, TBG616 V-12, TBG616K V-8K, BG616K V-12, TBG616K V-16K, TBG620 V-8, TBG620 V-12, TBG620 V-16, TBG620K V-12K, BG620K V-16K<\/li>\n<\/ul>\n","protected":false},"excerpt":{"rendered":"<p>DENSO GL3-1 Spark Plug<\/p>\n<p>Our Iggnita Istanbul Warehouse Delivery Price:<\/p>\n<p>(Please sign up for special prices)<\/p>\n","protected":false},"featured_media":18181,"template":"","meta":[],"product_brand":[],"product_cat":[115],"product_tag":[478,545,631,669,442,487],"class_list":{"0":"post-18179","1":"product","2":"type-product","3":"status-publish","4":"has-post-thumbnail","6":"product_cat-bujiler","7":"product_tag-buji","8":"product_tag-denso","9":"product_tag-denso-buji","10":"product_tag-deutz","11":"product_tag-mwm","12":"product_tag-mwm-yedek-parca","13":"pa_motor-modelleri-deutz","14":"pa_motor-modelleri-mwm","15":"pa_parca-markasi-denso","16":"pa_urun-tipi-parca","17":"","19":"first","20":"instock","21":"taxable","22":"shipping-taxable","23":"product-type-simple"},"yoast_head":"<!-- This site is optimized with the Yoast SEO plugin v25.3 - https:\/\/yoast.com\/wordpress\/plugins\/seo\/ -->\n<title>Denso GL3-1 Iridium Spark Plug - iggnita<\/title>\n<meta name=\"robots\" content=\"index, follow, max-snippet:-1, max-image-preview:large, max-video-preview:-1\" \/>\n<link rel=\"canonical\" href=\"https:\/\/iggnita.com\/en\/urun\/denso-gl3-1-iridyum-buji\/\" \/>\n<meta property=\"og:locale\" content=\"en_US\" \/>\n<meta property=\"og:type\" content=\"article\" \/>\n<meta property=\"og:title\" content=\"Denso GL3-1 Iridium Spark Plug - iggnita\" \/>\n<meta property=\"og:description\" content=\"DENSO GL3-1 Spark Plug Our Iggnita Istanbul Warehouse Delivery Price: (Please sign up for special prices)\" \/>\n<meta property=\"og:url\" content=\"https:\/\/iggnita.com\/en\/urun\/denso-gl3-1-iridyum-buji\/\" \/>\n<meta property=\"og:site_name\" content=\"iggnita\" \/>\n<meta property=\"article:publisher\" content=\"https:\/\/www.facebook.com\/iggnita\" \/>\n<meta property=\"article:modified_time\" content=\"2024-10-10T09:00:17+00:00\" \/>\n<meta property=\"og:image\" content=\"https:\/\/iggnita.com\/en\/wp-content\/uploads\/2022\/04\/GL-3-1-Denso.jpg\" \/>\n\t<meta property=\"og:image:width\" content=\"1000\" \/>\n\t<meta property=\"og:image:height\" content=\"1000\" \/>\n\t<meta property=\"og:image:type\" content=\"image\/jpeg\" \/>\n<meta name=\"twitter:card\" content=\"summary_large_image\" \/>\n<meta name=\"twitter:site\" content=\"@iggnita\" \/>\n<meta name=\"twitter:label1\" content=\"Est. reading time\" \/>\n\t<meta name=\"twitter:data1\" content=\"2 minutes\" \/>\n<script type=\"application\/ld+json\" class=\"yoast-schema-graph\">{\"@context\":\"https:\/\/schema.org\",\"@graph\":[{\"@type\":\"WebPage\",\"@id\":\"https:\/\/iggnita.com\/en\/urun\/denso-gl3-1-iridyum-buji\/\",\"url\":\"https:\/\/iggnita.com\/en\/urun\/denso-gl3-1-iridyum-buji\/\",\"name\":\"Denso GL3-1 Iridium Spark Plug - iggnita\",\"isPartOf\":{\"@id\":\"https:\/\/iggnita.com\/en\/#website\"},\"primaryImageOfPage\":{\"@id\":\"https:\/\/iggnita.com\/en\/urun\/denso-gl3-1-iridyum-buji\/#primaryimage\"},\"image\":{\"@id\":\"https:\/\/iggnita.com\/en\/urun\/denso-gl3-1-iridyum-buji\/#primaryimage\"},\"thumbnailUrl\":\"https:\/\/iggnita.com\/en\/wp-content\/uploads\/2022\/04\/GL-3-1-Denso.jpg\",\"datePublished\":\"2022-04-01T09:39:07+00:00\",\"dateModified\":\"2024-10-10T09:00:17+00:00\",\"breadcrumb\":{\"@id\":\"https:\/\/iggnita.com\/en\/urun\/denso-gl3-1-iridyum-buji\/#breadcrumb\"},\"inLanguage\":\"en-US\",\"potentialAction\":[{\"@type\":\"ReadAction\",\"target\":[\"https:\/\/iggnita.com\/en\/urun\/denso-gl3-1-iridyum-buji\/\"]}]},{\"@type\":\"ImageObject\",\"inLanguage\":\"en-US\",\"@id\":\"https:\/\/iggnita.com\/en\/urun\/denso-gl3-1-iridyum-buji\/#primaryimage\",\"url\":\"https:\/\/iggnita.com\/en\/wp-content\/uploads\/2022\/04\/GL-3-1-Denso.jpg\",\"contentUrl\":\"https:\/\/iggnita.com\/en\/wp-content\/uploads\/2022\/04\/GL-3-1-Denso.jpg\",\"width\":1000,\"height\":1000},{\"@type\":\"BreadcrumbList\",\"@id\":\"https:\/\/iggnita.com\/en\/urun\/denso-gl3-1-iridyum-buji\/#breadcrumb\",\"itemListElement\":[{\"@type\":\"ListItem\",\"position\":1,\"name\":\"Anasayfa\",\"item\":\"https:\/\/iggnita.com\/en\/\"},{\"@type\":\"ListItem\",\"position\":2,\"name\":\"Shop\",\"item\":\"https:\/\/iggnita.com\/en\/iggnitashop\/\"},{\"@type\":\"ListItem\",\"position\":3,\"name\":\"Denso GL3-1 Iridium Spark Plug\"}]},{\"@type\":\"WebSite\",\"@id\":\"https:\/\/iggnita.com\/en\/#website\",\"url\":\"https:\/\/iggnita.com\/en\/\",\"name\":\"iggnita\",\"description\":\"Gaz Motoru Yedek Par\u00e7alar\u0131\",\"publisher\":{\"@id\":\"https:\/\/iggnita.com\/en\/#organization\"},\"potentialAction\":[{\"@type\":\"SearchAction\",\"target\":{\"@type\":\"EntryPoint\",\"urlTemplate\":\"https:\/\/iggnita.com\/en\/?s={search_term_string}\"},\"query-input\":{\"@type\":\"PropertyValueSpecification\",\"valueRequired\":true,\"valueName\":\"search_term_string\"}}],\"inLanguage\":\"en-US\"},{\"@type\":\"Organization\",\"@id\":\"https:\/\/iggnita.com\/en\/#organization\",\"name\":\"\u0130GGN\u0130TA MAK\u0130NA SANAY\u0130 VE T\u0130CARET\",\"url\":\"https:\/\/iggnita.com\/en\/\",\"logo\":{\"@type\":\"ImageObject\",\"inLanguage\":\"en-US\",\"@id\":\"https:\/\/iggnita.com\/en\/#\/schema\/logo\/image\/\",\"url\":\"https:\/\/iggnita.com\/en\/wp-content\/uploads\/2020\/12\/cropped-cropped-iggnita-logokkk.png\",\"contentUrl\":\"https:\/\/iggnita.com\/en\/wp-content\/uploads\/2020\/12\/cropped-cropped-iggnita-logokkk.png\",\"width\":330,\"height\":110,\"caption\":\"\u0130GGN\u0130TA MAK\u0130NA SANAY\u0130 VE T\u0130CARET\"},\"image\":{\"@id\":\"https:\/\/iggnita.com\/en\/#\/schema\/logo\/image\/\"},\"sameAs\":[\"https:\/\/www.facebook.com\/iggnita\",\"https:\/\/x.com\/iggnita\",\"https:\/\/www.instagram.com\/iggnita\/\",\"https:\/\/www.linkedin.com\/company\/70903335\/admin\/\",\"https:\/\/www.youtube.com\/channel\/UC0vF0xKibV2BYvXQi7kWb5w\"]}]}<\/script>\n<!-- \/ Yoast SEO plugin. -->","yoast_head_json":{"title":"Denso GL3-1 Iridium Spark Plug - iggnita","robots":{"index":"index","follow":"follow","max-snippet":"max-snippet:-1","max-image-preview":"max-image-preview:large","max-video-preview":"max-video-preview:-1"},"canonical":"https:\/\/iggnita.com\/en\/urun\/denso-gl3-1-iridyum-buji\/","og_locale":"en_US","og_type":"article","og_title":"Denso GL3-1 Iridium Spark Plug - iggnita","og_description":"DENSO GL3-1 Spark Plug Our Iggnita Istanbul Warehouse Delivery Price: (Please sign up for special prices)","og_url":"https:\/\/iggnita.com\/en\/urun\/denso-gl3-1-iridyum-buji\/","og_site_name":"iggnita","article_publisher":"https:\/\/www.facebook.com\/iggnita","article_modified_time":"2024-10-10T09:00:17+00:00","og_image":[{"width":1000,"height":1000,"url":"https:\/\/iggnita.com\/en\/wp-content\/uploads\/2022\/04\/GL-3-1-Denso.jpg","type":"image\/jpeg"}],"twitter_card":"summary_large_image","twitter_site":"@iggnita","twitter_misc":{"Est. reading time":"2 minutes"},"schema":{"@context":"https:\/\/schema.org","@graph":[{"@type":"WebPage","@id":"https:\/\/iggnita.com\/en\/urun\/denso-gl3-1-iridyum-buji\/","url":"https:\/\/iggnita.com\/en\/urun\/denso-gl3-1-iridyum-buji\/","name":"Denso GL3-1 Iridium Spark Plug - iggnita","isPartOf":{"@id":"https:\/\/iggnita.com\/en\/#website"},"primaryImageOfPage":{"@id":"https:\/\/iggnita.com\/en\/urun\/denso-gl3-1-iridyum-buji\/#primaryimage"},"image":{"@id":"https:\/\/iggnita.com\/en\/urun\/denso-gl3-1-iridyum-buji\/#primaryimage"},"thumbnailUrl":"https:\/\/iggnita.com\/en\/wp-content\/uploads\/2022\/04\/GL-3-1-Denso.jpg","datePublished":"2022-04-01T09:39:07+00:00","dateModified":"2024-10-10T09:00:17+00:00","breadcrumb":{"@id":"https:\/\/iggnita.com\/en\/urun\/denso-gl3-1-iridyum-buji\/#breadcrumb"},"inLanguage":"en-US","potentialAction":[{"@type":"ReadAction","target":["https:\/\/iggnita.com\/en\/urun\/denso-gl3-1-iridyum-buji\/"]}]},{"@type":"ImageObject","inLanguage":"en-US","@id":"https:\/\/iggnita.com\/en\/urun\/denso-gl3-1-iridyum-buji\/#primaryimage","url":"https:\/\/iggnita.com\/en\/wp-content\/uploads\/2022\/04\/GL-3-1-Denso.jpg","contentUrl":"https:\/\/iggnita.com\/en\/wp-content\/uploads\/2022\/04\/GL-3-1-Denso.jpg","width":1000,"height":1000},{"@type":"BreadcrumbList","@id":"https:\/\/iggnita.com\/en\/urun\/denso-gl3-1-iridyum-buji\/#breadcrumb","itemListElement":[{"@type":"ListItem","position":1,"name":"Anasayfa","item":"https:\/\/iggnita.com\/en\/"},{"@type":"ListItem","position":2,"name":"Shop","item":"https:\/\/iggnita.com\/en\/iggnitashop\/"},{"@type":"ListItem","position":3,"name":"Denso GL3-1 Iridium Spark Plug"}]},{"@type":"WebSite","@id":"https:\/\/iggnita.com\/en\/#website","url":"https:\/\/iggnita.com\/en\/","name":"iggnita","description":"Gaz Motoru Yedek Par\u00e7alar\u0131","publisher":{"@id":"https:\/\/iggnita.com\/en\/#organization"},"potentialAction":[{"@type":"SearchAction","target":{"@type":"EntryPoint","urlTemplate":"https:\/\/iggnita.com\/en\/?s={search_term_string}"},"query-input":{"@type":"PropertyValueSpecification","valueRequired":true,"valueName":"search_term_string"}}],"inLanguage":"en-US"},{"@type":"Organization","@id":"https:\/\/iggnita.com\/en\/#organization","name":"\u0130GGN\u0130TA MAK\u0130NA SANAY\u0130 VE T\u0130CARET","url":"https:\/\/iggnita.com\/en\/","logo":{"@type":"ImageObject","inLanguage":"en-US","@id":"https:\/\/iggnita.com\/en\/#\/schema\/logo\/image\/","url":"https:\/\/iggnita.com\/en\/wp-content\/uploads\/2020\/12\/cropped-cropped-iggnita-logokkk.png","contentUrl":"https:\/\/iggnita.com\/en\/wp-content\/uploads\/2020\/12\/cropped-cropped-iggnita-logokkk.png","width":330,"height":110,"caption":"\u0130GGN\u0130TA MAK\u0130NA SANAY\u0130 VE T\u0130CARET"},"image":{"@id":"https:\/\/iggnita.com\/en\/#\/schema\/logo\/image\/"},"sameAs":["https:\/\/www.facebook.com\/iggnita","https:\/\/x.com\/iggnita","https:\/\/www.instagram.com\/iggnita\/","https:\/\/www.linkedin.com\/company\/70903335\/admin\/","https:\/\/www.youtube.com\/channel\/UC0vF0xKibV2BYvXQi7kWb5w"]}]}},"_links":{"self":[{"href":"https:\/\/iggnita.com\/en\/wp-json\/wp\/v2\/product\/18179","targetHints":{"allow":["GET"]}}],"collection":[{"href":"https:\/\/iggnita.com\/en\/wp-json\/wp\/v2\/product"}],"about":[{"href":"https:\/\/iggnita.com\/en\/wp-json\/wp\/v2\/types\/product"}],"wp:featuredmedia":[{"embeddable":true,"href":"https:\/\/iggnita.com\/en\/wp-json\/wp\/v2\/media\/18181"}],"wp:attachment":[{"href":"https:\/\/iggnita.com\/en\/wp-json\/wp\/v2\/media?parent=18179"}],"wp:term":[{"taxonomy":"product_brand","embeddable":true,"href":"https:\/\/iggnita.com\/en\/wp-json\/wp\/v2\/product_brand?post=18179"},{"taxonomy":"product_cat","embeddable":true,"href":"https:\/\/iggnita.com\/en\/wp-json\/wp\/v2\/product_cat?post=18179"},{"taxonomy":"product_tag","embeddable":true,"href":"https:\/\/iggnita.com\/en\/wp-json\/wp\/v2\/product_tag?post=18179"}],"curies":[{"name":"wp","href":"https:\/\/api.w.org\/{rel}","templated":true}]}}