{"id":18244,"date":"2022-04-25T14:35:11","date_gmt":"2022-04-25T14:35:11","guid":{"rendered":"https:\/\/iggnita.com\/en\/?post_type=product&#038;p=18244"},"modified":"2024-10-10T09:00:09","modified_gmt":"2024-10-10T09:00:09","slug":"denso-gi3-4-iridyum-buji","status":"publish","type":"product","link":"https:\/\/iggnita.com\/en\/urun\/denso-gi3-4-iridyum-buji\/","title":{"rendered":"Denso GI3-4 Iridium Spark Plug"},"content":{"rendered":"<p>Spark Plug DENSO GI3-4 \/ GI 3-4 \/GI34 \/ GI 34<\/p>\n<p>Denso\u00ae Iridium Performer Spark Plugs are the ultimate option for customers seeking the maximum plug performance and durability particularly in high-pressure lean-burn engines \u2013 offering outstanding sparking ability and voltage decrease.<\/p>\n<p><strong>Technical Information:<\/strong><\/p>\n<ul>\n<li>Part Number:\u00a0GI3-4<\/li>\n<li>Electrode: Iridium \/ Platinum<\/li>\n<li>Thread Size: 18 x 1.5 mm<\/li>\n<li>Reach: 13\/16&#8243; (20.6mm)<\/li>\n<li>Hex Size: 7\/8&#8243; (22.2mm)<\/li>\n<li>Gap: 0.28mm<\/li>\n<li>Torque: 45 Nm<\/li>\n<li>Center Electrode Material: Iridium<\/li>\n<li>Type: J-Type \/ Cross groove<\/li>\n<li>Ground Electrode Material: Platinum<\/li>\n<\/ul>\n<p><strong>Cross References:<\/strong><\/p>\n<p><strong>CAT:<\/strong><\/p>\n<p>339-9790 \/ 339-9790 \/ 193468054<\/p>\n<p><strong>Rolls Royce:<\/strong><\/p>\n<p>706522<\/p>\n<p><strong>W\u00e4rtsil\u00e4<\/strong>:<\/p>\n<p>PAAE059695<\/p>\n<p><strong>suitable for ROLLS ROYCE, W\u00c4RTSIL\u00c4 and CATERPILLAR<\/strong><\/p>\n<p>&nbsp;<\/p>\n<p>&nbsp;<\/p>\n","protected":false},"excerpt":{"rendered":"<p>Denso GI3-4 Iridium Spark Plug<\/p>\n<p>Our Iggnita Istanbul Warehouse Delivery Price:<\/p>\n<p>(Please sign up for special prices)<\/p>\n","protected":false},"featured_media":34191,"template":"","meta":[],"product_brand":[],"product_cat":[115],"product_tag":[478,545],"class_list":{"0":"post-18244","1":"product","2":"type-product","3":"status-publish","4":"has-post-thumbnail","6":"product_cat-bujiler","7":"product_tag-buji","8":"product_tag-denso","9":"pa_motor-modelleri-cat","10":"pa_motor-modelleri-rolls-royce","11":"pa_motor-modelleri-wartsila","12":"pa_parca-markasi-denso","13":"pa_urun-tipi-parca","14":"","16":"first","17":"instock","18":"taxable","19":"shipping-taxable","20":"product-type-simple"},"yoast_head":"<!-- This site is optimized with the Yoast SEO plugin v25.3 - https:\/\/yoast.com\/wordpress\/plugins\/seo\/ -->\n<title>Denso GI3-4 Iridium Spark Plug - iggnita<\/title>\n<meta name=\"robots\" content=\"index, follow, max-snippet:-1, max-image-preview:large, max-video-preview:-1\" \/>\n<link rel=\"canonical\" href=\"https:\/\/iggnita.com\/en\/urun\/denso-gi3-4-iridyum-buji\/\" \/>\n<meta property=\"og:locale\" content=\"en_US\" \/>\n<meta property=\"og:type\" content=\"article\" \/>\n<meta property=\"og:title\" content=\"Denso GI3-4 Iridium Spark Plug - iggnita\" \/>\n<meta property=\"og:description\" content=\"Denso GI3-4 Iridium Spark Plug Our Iggnita Istanbul Warehouse Delivery Price: (Please sign up for special prices)\" \/>\n<meta property=\"og:url\" content=\"https:\/\/iggnita.com\/en\/urun\/denso-gi3-4-iridyum-buji\/\" \/>\n<meta property=\"og:site_name\" content=\"iggnita\" \/>\n<meta property=\"article:publisher\" content=\"https:\/\/www.facebook.com\/iggnita\" \/>\n<meta property=\"article:modified_time\" content=\"2024-10-10T09:00:09+00:00\" \/>\n<meta property=\"og:image\" content=\"https:\/\/iggnita.com\/en\/wp-content\/uploads\/2022\/04\/Denso-GI3-4-Buji.jpg\" \/>\n\t<meta property=\"og:image:width\" content=\"1800\" \/>\n\t<meta property=\"og:image:height\" content=\"1800\" \/>\n\t<meta property=\"og:image:type\" content=\"image\/jpeg\" \/>\n<meta name=\"twitter:card\" content=\"summary_large_image\" \/>\n<meta name=\"twitter:site\" content=\"@iggnita\" \/>\n<meta name=\"twitter:label1\" content=\"Est. reading time\" \/>\n\t<meta name=\"twitter:data1\" content=\"2 minutes\" \/>\n<script type=\"application\/ld+json\" class=\"yoast-schema-graph\">{\"@context\":\"https:\/\/schema.org\",\"@graph\":[{\"@type\":\"WebPage\",\"@id\":\"https:\/\/iggnita.com\/en\/urun\/denso-gi3-4-iridyum-buji\/\",\"url\":\"https:\/\/iggnita.com\/en\/urun\/denso-gi3-4-iridyum-buji\/\",\"name\":\"Denso GI3-4 Iridium Spark Plug - iggnita\",\"isPartOf\":{\"@id\":\"https:\/\/iggnita.com\/en\/#website\"},\"primaryImageOfPage\":{\"@id\":\"https:\/\/iggnita.com\/en\/urun\/denso-gi3-4-iridyum-buji\/#primaryimage\"},\"image\":{\"@id\":\"https:\/\/iggnita.com\/en\/urun\/denso-gi3-4-iridyum-buji\/#primaryimage\"},\"thumbnailUrl\":\"https:\/\/iggnita.com\/en\/wp-content\/uploads\/2022\/04\/Denso-GI3-4-Buji.jpg\",\"datePublished\":\"2022-04-25T14:35:11+00:00\",\"dateModified\":\"2024-10-10T09:00:09+00:00\",\"breadcrumb\":{\"@id\":\"https:\/\/iggnita.com\/en\/urun\/denso-gi3-4-iridyum-buji\/#breadcrumb\"},\"inLanguage\":\"en-US\",\"potentialAction\":[{\"@type\":\"ReadAction\",\"target\":[\"https:\/\/iggnita.com\/en\/urun\/denso-gi3-4-iridyum-buji\/\"]}]},{\"@type\":\"ImageObject\",\"inLanguage\":\"en-US\",\"@id\":\"https:\/\/iggnita.com\/en\/urun\/denso-gi3-4-iridyum-buji\/#primaryimage\",\"url\":\"https:\/\/iggnita.com\/en\/wp-content\/uploads\/2022\/04\/Denso-GI3-4-Buji.jpg\",\"contentUrl\":\"https:\/\/iggnita.com\/en\/wp-content\/uploads\/2022\/04\/Denso-GI3-4-Buji.jpg\",\"width\":1800,\"height\":1800},{\"@type\":\"BreadcrumbList\",\"@id\":\"https:\/\/iggnita.com\/en\/urun\/denso-gi3-4-iridyum-buji\/#breadcrumb\",\"itemListElement\":[{\"@type\":\"ListItem\",\"position\":1,\"name\":\"Anasayfa\",\"item\":\"https:\/\/iggnita.com\/en\/\"},{\"@type\":\"ListItem\",\"position\":2,\"name\":\"Shop\",\"item\":\"https:\/\/iggnita.com\/en\/iggnitashop\/\"},{\"@type\":\"ListItem\",\"position\":3,\"name\":\"Denso GI3-4 Iridium Spark Plug\"}]},{\"@type\":\"WebSite\",\"@id\":\"https:\/\/iggnita.com\/en\/#website\",\"url\":\"https:\/\/iggnita.com\/en\/\",\"name\":\"iggnita\",\"description\":\"Gaz Motoru Yedek Par\u00e7alar\u0131\",\"publisher\":{\"@id\":\"https:\/\/iggnita.com\/en\/#organization\"},\"potentialAction\":[{\"@type\":\"SearchAction\",\"target\":{\"@type\":\"EntryPoint\",\"urlTemplate\":\"https:\/\/iggnita.com\/en\/?s={search_term_string}\"},\"query-input\":{\"@type\":\"PropertyValueSpecification\",\"valueRequired\":true,\"valueName\":\"search_term_string\"}}],\"inLanguage\":\"en-US\"},{\"@type\":\"Organization\",\"@id\":\"https:\/\/iggnita.com\/en\/#organization\",\"name\":\"\u0130GGN\u0130TA MAK\u0130NA SANAY\u0130 VE T\u0130CARET\",\"url\":\"https:\/\/iggnita.com\/en\/\",\"logo\":{\"@type\":\"ImageObject\",\"inLanguage\":\"en-US\",\"@id\":\"https:\/\/iggnita.com\/en\/#\/schema\/logo\/image\/\",\"url\":\"https:\/\/iggnita.com\/en\/wp-content\/uploads\/2020\/12\/cropped-cropped-iggnita-logokkk.png\",\"contentUrl\":\"https:\/\/iggnita.com\/en\/wp-content\/uploads\/2020\/12\/cropped-cropped-iggnita-logokkk.png\",\"width\":330,\"height\":110,\"caption\":\"\u0130GGN\u0130TA MAK\u0130NA SANAY\u0130 VE T\u0130CARET\"},\"image\":{\"@id\":\"https:\/\/iggnita.com\/en\/#\/schema\/logo\/image\/\"},\"sameAs\":[\"https:\/\/www.facebook.com\/iggnita\",\"https:\/\/x.com\/iggnita\",\"https:\/\/www.instagram.com\/iggnita\/\",\"https:\/\/www.linkedin.com\/company\/70903335\/admin\/\",\"https:\/\/www.youtube.com\/channel\/UC0vF0xKibV2BYvXQi7kWb5w\"]}]}<\/script>\n<!-- \/ Yoast SEO plugin. -->","yoast_head_json":{"title":"Denso GI3-4 Iridium Spark Plug - iggnita","robots":{"index":"index","follow":"follow","max-snippet":"max-snippet:-1","max-image-preview":"max-image-preview:large","max-video-preview":"max-video-preview:-1"},"canonical":"https:\/\/iggnita.com\/en\/urun\/denso-gi3-4-iridyum-buji\/","og_locale":"en_US","og_type":"article","og_title":"Denso GI3-4 Iridium Spark Plug - iggnita","og_description":"Denso GI3-4 Iridium Spark Plug Our Iggnita Istanbul Warehouse Delivery Price: (Please sign up for special prices)","og_url":"https:\/\/iggnita.com\/en\/urun\/denso-gi3-4-iridyum-buji\/","og_site_name":"iggnita","article_publisher":"https:\/\/www.facebook.com\/iggnita","article_modified_time":"2024-10-10T09:00:09+00:00","og_image":[{"width":1800,"height":1800,"url":"https:\/\/iggnita.com\/en\/wp-content\/uploads\/2022\/04\/Denso-GI3-4-Buji.jpg","type":"image\/jpeg"}],"twitter_card":"summary_large_image","twitter_site":"@iggnita","twitter_misc":{"Est. reading time":"2 minutes"},"schema":{"@context":"https:\/\/schema.org","@graph":[{"@type":"WebPage","@id":"https:\/\/iggnita.com\/en\/urun\/denso-gi3-4-iridyum-buji\/","url":"https:\/\/iggnita.com\/en\/urun\/denso-gi3-4-iridyum-buji\/","name":"Denso GI3-4 Iridium Spark Plug - iggnita","isPartOf":{"@id":"https:\/\/iggnita.com\/en\/#website"},"primaryImageOfPage":{"@id":"https:\/\/iggnita.com\/en\/urun\/denso-gi3-4-iridyum-buji\/#primaryimage"},"image":{"@id":"https:\/\/iggnita.com\/en\/urun\/denso-gi3-4-iridyum-buji\/#primaryimage"},"thumbnailUrl":"https:\/\/iggnita.com\/en\/wp-content\/uploads\/2022\/04\/Denso-GI3-4-Buji.jpg","datePublished":"2022-04-25T14:35:11+00:00","dateModified":"2024-10-10T09:00:09+00:00","breadcrumb":{"@id":"https:\/\/iggnita.com\/en\/urun\/denso-gi3-4-iridyum-buji\/#breadcrumb"},"inLanguage":"en-US","potentialAction":[{"@type":"ReadAction","target":["https:\/\/iggnita.com\/en\/urun\/denso-gi3-4-iridyum-buji\/"]}]},{"@type":"ImageObject","inLanguage":"en-US","@id":"https:\/\/iggnita.com\/en\/urun\/denso-gi3-4-iridyum-buji\/#primaryimage","url":"https:\/\/iggnita.com\/en\/wp-content\/uploads\/2022\/04\/Denso-GI3-4-Buji.jpg","contentUrl":"https:\/\/iggnita.com\/en\/wp-content\/uploads\/2022\/04\/Denso-GI3-4-Buji.jpg","width":1800,"height":1800},{"@type":"BreadcrumbList","@id":"https:\/\/iggnita.com\/en\/urun\/denso-gi3-4-iridyum-buji\/#breadcrumb","itemListElement":[{"@type":"ListItem","position":1,"name":"Anasayfa","item":"https:\/\/iggnita.com\/en\/"},{"@type":"ListItem","position":2,"name":"Shop","item":"https:\/\/iggnita.com\/en\/iggnitashop\/"},{"@type":"ListItem","position":3,"name":"Denso GI3-4 Iridium Spark Plug"}]},{"@type":"WebSite","@id":"https:\/\/iggnita.com\/en\/#website","url":"https:\/\/iggnita.com\/en\/","name":"iggnita","description":"Gaz Motoru Yedek Par\u00e7alar\u0131","publisher":{"@id":"https:\/\/iggnita.com\/en\/#organization"},"potentialAction":[{"@type":"SearchAction","target":{"@type":"EntryPoint","urlTemplate":"https:\/\/iggnita.com\/en\/?s={search_term_string}"},"query-input":{"@type":"PropertyValueSpecification","valueRequired":true,"valueName":"search_term_string"}}],"inLanguage":"en-US"},{"@type":"Organization","@id":"https:\/\/iggnita.com\/en\/#organization","name":"\u0130GGN\u0130TA MAK\u0130NA SANAY\u0130 VE T\u0130CARET","url":"https:\/\/iggnita.com\/en\/","logo":{"@type":"ImageObject","inLanguage":"en-US","@id":"https:\/\/iggnita.com\/en\/#\/schema\/logo\/image\/","url":"https:\/\/iggnita.com\/en\/wp-content\/uploads\/2020\/12\/cropped-cropped-iggnita-logokkk.png","contentUrl":"https:\/\/iggnita.com\/en\/wp-content\/uploads\/2020\/12\/cropped-cropped-iggnita-logokkk.png","width":330,"height":110,"caption":"\u0130GGN\u0130TA MAK\u0130NA SANAY\u0130 VE T\u0130CARET"},"image":{"@id":"https:\/\/iggnita.com\/en\/#\/schema\/logo\/image\/"},"sameAs":["https:\/\/www.facebook.com\/iggnita","https:\/\/x.com\/iggnita","https:\/\/www.instagram.com\/iggnita\/","https:\/\/www.linkedin.com\/company\/70903335\/admin\/","https:\/\/www.youtube.com\/channel\/UC0vF0xKibV2BYvXQi7kWb5w"]}]}},"_links":{"self":[{"href":"https:\/\/iggnita.com\/en\/wp-json\/wp\/v2\/product\/18244","targetHints":{"allow":["GET"]}}],"collection":[{"href":"https:\/\/iggnita.com\/en\/wp-json\/wp\/v2\/product"}],"about":[{"href":"https:\/\/iggnita.com\/en\/wp-json\/wp\/v2\/types\/product"}],"wp:featuredmedia":[{"embeddable":true,"href":"https:\/\/iggnita.com\/en\/wp-json\/wp\/v2\/media\/34191"}],"wp:attachment":[{"href":"https:\/\/iggnita.com\/en\/wp-json\/wp\/v2\/media?parent=18244"}],"wp:term":[{"taxonomy":"product_brand","embeddable":true,"href":"https:\/\/iggnita.com\/en\/wp-json\/wp\/v2\/product_brand?post=18244"},{"taxonomy":"product_cat","embeddable":true,"href":"https:\/\/iggnita.com\/en\/wp-json\/wp\/v2\/product_cat?post=18244"},{"taxonomy":"product_tag","embeddable":true,"href":"https:\/\/iggnita.com\/en\/wp-json\/wp\/v2\/product_tag?post=18244"}],"curies":[{"name":"wp","href":"https:\/\/api.w.org\/{rel}","templated":true}]}}