{"id":36857,"date":"2024-10-08T08:28:04","date_gmt":"2024-10-08T08:28:04","guid":{"rendered":"https:\/\/iggnita.com\/en\/?post_type=product&#038;p=36857"},"modified":"2024-10-08T13:26:49","modified_gmt":"2024-10-08T13:26:49","slug":"mann-filter-w-11-102-34-tedom-cat-alternative-oil-filter","status":"publish","type":"product","link":"https:\/\/iggnita.com\/en\/urun\/mann-filter-w-11-102-34-tedom-cat-alternative-oil-filter\/","title":{"rendered":"MANN FILTER W 11 102\/34 &#8211; Tedom \/ CAT Alternative Oil Filter"},"content":{"rendered":"<p>CAT Oil Filter: P\/N: 1R0739<\/p>\n<p>Tedom Oil Filter P\/N: 100344<\/p>\n<p>Spare Parts for Industrial Tedom Engines &#8211; Alternative Oil Filter<\/p>\n<p>GTIN code 4011558021658<\/p>\n<p>Technical Specifications:<\/p>\n<p>Height [mm] : 262 mm<\/p>\n<p>Thread Size: 1 1 \/ 8-16 UN<\/p>\n<p>Article number of the recommended special tools : LS 11<\/p>\n<p>Inner Diameter 2 [ mm ] : 100 mm<\/p>\n<p>Inner Diameter 1 [ mm ] : 92 mm<\/p>\n<p>Outer diameter [ mm ] : 108 mm<\/p>\n<p>Cross References:<\/p>\n<p>Mann+Hummel: 1106776S01; 1210979S01; W 11 102\/34; W11102\/34; W1110234<\/p>\n<p>CATERPILLAR: 1W-3300, 1R-0658, 5P-1119, 2P-4004, 1R-0739,<\/p>\n<p>BOSCH 0451103343 BOSCH F026407043<\/p>\n<p>CATERPILLAR 1R0658 CATERPILLAR 1R0739 CATERPILLAR 1W3300 CATERPILLAR 2P4004 CATERPILLAR 5P1119<\/p>\n<p>DONALDSON P167404 DONALDSON P550369 DONALDSON P550519 DONALDSON P554004<\/p>\n<p>FIL FILTER ZP3203 FIL FILTER ZP3226<\/p>\n<p>FLEETGUARD LF17503 FLEETGUARD LF3675 FLEETGUARD LF9667<\/p>\n<p>HENGST FILTER H200W03 HENGST FILTER H200W04 HENGST FILTER H200W40<\/p>\n<p>MAHLE FILTER OC370<\/p>\n<p>RENAULT TRUCKS 5001846641 RENAULT TRUCKS 5001846642 RENAULT TRUCKS 7420709459 RENAULT TRUCKS 7421561278<\/p>\n<p>VOLVO 21170569 VOLVO 21707133 VOLVO 478362 VOLVO 478736 VOLVO 4787362<\/p>\n<p>NISSAN-MOTOR \/ UD TRUCKS 5221170569. 5221706577<\/p>\n<p>Fleetguard LF17503 Fleetguard LF3675 Fleetguard LF9667<\/p>\n","protected":false},"excerpt":{"rendered":"<p>MANN FILTER W 11 102\/34<\/p>\n<p>Our Iggnita Istanbul Warehouse Delivery Price:<\/p>\n<p>(Please sign up for special prices)<\/p>\n","protected":false},"featured_media":12588,"template":"","meta":[],"product_brand":[],"product_cat":[108],"product_tag":[523,706,707,500,703,705,704],"class_list":{"0":"post-36857","1":"product","2":"type-product","3":"status-publish","4":"has-post-thumbnail","6":"product_cat-yag-filtreleri","7":"product_tag-cat","8":"product_tag-cat-filtre","9":"product_tag-cat-gaz-motorlari","10":"product_tag-cat-yedek-parca","11":"product_tag-tedom","12":"product_tag-tedom-motor","13":"product_tag-tedom-yedek-parca","14":"pa_motor-modelleri-cat","15":"pa_motor-modelleri-tedom","16":"pa_orijinal-oem-alternatif-alternatif","17":"pa_parca-markasi-mann-filter","18":"pa_urun-tipi-parca","19":"","21":"first","22":"instock","23":"taxable","24":"shipping-taxable","25":"product-type-simple"},"yoast_head":"<!-- This site is optimized with the Yoast SEO plugin v25.3 - https:\/\/yoast.com\/wordpress\/plugins\/seo\/ -->\n<title>MANN FILTER W 11 102\/34 - Tedom \/ CAT Alternative Oil Filter - iggnita<\/title>\n<meta name=\"robots\" content=\"index, follow, max-snippet:-1, max-image-preview:large, max-video-preview:-1\" \/>\n<link rel=\"canonical\" href=\"https:\/\/iggnita.com\/en\/urun\/mann-filter-w-11-102-34-tedom-cat-alternative-oil-filter\/\" \/>\n<meta property=\"og:locale\" content=\"en_US\" \/>\n<meta property=\"og:type\" content=\"article\" \/>\n<meta property=\"og:title\" content=\"MANN FILTER W 11 102\/34 - Tedom \/ CAT Alternative Oil Filter - iggnita\" \/>\n<meta property=\"og:description\" content=\"MANN FILTER W 11 102\/34 Our Iggnita Istanbul Warehouse Delivery Price: (Please sign up for special prices)\" \/>\n<meta property=\"og:url\" content=\"https:\/\/iggnita.com\/en\/urun\/mann-filter-w-11-102-34-tedom-cat-alternative-oil-filter\/\" \/>\n<meta property=\"og:site_name\" content=\"iggnita\" \/>\n<meta property=\"article:publisher\" content=\"https:\/\/www.facebook.com\/iggnita\" \/>\n<meta property=\"article:modified_time\" content=\"2024-10-08T13:26:49+00:00\" \/>\n<meta name=\"twitter:card\" content=\"summary_large_image\" \/>\n<meta name=\"twitter:site\" content=\"@iggnita\" \/>\n<meta name=\"twitter:label1\" content=\"Est. reading time\" \/>\n\t<meta name=\"twitter:data1\" content=\"1 minute\" \/>\n<script type=\"application\/ld+json\" class=\"yoast-schema-graph\">{\"@context\":\"https:\/\/schema.org\",\"@graph\":[{\"@type\":\"WebPage\",\"@id\":\"https:\/\/iggnita.com\/en\/urun\/mann-filter-w-11-102-34-tedom-cat-alternative-oil-filter\/\",\"url\":\"https:\/\/iggnita.com\/en\/urun\/mann-filter-w-11-102-34-tedom-cat-alternative-oil-filter\/\",\"name\":\"MANN FILTER W 11 102\/34 - Tedom \/ CAT Alternative Oil Filter - iggnita\",\"isPartOf\":{\"@id\":\"https:\/\/iggnita.com\/en\/#website\"},\"primaryImageOfPage\":{\"@id\":\"https:\/\/iggnita.com\/en\/urun\/mann-filter-w-11-102-34-tedom-cat-alternative-oil-filter\/#primaryimage\"},\"image\":{\"@id\":\"https:\/\/iggnita.com\/en\/urun\/mann-filter-w-11-102-34-tedom-cat-alternative-oil-filter\/#primaryimage\"},\"thumbnailUrl\":\"https:\/\/iggnita.com\/en\/wp-content\/uploads\/2021\/09\/mann-w-11-102-34.jpg\",\"datePublished\":\"2024-10-08T08:28:04+00:00\",\"dateModified\":\"2024-10-08T13:26:49+00:00\",\"breadcrumb\":{\"@id\":\"https:\/\/iggnita.com\/en\/urun\/mann-filter-w-11-102-34-tedom-cat-alternative-oil-filter\/#breadcrumb\"},\"inLanguage\":\"en-US\",\"potentialAction\":[{\"@type\":\"ReadAction\",\"target\":[\"https:\/\/iggnita.com\/en\/urun\/mann-filter-w-11-102-34-tedom-cat-alternative-oil-filter\/\"]}]},{\"@type\":\"ImageObject\",\"inLanguage\":\"en-US\",\"@id\":\"https:\/\/iggnita.com\/en\/urun\/mann-filter-w-11-102-34-tedom-cat-alternative-oil-filter\/#primaryimage\",\"url\":\"https:\/\/iggnita.com\/en\/wp-content\/uploads\/2021\/09\/mann-w-11-102-34.jpg\",\"contentUrl\":\"https:\/\/iggnita.com\/en\/wp-content\/uploads\/2021\/09\/mann-w-11-102-34.jpg\",\"width\":1600,\"height\":1600},{\"@type\":\"BreadcrumbList\",\"@id\":\"https:\/\/iggnita.com\/en\/urun\/mann-filter-w-11-102-34-tedom-cat-alternative-oil-filter\/#breadcrumb\",\"itemListElement\":[{\"@type\":\"ListItem\",\"position\":1,\"name\":\"Anasayfa\",\"item\":\"https:\/\/iggnita.com\/en\/\"},{\"@type\":\"ListItem\",\"position\":2,\"name\":\"Shop\",\"item\":\"https:\/\/iggnita.com\/en\/iggnitashop\/\"},{\"@type\":\"ListItem\",\"position\":3,\"name\":\"MANN FILTER W 11 102\/34 &#8211; Tedom \/ CAT Alternative Oil Filter\"}]},{\"@type\":\"WebSite\",\"@id\":\"https:\/\/iggnita.com\/en\/#website\",\"url\":\"https:\/\/iggnita.com\/en\/\",\"name\":\"iggnita\",\"description\":\"Gaz Motoru Yedek Par\u00e7alar\u0131\",\"publisher\":{\"@id\":\"https:\/\/iggnita.com\/en\/#organization\"},\"potentialAction\":[{\"@type\":\"SearchAction\",\"target\":{\"@type\":\"EntryPoint\",\"urlTemplate\":\"https:\/\/iggnita.com\/en\/?s={search_term_string}\"},\"query-input\":{\"@type\":\"PropertyValueSpecification\",\"valueRequired\":true,\"valueName\":\"search_term_string\"}}],\"inLanguage\":\"en-US\"},{\"@type\":\"Organization\",\"@id\":\"https:\/\/iggnita.com\/en\/#organization\",\"name\":\"\u0130GGN\u0130TA MAK\u0130NA SANAY\u0130 VE T\u0130CARET\",\"url\":\"https:\/\/iggnita.com\/en\/\",\"logo\":{\"@type\":\"ImageObject\",\"inLanguage\":\"en-US\",\"@id\":\"https:\/\/iggnita.com\/en\/#\/schema\/logo\/image\/\",\"url\":\"https:\/\/iggnita.com\/en\/wp-content\/uploads\/2020\/12\/cropped-cropped-iggnita-logokkk.png\",\"contentUrl\":\"https:\/\/iggnita.com\/en\/wp-content\/uploads\/2020\/12\/cropped-cropped-iggnita-logokkk.png\",\"width\":330,\"height\":110,\"caption\":\"\u0130GGN\u0130TA MAK\u0130NA SANAY\u0130 VE T\u0130CARET\"},\"image\":{\"@id\":\"https:\/\/iggnita.com\/en\/#\/schema\/logo\/image\/\"},\"sameAs\":[\"https:\/\/www.facebook.com\/iggnita\",\"https:\/\/x.com\/iggnita\",\"https:\/\/www.instagram.com\/iggnita\/\",\"https:\/\/www.linkedin.com\/company\/70903335\/admin\/\",\"https:\/\/www.youtube.com\/channel\/UC0vF0xKibV2BYvXQi7kWb5w\"]}]}<\/script>\n<!-- \/ Yoast SEO plugin. -->","yoast_head_json":{"title":"MANN FILTER W 11 102\/34 - Tedom \/ CAT Alternative Oil Filter - iggnita","robots":{"index":"index","follow":"follow","max-snippet":"max-snippet:-1","max-image-preview":"max-image-preview:large","max-video-preview":"max-video-preview:-1"},"canonical":"https:\/\/iggnita.com\/en\/urun\/mann-filter-w-11-102-34-tedom-cat-alternative-oil-filter\/","og_locale":"en_US","og_type":"article","og_title":"MANN FILTER W 11 102\/34 - Tedom \/ CAT Alternative Oil Filter - iggnita","og_description":"MANN FILTER W 11 102\/34 Our Iggnita Istanbul Warehouse Delivery Price: (Please sign up for special prices)","og_url":"https:\/\/iggnita.com\/en\/urun\/mann-filter-w-11-102-34-tedom-cat-alternative-oil-filter\/","og_site_name":"iggnita","article_publisher":"https:\/\/www.facebook.com\/iggnita","article_modified_time":"2024-10-08T13:26:49+00:00","twitter_card":"summary_large_image","twitter_site":"@iggnita","twitter_misc":{"Est. reading time":"1 minute"},"schema":{"@context":"https:\/\/schema.org","@graph":[{"@type":"WebPage","@id":"https:\/\/iggnita.com\/en\/urun\/mann-filter-w-11-102-34-tedom-cat-alternative-oil-filter\/","url":"https:\/\/iggnita.com\/en\/urun\/mann-filter-w-11-102-34-tedom-cat-alternative-oil-filter\/","name":"MANN FILTER W 11 102\/34 - Tedom \/ CAT Alternative Oil Filter - iggnita","isPartOf":{"@id":"https:\/\/iggnita.com\/en\/#website"},"primaryImageOfPage":{"@id":"https:\/\/iggnita.com\/en\/urun\/mann-filter-w-11-102-34-tedom-cat-alternative-oil-filter\/#primaryimage"},"image":{"@id":"https:\/\/iggnita.com\/en\/urun\/mann-filter-w-11-102-34-tedom-cat-alternative-oil-filter\/#primaryimage"},"thumbnailUrl":"https:\/\/iggnita.com\/en\/wp-content\/uploads\/2021\/09\/mann-w-11-102-34.jpg","datePublished":"2024-10-08T08:28:04+00:00","dateModified":"2024-10-08T13:26:49+00:00","breadcrumb":{"@id":"https:\/\/iggnita.com\/en\/urun\/mann-filter-w-11-102-34-tedom-cat-alternative-oil-filter\/#breadcrumb"},"inLanguage":"en-US","potentialAction":[{"@type":"ReadAction","target":["https:\/\/iggnita.com\/en\/urun\/mann-filter-w-11-102-34-tedom-cat-alternative-oil-filter\/"]}]},{"@type":"ImageObject","inLanguage":"en-US","@id":"https:\/\/iggnita.com\/en\/urun\/mann-filter-w-11-102-34-tedom-cat-alternative-oil-filter\/#primaryimage","url":"https:\/\/iggnita.com\/en\/wp-content\/uploads\/2021\/09\/mann-w-11-102-34.jpg","contentUrl":"https:\/\/iggnita.com\/en\/wp-content\/uploads\/2021\/09\/mann-w-11-102-34.jpg","width":1600,"height":1600},{"@type":"BreadcrumbList","@id":"https:\/\/iggnita.com\/en\/urun\/mann-filter-w-11-102-34-tedom-cat-alternative-oil-filter\/#breadcrumb","itemListElement":[{"@type":"ListItem","position":1,"name":"Anasayfa","item":"https:\/\/iggnita.com\/en\/"},{"@type":"ListItem","position":2,"name":"Shop","item":"https:\/\/iggnita.com\/en\/iggnitashop\/"},{"@type":"ListItem","position":3,"name":"MANN FILTER W 11 102\/34 &#8211; Tedom \/ CAT Alternative Oil Filter"}]},{"@type":"WebSite","@id":"https:\/\/iggnita.com\/en\/#website","url":"https:\/\/iggnita.com\/en\/","name":"iggnita","description":"Gaz Motoru Yedek Par\u00e7alar\u0131","publisher":{"@id":"https:\/\/iggnita.com\/en\/#organization"},"potentialAction":[{"@type":"SearchAction","target":{"@type":"EntryPoint","urlTemplate":"https:\/\/iggnita.com\/en\/?s={search_term_string}"},"query-input":{"@type":"PropertyValueSpecification","valueRequired":true,"valueName":"search_term_string"}}],"inLanguage":"en-US"},{"@type":"Organization","@id":"https:\/\/iggnita.com\/en\/#organization","name":"\u0130GGN\u0130TA MAK\u0130NA SANAY\u0130 VE T\u0130CARET","url":"https:\/\/iggnita.com\/en\/","logo":{"@type":"ImageObject","inLanguage":"en-US","@id":"https:\/\/iggnita.com\/en\/#\/schema\/logo\/image\/","url":"https:\/\/iggnita.com\/en\/wp-content\/uploads\/2020\/12\/cropped-cropped-iggnita-logokkk.png","contentUrl":"https:\/\/iggnita.com\/en\/wp-content\/uploads\/2020\/12\/cropped-cropped-iggnita-logokkk.png","width":330,"height":110,"caption":"\u0130GGN\u0130TA MAK\u0130NA SANAY\u0130 VE T\u0130CARET"},"image":{"@id":"https:\/\/iggnita.com\/en\/#\/schema\/logo\/image\/"},"sameAs":["https:\/\/www.facebook.com\/iggnita","https:\/\/x.com\/iggnita","https:\/\/www.instagram.com\/iggnita\/","https:\/\/www.linkedin.com\/company\/70903335\/admin\/","https:\/\/www.youtube.com\/channel\/UC0vF0xKibV2BYvXQi7kWb5w"]}]}},"_links":{"self":[{"href":"https:\/\/iggnita.com\/en\/wp-json\/wp\/v2\/product\/36857","targetHints":{"allow":["GET"]}}],"collection":[{"href":"https:\/\/iggnita.com\/en\/wp-json\/wp\/v2\/product"}],"about":[{"href":"https:\/\/iggnita.com\/en\/wp-json\/wp\/v2\/types\/product"}],"wp:featuredmedia":[{"embeddable":true,"href":"https:\/\/iggnita.com\/en\/wp-json\/wp\/v2\/media\/12588"}],"wp:attachment":[{"href":"https:\/\/iggnita.com\/en\/wp-json\/wp\/v2\/media?parent=36857"}],"wp:term":[{"taxonomy":"product_brand","embeddable":true,"href":"https:\/\/iggnita.com\/en\/wp-json\/wp\/v2\/product_brand?post=36857"},{"taxonomy":"product_cat","embeddable":true,"href":"https:\/\/iggnita.com\/en\/wp-json\/wp\/v2\/product_cat?post=36857"},{"taxonomy":"product_tag","embeddable":true,"href":"https:\/\/iggnita.com\/en\/wp-json\/wp\/v2\/product_tag?post=36857"}],"curies":[{"name":"wp","href":"https:\/\/api.w.org\/{rel}","templated":true}]}}