{"id":4130,"date":"2021-01-19T15:39:26","date_gmt":"2021-01-19T15:39:26","guid":{"rendered":"https:\/\/iggnita.com\/en\/urun\/buji-seti-kutu-jenbacher-p7-1v6-4-pcs-jenbacher-382195-original\/"},"modified":"2024-10-10T09:02:19","modified_gmt":"2024-10-10T09:02:19","slug":"buji-seti-kutu-jenbacher-p7-1v6-4-pcs-jenbacher-382195-original","status":"publish","type":"product","link":"https:\/\/iggnita.com\/en\/urun\/buji-seti-kutu-jenbacher-p7-1v6-4-pcs-jenbacher-382195-original\/","title":{"rendered":"Spark Plug Set P7.1V6 Jenbacher 382195 Original"},"content":{"rendered":"<p>Spark Plug Tin Jenbacher P7.1V6 382195 Original<\/p>\n<p>For optimum operation, we recommend that you adjust the electrode gap to 0.30 mm before each installation and always use new spark plug gaskets at each reassembly.<\/p>\n<p>Suitable for Jenbacher 2 Series, Jenbacher 3 Series and Jenbacher 4 Series.<\/p>\n<p>There are 4 spark plugs in the box. P7N1; P7.1V5; P7.1V6 is suitable for standard and special gas powered engines. (Box PN 1233808\/351000).<\/p>\n<p>Cross References:<\/p>\n<p>Jenbacher \/ INNIO:<\/p>\n<p>382195 \/ 382194 \/ 351000 \/ 341015 \/ 340051 \/ 314322 \/ 1233808<\/p>\n","protected":false},"excerpt":{"rendered":"<p>Janbacher Jenbacher 2 Series, Jenbacher 3 Series, Jenbacher 4 Series<\/p>\n<p>Our Iggnita Istanbul Warehouse Delivery Price:<\/p>\n<p>(Please sign up for special prices)<\/p>\n","protected":false},"featured_media":12410,"template":"","meta":[],"product_brand":[],"product_cat":[115],"product_tag":[478,481,529,504],"class_list":{"0":"post-4130","1":"product","2":"type-product","3":"status-publish","4":"has-post-thumbnail","6":"product_cat-bujiler","7":"product_tag-buji","8":"product_tag-jenbacher","9":"product_tag-jenbacher-orijinal","10":"product_tag-jenbacher-yedek-parca","11":"pa_motor-modelleri-jenbacher-2-serisi","12":"pa_motor-modelleri-jenbacher-3-serisi","13":"pa_motor-modelleri-jenbacher-4-serisi","14":"pa_orijinal-oem-alternatif-orijinal","15":"pa_parca-markasi-jenbacher","16":"pa_urun-tipi-parca","17":"","19":"first","20":"instock","21":"taxable","22":"shipping-taxable","23":"product-type-simple"},"yoast_head":"<!-- This site is optimized with the Yoast SEO plugin v25.3 - https:\/\/yoast.com\/wordpress\/plugins\/seo\/ -->\n<title>Spark Plug Set P7.1V6 Jenbacher 382195 Original - iggnita<\/title>\n<meta name=\"robots\" content=\"index, follow, max-snippet:-1, max-image-preview:large, max-video-preview:-1\" \/>\n<link rel=\"canonical\" href=\"https:\/\/iggnita.com\/en\/urun\/buji-seti-kutu-jenbacher-p7-1v6-4-pcs-jenbacher-382195-original\/\" \/>\n<meta property=\"og:locale\" content=\"en_US\" \/>\n<meta property=\"og:type\" content=\"article\" \/>\n<meta property=\"og:title\" content=\"Spark Plug Set P7.1V6 Jenbacher 382195 Original - iggnita\" \/>\n<meta property=\"og:description\" content=\"Janbacher Jenbacher 2 Series, Jenbacher 3 Series, Jenbacher 4 Series Our Iggnita Istanbul Warehouse Delivery Price: (Please sign up for special prices)\" \/>\n<meta property=\"og:url\" content=\"https:\/\/iggnita.com\/en\/urun\/buji-seti-kutu-jenbacher-p7-1v6-4-pcs-jenbacher-382195-original\/\" \/>\n<meta property=\"og:site_name\" content=\"iggnita\" \/>\n<meta property=\"article:publisher\" content=\"https:\/\/www.facebook.com\/iggnita\" \/>\n<meta property=\"article:modified_time\" content=\"2024-10-10T09:02:19+00:00\" \/>\n<meta property=\"og:image\" content=\"https:\/\/iggnita.com\/en\/wp-content\/uploads\/2021\/01\/Buji-Seti-P7.1V6-Jenbacher-382195-Orijinal.jpg\" \/>\n\t<meta property=\"og:image:width\" content=\"1600\" \/>\n\t<meta property=\"og:image:height\" content=\"1600\" \/>\n\t<meta property=\"og:image:type\" content=\"image\/jpeg\" \/>\n<meta name=\"twitter:card\" content=\"summary_large_image\" \/>\n<meta name=\"twitter:site\" content=\"@iggnita\" \/>\n<meta name=\"twitter:label1\" content=\"Est. reading time\" \/>\n\t<meta name=\"twitter:data1\" content=\"1 minute\" \/>\n<script type=\"application\/ld+json\" class=\"yoast-schema-graph\">{\"@context\":\"https:\/\/schema.org\",\"@graph\":[{\"@type\":\"WebPage\",\"@id\":\"https:\/\/iggnita.com\/en\/urun\/buji-seti-kutu-jenbacher-p7-1v6-4-pcs-jenbacher-382195-original\/\",\"url\":\"https:\/\/iggnita.com\/en\/urun\/buji-seti-kutu-jenbacher-p7-1v6-4-pcs-jenbacher-382195-original\/\",\"name\":\"Spark Plug Set P7.1V6 Jenbacher 382195 Original - iggnita\",\"isPartOf\":{\"@id\":\"https:\/\/iggnita.com\/en\/#website\"},\"primaryImageOfPage\":{\"@id\":\"https:\/\/iggnita.com\/en\/urun\/buji-seti-kutu-jenbacher-p7-1v6-4-pcs-jenbacher-382195-original\/#primaryimage\"},\"image\":{\"@id\":\"https:\/\/iggnita.com\/en\/urun\/buji-seti-kutu-jenbacher-p7-1v6-4-pcs-jenbacher-382195-original\/#primaryimage\"},\"thumbnailUrl\":\"https:\/\/iggnita.com\/en\/wp-content\/uploads\/2021\/01\/Buji-Seti-P7.1V6-Jenbacher-382195-Orijinal.jpg\",\"datePublished\":\"2021-01-19T15:39:26+00:00\",\"dateModified\":\"2024-10-10T09:02:19+00:00\",\"breadcrumb\":{\"@id\":\"https:\/\/iggnita.com\/en\/urun\/buji-seti-kutu-jenbacher-p7-1v6-4-pcs-jenbacher-382195-original\/#breadcrumb\"},\"inLanguage\":\"en-US\",\"potentialAction\":[{\"@type\":\"ReadAction\",\"target\":[\"https:\/\/iggnita.com\/en\/urun\/buji-seti-kutu-jenbacher-p7-1v6-4-pcs-jenbacher-382195-original\/\"]}]},{\"@type\":\"ImageObject\",\"inLanguage\":\"en-US\",\"@id\":\"https:\/\/iggnita.com\/en\/urun\/buji-seti-kutu-jenbacher-p7-1v6-4-pcs-jenbacher-382195-original\/#primaryimage\",\"url\":\"https:\/\/iggnita.com\/en\/wp-content\/uploads\/2021\/01\/Buji-Seti-P7.1V6-Jenbacher-382195-Orijinal.jpg\",\"contentUrl\":\"https:\/\/iggnita.com\/en\/wp-content\/uploads\/2021\/01\/Buji-Seti-P7.1V6-Jenbacher-382195-Orijinal.jpg\",\"width\":1600,\"height\":1600},{\"@type\":\"BreadcrumbList\",\"@id\":\"https:\/\/iggnita.com\/en\/urun\/buji-seti-kutu-jenbacher-p7-1v6-4-pcs-jenbacher-382195-original\/#breadcrumb\",\"itemListElement\":[{\"@type\":\"ListItem\",\"position\":1,\"name\":\"Anasayfa\",\"item\":\"https:\/\/iggnita.com\/en\/\"},{\"@type\":\"ListItem\",\"position\":2,\"name\":\"Shop\",\"item\":\"https:\/\/iggnita.com\/en\/iggnitashop\/\"},{\"@type\":\"ListItem\",\"position\":3,\"name\":\"Spark Plug Set P7.1V6 Jenbacher 382195 Original\"}]},{\"@type\":\"WebSite\",\"@id\":\"https:\/\/iggnita.com\/en\/#website\",\"url\":\"https:\/\/iggnita.com\/en\/\",\"name\":\"iggnita\",\"description\":\"Gaz Motoru Yedek Par\u00e7alar\u0131\",\"publisher\":{\"@id\":\"https:\/\/iggnita.com\/en\/#organization\"},\"potentialAction\":[{\"@type\":\"SearchAction\",\"target\":{\"@type\":\"EntryPoint\",\"urlTemplate\":\"https:\/\/iggnita.com\/en\/?s={search_term_string}\"},\"query-input\":{\"@type\":\"PropertyValueSpecification\",\"valueRequired\":true,\"valueName\":\"search_term_string\"}}],\"inLanguage\":\"en-US\"},{\"@type\":\"Organization\",\"@id\":\"https:\/\/iggnita.com\/en\/#organization\",\"name\":\"\u0130GGN\u0130TA MAK\u0130NA SANAY\u0130 VE T\u0130CARET\",\"url\":\"https:\/\/iggnita.com\/en\/\",\"logo\":{\"@type\":\"ImageObject\",\"inLanguage\":\"en-US\",\"@id\":\"https:\/\/iggnita.com\/en\/#\/schema\/logo\/image\/\",\"url\":\"https:\/\/iggnita.com\/en\/wp-content\/uploads\/2020\/12\/cropped-cropped-iggnita-logokkk.png\",\"contentUrl\":\"https:\/\/iggnita.com\/en\/wp-content\/uploads\/2020\/12\/cropped-cropped-iggnita-logokkk.png\",\"width\":330,\"height\":110,\"caption\":\"\u0130GGN\u0130TA MAK\u0130NA SANAY\u0130 VE T\u0130CARET\"},\"image\":{\"@id\":\"https:\/\/iggnita.com\/en\/#\/schema\/logo\/image\/\"},\"sameAs\":[\"https:\/\/www.facebook.com\/iggnita\",\"https:\/\/x.com\/iggnita\",\"https:\/\/www.instagram.com\/iggnita\/\",\"https:\/\/www.linkedin.com\/company\/70903335\/admin\/\",\"https:\/\/www.youtube.com\/channel\/UC0vF0xKibV2BYvXQi7kWb5w\"]}]}<\/script>\n<!-- \/ Yoast SEO plugin. -->","yoast_head_json":{"title":"Spark Plug Set P7.1V6 Jenbacher 382195 Original - iggnita","robots":{"index":"index","follow":"follow","max-snippet":"max-snippet:-1","max-image-preview":"max-image-preview:large","max-video-preview":"max-video-preview:-1"},"canonical":"https:\/\/iggnita.com\/en\/urun\/buji-seti-kutu-jenbacher-p7-1v6-4-pcs-jenbacher-382195-original\/","og_locale":"en_US","og_type":"article","og_title":"Spark Plug Set P7.1V6 Jenbacher 382195 Original - iggnita","og_description":"Janbacher Jenbacher 2 Series, Jenbacher 3 Series, Jenbacher 4 Series Our Iggnita Istanbul Warehouse Delivery Price: (Please sign up for special prices)","og_url":"https:\/\/iggnita.com\/en\/urun\/buji-seti-kutu-jenbacher-p7-1v6-4-pcs-jenbacher-382195-original\/","og_site_name":"iggnita","article_publisher":"https:\/\/www.facebook.com\/iggnita","article_modified_time":"2024-10-10T09:02:19+00:00","og_image":[{"width":1600,"height":1600,"url":"https:\/\/iggnita.com\/en\/wp-content\/uploads\/2021\/01\/Buji-Seti-P7.1V6-Jenbacher-382195-Orijinal.jpg","type":"image\/jpeg"}],"twitter_card":"summary_large_image","twitter_site":"@iggnita","twitter_misc":{"Est. reading time":"1 minute"},"schema":{"@context":"https:\/\/schema.org","@graph":[{"@type":"WebPage","@id":"https:\/\/iggnita.com\/en\/urun\/buji-seti-kutu-jenbacher-p7-1v6-4-pcs-jenbacher-382195-original\/","url":"https:\/\/iggnita.com\/en\/urun\/buji-seti-kutu-jenbacher-p7-1v6-4-pcs-jenbacher-382195-original\/","name":"Spark Plug Set P7.1V6 Jenbacher 382195 Original - iggnita","isPartOf":{"@id":"https:\/\/iggnita.com\/en\/#website"},"primaryImageOfPage":{"@id":"https:\/\/iggnita.com\/en\/urun\/buji-seti-kutu-jenbacher-p7-1v6-4-pcs-jenbacher-382195-original\/#primaryimage"},"image":{"@id":"https:\/\/iggnita.com\/en\/urun\/buji-seti-kutu-jenbacher-p7-1v6-4-pcs-jenbacher-382195-original\/#primaryimage"},"thumbnailUrl":"https:\/\/iggnita.com\/en\/wp-content\/uploads\/2021\/01\/Buji-Seti-P7.1V6-Jenbacher-382195-Orijinal.jpg","datePublished":"2021-01-19T15:39:26+00:00","dateModified":"2024-10-10T09:02:19+00:00","breadcrumb":{"@id":"https:\/\/iggnita.com\/en\/urun\/buji-seti-kutu-jenbacher-p7-1v6-4-pcs-jenbacher-382195-original\/#breadcrumb"},"inLanguage":"en-US","potentialAction":[{"@type":"ReadAction","target":["https:\/\/iggnita.com\/en\/urun\/buji-seti-kutu-jenbacher-p7-1v6-4-pcs-jenbacher-382195-original\/"]}]},{"@type":"ImageObject","inLanguage":"en-US","@id":"https:\/\/iggnita.com\/en\/urun\/buji-seti-kutu-jenbacher-p7-1v6-4-pcs-jenbacher-382195-original\/#primaryimage","url":"https:\/\/iggnita.com\/en\/wp-content\/uploads\/2021\/01\/Buji-Seti-P7.1V6-Jenbacher-382195-Orijinal.jpg","contentUrl":"https:\/\/iggnita.com\/en\/wp-content\/uploads\/2021\/01\/Buji-Seti-P7.1V6-Jenbacher-382195-Orijinal.jpg","width":1600,"height":1600},{"@type":"BreadcrumbList","@id":"https:\/\/iggnita.com\/en\/urun\/buji-seti-kutu-jenbacher-p7-1v6-4-pcs-jenbacher-382195-original\/#breadcrumb","itemListElement":[{"@type":"ListItem","position":1,"name":"Anasayfa","item":"https:\/\/iggnita.com\/en\/"},{"@type":"ListItem","position":2,"name":"Shop","item":"https:\/\/iggnita.com\/en\/iggnitashop\/"},{"@type":"ListItem","position":3,"name":"Spark Plug Set P7.1V6 Jenbacher 382195 Original"}]},{"@type":"WebSite","@id":"https:\/\/iggnita.com\/en\/#website","url":"https:\/\/iggnita.com\/en\/","name":"iggnita","description":"Gaz Motoru Yedek Par\u00e7alar\u0131","publisher":{"@id":"https:\/\/iggnita.com\/en\/#organization"},"potentialAction":[{"@type":"SearchAction","target":{"@type":"EntryPoint","urlTemplate":"https:\/\/iggnita.com\/en\/?s={search_term_string}"},"query-input":{"@type":"PropertyValueSpecification","valueRequired":true,"valueName":"search_term_string"}}],"inLanguage":"en-US"},{"@type":"Organization","@id":"https:\/\/iggnita.com\/en\/#organization","name":"\u0130GGN\u0130TA MAK\u0130NA SANAY\u0130 VE T\u0130CARET","url":"https:\/\/iggnita.com\/en\/","logo":{"@type":"ImageObject","inLanguage":"en-US","@id":"https:\/\/iggnita.com\/en\/#\/schema\/logo\/image\/","url":"https:\/\/iggnita.com\/en\/wp-content\/uploads\/2020\/12\/cropped-cropped-iggnita-logokkk.png","contentUrl":"https:\/\/iggnita.com\/en\/wp-content\/uploads\/2020\/12\/cropped-cropped-iggnita-logokkk.png","width":330,"height":110,"caption":"\u0130GGN\u0130TA MAK\u0130NA SANAY\u0130 VE T\u0130CARET"},"image":{"@id":"https:\/\/iggnita.com\/en\/#\/schema\/logo\/image\/"},"sameAs":["https:\/\/www.facebook.com\/iggnita","https:\/\/x.com\/iggnita","https:\/\/www.instagram.com\/iggnita\/","https:\/\/www.linkedin.com\/company\/70903335\/admin\/","https:\/\/www.youtube.com\/channel\/UC0vF0xKibV2BYvXQi7kWb5w"]}]}},"_links":{"self":[{"href":"https:\/\/iggnita.com\/en\/wp-json\/wp\/v2\/product\/4130","targetHints":{"allow":["GET"]}}],"collection":[{"href":"https:\/\/iggnita.com\/en\/wp-json\/wp\/v2\/product"}],"about":[{"href":"https:\/\/iggnita.com\/en\/wp-json\/wp\/v2\/types\/product"}],"wp:featuredmedia":[{"embeddable":true,"href":"https:\/\/iggnita.com\/en\/wp-json\/wp\/v2\/media\/12410"}],"wp:attachment":[{"href":"https:\/\/iggnita.com\/en\/wp-json\/wp\/v2\/media?parent=4130"}],"wp:term":[{"taxonomy":"product_brand","embeddable":true,"href":"https:\/\/iggnita.com\/en\/wp-json\/wp\/v2\/product_brand?post=4130"},{"taxonomy":"product_cat","embeddable":true,"href":"https:\/\/iggnita.com\/en\/wp-json\/wp\/v2\/product_cat?post=4130"},{"taxonomy":"product_tag","embeddable":true,"href":"https:\/\/iggnita.com\/en\/wp-json\/wp\/v2\/product_tag?post=4130"}],"curies":[{"name":"wp","href":"https:\/\/api.w.org\/{rel}","templated":true}]}}