{"id":4133,"date":"2021-01-19T15:39:26","date_gmt":"2021-01-19T15:39:26","guid":{"rendered":"https:\/\/iggnita.com\/en\/urun\/buji-seti-federal-mogul-18gz46-fbm80wpn-z377-jenbacher-1233808-alternatif\/"},"modified":"2024-10-10T09:01:14","modified_gmt":"2024-10-10T09:01:14","slug":"buji-seti-federal-mogul-18gz46-fbm80wpn-z377-jenbacher-1233808-alternatif","status":"publish","type":"product","link":"https:\/\/iggnita.com\/en\/urun\/buji-seti-federal-mogul-18gz46-fbm80wpn-z377-jenbacher-1233808-alternatif\/","title":{"rendered":"Federal Mogul\/BERU 18GZ46 &#8211; FBM80WPN &#8211; Z377 Spark Plug Set Jenbacher 1233808 OEM"},"content":{"rendered":"<p>Spark Plug Set Federal Mogul\/BERU 18GZ46 &#8211; FBM80WPN &#8211; Z377 Jenbacher 1233808 OEM<\/p>\n<p>Suitable for Jenbacher 3 Series and 4 Series.<\/p>\n<p>(P7N1 \/ P7.1V5 \/ P7.1V6 \/ 351000\/1233808\/382195\/382195\/341015\/340051\/314322)<\/p>\n<p>Technical Information:<\/p>\n<p>Electrode: Iridium \/ Iridium<\/p>\n<p>Thread Size: M18 x 1.5 mm<\/p>\n<p>Extension: 19 mm<\/p>\n<p>Hex Size: 7\/8&#8243; (22.2mm)<\/p>\n<p>Spacing: 0.012&#8243; (0.35mm)<\/p>\n<p>Central Electrode:<\/p>\n<p>Material: Iridium<\/p>\n<p>Grounding Electrode:<\/p>\n<p>Material: Iridium<\/p>\n<p>Cross reference:<\/p>\n<p>GE Jenbacher: P7N1 \/ P7.1V5 \/ P7.1V6 \/ 351000 \/ 1233808<\/p>\n<p>382195 \/ 382195 \/ 341015 \/ 340051 \/ 314322<\/p>\n<p>Federal Mogul \/ BERU \/ TENNECO: 18GZ46 &#8211; Z 377 \/ 18 GZ 46 &#8211; Z 377 \/ FBM80WPN \/ FBN 80 WPN<\/p>\n<p>P140.930.020 \/ 0004800941 \/ 0 004 800 941 \/ 0004.800.941<\/p>\n<p>EmissionParts \/ Emission Partner: 000500<\/p>\n<p>Storm: 2410880022<\/p>\n","protected":false},"excerpt":{"rendered":"<p>Janbacher Jenbacher 2 Series, Jenbacher 3 Series, Jenbacher 4 Series<\/p>\n<p>Our Iggnita Istanbul Warehouse Delivery Price:<\/p>\n<p>(Please sign up for special prices)<\/p>\n","protected":false},"featured_media":12413,"template":"","meta":[],"product_brand":[],"product_cat":[115],"product_tag":[478,532,481,505,504],"class_list":{"0":"post-4133","1":"product","2":"type-product","3":"status-publish","4":"has-post-thumbnail","6":"product_cat-bujiler","7":"product_tag-buji","8":"product_tag-federal-mogul","9":"product_tag-jenbacher","10":"product_tag-jenbacher-oem","11":"product_tag-jenbacher-yedek-parca","12":"pa_motor-modelleri-jenbacher-2-serisi","13":"pa_motor-modelleri-jenbacher-3-serisi","14":"pa_motor-modelleri-jenbacher-4-serisi","15":"pa_orijinal-oem-alternatif-alternatif","16":"pa_parca-markasi-federal-mogul","17":"pa_urun-tipi-parca","18":"","20":"first","21":"instock","22":"taxable","23":"shipping-taxable","24":"product-type-simple"},"yoast_head":"<!-- This site is optimized with the Yoast SEO plugin v25.3 - https:\/\/yoast.com\/wordpress\/plugins\/seo\/ -->\n<title>Federal Mogul\/BERU 18GZ46 - FBM80WPN - Z377 Spark Plug Set Jenbacher 1233808 OEM - iggnita<\/title>\n<meta name=\"robots\" content=\"index, follow, max-snippet:-1, max-image-preview:large, max-video-preview:-1\" \/>\n<link rel=\"canonical\" href=\"https:\/\/iggnita.com\/en\/urun\/buji-seti-federal-mogul-18gz46-fbm80wpn-z377-jenbacher-1233808-alternatif\/\" \/>\n<meta property=\"og:locale\" content=\"en_US\" \/>\n<meta property=\"og:type\" content=\"article\" \/>\n<meta property=\"og:title\" content=\"Federal Mogul\/BERU 18GZ46 - FBM80WPN - Z377 Spark Plug Set Jenbacher 1233808 OEM - iggnita\" \/>\n<meta property=\"og:description\" content=\"Janbacher Jenbacher 2 Series, Jenbacher 3 Series, Jenbacher 4 Series Our Iggnita Istanbul Warehouse Delivery Price: (Please sign up for special prices)\" \/>\n<meta property=\"og:url\" content=\"https:\/\/iggnita.com\/en\/urun\/buji-seti-federal-mogul-18gz46-fbm80wpn-z377-jenbacher-1233808-alternatif\/\" \/>\n<meta property=\"og:site_name\" content=\"iggnita\" \/>\n<meta property=\"article:publisher\" content=\"https:\/\/www.facebook.com\/iggnita\" \/>\n<meta property=\"article:modified_time\" content=\"2024-10-10T09:01:14+00:00\" \/>\n<meta property=\"og:image\" content=\"https:\/\/iggnita.com\/en\/wp-content\/uploads\/2021\/01\/Federal-Mogul-BERU-18GZ47.jpg\" \/>\n\t<meta property=\"og:image:width\" content=\"1600\" \/>\n\t<meta property=\"og:image:height\" content=\"1600\" \/>\n\t<meta property=\"og:image:type\" content=\"image\/jpeg\" \/>\n<meta name=\"twitter:card\" content=\"summary_large_image\" \/>\n<meta name=\"twitter:site\" content=\"@iggnita\" \/>\n<meta name=\"twitter:label1\" content=\"Est. reading time\" \/>\n\t<meta name=\"twitter:data1\" content=\"1 minute\" \/>\n<script type=\"application\/ld+json\" class=\"yoast-schema-graph\">{\"@context\":\"https:\/\/schema.org\",\"@graph\":[{\"@type\":\"WebPage\",\"@id\":\"https:\/\/iggnita.com\/en\/urun\/buji-seti-federal-mogul-18gz46-fbm80wpn-z377-jenbacher-1233808-alternatif\/\",\"url\":\"https:\/\/iggnita.com\/en\/urun\/buji-seti-federal-mogul-18gz46-fbm80wpn-z377-jenbacher-1233808-alternatif\/\",\"name\":\"Federal Mogul\/BERU 18GZ46 - FBM80WPN - Z377 Spark Plug Set Jenbacher 1233808 OEM - iggnita\",\"isPartOf\":{\"@id\":\"https:\/\/iggnita.com\/en\/#website\"},\"primaryImageOfPage\":{\"@id\":\"https:\/\/iggnita.com\/en\/urun\/buji-seti-federal-mogul-18gz46-fbm80wpn-z377-jenbacher-1233808-alternatif\/#primaryimage\"},\"image\":{\"@id\":\"https:\/\/iggnita.com\/en\/urun\/buji-seti-federal-mogul-18gz46-fbm80wpn-z377-jenbacher-1233808-alternatif\/#primaryimage\"},\"thumbnailUrl\":\"https:\/\/iggnita.com\/en\/wp-content\/uploads\/2021\/01\/Federal-Mogul-BERU-18GZ47.jpg\",\"datePublished\":\"2021-01-19T15:39:26+00:00\",\"dateModified\":\"2024-10-10T09:01:14+00:00\",\"breadcrumb\":{\"@id\":\"https:\/\/iggnita.com\/en\/urun\/buji-seti-federal-mogul-18gz46-fbm80wpn-z377-jenbacher-1233808-alternatif\/#breadcrumb\"},\"inLanguage\":\"en-US\",\"potentialAction\":[{\"@type\":\"ReadAction\",\"target\":[\"https:\/\/iggnita.com\/en\/urun\/buji-seti-federal-mogul-18gz46-fbm80wpn-z377-jenbacher-1233808-alternatif\/\"]}]},{\"@type\":\"ImageObject\",\"inLanguage\":\"en-US\",\"@id\":\"https:\/\/iggnita.com\/en\/urun\/buji-seti-federal-mogul-18gz46-fbm80wpn-z377-jenbacher-1233808-alternatif\/#primaryimage\",\"url\":\"https:\/\/iggnita.com\/en\/wp-content\/uploads\/2021\/01\/Federal-Mogul-BERU-18GZ47.jpg\",\"contentUrl\":\"https:\/\/iggnita.com\/en\/wp-content\/uploads\/2021\/01\/Federal-Mogul-BERU-18GZ47.jpg\",\"width\":1600,\"height\":1600},{\"@type\":\"BreadcrumbList\",\"@id\":\"https:\/\/iggnita.com\/en\/urun\/buji-seti-federal-mogul-18gz46-fbm80wpn-z377-jenbacher-1233808-alternatif\/#breadcrumb\",\"itemListElement\":[{\"@type\":\"ListItem\",\"position\":1,\"name\":\"Anasayfa\",\"item\":\"https:\/\/iggnita.com\/en\/\"},{\"@type\":\"ListItem\",\"position\":2,\"name\":\"Shop\",\"item\":\"https:\/\/iggnita.com\/en\/iggnitashop\/\"},{\"@type\":\"ListItem\",\"position\":3,\"name\":\"Federal Mogul\/BERU 18GZ46 &#8211; FBM80WPN &#8211; Z377 Spark Plug Set Jenbacher 1233808 OEM\"}]},{\"@type\":\"WebSite\",\"@id\":\"https:\/\/iggnita.com\/en\/#website\",\"url\":\"https:\/\/iggnita.com\/en\/\",\"name\":\"iggnita\",\"description\":\"Gaz Motoru Yedek Par\u00e7alar\u0131\",\"publisher\":{\"@id\":\"https:\/\/iggnita.com\/en\/#organization\"},\"potentialAction\":[{\"@type\":\"SearchAction\",\"target\":{\"@type\":\"EntryPoint\",\"urlTemplate\":\"https:\/\/iggnita.com\/en\/?s={search_term_string}\"},\"query-input\":{\"@type\":\"PropertyValueSpecification\",\"valueRequired\":true,\"valueName\":\"search_term_string\"}}],\"inLanguage\":\"en-US\"},{\"@type\":\"Organization\",\"@id\":\"https:\/\/iggnita.com\/en\/#organization\",\"name\":\"\u0130GGN\u0130TA MAK\u0130NA SANAY\u0130 VE T\u0130CARET\",\"url\":\"https:\/\/iggnita.com\/en\/\",\"logo\":{\"@type\":\"ImageObject\",\"inLanguage\":\"en-US\",\"@id\":\"https:\/\/iggnita.com\/en\/#\/schema\/logo\/image\/\",\"url\":\"https:\/\/iggnita.com\/en\/wp-content\/uploads\/2020\/12\/cropped-cropped-iggnita-logokkk.png\",\"contentUrl\":\"https:\/\/iggnita.com\/en\/wp-content\/uploads\/2020\/12\/cropped-cropped-iggnita-logokkk.png\",\"width\":330,\"height\":110,\"caption\":\"\u0130GGN\u0130TA MAK\u0130NA SANAY\u0130 VE T\u0130CARET\"},\"image\":{\"@id\":\"https:\/\/iggnita.com\/en\/#\/schema\/logo\/image\/\"},\"sameAs\":[\"https:\/\/www.facebook.com\/iggnita\",\"https:\/\/x.com\/iggnita\",\"https:\/\/www.instagram.com\/iggnita\/\",\"https:\/\/www.linkedin.com\/company\/70903335\/admin\/\",\"https:\/\/www.youtube.com\/channel\/UC0vF0xKibV2BYvXQi7kWb5w\"]}]}<\/script>\n<!-- \/ Yoast SEO plugin. -->","yoast_head_json":{"title":"Federal Mogul\/BERU 18GZ46 - FBM80WPN - Z377 Spark Plug Set Jenbacher 1233808 OEM - iggnita","robots":{"index":"index","follow":"follow","max-snippet":"max-snippet:-1","max-image-preview":"max-image-preview:large","max-video-preview":"max-video-preview:-1"},"canonical":"https:\/\/iggnita.com\/en\/urun\/buji-seti-federal-mogul-18gz46-fbm80wpn-z377-jenbacher-1233808-alternatif\/","og_locale":"en_US","og_type":"article","og_title":"Federal Mogul\/BERU 18GZ46 - FBM80WPN - Z377 Spark Plug Set Jenbacher 1233808 OEM - iggnita","og_description":"Janbacher Jenbacher 2 Series, Jenbacher 3 Series, Jenbacher 4 Series Our Iggnita Istanbul Warehouse Delivery Price: (Please sign up for special prices)","og_url":"https:\/\/iggnita.com\/en\/urun\/buji-seti-federal-mogul-18gz46-fbm80wpn-z377-jenbacher-1233808-alternatif\/","og_site_name":"iggnita","article_publisher":"https:\/\/www.facebook.com\/iggnita","article_modified_time":"2024-10-10T09:01:14+00:00","og_image":[{"width":1600,"height":1600,"url":"https:\/\/iggnita.com\/en\/wp-content\/uploads\/2021\/01\/Federal-Mogul-BERU-18GZ47.jpg","type":"image\/jpeg"}],"twitter_card":"summary_large_image","twitter_site":"@iggnita","twitter_misc":{"Est. reading time":"1 minute"},"schema":{"@context":"https:\/\/schema.org","@graph":[{"@type":"WebPage","@id":"https:\/\/iggnita.com\/en\/urun\/buji-seti-federal-mogul-18gz46-fbm80wpn-z377-jenbacher-1233808-alternatif\/","url":"https:\/\/iggnita.com\/en\/urun\/buji-seti-federal-mogul-18gz46-fbm80wpn-z377-jenbacher-1233808-alternatif\/","name":"Federal Mogul\/BERU 18GZ46 - FBM80WPN - Z377 Spark Plug Set Jenbacher 1233808 OEM - iggnita","isPartOf":{"@id":"https:\/\/iggnita.com\/en\/#website"},"primaryImageOfPage":{"@id":"https:\/\/iggnita.com\/en\/urun\/buji-seti-federal-mogul-18gz46-fbm80wpn-z377-jenbacher-1233808-alternatif\/#primaryimage"},"image":{"@id":"https:\/\/iggnita.com\/en\/urun\/buji-seti-federal-mogul-18gz46-fbm80wpn-z377-jenbacher-1233808-alternatif\/#primaryimage"},"thumbnailUrl":"https:\/\/iggnita.com\/en\/wp-content\/uploads\/2021\/01\/Federal-Mogul-BERU-18GZ47.jpg","datePublished":"2021-01-19T15:39:26+00:00","dateModified":"2024-10-10T09:01:14+00:00","breadcrumb":{"@id":"https:\/\/iggnita.com\/en\/urun\/buji-seti-federal-mogul-18gz46-fbm80wpn-z377-jenbacher-1233808-alternatif\/#breadcrumb"},"inLanguage":"en-US","potentialAction":[{"@type":"ReadAction","target":["https:\/\/iggnita.com\/en\/urun\/buji-seti-federal-mogul-18gz46-fbm80wpn-z377-jenbacher-1233808-alternatif\/"]}]},{"@type":"ImageObject","inLanguage":"en-US","@id":"https:\/\/iggnita.com\/en\/urun\/buji-seti-federal-mogul-18gz46-fbm80wpn-z377-jenbacher-1233808-alternatif\/#primaryimage","url":"https:\/\/iggnita.com\/en\/wp-content\/uploads\/2021\/01\/Federal-Mogul-BERU-18GZ47.jpg","contentUrl":"https:\/\/iggnita.com\/en\/wp-content\/uploads\/2021\/01\/Federal-Mogul-BERU-18GZ47.jpg","width":1600,"height":1600},{"@type":"BreadcrumbList","@id":"https:\/\/iggnita.com\/en\/urun\/buji-seti-federal-mogul-18gz46-fbm80wpn-z377-jenbacher-1233808-alternatif\/#breadcrumb","itemListElement":[{"@type":"ListItem","position":1,"name":"Anasayfa","item":"https:\/\/iggnita.com\/en\/"},{"@type":"ListItem","position":2,"name":"Shop","item":"https:\/\/iggnita.com\/en\/iggnitashop\/"},{"@type":"ListItem","position":3,"name":"Federal Mogul\/BERU 18GZ46 &#8211; FBM80WPN &#8211; Z377 Spark Plug Set Jenbacher 1233808 OEM"}]},{"@type":"WebSite","@id":"https:\/\/iggnita.com\/en\/#website","url":"https:\/\/iggnita.com\/en\/","name":"iggnita","description":"Gaz Motoru Yedek Par\u00e7alar\u0131","publisher":{"@id":"https:\/\/iggnita.com\/en\/#organization"},"potentialAction":[{"@type":"SearchAction","target":{"@type":"EntryPoint","urlTemplate":"https:\/\/iggnita.com\/en\/?s={search_term_string}"},"query-input":{"@type":"PropertyValueSpecification","valueRequired":true,"valueName":"search_term_string"}}],"inLanguage":"en-US"},{"@type":"Organization","@id":"https:\/\/iggnita.com\/en\/#organization","name":"\u0130GGN\u0130TA MAK\u0130NA SANAY\u0130 VE T\u0130CARET","url":"https:\/\/iggnita.com\/en\/","logo":{"@type":"ImageObject","inLanguage":"en-US","@id":"https:\/\/iggnita.com\/en\/#\/schema\/logo\/image\/","url":"https:\/\/iggnita.com\/en\/wp-content\/uploads\/2020\/12\/cropped-cropped-iggnita-logokkk.png","contentUrl":"https:\/\/iggnita.com\/en\/wp-content\/uploads\/2020\/12\/cropped-cropped-iggnita-logokkk.png","width":330,"height":110,"caption":"\u0130GGN\u0130TA MAK\u0130NA SANAY\u0130 VE T\u0130CARET"},"image":{"@id":"https:\/\/iggnita.com\/en\/#\/schema\/logo\/image\/"},"sameAs":["https:\/\/www.facebook.com\/iggnita","https:\/\/x.com\/iggnita","https:\/\/www.instagram.com\/iggnita\/","https:\/\/www.linkedin.com\/company\/70903335\/admin\/","https:\/\/www.youtube.com\/channel\/UC0vF0xKibV2BYvXQi7kWb5w"]}]}},"_links":{"self":[{"href":"https:\/\/iggnita.com\/en\/wp-json\/wp\/v2\/product\/4133","targetHints":{"allow":["GET"]}}],"collection":[{"href":"https:\/\/iggnita.com\/en\/wp-json\/wp\/v2\/product"}],"about":[{"href":"https:\/\/iggnita.com\/en\/wp-json\/wp\/v2\/types\/product"}],"wp:featuredmedia":[{"embeddable":true,"href":"https:\/\/iggnita.com\/en\/wp-json\/wp\/v2\/media\/12413"}],"wp:attachment":[{"href":"https:\/\/iggnita.com\/en\/wp-json\/wp\/v2\/media?parent=4133"}],"wp:term":[{"taxonomy":"product_brand","embeddable":true,"href":"https:\/\/iggnita.com\/en\/wp-json\/wp\/v2\/product_brand?post=4133"},{"taxonomy":"product_cat","embeddable":true,"href":"https:\/\/iggnita.com\/en\/wp-json\/wp\/v2\/product_cat?post=4133"},{"taxonomy":"product_tag","embeddable":true,"href":"https:\/\/iggnita.com\/en\/wp-json\/wp\/v2\/product_tag?post=4133"}],"curies":[{"name":"wp","href":"https:\/\/api.w.org\/{rel}","templated":true}]}}