{"id":4171,"date":"2021-01-19T15:47:17","date_gmt":"2021-01-19T15:47:17","guid":{"rendered":"https:\/\/iggnita.com\/en\/urun\/buji-denso-ge3-3-mwm-1242-0290-1230-1248-0117-9705\/"},"modified":"2024-10-10T09:00:18","modified_gmt":"2024-10-10T09:00:18","slug":"buji-denso-ge3-3-mwm-1242-0290-1230-1248-0117-9705","status":"publish","type":"product","link":"https:\/\/iggnita.com\/en\/urun\/buji-denso-ge3-3-mwm-1242-0290-1230-1248-0117-9705\/","title":{"rendered":"Denso GL3-3 Spark Plug MWM 12420290 &#8211; 12301248 &#8211; 01179705"},"content":{"rendered":"<p>Spark Plug DENSO GL3-3 \/ GL33 \/ GL 3-3 \/ GL 33<\/p>\n<p>Technical Information:<\/p>\n<p>Thread Size: 18mm x 1.5<\/p>\n<p>Extension: 20.6 mm (13\/16&#8243;)<\/p>\n<p>Hex Size: 20.8 mm (13\/16&#8243;)<\/p>\n<p>Spacing: 0.3 mm (0.012&#8243;)<\/p>\n<p>Engine Models:<\/p>\n<p>DEUTZ MWM:<\/p>\n<p>G620 V-8, TBG616 V-8, TBG616 V-12, TBG616K V-8K, TBG616K V-12, TBG616K V-16K, TBG620 V-8, TBG620 V-12, TBG620 V-16, TBG620K V-12K , TBG620K V-16K<\/p>\n<p><strong>Cross References:<\/strong><\/p>\n<p>CHAMPION: RB75N \/ RB75PP \/ RB75WPC \/ RB75WPCC<\/p>\n<p>BERU: 18GZ5-77-2<\/p>\n<p>STITT: RL807LL<\/p>\n<p>GATEWAY: 1175112<\/p>\n<p>ALTRONIC: L1863B \/ L1863DP \/ L1863IP<\/p>\n<p>Bosch: 7307 \/ 7308<\/p>\n<p>DENSO: GL 3-1 \/ GL 3-5<\/p>\n","protected":false},"excerpt":{"rendered":"<p>Reference No: 12420290<\/p>\n<p>Our Iggnita Istanbul Warehouse Delivery Price:<\/p>\n<p>(Please sign up for special prices)<\/p>\n","protected":false},"featured_media":3013,"template":"","meta":[],"product_brand":[],"product_cat":[115],"product_tag":[478,500,505,504,507,487],"class_list":{"0":"post-4171","1":"product","2":"type-product","3":"status-publish","4":"has-post-thumbnail","6":"product_cat-bujiler","7":"product_tag-buji","8":"product_tag-cat-yedek-parca","9":"product_tag-jenbacher-oem","10":"product_tag-jenbacher-yedek-parca","11":"product_tag-mwm-oem","12":"product_tag-mwm-yedek-parca","13":"pa_motor-modelleri-deutz","14":"pa_motor-modelleri-mwm","15":"pa_orijinal-oem-alternatif-alternatif","16":"pa_parca-markasi-denso","17":"pa_urun-tipi-parca","18":"","20":"first","21":"instock","22":"taxable","23":"shipping-taxable","24":"product-type-simple"},"yoast_head":"<!-- This site is optimized with the Yoast SEO plugin v25.3 - https:\/\/yoast.com\/wordpress\/plugins\/seo\/ -->\n<title>Denso GL3-3 Spark Plug MWM 12420290 - 12301248 - 01179705 - iggnita<\/title>\n<meta name=\"robots\" content=\"index, follow, max-snippet:-1, max-image-preview:large, max-video-preview:-1\" \/>\n<link rel=\"canonical\" href=\"https:\/\/iggnita.com\/en\/urun\/buji-denso-ge3-3-mwm-1242-0290-1230-1248-0117-9705\/\" \/>\n<meta property=\"og:locale\" content=\"en_US\" \/>\n<meta property=\"og:type\" content=\"article\" \/>\n<meta property=\"og:title\" content=\"Denso GL3-3 Spark Plug MWM 12420290 - 12301248 - 01179705 - iggnita\" \/>\n<meta property=\"og:description\" content=\"Reference No: 12420290  Our Iggnita Istanbul Warehouse Delivery Price:  (Please sign up for special prices)\" \/>\n<meta property=\"og:url\" content=\"https:\/\/iggnita.com\/en\/urun\/buji-denso-ge3-3-mwm-1242-0290-1230-1248-0117-9705\/\" \/>\n<meta property=\"og:site_name\" content=\"iggnita\" \/>\n<meta property=\"article:publisher\" content=\"https:\/\/www.facebook.com\/iggnita\" \/>\n<meta property=\"article:modified_time\" content=\"2024-10-10T09:00:18+00:00\" \/>\n<meta property=\"og:image\" content=\"https:\/\/iggnita.com\/en\/wp-content\/uploads\/2020\/12\/GL3-3.jpg\" \/>\n\t<meta property=\"og:image:width\" content=\"800\" \/>\n\t<meta property=\"og:image:height\" content=\"800\" \/>\n\t<meta property=\"og:image:type\" content=\"image\/jpeg\" \/>\n<meta name=\"twitter:card\" content=\"summary_large_image\" \/>\n<meta name=\"twitter:site\" content=\"@iggnita\" \/>\n<meta name=\"twitter:label1\" content=\"Est. reading time\" \/>\n\t<meta name=\"twitter:data1\" content=\"1 minute\" \/>\n<script type=\"application\/ld+json\" class=\"yoast-schema-graph\">{\"@context\":\"https:\/\/schema.org\",\"@graph\":[{\"@type\":\"WebPage\",\"@id\":\"https:\/\/iggnita.com\/en\/urun\/buji-denso-ge3-3-mwm-1242-0290-1230-1248-0117-9705\/\",\"url\":\"https:\/\/iggnita.com\/en\/urun\/buji-denso-ge3-3-mwm-1242-0290-1230-1248-0117-9705\/\",\"name\":\"Denso GL3-3 Spark Plug MWM 12420290 - 12301248 - 01179705 - iggnita\",\"isPartOf\":{\"@id\":\"https:\/\/iggnita.com\/en\/#website\"},\"primaryImageOfPage\":{\"@id\":\"https:\/\/iggnita.com\/en\/urun\/buji-denso-ge3-3-mwm-1242-0290-1230-1248-0117-9705\/#primaryimage\"},\"image\":{\"@id\":\"https:\/\/iggnita.com\/en\/urun\/buji-denso-ge3-3-mwm-1242-0290-1230-1248-0117-9705\/#primaryimage\"},\"thumbnailUrl\":\"https:\/\/iggnita.com\/en\/wp-content\/uploads\/2020\/12\/GL3-3.jpg\",\"datePublished\":\"2021-01-19T15:47:17+00:00\",\"dateModified\":\"2024-10-10T09:00:18+00:00\",\"breadcrumb\":{\"@id\":\"https:\/\/iggnita.com\/en\/urun\/buji-denso-ge3-3-mwm-1242-0290-1230-1248-0117-9705\/#breadcrumb\"},\"inLanguage\":\"en-US\",\"potentialAction\":[{\"@type\":\"ReadAction\",\"target\":[\"https:\/\/iggnita.com\/en\/urun\/buji-denso-ge3-3-mwm-1242-0290-1230-1248-0117-9705\/\"]}]},{\"@type\":\"ImageObject\",\"inLanguage\":\"en-US\",\"@id\":\"https:\/\/iggnita.com\/en\/urun\/buji-denso-ge3-3-mwm-1242-0290-1230-1248-0117-9705\/#primaryimage\",\"url\":\"https:\/\/iggnita.com\/en\/wp-content\/uploads\/2020\/12\/GL3-3.jpg\",\"contentUrl\":\"https:\/\/iggnita.com\/en\/wp-content\/uploads\/2020\/12\/GL3-3.jpg\",\"width\":800,\"height\":800},{\"@type\":\"BreadcrumbList\",\"@id\":\"https:\/\/iggnita.com\/en\/urun\/buji-denso-ge3-3-mwm-1242-0290-1230-1248-0117-9705\/#breadcrumb\",\"itemListElement\":[{\"@type\":\"ListItem\",\"position\":1,\"name\":\"Anasayfa\",\"item\":\"https:\/\/iggnita.com\/en\/\"},{\"@type\":\"ListItem\",\"position\":2,\"name\":\"Shop\",\"item\":\"https:\/\/iggnita.com\/en\/iggnitashop\/\"},{\"@type\":\"ListItem\",\"position\":3,\"name\":\"Denso GL3-3 Spark Plug MWM 12420290 &#8211; 12301248 &#8211; 01179705\"}]},{\"@type\":\"WebSite\",\"@id\":\"https:\/\/iggnita.com\/en\/#website\",\"url\":\"https:\/\/iggnita.com\/en\/\",\"name\":\"iggnita\",\"description\":\"Gaz Motoru Yedek Par\u00e7alar\u0131\",\"publisher\":{\"@id\":\"https:\/\/iggnita.com\/en\/#organization\"},\"potentialAction\":[{\"@type\":\"SearchAction\",\"target\":{\"@type\":\"EntryPoint\",\"urlTemplate\":\"https:\/\/iggnita.com\/en\/?s={search_term_string}\"},\"query-input\":{\"@type\":\"PropertyValueSpecification\",\"valueRequired\":true,\"valueName\":\"search_term_string\"}}],\"inLanguage\":\"en-US\"},{\"@type\":\"Organization\",\"@id\":\"https:\/\/iggnita.com\/en\/#organization\",\"name\":\"\u0130GGN\u0130TA MAK\u0130NA SANAY\u0130 VE T\u0130CARET\",\"url\":\"https:\/\/iggnita.com\/en\/\",\"logo\":{\"@type\":\"ImageObject\",\"inLanguage\":\"en-US\",\"@id\":\"https:\/\/iggnita.com\/en\/#\/schema\/logo\/image\/\",\"url\":\"https:\/\/iggnita.com\/en\/wp-content\/uploads\/2020\/12\/cropped-cropped-iggnita-logokkk.png\",\"contentUrl\":\"https:\/\/iggnita.com\/en\/wp-content\/uploads\/2020\/12\/cropped-cropped-iggnita-logokkk.png\",\"width\":330,\"height\":110,\"caption\":\"\u0130GGN\u0130TA MAK\u0130NA SANAY\u0130 VE T\u0130CARET\"},\"image\":{\"@id\":\"https:\/\/iggnita.com\/en\/#\/schema\/logo\/image\/\"},\"sameAs\":[\"https:\/\/www.facebook.com\/iggnita\",\"https:\/\/x.com\/iggnita\",\"https:\/\/www.instagram.com\/iggnita\/\",\"https:\/\/www.linkedin.com\/company\/70903335\/admin\/\",\"https:\/\/www.youtube.com\/channel\/UC0vF0xKibV2BYvXQi7kWb5w\"]}]}<\/script>\n<!-- \/ Yoast SEO plugin. -->","yoast_head_json":{"title":"Denso GL3-3 Spark Plug MWM 12420290 - 12301248 - 01179705 - iggnita","robots":{"index":"index","follow":"follow","max-snippet":"max-snippet:-1","max-image-preview":"max-image-preview:large","max-video-preview":"max-video-preview:-1"},"canonical":"https:\/\/iggnita.com\/en\/urun\/buji-denso-ge3-3-mwm-1242-0290-1230-1248-0117-9705\/","og_locale":"en_US","og_type":"article","og_title":"Denso GL3-3 Spark Plug MWM 12420290 - 12301248 - 01179705 - iggnita","og_description":"Reference No: 12420290  Our Iggnita Istanbul Warehouse Delivery Price:  (Please sign up for special prices)","og_url":"https:\/\/iggnita.com\/en\/urun\/buji-denso-ge3-3-mwm-1242-0290-1230-1248-0117-9705\/","og_site_name":"iggnita","article_publisher":"https:\/\/www.facebook.com\/iggnita","article_modified_time":"2024-10-10T09:00:18+00:00","og_image":[{"width":800,"height":800,"url":"https:\/\/iggnita.com\/en\/wp-content\/uploads\/2020\/12\/GL3-3.jpg","type":"image\/jpeg"}],"twitter_card":"summary_large_image","twitter_site":"@iggnita","twitter_misc":{"Est. reading time":"1 minute"},"schema":{"@context":"https:\/\/schema.org","@graph":[{"@type":"WebPage","@id":"https:\/\/iggnita.com\/en\/urun\/buji-denso-ge3-3-mwm-1242-0290-1230-1248-0117-9705\/","url":"https:\/\/iggnita.com\/en\/urun\/buji-denso-ge3-3-mwm-1242-0290-1230-1248-0117-9705\/","name":"Denso GL3-3 Spark Plug MWM 12420290 - 12301248 - 01179705 - iggnita","isPartOf":{"@id":"https:\/\/iggnita.com\/en\/#website"},"primaryImageOfPage":{"@id":"https:\/\/iggnita.com\/en\/urun\/buji-denso-ge3-3-mwm-1242-0290-1230-1248-0117-9705\/#primaryimage"},"image":{"@id":"https:\/\/iggnita.com\/en\/urun\/buji-denso-ge3-3-mwm-1242-0290-1230-1248-0117-9705\/#primaryimage"},"thumbnailUrl":"https:\/\/iggnita.com\/en\/wp-content\/uploads\/2020\/12\/GL3-3.jpg","datePublished":"2021-01-19T15:47:17+00:00","dateModified":"2024-10-10T09:00:18+00:00","breadcrumb":{"@id":"https:\/\/iggnita.com\/en\/urun\/buji-denso-ge3-3-mwm-1242-0290-1230-1248-0117-9705\/#breadcrumb"},"inLanguage":"en-US","potentialAction":[{"@type":"ReadAction","target":["https:\/\/iggnita.com\/en\/urun\/buji-denso-ge3-3-mwm-1242-0290-1230-1248-0117-9705\/"]}]},{"@type":"ImageObject","inLanguage":"en-US","@id":"https:\/\/iggnita.com\/en\/urun\/buji-denso-ge3-3-mwm-1242-0290-1230-1248-0117-9705\/#primaryimage","url":"https:\/\/iggnita.com\/en\/wp-content\/uploads\/2020\/12\/GL3-3.jpg","contentUrl":"https:\/\/iggnita.com\/en\/wp-content\/uploads\/2020\/12\/GL3-3.jpg","width":800,"height":800},{"@type":"BreadcrumbList","@id":"https:\/\/iggnita.com\/en\/urun\/buji-denso-ge3-3-mwm-1242-0290-1230-1248-0117-9705\/#breadcrumb","itemListElement":[{"@type":"ListItem","position":1,"name":"Anasayfa","item":"https:\/\/iggnita.com\/en\/"},{"@type":"ListItem","position":2,"name":"Shop","item":"https:\/\/iggnita.com\/en\/iggnitashop\/"},{"@type":"ListItem","position":3,"name":"Denso GL3-3 Spark Plug MWM 12420290 &#8211; 12301248 &#8211; 01179705"}]},{"@type":"WebSite","@id":"https:\/\/iggnita.com\/en\/#website","url":"https:\/\/iggnita.com\/en\/","name":"iggnita","description":"Gaz Motoru Yedek Par\u00e7alar\u0131","publisher":{"@id":"https:\/\/iggnita.com\/en\/#organization"},"potentialAction":[{"@type":"SearchAction","target":{"@type":"EntryPoint","urlTemplate":"https:\/\/iggnita.com\/en\/?s={search_term_string}"},"query-input":{"@type":"PropertyValueSpecification","valueRequired":true,"valueName":"search_term_string"}}],"inLanguage":"en-US"},{"@type":"Organization","@id":"https:\/\/iggnita.com\/en\/#organization","name":"\u0130GGN\u0130TA MAK\u0130NA SANAY\u0130 VE T\u0130CARET","url":"https:\/\/iggnita.com\/en\/","logo":{"@type":"ImageObject","inLanguage":"en-US","@id":"https:\/\/iggnita.com\/en\/#\/schema\/logo\/image\/","url":"https:\/\/iggnita.com\/en\/wp-content\/uploads\/2020\/12\/cropped-cropped-iggnita-logokkk.png","contentUrl":"https:\/\/iggnita.com\/en\/wp-content\/uploads\/2020\/12\/cropped-cropped-iggnita-logokkk.png","width":330,"height":110,"caption":"\u0130GGN\u0130TA MAK\u0130NA SANAY\u0130 VE T\u0130CARET"},"image":{"@id":"https:\/\/iggnita.com\/en\/#\/schema\/logo\/image\/"},"sameAs":["https:\/\/www.facebook.com\/iggnita","https:\/\/x.com\/iggnita","https:\/\/www.instagram.com\/iggnita\/","https:\/\/www.linkedin.com\/company\/70903335\/admin\/","https:\/\/www.youtube.com\/channel\/UC0vF0xKibV2BYvXQi7kWb5w"]}]}},"_links":{"self":[{"href":"https:\/\/iggnita.com\/en\/wp-json\/wp\/v2\/product\/4171","targetHints":{"allow":["GET"]}}],"collection":[{"href":"https:\/\/iggnita.com\/en\/wp-json\/wp\/v2\/product"}],"about":[{"href":"https:\/\/iggnita.com\/en\/wp-json\/wp\/v2\/types\/product"}],"wp:featuredmedia":[{"embeddable":true,"href":"https:\/\/iggnita.com\/en\/wp-json\/wp\/v2\/media\/3013"}],"wp:attachment":[{"href":"https:\/\/iggnita.com\/en\/wp-json\/wp\/v2\/media?parent=4171"}],"wp:term":[{"taxonomy":"product_brand","embeddable":true,"href":"https:\/\/iggnita.com\/en\/wp-json\/wp\/v2\/product_brand?post=4171"},{"taxonomy":"product_cat","embeddable":true,"href":"https:\/\/iggnita.com\/en\/wp-json\/wp\/v2\/product_cat?post=4171"},{"taxonomy":"product_tag","embeddable":true,"href":"https:\/\/iggnita.com\/en\/wp-json\/wp\/v2\/product_tag?post=4171"}],"curies":[{"name":"wp","href":"https:\/\/api.w.org\/{rel}","templated":true}]}}