{"id":4240,"date":"2021-01-22T13:43:30","date_gmt":"2021-01-22T13:43:30","guid":{"rendered":"https:\/\/iggnita.com\/en\/urun\/yuksek-kalite-agm-filter-karter-havalandirma-filtresi-ic-mwm-12142718\/"},"modified":"2024-10-10T08:13:21","modified_gmt":"2024-10-10T08:13:21","slug":"yuksek-kalite-karter-havalandirma-filtresi-ic-mwm-12142718","status":"publish","type":"product","link":"https:\/\/iggnita.com\/en\/urun\/yuksek-kalite-karter-havalandirma-filtresi-ic-mwm-12142718\/","title":{"rendered":"High Quality Crankcase Ventilation Filter Inner MWM: 12142718"},"content":{"rendered":"<p>References \/ OE No:<\/p>\n<p>Caterpillar (CAT) &#8211; MWM &#8211; Deutz<\/p>\n<p>P.N. : 12142718 ; 1214-2718 ; UT99, UPF50<\/p>\n<p>&nbsp;<\/p>\n<p>Dimensions:<\/p>\n<p>OD: 342 mm<\/p>\n<p>ID: 80mm<\/p>\n<p>Height: 263 mm<\/p>\n<p>Total Weight: 7.70 kg<\/p>\n<p>Original Name: Crank Case Ventilation Filter inner (inside) \/ Oil Mist Separator inner \/ Filter UPF 50<\/p>\n<p>High Quality Crankcase Ventilation Filter Inner MWM: 12142718<\/p>\n<p>Engines Used:<\/p>\n<p>MWM TCG 2020 V12, CG170 V12, UT99, MTU and Others<\/p>\n<p>P.N. Deutz &#8211; CAT &#8211; MWM 12142718, 1214 2718, 1214-2718,<\/p>\n","protected":false},"excerpt":{"rendered":"<p>MWM: 12142718 \/MWM TCG 2020 V12<\/p>\n<p>Our Iggnita Istanbul Warehouse Delivery Price:<\/p>\n<p>(Please sign up for special prices)<\/p>\n","protected":false},"featured_media":4227,"template":"","meta":[],"product_brand":[],"product_cat":[313],"product_tag":[442,604,487],"class_list":{"0":"post-4240","1":"product","2":"type-product","3":"status-publish","4":"has-post-thumbnail","6":"product_cat-karter-havalandirma-filtreleri","7":"product_tag-mwm","8":"product_tag-mwm-karter-filtresi","9":"product_tag-mwm-yedek-parca","10":"pa_motor-modelleri-cat-cg-170","11":"pa_motor-modelleri-cat-cg-170-12","12":"pa_motor-modelleri-mwm-tcg-2020","13":"pa_motor-modelleri-mwm-tcg-2020-v12","14":"pa_orijinal-oem-alternatif-oem","15":"pa_parca-markasi-iggnita","16":"pa_urun-tipi-parca","17":"","19":"first","20":"instock","21":"taxable","22":"shipping-taxable","23":"product-type-simple"},"yoast_head":"<!-- This site is optimized with the Yoast SEO plugin v25.3 - https:\/\/yoast.com\/wordpress\/plugins\/seo\/ -->\n<title>High Quality Crankcase Ventilation Filter Inner MWM: 12142718 - iggnita<\/title>\n<meta name=\"robots\" content=\"index, follow, max-snippet:-1, max-image-preview:large, max-video-preview:-1\" \/>\n<link rel=\"canonical\" href=\"https:\/\/iggnita.com\/en\/urun\/yuksek-kalite-karter-havalandirma-filtresi-ic-mwm-12142718\/\" \/>\n<meta property=\"og:locale\" content=\"en_US\" \/>\n<meta property=\"og:type\" content=\"article\" \/>\n<meta property=\"og:title\" content=\"High Quality Crankcase Ventilation Filter Inner MWM: 12142718 - iggnita\" \/>\n<meta property=\"og:description\" content=\"MWM: 12142718 \/MWM TCG 2020 V12  Our Iggnita Istanbul Warehouse Delivery Price:  (Please sign up for special prices)\" \/>\n<meta property=\"og:url\" content=\"https:\/\/iggnita.com\/en\/urun\/yuksek-kalite-karter-havalandirma-filtresi-ic-mwm-12142718\/\" \/>\n<meta property=\"og:site_name\" content=\"iggnita\" \/>\n<meta property=\"article:publisher\" content=\"https:\/\/www.facebook.com\/iggnita\" \/>\n<meta property=\"article:modified_time\" content=\"2024-10-10T08:13:21+00:00\" \/>\n<meta property=\"og:image\" content=\"https:\/\/iggnita.com\/en\/wp-content\/uploads\/2021\/01\/12142718-1.jpg\" \/>\n\t<meta property=\"og:image:width\" content=\"900\" \/>\n\t<meta property=\"og:image:height\" content=\"900\" \/>\n\t<meta property=\"og:image:type\" content=\"image\/jpeg\" \/>\n<meta name=\"twitter:card\" content=\"summary_large_image\" \/>\n<meta name=\"twitter:site\" content=\"@iggnita\" \/>\n<meta name=\"twitter:label1\" content=\"Est. reading time\" \/>\n\t<meta name=\"twitter:data1\" content=\"1 minute\" \/>\n<script type=\"application\/ld+json\" class=\"yoast-schema-graph\">{\"@context\":\"https:\/\/schema.org\",\"@graph\":[{\"@type\":\"WebPage\",\"@id\":\"https:\/\/iggnita.com\/en\/urun\/yuksek-kalite-karter-havalandirma-filtresi-ic-mwm-12142718\/\",\"url\":\"https:\/\/iggnita.com\/en\/urun\/yuksek-kalite-karter-havalandirma-filtresi-ic-mwm-12142718\/\",\"name\":\"High Quality Crankcase Ventilation Filter Inner MWM: 12142718 - iggnita\",\"isPartOf\":{\"@id\":\"https:\/\/iggnita.com\/en\/#website\"},\"primaryImageOfPage\":{\"@id\":\"https:\/\/iggnita.com\/en\/urun\/yuksek-kalite-karter-havalandirma-filtresi-ic-mwm-12142718\/#primaryimage\"},\"image\":{\"@id\":\"https:\/\/iggnita.com\/en\/urun\/yuksek-kalite-karter-havalandirma-filtresi-ic-mwm-12142718\/#primaryimage\"},\"thumbnailUrl\":\"https:\/\/iggnita.com\/en\/wp-content\/uploads\/2021\/01\/12142718-1.jpg\",\"datePublished\":\"2021-01-22T13:43:30+00:00\",\"dateModified\":\"2024-10-10T08:13:21+00:00\",\"breadcrumb\":{\"@id\":\"https:\/\/iggnita.com\/en\/urun\/yuksek-kalite-karter-havalandirma-filtresi-ic-mwm-12142718\/#breadcrumb\"},\"inLanguage\":\"en-US\",\"potentialAction\":[{\"@type\":\"ReadAction\",\"target\":[\"https:\/\/iggnita.com\/en\/urun\/yuksek-kalite-karter-havalandirma-filtresi-ic-mwm-12142718\/\"]}]},{\"@type\":\"ImageObject\",\"inLanguage\":\"en-US\",\"@id\":\"https:\/\/iggnita.com\/en\/urun\/yuksek-kalite-karter-havalandirma-filtresi-ic-mwm-12142718\/#primaryimage\",\"url\":\"https:\/\/iggnita.com\/en\/wp-content\/uploads\/2021\/01\/12142718-1.jpg\",\"contentUrl\":\"https:\/\/iggnita.com\/en\/wp-content\/uploads\/2021\/01\/12142718-1.jpg\",\"width\":900,\"height\":900},{\"@type\":\"BreadcrumbList\",\"@id\":\"https:\/\/iggnita.com\/en\/urun\/yuksek-kalite-karter-havalandirma-filtresi-ic-mwm-12142718\/#breadcrumb\",\"itemListElement\":[{\"@type\":\"ListItem\",\"position\":1,\"name\":\"Anasayfa\",\"item\":\"https:\/\/iggnita.com\/en\/\"},{\"@type\":\"ListItem\",\"position\":2,\"name\":\"Shop\",\"item\":\"https:\/\/iggnita.com\/en\/iggnitashop\/\"},{\"@type\":\"ListItem\",\"position\":3,\"name\":\"High Quality Crankcase Ventilation Filter Inner MWM: 12142718\"}]},{\"@type\":\"WebSite\",\"@id\":\"https:\/\/iggnita.com\/en\/#website\",\"url\":\"https:\/\/iggnita.com\/en\/\",\"name\":\"iggnita\",\"description\":\"Gaz Motoru Yedek Par\u00e7alar\u0131\",\"publisher\":{\"@id\":\"https:\/\/iggnita.com\/en\/#organization\"},\"potentialAction\":[{\"@type\":\"SearchAction\",\"target\":{\"@type\":\"EntryPoint\",\"urlTemplate\":\"https:\/\/iggnita.com\/en\/?s={search_term_string}\"},\"query-input\":{\"@type\":\"PropertyValueSpecification\",\"valueRequired\":true,\"valueName\":\"search_term_string\"}}],\"inLanguage\":\"en-US\"},{\"@type\":\"Organization\",\"@id\":\"https:\/\/iggnita.com\/en\/#organization\",\"name\":\"\u0130GGN\u0130TA MAK\u0130NA SANAY\u0130 VE T\u0130CARET\",\"url\":\"https:\/\/iggnita.com\/en\/\",\"logo\":{\"@type\":\"ImageObject\",\"inLanguage\":\"en-US\",\"@id\":\"https:\/\/iggnita.com\/en\/#\/schema\/logo\/image\/\",\"url\":\"https:\/\/iggnita.com\/en\/wp-content\/uploads\/2020\/12\/cropped-cropped-iggnita-logokkk.png\",\"contentUrl\":\"https:\/\/iggnita.com\/en\/wp-content\/uploads\/2020\/12\/cropped-cropped-iggnita-logokkk.png\",\"width\":330,\"height\":110,\"caption\":\"\u0130GGN\u0130TA MAK\u0130NA SANAY\u0130 VE T\u0130CARET\"},\"image\":{\"@id\":\"https:\/\/iggnita.com\/en\/#\/schema\/logo\/image\/\"},\"sameAs\":[\"https:\/\/www.facebook.com\/iggnita\",\"https:\/\/x.com\/iggnita\",\"https:\/\/www.instagram.com\/iggnita\/\",\"https:\/\/www.linkedin.com\/company\/70903335\/admin\/\",\"https:\/\/www.youtube.com\/channel\/UC0vF0xKibV2BYvXQi7kWb5w\"]}]}<\/script>\n<!-- \/ Yoast SEO plugin. -->","yoast_head_json":{"title":"High Quality Crankcase Ventilation Filter Inner MWM: 12142718 - iggnita","robots":{"index":"index","follow":"follow","max-snippet":"max-snippet:-1","max-image-preview":"max-image-preview:large","max-video-preview":"max-video-preview:-1"},"canonical":"https:\/\/iggnita.com\/en\/urun\/yuksek-kalite-karter-havalandirma-filtresi-ic-mwm-12142718\/","og_locale":"en_US","og_type":"article","og_title":"High Quality Crankcase Ventilation Filter Inner MWM: 12142718 - iggnita","og_description":"MWM: 12142718 \/MWM TCG 2020 V12  Our Iggnita Istanbul Warehouse Delivery Price:  (Please sign up for special prices)","og_url":"https:\/\/iggnita.com\/en\/urun\/yuksek-kalite-karter-havalandirma-filtresi-ic-mwm-12142718\/","og_site_name":"iggnita","article_publisher":"https:\/\/www.facebook.com\/iggnita","article_modified_time":"2024-10-10T08:13:21+00:00","og_image":[{"width":900,"height":900,"url":"https:\/\/iggnita.com\/en\/wp-content\/uploads\/2021\/01\/12142718-1.jpg","type":"image\/jpeg"}],"twitter_card":"summary_large_image","twitter_site":"@iggnita","twitter_misc":{"Est. reading time":"1 minute"},"schema":{"@context":"https:\/\/schema.org","@graph":[{"@type":"WebPage","@id":"https:\/\/iggnita.com\/en\/urun\/yuksek-kalite-karter-havalandirma-filtresi-ic-mwm-12142718\/","url":"https:\/\/iggnita.com\/en\/urun\/yuksek-kalite-karter-havalandirma-filtresi-ic-mwm-12142718\/","name":"High Quality Crankcase Ventilation Filter Inner MWM: 12142718 - iggnita","isPartOf":{"@id":"https:\/\/iggnita.com\/en\/#website"},"primaryImageOfPage":{"@id":"https:\/\/iggnita.com\/en\/urun\/yuksek-kalite-karter-havalandirma-filtresi-ic-mwm-12142718\/#primaryimage"},"image":{"@id":"https:\/\/iggnita.com\/en\/urun\/yuksek-kalite-karter-havalandirma-filtresi-ic-mwm-12142718\/#primaryimage"},"thumbnailUrl":"https:\/\/iggnita.com\/en\/wp-content\/uploads\/2021\/01\/12142718-1.jpg","datePublished":"2021-01-22T13:43:30+00:00","dateModified":"2024-10-10T08:13:21+00:00","breadcrumb":{"@id":"https:\/\/iggnita.com\/en\/urun\/yuksek-kalite-karter-havalandirma-filtresi-ic-mwm-12142718\/#breadcrumb"},"inLanguage":"en-US","potentialAction":[{"@type":"ReadAction","target":["https:\/\/iggnita.com\/en\/urun\/yuksek-kalite-karter-havalandirma-filtresi-ic-mwm-12142718\/"]}]},{"@type":"ImageObject","inLanguage":"en-US","@id":"https:\/\/iggnita.com\/en\/urun\/yuksek-kalite-karter-havalandirma-filtresi-ic-mwm-12142718\/#primaryimage","url":"https:\/\/iggnita.com\/en\/wp-content\/uploads\/2021\/01\/12142718-1.jpg","contentUrl":"https:\/\/iggnita.com\/en\/wp-content\/uploads\/2021\/01\/12142718-1.jpg","width":900,"height":900},{"@type":"BreadcrumbList","@id":"https:\/\/iggnita.com\/en\/urun\/yuksek-kalite-karter-havalandirma-filtresi-ic-mwm-12142718\/#breadcrumb","itemListElement":[{"@type":"ListItem","position":1,"name":"Anasayfa","item":"https:\/\/iggnita.com\/en\/"},{"@type":"ListItem","position":2,"name":"Shop","item":"https:\/\/iggnita.com\/en\/iggnitashop\/"},{"@type":"ListItem","position":3,"name":"High Quality Crankcase Ventilation Filter Inner MWM: 12142718"}]},{"@type":"WebSite","@id":"https:\/\/iggnita.com\/en\/#website","url":"https:\/\/iggnita.com\/en\/","name":"iggnita","description":"Gaz Motoru Yedek Par\u00e7alar\u0131","publisher":{"@id":"https:\/\/iggnita.com\/en\/#organization"},"potentialAction":[{"@type":"SearchAction","target":{"@type":"EntryPoint","urlTemplate":"https:\/\/iggnita.com\/en\/?s={search_term_string}"},"query-input":{"@type":"PropertyValueSpecification","valueRequired":true,"valueName":"search_term_string"}}],"inLanguage":"en-US"},{"@type":"Organization","@id":"https:\/\/iggnita.com\/en\/#organization","name":"\u0130GGN\u0130TA MAK\u0130NA SANAY\u0130 VE T\u0130CARET","url":"https:\/\/iggnita.com\/en\/","logo":{"@type":"ImageObject","inLanguage":"en-US","@id":"https:\/\/iggnita.com\/en\/#\/schema\/logo\/image\/","url":"https:\/\/iggnita.com\/en\/wp-content\/uploads\/2020\/12\/cropped-cropped-iggnita-logokkk.png","contentUrl":"https:\/\/iggnita.com\/en\/wp-content\/uploads\/2020\/12\/cropped-cropped-iggnita-logokkk.png","width":330,"height":110,"caption":"\u0130GGN\u0130TA MAK\u0130NA SANAY\u0130 VE T\u0130CARET"},"image":{"@id":"https:\/\/iggnita.com\/en\/#\/schema\/logo\/image\/"},"sameAs":["https:\/\/www.facebook.com\/iggnita","https:\/\/x.com\/iggnita","https:\/\/www.instagram.com\/iggnita\/","https:\/\/www.linkedin.com\/company\/70903335\/admin\/","https:\/\/www.youtube.com\/channel\/UC0vF0xKibV2BYvXQi7kWb5w"]}]}},"_links":{"self":[{"href":"https:\/\/iggnita.com\/en\/wp-json\/wp\/v2\/product\/4240","targetHints":{"allow":["GET"]}}],"collection":[{"href":"https:\/\/iggnita.com\/en\/wp-json\/wp\/v2\/product"}],"about":[{"href":"https:\/\/iggnita.com\/en\/wp-json\/wp\/v2\/types\/product"}],"wp:featuredmedia":[{"embeddable":true,"href":"https:\/\/iggnita.com\/en\/wp-json\/wp\/v2\/media\/4227"}],"wp:attachment":[{"href":"https:\/\/iggnita.com\/en\/wp-json\/wp\/v2\/media?parent=4240"}],"wp:term":[{"taxonomy":"product_brand","embeddable":true,"href":"https:\/\/iggnita.com\/en\/wp-json\/wp\/v2\/product_brand?post=4240"},{"taxonomy":"product_cat","embeddable":true,"href":"https:\/\/iggnita.com\/en\/wp-json\/wp\/v2\/product_cat?post=4240"},{"taxonomy":"product_tag","embeddable":true,"href":"https:\/\/iggnita.com\/en\/wp-json\/wp\/v2\/product_tag?post=4240"}],"curies":[{"name":"wp","href":"https:\/\/api.w.org\/{rel}","templated":true}]}}