{"id":5235,"date":"2024-01-25T16:22:14","date_gmt":"2024-01-25T16:22:14","guid":{"rendered":"https:\/\/iggnita.com\/en\/urun\/handle-jenbacher-9001297-orijinal\/"},"modified":"2024-10-09T11:04:11","modified_gmt":"2024-10-09T11:04:11","slug":"handle-jenbacher-9001297-orijinal","status":"publish","type":"product","link":"https:\/\/iggnita.com\/en\/urun\/handle-jenbacher-9001297-orijinal\/","title":{"rendered":"Handle Jenbacher : 9001297 Original"},"content":{"rendered":"<h3>Handle Jenbacher : 9001297 Original<\/h3>\n<blockquote>\n<p data-sourcepos=\"1:1-1:259\">Jenbacher brand gas engines are gas-powered engines produced by Jenbacher Werke AG, which was founded in Austria in 1920. Jenbacher gas engines can operate on a variety of gases such as natural gas, biogas, synthetic gas and liquefied petroleum gas (LPG).<\/p>\n<p data-sourcepos=\"3:1-3:292\">Jenbacher gas engines stand out with their high efficiency and low emission values. The efficiency of Jenbacher gas engines ranges from 40% to 95%. This makes Jenbacher gas engines more efficient and environmentally friendly than traditional electricity generation methods.<\/p>\n<p data-sourcepos=\"5:1-5:181\">Jenbacher gas engines can be used for a variety of commercial, industrial and municipal applications. Jenbacher gas engines are used in particular in the following applications:<\/p>\n<ul data-sourcepos=\"7:1-11:0\">\n<li data-sourcepos=\"7:1-7:41\">Renewable and waste-to-energy production<\/li>\n<li data-sourcepos=\"8:1-8:28\">Industrial energy production<\/li>\n<li data-sourcepos=\"9:1-9:40\">Cogeneration\/CHP (combined heat and power)<\/li>\n<li data-sourcepos=\"10:1-11:0\">Oilfield electricity generation<\/li>\n<\/ul>\n<p data-sourcepos=\"12:1-12:88\">Jenbacher gas engines are used in more than 23,000 facilities in more than 100 countries.<\/p>\n<p data-sourcepos=\"23:1-23:208\">Jenbacher gas engines have an important place in terms of energy efficiency and environmental friendliness. Jenbacher gas engines make significant contributions to energy production by being used in various applications.<\/p>\n<\/blockquote>\n","protected":false},"excerpt":{"rendered":"<p>4 Series, J 420<\/p>\n<p>Our Iggnita Istanbul Warehouse Delivery Price:<\/p>\n<p>(Please sign up for special prices)<\/p>\n","protected":false},"featured_media":35715,"template":"","meta":[],"product_brand":[],"product_cat":[94],"product_tag":[481,612,504],"class_list":{"0":"post-5235","1":"product","2":"type-product","3":"status-publish","4":"has-post-thumbnail","6":"product_cat-motor-parcalari","7":"product_tag-jenbacher","8":"product_tag-jenbacher-spare-parts","9":"product_tag-jenbacher-yedek-parca","10":"pa_motor-modelleri-j-420","11":"pa_motor-modelleri-jenbacher-4-serisi","12":"pa_orijinal-oem-alternatif-orijinal","13":"pa_parca-markasi-jenbacher","14":"pa_urun-tipi-parca","15":"","17":"first","18":"instock","19":"taxable","20":"shipping-taxable","21":"product-type-simple"},"yoast_head":"<!-- This site is optimized with the Yoast SEO plugin v25.3 - https:\/\/yoast.com\/wordpress\/plugins\/seo\/ -->\n<title>Handle Jenbacher : 9001297 Original - iggnita<\/title>\n<meta name=\"robots\" content=\"index, follow, max-snippet:-1, max-image-preview:large, max-video-preview:-1\" \/>\n<link rel=\"canonical\" href=\"https:\/\/iggnita.com\/en\/urun\/handle-jenbacher-9001297-orijinal\/\" \/>\n<meta property=\"og:locale\" content=\"en_US\" \/>\n<meta property=\"og:type\" content=\"article\" \/>\n<meta property=\"og:title\" content=\"Handle Jenbacher : 9001297 Original - iggnita\" \/>\n<meta property=\"og:description\" content=\"4 Series, J 420 Our Iggnita Istanbul Warehouse Delivery Price: (Please sign up for special prices)\" \/>\n<meta property=\"og:url\" content=\"https:\/\/iggnita.com\/en\/urun\/handle-jenbacher-9001297-orijinal\/\" \/>\n<meta property=\"og:site_name\" content=\"iggnita\" \/>\n<meta property=\"article:publisher\" content=\"https:\/\/www.facebook.com\/iggnita\" \/>\n<meta property=\"article:modified_time\" content=\"2024-10-09T11:04:11+00:00\" \/>\n<meta property=\"og:image\" content=\"https:\/\/iggnita.com\/en\/wp-content\/uploads\/2021\/01\/9001297-Handle-J4-ORJ.jpg\" \/>\n\t<meta property=\"og:image:width\" content=\"1500\" \/>\n\t<meta property=\"og:image:height\" content=\"1500\" \/>\n\t<meta property=\"og:image:type\" content=\"image\/jpeg\" \/>\n<meta name=\"twitter:card\" content=\"summary_large_image\" \/>\n<meta name=\"twitter:site\" content=\"@iggnita\" \/>\n<meta name=\"twitter:label1\" content=\"Est. reading time\" \/>\n\t<meta name=\"twitter:data1\" content=\"1 minute\" \/>\n<script type=\"application\/ld+json\" class=\"yoast-schema-graph\">{\"@context\":\"https:\/\/schema.org\",\"@graph\":[{\"@type\":\"WebPage\",\"@id\":\"https:\/\/iggnita.com\/en\/urun\/handle-jenbacher-9001297-orijinal\/\",\"url\":\"https:\/\/iggnita.com\/en\/urun\/handle-jenbacher-9001297-orijinal\/\",\"name\":\"Handle Jenbacher : 9001297 Original - iggnita\",\"isPartOf\":{\"@id\":\"https:\/\/iggnita.com\/en\/#website\"},\"primaryImageOfPage\":{\"@id\":\"https:\/\/iggnita.com\/en\/urun\/handle-jenbacher-9001297-orijinal\/#primaryimage\"},\"image\":{\"@id\":\"https:\/\/iggnita.com\/en\/urun\/handle-jenbacher-9001297-orijinal\/#primaryimage\"},\"thumbnailUrl\":\"https:\/\/iggnita.com\/en\/wp-content\/uploads\/2021\/01\/9001297-Handle-J4-ORJ.jpg\",\"datePublished\":\"2024-01-25T16:22:14+00:00\",\"dateModified\":\"2024-10-09T11:04:11+00:00\",\"breadcrumb\":{\"@id\":\"https:\/\/iggnita.com\/en\/urun\/handle-jenbacher-9001297-orijinal\/#breadcrumb\"},\"inLanguage\":\"en-US\",\"potentialAction\":[{\"@type\":\"ReadAction\",\"target\":[\"https:\/\/iggnita.com\/en\/urun\/handle-jenbacher-9001297-orijinal\/\"]}]},{\"@type\":\"ImageObject\",\"inLanguage\":\"en-US\",\"@id\":\"https:\/\/iggnita.com\/en\/urun\/handle-jenbacher-9001297-orijinal\/#primaryimage\",\"url\":\"https:\/\/iggnita.com\/en\/wp-content\/uploads\/2021\/01\/9001297-Handle-J4-ORJ.jpg\",\"contentUrl\":\"https:\/\/iggnita.com\/en\/wp-content\/uploads\/2021\/01\/9001297-Handle-J4-ORJ.jpg\",\"width\":1500,\"height\":1500},{\"@type\":\"BreadcrumbList\",\"@id\":\"https:\/\/iggnita.com\/en\/urun\/handle-jenbacher-9001297-orijinal\/#breadcrumb\",\"itemListElement\":[{\"@type\":\"ListItem\",\"position\":1,\"name\":\"Anasayfa\",\"item\":\"https:\/\/iggnita.com\/en\/\"},{\"@type\":\"ListItem\",\"position\":2,\"name\":\"Shop\",\"item\":\"https:\/\/iggnita.com\/en\/iggnitashop\/\"},{\"@type\":\"ListItem\",\"position\":3,\"name\":\"Handle Jenbacher : 9001297 Original\"}]},{\"@type\":\"WebSite\",\"@id\":\"https:\/\/iggnita.com\/en\/#website\",\"url\":\"https:\/\/iggnita.com\/en\/\",\"name\":\"iggnita\",\"description\":\"Gaz Motoru Yedek Par\u00e7alar\u0131\",\"publisher\":{\"@id\":\"https:\/\/iggnita.com\/en\/#organization\"},\"potentialAction\":[{\"@type\":\"SearchAction\",\"target\":{\"@type\":\"EntryPoint\",\"urlTemplate\":\"https:\/\/iggnita.com\/en\/?s={search_term_string}\"},\"query-input\":{\"@type\":\"PropertyValueSpecification\",\"valueRequired\":true,\"valueName\":\"search_term_string\"}}],\"inLanguage\":\"en-US\"},{\"@type\":\"Organization\",\"@id\":\"https:\/\/iggnita.com\/en\/#organization\",\"name\":\"\u0130GGN\u0130TA MAK\u0130NA SANAY\u0130 VE T\u0130CARET\",\"url\":\"https:\/\/iggnita.com\/en\/\",\"logo\":{\"@type\":\"ImageObject\",\"inLanguage\":\"en-US\",\"@id\":\"https:\/\/iggnita.com\/en\/#\/schema\/logo\/image\/\",\"url\":\"https:\/\/iggnita.com\/en\/wp-content\/uploads\/2020\/12\/cropped-cropped-iggnita-logokkk.png\",\"contentUrl\":\"https:\/\/iggnita.com\/en\/wp-content\/uploads\/2020\/12\/cropped-cropped-iggnita-logokkk.png\",\"width\":330,\"height\":110,\"caption\":\"\u0130GGN\u0130TA MAK\u0130NA SANAY\u0130 VE T\u0130CARET\"},\"image\":{\"@id\":\"https:\/\/iggnita.com\/en\/#\/schema\/logo\/image\/\"},\"sameAs\":[\"https:\/\/www.facebook.com\/iggnita\",\"https:\/\/x.com\/iggnita\",\"https:\/\/www.instagram.com\/iggnita\/\",\"https:\/\/www.linkedin.com\/company\/70903335\/admin\/\",\"https:\/\/www.youtube.com\/channel\/UC0vF0xKibV2BYvXQi7kWb5w\"]}]}<\/script>\n<!-- \/ Yoast SEO plugin. -->","yoast_head_json":{"title":"Handle Jenbacher : 9001297 Original - iggnita","robots":{"index":"index","follow":"follow","max-snippet":"max-snippet:-1","max-image-preview":"max-image-preview:large","max-video-preview":"max-video-preview:-1"},"canonical":"https:\/\/iggnita.com\/en\/urun\/handle-jenbacher-9001297-orijinal\/","og_locale":"en_US","og_type":"article","og_title":"Handle Jenbacher : 9001297 Original - iggnita","og_description":"4 Series, J 420 Our Iggnita Istanbul Warehouse Delivery Price: (Please sign up for special prices)","og_url":"https:\/\/iggnita.com\/en\/urun\/handle-jenbacher-9001297-orijinal\/","og_site_name":"iggnita","article_publisher":"https:\/\/www.facebook.com\/iggnita","article_modified_time":"2024-10-09T11:04:11+00:00","og_image":[{"width":1500,"height":1500,"url":"https:\/\/iggnita.com\/en\/wp-content\/uploads\/2021\/01\/9001297-Handle-J4-ORJ.jpg","type":"image\/jpeg"}],"twitter_card":"summary_large_image","twitter_site":"@iggnita","twitter_misc":{"Est. reading time":"1 minute"},"schema":{"@context":"https:\/\/schema.org","@graph":[{"@type":"WebPage","@id":"https:\/\/iggnita.com\/en\/urun\/handle-jenbacher-9001297-orijinal\/","url":"https:\/\/iggnita.com\/en\/urun\/handle-jenbacher-9001297-orijinal\/","name":"Handle Jenbacher : 9001297 Original - iggnita","isPartOf":{"@id":"https:\/\/iggnita.com\/en\/#website"},"primaryImageOfPage":{"@id":"https:\/\/iggnita.com\/en\/urun\/handle-jenbacher-9001297-orijinal\/#primaryimage"},"image":{"@id":"https:\/\/iggnita.com\/en\/urun\/handle-jenbacher-9001297-orijinal\/#primaryimage"},"thumbnailUrl":"https:\/\/iggnita.com\/en\/wp-content\/uploads\/2021\/01\/9001297-Handle-J4-ORJ.jpg","datePublished":"2024-01-25T16:22:14+00:00","dateModified":"2024-10-09T11:04:11+00:00","breadcrumb":{"@id":"https:\/\/iggnita.com\/en\/urun\/handle-jenbacher-9001297-orijinal\/#breadcrumb"},"inLanguage":"en-US","potentialAction":[{"@type":"ReadAction","target":["https:\/\/iggnita.com\/en\/urun\/handle-jenbacher-9001297-orijinal\/"]}]},{"@type":"ImageObject","inLanguage":"en-US","@id":"https:\/\/iggnita.com\/en\/urun\/handle-jenbacher-9001297-orijinal\/#primaryimage","url":"https:\/\/iggnita.com\/en\/wp-content\/uploads\/2021\/01\/9001297-Handle-J4-ORJ.jpg","contentUrl":"https:\/\/iggnita.com\/en\/wp-content\/uploads\/2021\/01\/9001297-Handle-J4-ORJ.jpg","width":1500,"height":1500},{"@type":"BreadcrumbList","@id":"https:\/\/iggnita.com\/en\/urun\/handle-jenbacher-9001297-orijinal\/#breadcrumb","itemListElement":[{"@type":"ListItem","position":1,"name":"Anasayfa","item":"https:\/\/iggnita.com\/en\/"},{"@type":"ListItem","position":2,"name":"Shop","item":"https:\/\/iggnita.com\/en\/iggnitashop\/"},{"@type":"ListItem","position":3,"name":"Handle Jenbacher : 9001297 Original"}]},{"@type":"WebSite","@id":"https:\/\/iggnita.com\/en\/#website","url":"https:\/\/iggnita.com\/en\/","name":"iggnita","description":"Gaz Motoru Yedek Par\u00e7alar\u0131","publisher":{"@id":"https:\/\/iggnita.com\/en\/#organization"},"potentialAction":[{"@type":"SearchAction","target":{"@type":"EntryPoint","urlTemplate":"https:\/\/iggnita.com\/en\/?s={search_term_string}"},"query-input":{"@type":"PropertyValueSpecification","valueRequired":true,"valueName":"search_term_string"}}],"inLanguage":"en-US"},{"@type":"Organization","@id":"https:\/\/iggnita.com\/en\/#organization","name":"\u0130GGN\u0130TA MAK\u0130NA SANAY\u0130 VE T\u0130CARET","url":"https:\/\/iggnita.com\/en\/","logo":{"@type":"ImageObject","inLanguage":"en-US","@id":"https:\/\/iggnita.com\/en\/#\/schema\/logo\/image\/","url":"https:\/\/iggnita.com\/en\/wp-content\/uploads\/2020\/12\/cropped-cropped-iggnita-logokkk.png","contentUrl":"https:\/\/iggnita.com\/en\/wp-content\/uploads\/2020\/12\/cropped-cropped-iggnita-logokkk.png","width":330,"height":110,"caption":"\u0130GGN\u0130TA MAK\u0130NA SANAY\u0130 VE T\u0130CARET"},"image":{"@id":"https:\/\/iggnita.com\/en\/#\/schema\/logo\/image\/"},"sameAs":["https:\/\/www.facebook.com\/iggnita","https:\/\/x.com\/iggnita","https:\/\/www.instagram.com\/iggnita\/","https:\/\/www.linkedin.com\/company\/70903335\/admin\/","https:\/\/www.youtube.com\/channel\/UC0vF0xKibV2BYvXQi7kWb5w"]}]}},"_links":{"self":[{"href":"https:\/\/iggnita.com\/en\/wp-json\/wp\/v2\/product\/5235","targetHints":{"allow":["GET"]}}],"collection":[{"href":"https:\/\/iggnita.com\/en\/wp-json\/wp\/v2\/product"}],"about":[{"href":"https:\/\/iggnita.com\/en\/wp-json\/wp\/v2\/types\/product"}],"wp:featuredmedia":[{"embeddable":true,"href":"https:\/\/iggnita.com\/en\/wp-json\/wp\/v2\/media\/35715"}],"wp:attachment":[{"href":"https:\/\/iggnita.com\/en\/wp-json\/wp\/v2\/media?parent=5235"}],"wp:term":[{"taxonomy":"product_brand","embeddable":true,"href":"https:\/\/iggnita.com\/en\/wp-json\/wp\/v2\/product_brand?post=5235"},{"taxonomy":"product_cat","embeddable":true,"href":"https:\/\/iggnita.com\/en\/wp-json\/wp\/v2\/product_cat?post=5235"},{"taxonomy":"product_tag","embeddable":true,"href":"https:\/\/iggnita.com\/en\/wp-json\/wp\/v2\/product_tag?post=5235"}],"curies":[{"name":"wp","href":"https:\/\/api.w.org\/{rel}","templated":true}]}}