{"id":6079,"date":"2021-02-02T10:08:30","date_gmt":"2021-02-02T10:08:30","guid":{"rendered":"https:\/\/iggnita.com\/en\/urun\/atesleme-kablosu-jenbacher-1240519-orijinal\/"},"modified":"2024-10-09T13:42:33","modified_gmt":"2024-10-09T13:42:33","slug":"atesleme-kablosu-jenbacher-1240519-orijinal","status":"publish","type":"product","link":"https:\/\/iggnita.com\/en\/urun\/atesleme-kablosu-jenbacher-1240519-orijinal\/","title":{"rendered":"Ignition Cable Jenbacher: 1240519 &#8211; 1250653 Original"},"content":{"rendered":"<p>Spare Part for Industrial Gas Engines: Ignition Cable Jenbacher: 1240519 Original<\/p>\n<p>Ignition cable Jenbacher 1250653 original<\/p>\n<p>References:<\/p>\n<p>Jenbacher:<\/p>\n<p>1250653 ; 125-0653 ; 125 0653<\/p>\n<p>Old Part Numbers:<\/p>\n<p>Jenbacher<\/p>\n<p>1240519 ; 124-0519 ; 124 0519<\/p>\n<p>1200402; 120-0402; 120 0402;<\/p>\n<p>&nbsp;<\/p>\n","protected":false},"excerpt":{"rendered":"<p>Jenbacher, Jenbacher 3 Series<\/p>\n<p>Our Iggnita Istanbul Warehouse Delivery Price:<\/p>\n<p>(Please sign up for special prices)<\/p>\n","protected":false},"featured_media":12607,"template":"","meta":[],"product_brand":[],"product_cat":[111],"product_tag":[623,624,625,622,481,612,504],"class_list":{"0":"post-6079","1":"product","2":"type-product","3":"status-publish","4":"has-post-thumbnail","6":"product_cat-buji-kablolari","7":"product_tag-atesleme","8":"product_tag-atesleme-kablosu","9":"product_tag-atesleme-teflonu","10":"product_tag-iggnition","11":"product_tag-jenbacher","12":"product_tag-jenbacher-spare-parts","13":"product_tag-jenbacher-yedek-parca","14":"pa_motor-modelleri-j-312","15":"pa_motor-modelleri-j-316","16":"pa_motor-modelleri-j-320","17":"pa_motor-modelleri-jenbacher","18":"pa_motor-modelleri-jenbacher-3-serisi","19":"pa_orijinal-oem-alternatif-orijinal","20":"pa_parca-markasi-jenbacher","21":"pa_urun-tipi-parca","22":"","24":"first","25":"instock","26":"taxable","27":"shipping-taxable","28":"product-type-simple"},"yoast_head":"<!-- This site is optimized with the Yoast SEO plugin v25.3 - https:\/\/yoast.com\/wordpress\/plugins\/seo\/ -->\n<title>Ignition Cable Jenbacher: 1240519 - 1250653 Original - iggnita<\/title>\n<meta name=\"robots\" content=\"index, follow, max-snippet:-1, max-image-preview:large, max-video-preview:-1\" \/>\n<link rel=\"canonical\" href=\"https:\/\/iggnita.com\/en\/urun\/atesleme-kablosu-jenbacher-1240519-orijinal\/\" \/>\n<meta property=\"og:locale\" content=\"en_US\" \/>\n<meta property=\"og:type\" content=\"article\" \/>\n<meta property=\"og:title\" content=\"Ignition Cable Jenbacher: 1240519 - 1250653 Original - iggnita\" \/>\n<meta property=\"og:description\" content=\"Jenbacher, Jenbacher 3 Series Our Iggnita Istanbul Warehouse Delivery Price: (Please sign up for special prices)\" \/>\n<meta property=\"og:url\" content=\"https:\/\/iggnita.com\/en\/urun\/atesleme-kablosu-jenbacher-1240519-orijinal\/\" \/>\n<meta property=\"og:site_name\" content=\"iggnita\" \/>\n<meta property=\"article:publisher\" content=\"https:\/\/www.facebook.com\/iggnita\" \/>\n<meta property=\"article:modified_time\" content=\"2024-10-09T13:42:33+00:00\" \/>\n<meta property=\"og:image\" content=\"https:\/\/iggnita.com\/en\/wp-content\/uploads\/2021\/02\/Atesleme-Kablosu-Jenbacher-1240519-1250653-Orijinal.jpg\" \/>\n\t<meta property=\"og:image:width\" content=\"1600\" \/>\n\t<meta property=\"og:image:height\" content=\"1600\" \/>\n\t<meta property=\"og:image:type\" content=\"image\/jpeg\" \/>\n<meta name=\"twitter:card\" content=\"summary_large_image\" \/>\n<meta name=\"twitter:site\" content=\"@iggnita\" \/>\n<meta name=\"twitter:label1\" content=\"Est. reading time\" \/>\n\t<meta name=\"twitter:data1\" content=\"1 minute\" \/>\n<script type=\"application\/ld+json\" class=\"yoast-schema-graph\">{\"@context\":\"https:\/\/schema.org\",\"@graph\":[{\"@type\":\"WebPage\",\"@id\":\"https:\/\/iggnita.com\/en\/urun\/atesleme-kablosu-jenbacher-1240519-orijinal\/\",\"url\":\"https:\/\/iggnita.com\/en\/urun\/atesleme-kablosu-jenbacher-1240519-orijinal\/\",\"name\":\"Ignition Cable Jenbacher: 1240519 - 1250653 Original - iggnita\",\"isPartOf\":{\"@id\":\"https:\/\/iggnita.com\/en\/#website\"},\"primaryImageOfPage\":{\"@id\":\"https:\/\/iggnita.com\/en\/urun\/atesleme-kablosu-jenbacher-1240519-orijinal\/#primaryimage\"},\"image\":{\"@id\":\"https:\/\/iggnita.com\/en\/urun\/atesleme-kablosu-jenbacher-1240519-orijinal\/#primaryimage\"},\"thumbnailUrl\":\"https:\/\/iggnita.com\/en\/wp-content\/uploads\/2021\/02\/Atesleme-Kablosu-Jenbacher-1240519-1250653-Orijinal.jpg\",\"datePublished\":\"2021-02-02T10:08:30+00:00\",\"dateModified\":\"2024-10-09T13:42:33+00:00\",\"breadcrumb\":{\"@id\":\"https:\/\/iggnita.com\/en\/urun\/atesleme-kablosu-jenbacher-1240519-orijinal\/#breadcrumb\"},\"inLanguage\":\"en-US\",\"potentialAction\":[{\"@type\":\"ReadAction\",\"target\":[\"https:\/\/iggnita.com\/en\/urun\/atesleme-kablosu-jenbacher-1240519-orijinal\/\"]}]},{\"@type\":\"ImageObject\",\"inLanguage\":\"en-US\",\"@id\":\"https:\/\/iggnita.com\/en\/urun\/atesleme-kablosu-jenbacher-1240519-orijinal\/#primaryimage\",\"url\":\"https:\/\/iggnita.com\/en\/wp-content\/uploads\/2021\/02\/Atesleme-Kablosu-Jenbacher-1240519-1250653-Orijinal.jpg\",\"contentUrl\":\"https:\/\/iggnita.com\/en\/wp-content\/uploads\/2021\/02\/Atesleme-Kablosu-Jenbacher-1240519-1250653-Orijinal.jpg\",\"width\":1600,\"height\":1600},{\"@type\":\"BreadcrumbList\",\"@id\":\"https:\/\/iggnita.com\/en\/urun\/atesleme-kablosu-jenbacher-1240519-orijinal\/#breadcrumb\",\"itemListElement\":[{\"@type\":\"ListItem\",\"position\":1,\"name\":\"Anasayfa\",\"item\":\"https:\/\/iggnita.com\/en\/\"},{\"@type\":\"ListItem\",\"position\":2,\"name\":\"Shop\",\"item\":\"https:\/\/iggnita.com\/en\/iggnitashop\/\"},{\"@type\":\"ListItem\",\"position\":3,\"name\":\"Ignition Cable Jenbacher: 1240519 &#8211; 1250653 Original\"}]},{\"@type\":\"WebSite\",\"@id\":\"https:\/\/iggnita.com\/en\/#website\",\"url\":\"https:\/\/iggnita.com\/en\/\",\"name\":\"iggnita\",\"description\":\"Gaz Motoru Yedek Par\u00e7alar\u0131\",\"publisher\":{\"@id\":\"https:\/\/iggnita.com\/en\/#organization\"},\"potentialAction\":[{\"@type\":\"SearchAction\",\"target\":{\"@type\":\"EntryPoint\",\"urlTemplate\":\"https:\/\/iggnita.com\/en\/?s={search_term_string}\"},\"query-input\":{\"@type\":\"PropertyValueSpecification\",\"valueRequired\":true,\"valueName\":\"search_term_string\"}}],\"inLanguage\":\"en-US\"},{\"@type\":\"Organization\",\"@id\":\"https:\/\/iggnita.com\/en\/#organization\",\"name\":\"\u0130GGN\u0130TA MAK\u0130NA SANAY\u0130 VE T\u0130CARET\",\"url\":\"https:\/\/iggnita.com\/en\/\",\"logo\":{\"@type\":\"ImageObject\",\"inLanguage\":\"en-US\",\"@id\":\"https:\/\/iggnita.com\/en\/#\/schema\/logo\/image\/\",\"url\":\"https:\/\/iggnita.com\/en\/wp-content\/uploads\/2020\/12\/cropped-cropped-iggnita-logokkk.png\",\"contentUrl\":\"https:\/\/iggnita.com\/en\/wp-content\/uploads\/2020\/12\/cropped-cropped-iggnita-logokkk.png\",\"width\":330,\"height\":110,\"caption\":\"\u0130GGN\u0130TA MAK\u0130NA SANAY\u0130 VE T\u0130CARET\"},\"image\":{\"@id\":\"https:\/\/iggnita.com\/en\/#\/schema\/logo\/image\/\"},\"sameAs\":[\"https:\/\/www.facebook.com\/iggnita\",\"https:\/\/x.com\/iggnita\",\"https:\/\/www.instagram.com\/iggnita\/\",\"https:\/\/www.linkedin.com\/company\/70903335\/admin\/\",\"https:\/\/www.youtube.com\/channel\/UC0vF0xKibV2BYvXQi7kWb5w\"]}]}<\/script>\n<!-- \/ Yoast SEO plugin. -->","yoast_head_json":{"title":"Ignition Cable Jenbacher: 1240519 - 1250653 Original - iggnita","robots":{"index":"index","follow":"follow","max-snippet":"max-snippet:-1","max-image-preview":"max-image-preview:large","max-video-preview":"max-video-preview:-1"},"canonical":"https:\/\/iggnita.com\/en\/urun\/atesleme-kablosu-jenbacher-1240519-orijinal\/","og_locale":"en_US","og_type":"article","og_title":"Ignition Cable Jenbacher: 1240519 - 1250653 Original - iggnita","og_description":"Jenbacher, Jenbacher 3 Series Our Iggnita Istanbul Warehouse Delivery Price: (Please sign up for special prices)","og_url":"https:\/\/iggnita.com\/en\/urun\/atesleme-kablosu-jenbacher-1240519-orijinal\/","og_site_name":"iggnita","article_publisher":"https:\/\/www.facebook.com\/iggnita","article_modified_time":"2024-10-09T13:42:33+00:00","og_image":[{"width":1600,"height":1600,"url":"https:\/\/iggnita.com\/en\/wp-content\/uploads\/2021\/02\/Atesleme-Kablosu-Jenbacher-1240519-1250653-Orijinal.jpg","type":"image\/jpeg"}],"twitter_card":"summary_large_image","twitter_site":"@iggnita","twitter_misc":{"Est. reading time":"1 minute"},"schema":{"@context":"https:\/\/schema.org","@graph":[{"@type":"WebPage","@id":"https:\/\/iggnita.com\/en\/urun\/atesleme-kablosu-jenbacher-1240519-orijinal\/","url":"https:\/\/iggnita.com\/en\/urun\/atesleme-kablosu-jenbacher-1240519-orijinal\/","name":"Ignition Cable Jenbacher: 1240519 - 1250653 Original - iggnita","isPartOf":{"@id":"https:\/\/iggnita.com\/en\/#website"},"primaryImageOfPage":{"@id":"https:\/\/iggnita.com\/en\/urun\/atesleme-kablosu-jenbacher-1240519-orijinal\/#primaryimage"},"image":{"@id":"https:\/\/iggnita.com\/en\/urun\/atesleme-kablosu-jenbacher-1240519-orijinal\/#primaryimage"},"thumbnailUrl":"https:\/\/iggnita.com\/en\/wp-content\/uploads\/2021\/02\/Atesleme-Kablosu-Jenbacher-1240519-1250653-Orijinal.jpg","datePublished":"2021-02-02T10:08:30+00:00","dateModified":"2024-10-09T13:42:33+00:00","breadcrumb":{"@id":"https:\/\/iggnita.com\/en\/urun\/atesleme-kablosu-jenbacher-1240519-orijinal\/#breadcrumb"},"inLanguage":"en-US","potentialAction":[{"@type":"ReadAction","target":["https:\/\/iggnita.com\/en\/urun\/atesleme-kablosu-jenbacher-1240519-orijinal\/"]}]},{"@type":"ImageObject","inLanguage":"en-US","@id":"https:\/\/iggnita.com\/en\/urun\/atesleme-kablosu-jenbacher-1240519-orijinal\/#primaryimage","url":"https:\/\/iggnita.com\/en\/wp-content\/uploads\/2021\/02\/Atesleme-Kablosu-Jenbacher-1240519-1250653-Orijinal.jpg","contentUrl":"https:\/\/iggnita.com\/en\/wp-content\/uploads\/2021\/02\/Atesleme-Kablosu-Jenbacher-1240519-1250653-Orijinal.jpg","width":1600,"height":1600},{"@type":"BreadcrumbList","@id":"https:\/\/iggnita.com\/en\/urun\/atesleme-kablosu-jenbacher-1240519-orijinal\/#breadcrumb","itemListElement":[{"@type":"ListItem","position":1,"name":"Anasayfa","item":"https:\/\/iggnita.com\/en\/"},{"@type":"ListItem","position":2,"name":"Shop","item":"https:\/\/iggnita.com\/en\/iggnitashop\/"},{"@type":"ListItem","position":3,"name":"Ignition Cable Jenbacher: 1240519 &#8211; 1250653 Original"}]},{"@type":"WebSite","@id":"https:\/\/iggnita.com\/en\/#website","url":"https:\/\/iggnita.com\/en\/","name":"iggnita","description":"Gaz Motoru Yedek Par\u00e7alar\u0131","publisher":{"@id":"https:\/\/iggnita.com\/en\/#organization"},"potentialAction":[{"@type":"SearchAction","target":{"@type":"EntryPoint","urlTemplate":"https:\/\/iggnita.com\/en\/?s={search_term_string}"},"query-input":{"@type":"PropertyValueSpecification","valueRequired":true,"valueName":"search_term_string"}}],"inLanguage":"en-US"},{"@type":"Organization","@id":"https:\/\/iggnita.com\/en\/#organization","name":"\u0130GGN\u0130TA MAK\u0130NA SANAY\u0130 VE T\u0130CARET","url":"https:\/\/iggnita.com\/en\/","logo":{"@type":"ImageObject","inLanguage":"en-US","@id":"https:\/\/iggnita.com\/en\/#\/schema\/logo\/image\/","url":"https:\/\/iggnita.com\/en\/wp-content\/uploads\/2020\/12\/cropped-cropped-iggnita-logokkk.png","contentUrl":"https:\/\/iggnita.com\/en\/wp-content\/uploads\/2020\/12\/cropped-cropped-iggnita-logokkk.png","width":330,"height":110,"caption":"\u0130GGN\u0130TA MAK\u0130NA SANAY\u0130 VE T\u0130CARET"},"image":{"@id":"https:\/\/iggnita.com\/en\/#\/schema\/logo\/image\/"},"sameAs":["https:\/\/www.facebook.com\/iggnita","https:\/\/x.com\/iggnita","https:\/\/www.instagram.com\/iggnita\/","https:\/\/www.linkedin.com\/company\/70903335\/admin\/","https:\/\/www.youtube.com\/channel\/UC0vF0xKibV2BYvXQi7kWb5w"]}]}},"_links":{"self":[{"href":"https:\/\/iggnita.com\/en\/wp-json\/wp\/v2\/product\/6079","targetHints":{"allow":["GET"]}}],"collection":[{"href":"https:\/\/iggnita.com\/en\/wp-json\/wp\/v2\/product"}],"about":[{"href":"https:\/\/iggnita.com\/en\/wp-json\/wp\/v2\/types\/product"}],"wp:featuredmedia":[{"embeddable":true,"href":"https:\/\/iggnita.com\/en\/wp-json\/wp\/v2\/media\/12607"}],"wp:attachment":[{"href":"https:\/\/iggnita.com\/en\/wp-json\/wp\/v2\/media?parent=6079"}],"wp:term":[{"taxonomy":"product_brand","embeddable":true,"href":"https:\/\/iggnita.com\/en\/wp-json\/wp\/v2\/product_brand?post=6079"},{"taxonomy":"product_cat","embeddable":true,"href":"https:\/\/iggnita.com\/en\/wp-json\/wp\/v2\/product_cat?post=6079"},{"taxonomy":"product_tag","embeddable":true,"href":"https:\/\/iggnita.com\/en\/wp-json\/wp\/v2\/product_tag?post=6079"}],"curies":[{"name":"wp","href":"https:\/\/api.w.org\/{rel}","templated":true}]}}