{"id":7538,"date":"2021-02-02T15:48:28","date_gmt":"2021-02-02T15:48:28","guid":{"rendered":"https:\/\/iggnita.com\/en\/urun\/hava-filtresi-mwm-12344436-orijinal\/"},"modified":"2024-10-09T11:05:23","modified_gmt":"2024-10-09T11:05:23","slug":"hava-filtresi-mwm-12344436-orijinal","status":"publish","type":"product","link":"https:\/\/iggnita.com\/en\/urun\/hava-filtresi-mwm-12344436-orijinal\/","title":{"rendered":"Air Filter MWM 12344436 Original"},"content":{"rendered":"<p>Air filter MWM 12344436 original<\/p>\n<p>Spare Parts for Industrial Gas Engines Working with Biogas, Natural Gas, Landfill Gas<\/p>\n<p>&nbsp;<\/p>\n<p>Air Filters play an important role in engines and prevent contaminants such as dust, dirt and particles from entering the combustion chamber. The main purpose of the air filter is to ensure the quality of air entering the engine for the combustion process. Clean air is vital for optimal engine performance, fuel efficiency and overall durability. Without an effective air filter, these pollutants can damage engine components, reduce fuel efficiency and cause increased emissions. Regular maintenance and replacement of air filters is important to keep the engine running smoothly and efficiently.<\/p>\n<p>English: Air filters play a crucial role in engines by preventing contaminants such as dust, dirt, and debris from entering the combustion chamber. The primary purpose of an air filter is to ensure the quality of air entering the engine for the combustion process. Clean air is essential for optimal engine performance, fuel efficiency, and overall longevity. Without an effective air filter, these contaminants can cause damage to engine components, reduce fuel efficiency, and lead to increased emissions. Regular maintenance and replacement of air filters are essential to ensure that the engine operates smoothly and efficiently.<\/p>\n<p>&nbsp;<\/p>\n<blockquote><p>MWM is a company that produces gas engines, known as a globally recognized brand. <a href=\"https:\/\/iggnita.com\/en\/mwm-spare-part\/\">MWM&#8217;s gas engines<\/a> are used in a variety of sectors, from industrial applications to power plants. The company&#8217;s engines generally stand out with features such as high energy efficiency, low emission levels and durability. MWM is known for its expertise in delivering sustainable energy solutions and offers customers a variety of engine options to suit a variety of power needs. Additionally, MWM&#8217;s engineering knowledge and technical support services assist customers in providing a reliable and effective energy solution.<\/p><\/blockquote>\n","protected":false},"excerpt":{"rendered":"<p>MWM TCG 3016<\/p>\n<p>Our Iggnita Istanbul Warehouse Delivery Price:<\/p>\n<p>(Please sign up for special prices)<\/p>\n","protected":false},"featured_media":35683,"template":"","meta":[],"product_brand":[],"product_cat":[109],"product_tag":[442,514,614,487],"class_list":{"0":"post-7538","1":"product","2":"type-product","3":"status-publish","4":"has-post-thumbnail","6":"product_cat-hava-filtreleri","7":"product_tag-mwm","8":"product_tag-mwm-filtre","9":"product_tag-mwm-spare-parts","10":"product_tag-mwm-yedek-parca","11":"pa_motor-modelleri-mwm","12":"pa_motor-modelleri-mwm-tcg-3016","13":"pa_orijinal-oem-alternatif-orijinal","14":"pa_parca-markasi-mwm","15":"pa_urun-tipi-parca","16":"","18":"first","19":"instock","20":"taxable","21":"shipping-taxable","22":"product-type-simple"},"yoast_head":"<!-- This site is optimized with the Yoast SEO plugin v25.3 - https:\/\/yoast.com\/wordpress\/plugins\/seo\/ -->\n<title>Air Filter MWM 12344436 Original - iggnita<\/title>\n<meta name=\"robots\" content=\"index, follow, max-snippet:-1, max-image-preview:large, max-video-preview:-1\" \/>\n<link rel=\"canonical\" href=\"https:\/\/iggnita.com\/en\/urun\/hava-filtresi-mwm-12344436-orijinal\/\" \/>\n<meta property=\"og:locale\" content=\"en_US\" \/>\n<meta property=\"og:type\" content=\"article\" \/>\n<meta property=\"og:title\" content=\"Air Filter MWM 12344436 Original - iggnita\" \/>\n<meta property=\"og:description\" content=\"MWM TCG 3016 Our Iggnita Istanbul Warehouse Delivery Price: (Please sign up for special prices)\" \/>\n<meta property=\"og:url\" content=\"https:\/\/iggnita.com\/en\/urun\/hava-filtresi-mwm-12344436-orijinal\/\" \/>\n<meta property=\"og:site_name\" content=\"iggnita\" \/>\n<meta property=\"article:publisher\" content=\"https:\/\/www.facebook.com\/iggnita\" \/>\n<meta property=\"article:modified_time\" content=\"2024-10-09T11:05:23+00:00\" \/>\n<meta property=\"og:image\" content=\"https:\/\/iggnita.com\/en\/wp-content\/uploads\/2021\/02\/Hava-filtresi-MWM-12344436-Orijinal.jpg\" \/>\n\t<meta property=\"og:image:width\" content=\"1500\" \/>\n\t<meta property=\"og:image:height\" content=\"1500\" \/>\n\t<meta property=\"og:image:type\" content=\"image\/jpeg\" \/>\n<meta name=\"twitter:card\" content=\"summary_large_image\" \/>\n<meta name=\"twitter:site\" content=\"@iggnita\" \/>\n<meta name=\"twitter:label1\" content=\"Est. reading time\" \/>\n\t<meta name=\"twitter:data1\" content=\"1 minute\" \/>\n<script type=\"application\/ld+json\" class=\"yoast-schema-graph\">{\"@context\":\"https:\/\/schema.org\",\"@graph\":[{\"@type\":\"WebPage\",\"@id\":\"https:\/\/iggnita.com\/en\/urun\/hava-filtresi-mwm-12344436-orijinal\/\",\"url\":\"https:\/\/iggnita.com\/en\/urun\/hava-filtresi-mwm-12344436-orijinal\/\",\"name\":\"Air Filter MWM 12344436 Original - iggnita\",\"isPartOf\":{\"@id\":\"https:\/\/iggnita.com\/en\/#website\"},\"primaryImageOfPage\":{\"@id\":\"https:\/\/iggnita.com\/en\/urun\/hava-filtresi-mwm-12344436-orijinal\/#primaryimage\"},\"image\":{\"@id\":\"https:\/\/iggnita.com\/en\/urun\/hava-filtresi-mwm-12344436-orijinal\/#primaryimage\"},\"thumbnailUrl\":\"https:\/\/iggnita.com\/en\/wp-content\/uploads\/2021\/02\/Hava-filtresi-MWM-12344436-Orijinal.jpg\",\"datePublished\":\"2021-02-02T15:48:28+00:00\",\"dateModified\":\"2024-10-09T11:05:23+00:00\",\"breadcrumb\":{\"@id\":\"https:\/\/iggnita.com\/en\/urun\/hava-filtresi-mwm-12344436-orijinal\/#breadcrumb\"},\"inLanguage\":\"en-US\",\"potentialAction\":[{\"@type\":\"ReadAction\",\"target\":[\"https:\/\/iggnita.com\/en\/urun\/hava-filtresi-mwm-12344436-orijinal\/\"]}]},{\"@type\":\"ImageObject\",\"inLanguage\":\"en-US\",\"@id\":\"https:\/\/iggnita.com\/en\/urun\/hava-filtresi-mwm-12344436-orijinal\/#primaryimage\",\"url\":\"https:\/\/iggnita.com\/en\/wp-content\/uploads\/2021\/02\/Hava-filtresi-MWM-12344436-Orijinal.jpg\",\"contentUrl\":\"https:\/\/iggnita.com\/en\/wp-content\/uploads\/2021\/02\/Hava-filtresi-MWM-12344436-Orijinal.jpg\",\"width\":1500,\"height\":1500},{\"@type\":\"BreadcrumbList\",\"@id\":\"https:\/\/iggnita.com\/en\/urun\/hava-filtresi-mwm-12344436-orijinal\/#breadcrumb\",\"itemListElement\":[{\"@type\":\"ListItem\",\"position\":1,\"name\":\"Anasayfa\",\"item\":\"https:\/\/iggnita.com\/en\/\"},{\"@type\":\"ListItem\",\"position\":2,\"name\":\"Shop\",\"item\":\"https:\/\/iggnita.com\/en\/iggnitashop\/\"},{\"@type\":\"ListItem\",\"position\":3,\"name\":\"Air Filter MWM 12344436 Original\"}]},{\"@type\":\"WebSite\",\"@id\":\"https:\/\/iggnita.com\/en\/#website\",\"url\":\"https:\/\/iggnita.com\/en\/\",\"name\":\"iggnita\",\"description\":\"Gaz Motoru Yedek Par\u00e7alar\u0131\",\"publisher\":{\"@id\":\"https:\/\/iggnita.com\/en\/#organization\"},\"potentialAction\":[{\"@type\":\"SearchAction\",\"target\":{\"@type\":\"EntryPoint\",\"urlTemplate\":\"https:\/\/iggnita.com\/en\/?s={search_term_string}\"},\"query-input\":{\"@type\":\"PropertyValueSpecification\",\"valueRequired\":true,\"valueName\":\"search_term_string\"}}],\"inLanguage\":\"en-US\"},{\"@type\":\"Organization\",\"@id\":\"https:\/\/iggnita.com\/en\/#organization\",\"name\":\"\u0130GGN\u0130TA MAK\u0130NA SANAY\u0130 VE T\u0130CARET\",\"url\":\"https:\/\/iggnita.com\/en\/\",\"logo\":{\"@type\":\"ImageObject\",\"inLanguage\":\"en-US\",\"@id\":\"https:\/\/iggnita.com\/en\/#\/schema\/logo\/image\/\",\"url\":\"https:\/\/iggnita.com\/en\/wp-content\/uploads\/2020\/12\/cropped-cropped-iggnita-logokkk.png\",\"contentUrl\":\"https:\/\/iggnita.com\/en\/wp-content\/uploads\/2020\/12\/cropped-cropped-iggnita-logokkk.png\",\"width\":330,\"height\":110,\"caption\":\"\u0130GGN\u0130TA MAK\u0130NA SANAY\u0130 VE T\u0130CARET\"},\"image\":{\"@id\":\"https:\/\/iggnita.com\/en\/#\/schema\/logo\/image\/\"},\"sameAs\":[\"https:\/\/www.facebook.com\/iggnita\",\"https:\/\/x.com\/iggnita\",\"https:\/\/www.instagram.com\/iggnita\/\",\"https:\/\/www.linkedin.com\/company\/70903335\/admin\/\",\"https:\/\/www.youtube.com\/channel\/UC0vF0xKibV2BYvXQi7kWb5w\"]}]}<\/script>\n<!-- \/ Yoast SEO plugin. -->","yoast_head_json":{"title":"Air Filter MWM 12344436 Original - iggnita","robots":{"index":"index","follow":"follow","max-snippet":"max-snippet:-1","max-image-preview":"max-image-preview:large","max-video-preview":"max-video-preview:-1"},"canonical":"https:\/\/iggnita.com\/en\/urun\/hava-filtresi-mwm-12344436-orijinal\/","og_locale":"en_US","og_type":"article","og_title":"Air Filter MWM 12344436 Original - iggnita","og_description":"MWM TCG 3016 Our Iggnita Istanbul Warehouse Delivery Price: (Please sign up for special prices)","og_url":"https:\/\/iggnita.com\/en\/urun\/hava-filtresi-mwm-12344436-orijinal\/","og_site_name":"iggnita","article_publisher":"https:\/\/www.facebook.com\/iggnita","article_modified_time":"2024-10-09T11:05:23+00:00","og_image":[{"width":1500,"height":1500,"url":"https:\/\/iggnita.com\/en\/wp-content\/uploads\/2021\/02\/Hava-filtresi-MWM-12344436-Orijinal.jpg","type":"image\/jpeg"}],"twitter_card":"summary_large_image","twitter_site":"@iggnita","twitter_misc":{"Est. reading time":"1 minute"},"schema":{"@context":"https:\/\/schema.org","@graph":[{"@type":"WebPage","@id":"https:\/\/iggnita.com\/en\/urun\/hava-filtresi-mwm-12344436-orijinal\/","url":"https:\/\/iggnita.com\/en\/urun\/hava-filtresi-mwm-12344436-orijinal\/","name":"Air Filter MWM 12344436 Original - iggnita","isPartOf":{"@id":"https:\/\/iggnita.com\/en\/#website"},"primaryImageOfPage":{"@id":"https:\/\/iggnita.com\/en\/urun\/hava-filtresi-mwm-12344436-orijinal\/#primaryimage"},"image":{"@id":"https:\/\/iggnita.com\/en\/urun\/hava-filtresi-mwm-12344436-orijinal\/#primaryimage"},"thumbnailUrl":"https:\/\/iggnita.com\/en\/wp-content\/uploads\/2021\/02\/Hava-filtresi-MWM-12344436-Orijinal.jpg","datePublished":"2021-02-02T15:48:28+00:00","dateModified":"2024-10-09T11:05:23+00:00","breadcrumb":{"@id":"https:\/\/iggnita.com\/en\/urun\/hava-filtresi-mwm-12344436-orijinal\/#breadcrumb"},"inLanguage":"en-US","potentialAction":[{"@type":"ReadAction","target":["https:\/\/iggnita.com\/en\/urun\/hava-filtresi-mwm-12344436-orijinal\/"]}]},{"@type":"ImageObject","inLanguage":"en-US","@id":"https:\/\/iggnita.com\/en\/urun\/hava-filtresi-mwm-12344436-orijinal\/#primaryimage","url":"https:\/\/iggnita.com\/en\/wp-content\/uploads\/2021\/02\/Hava-filtresi-MWM-12344436-Orijinal.jpg","contentUrl":"https:\/\/iggnita.com\/en\/wp-content\/uploads\/2021\/02\/Hava-filtresi-MWM-12344436-Orijinal.jpg","width":1500,"height":1500},{"@type":"BreadcrumbList","@id":"https:\/\/iggnita.com\/en\/urun\/hava-filtresi-mwm-12344436-orijinal\/#breadcrumb","itemListElement":[{"@type":"ListItem","position":1,"name":"Anasayfa","item":"https:\/\/iggnita.com\/en\/"},{"@type":"ListItem","position":2,"name":"Shop","item":"https:\/\/iggnita.com\/en\/iggnitashop\/"},{"@type":"ListItem","position":3,"name":"Air Filter MWM 12344436 Original"}]},{"@type":"WebSite","@id":"https:\/\/iggnita.com\/en\/#website","url":"https:\/\/iggnita.com\/en\/","name":"iggnita","description":"Gaz Motoru Yedek Par\u00e7alar\u0131","publisher":{"@id":"https:\/\/iggnita.com\/en\/#organization"},"potentialAction":[{"@type":"SearchAction","target":{"@type":"EntryPoint","urlTemplate":"https:\/\/iggnita.com\/en\/?s={search_term_string}"},"query-input":{"@type":"PropertyValueSpecification","valueRequired":true,"valueName":"search_term_string"}}],"inLanguage":"en-US"},{"@type":"Organization","@id":"https:\/\/iggnita.com\/en\/#organization","name":"\u0130GGN\u0130TA MAK\u0130NA SANAY\u0130 VE T\u0130CARET","url":"https:\/\/iggnita.com\/en\/","logo":{"@type":"ImageObject","inLanguage":"en-US","@id":"https:\/\/iggnita.com\/en\/#\/schema\/logo\/image\/","url":"https:\/\/iggnita.com\/en\/wp-content\/uploads\/2020\/12\/cropped-cropped-iggnita-logokkk.png","contentUrl":"https:\/\/iggnita.com\/en\/wp-content\/uploads\/2020\/12\/cropped-cropped-iggnita-logokkk.png","width":330,"height":110,"caption":"\u0130GGN\u0130TA MAK\u0130NA SANAY\u0130 VE T\u0130CARET"},"image":{"@id":"https:\/\/iggnita.com\/en\/#\/schema\/logo\/image\/"},"sameAs":["https:\/\/www.facebook.com\/iggnita","https:\/\/x.com\/iggnita","https:\/\/www.instagram.com\/iggnita\/","https:\/\/www.linkedin.com\/company\/70903335\/admin\/","https:\/\/www.youtube.com\/channel\/UC0vF0xKibV2BYvXQi7kWb5w"]}]}},"_links":{"self":[{"href":"https:\/\/iggnita.com\/en\/wp-json\/wp\/v2\/product\/7538","targetHints":{"allow":["GET"]}}],"collection":[{"href":"https:\/\/iggnita.com\/en\/wp-json\/wp\/v2\/product"}],"about":[{"href":"https:\/\/iggnita.com\/en\/wp-json\/wp\/v2\/types\/product"}],"wp:featuredmedia":[{"embeddable":true,"href":"https:\/\/iggnita.com\/en\/wp-json\/wp\/v2\/media\/35683"}],"wp:attachment":[{"href":"https:\/\/iggnita.com\/en\/wp-json\/wp\/v2\/media?parent=7538"}],"wp:term":[{"taxonomy":"product_brand","embeddable":true,"href":"https:\/\/iggnita.com\/en\/wp-json\/wp\/v2\/product_brand?post=7538"},{"taxonomy":"product_cat","embeddable":true,"href":"https:\/\/iggnita.com\/en\/wp-json\/wp\/v2\/product_cat?post=7538"},{"taxonomy":"product_tag","embeddable":true,"href":"https:\/\/iggnita.com\/en\/wp-json\/wp\/v2\/product_tag?post=7538"}],"curies":[{"name":"wp","href":"https:\/\/api.w.org\/{rel}","templated":true}]}}