{"id":7551,"date":"2021-02-02T15:48:31","date_gmt":"2021-02-02T15:48:31","guid":{"rendered":"https:\/\/iggnita.com\/en\/urun\/spin-on-filtre-mwm-12343764-orijinal\/"},"modified":"2024-10-10T09:02:45","modified_gmt":"2024-10-10T09:02:45","slug":"spin-on-filtre-mwm-12343764-orijinal","status":"publish","type":"product","link":"https:\/\/iggnita.com\/en\/urun\/spin-on-filtre-mwm-12343764-orijinal\/","title":{"rendered":"Spin-on Filter Oil Filter MWM 12343764 Original"},"content":{"rendered":"<p>Spin-on Filter MWM 12343764 original<\/p>\n<p>Spare Parts for Industrial Gas Engines: Spin-on Filter Oil Filter MWM: 12343764 Original<\/p>\n<p><strong>Engine Models:<\/strong><\/p>\n<p>MWM TCG3016 V8 &amp; V12 &amp; 16, TCG3020 V12 &amp; V16 &amp; V20<\/p>\n<p><strong>Reference numbers:\u00a0<\/strong><\/p>\n<p>12343764; 1234-3764; 1234 3764;<\/p>\n","protected":false},"excerpt":{"rendered":"<p>MWM TCG 3016 V8, MWM TCG 3016 V12, MWM TCG 3016 V16, MWM TCG 3016, MWM TCG 3020 V12, MWM TCG 3020 V16, MWM TCG 3020 V20, MWM TCG 3020<\/p>\n<p>Our Iggnita Istanbul Warehouse Delivery Price:<\/p>\n<p>(Please sign up for special prices)<\/p>\n","protected":false},"featured_media":10182,"template":"","meta":[],"product_brand":[],"product_cat":[108],"product_tag":[442,677,487,559],"class_list":{"0":"post-7551","1":"product","2":"type-product","3":"status-publish","4":"has-post-thumbnail","6":"product_cat-yag-filtreleri","7":"product_tag-mwm","8":"product_tag-mwm-tcg-3016","9":"product_tag-mwm-yedek-parca","10":"product_tag-mwm-yedek-parcalari","11":"pa_motor-modelleri-mwm","12":"pa_motor-modelleri-mwm-tcg-3016","13":"pa_motor-modelleri-mwm-tcg-3016-v12","14":"pa_motor-modelleri-mwm-tcg-3016-v16","15":"pa_motor-modelleri-mwm-tcg-3016-v8","16":"pa_motor-modelleri-mwm-tcg-3020","17":"pa_motor-modelleri-mwm-tcg-3020-v12","18":"pa_motor-modelleri-mwm-tcg-3020-v16","19":"pa_motor-modelleri-mwm-tcg-3020-v20","20":"pa_orijinal-oem-alternatif-orijinal","21":"pa_parca-markasi-mwm","22":"pa_urun-tipi-parca","23":"","25":"first","26":"instock","27":"taxable","28":"shipping-taxable","29":"product-type-simple"},"yoast_head":"<!-- This site is optimized with the Yoast SEO plugin v25.3 - https:\/\/yoast.com\/wordpress\/plugins\/seo\/ -->\n<title>Spin-on Filter Oil Filter MWM 12343764 Original - iggnita<\/title>\n<meta name=\"robots\" content=\"index, follow, max-snippet:-1, max-image-preview:large, max-video-preview:-1\" \/>\n<link rel=\"canonical\" href=\"https:\/\/iggnita.com\/en\/urun\/spin-on-filtre-mwm-12343764-orijinal\/\" \/>\n<meta property=\"og:locale\" content=\"en_US\" \/>\n<meta property=\"og:type\" content=\"article\" \/>\n<meta property=\"og:title\" content=\"Spin-on Filter Oil Filter MWM 12343764 Original - iggnita\" \/>\n<meta property=\"og:description\" content=\"MWM TCG 3016 V8, MWM TCG 3016 V12, MWM TCG 3016 V16, MWM TCG 3016, MWM TCG 3020 V12, MWM TCG 3020 V16, MWM TCG 3020 V20, MWM TCG 3020 Our Iggnita Istanbul Warehouse Delivery Price: (Please sign up for special prices)\" \/>\n<meta property=\"og:url\" content=\"https:\/\/iggnita.com\/en\/urun\/spin-on-filtre-mwm-12343764-orijinal\/\" \/>\n<meta property=\"og:site_name\" content=\"iggnita\" \/>\n<meta property=\"article:publisher\" content=\"https:\/\/www.facebook.com\/iggnita\" \/>\n<meta property=\"article:modified_time\" content=\"2024-10-10T09:02:45+00:00\" \/>\n<meta property=\"og:image\" content=\"https:\/\/iggnita.com\/en\/wp-content\/uploads\/2020\/12\/Yag-Filtresi.jpg\" \/>\n\t<meta property=\"og:image:width\" content=\"800\" \/>\n\t<meta property=\"og:image:height\" content=\"800\" \/>\n\t<meta property=\"og:image:type\" content=\"image\/jpeg\" \/>\n<meta name=\"twitter:card\" content=\"summary_large_image\" \/>\n<meta name=\"twitter:site\" content=\"@iggnita\" \/>\n<meta name=\"twitter:label1\" content=\"Est. reading time\" \/>\n\t<meta name=\"twitter:data1\" content=\"1 minute\" \/>\n<script type=\"application\/ld+json\" class=\"yoast-schema-graph\">{\"@context\":\"https:\/\/schema.org\",\"@graph\":[{\"@type\":\"WebPage\",\"@id\":\"https:\/\/iggnita.com\/en\/urun\/spin-on-filtre-mwm-12343764-orijinal\/\",\"url\":\"https:\/\/iggnita.com\/en\/urun\/spin-on-filtre-mwm-12343764-orijinal\/\",\"name\":\"Spin-on Filter Oil Filter MWM 12343764 Original - iggnita\",\"isPartOf\":{\"@id\":\"https:\/\/iggnita.com\/en\/#website\"},\"primaryImageOfPage\":{\"@id\":\"https:\/\/iggnita.com\/en\/urun\/spin-on-filtre-mwm-12343764-orijinal\/#primaryimage\"},\"image\":{\"@id\":\"https:\/\/iggnita.com\/en\/urun\/spin-on-filtre-mwm-12343764-orijinal\/#primaryimage\"},\"thumbnailUrl\":\"https:\/\/iggnita.com\/en\/wp-content\/uploads\/2021\/02\/Yag-Filtresi.jpg\",\"datePublished\":\"2021-02-02T15:48:31+00:00\",\"dateModified\":\"2024-10-10T09:02:45+00:00\",\"breadcrumb\":{\"@id\":\"https:\/\/iggnita.com\/en\/urun\/spin-on-filtre-mwm-12343764-orijinal\/#breadcrumb\"},\"inLanguage\":\"en-US\",\"potentialAction\":[{\"@type\":\"ReadAction\",\"target\":[\"https:\/\/iggnita.com\/en\/urun\/spin-on-filtre-mwm-12343764-orijinal\/\"]}]},{\"@type\":\"ImageObject\",\"inLanguage\":\"en-US\",\"@id\":\"https:\/\/iggnita.com\/en\/urun\/spin-on-filtre-mwm-12343764-orijinal\/#primaryimage\",\"url\":\"https:\/\/iggnita.com\/en\/wp-content\/uploads\/2021\/02\/Yag-Filtresi.jpg\",\"contentUrl\":\"https:\/\/iggnita.com\/en\/wp-content\/uploads\/2021\/02\/Yag-Filtresi.jpg\",\"width\":800,\"height\":800},{\"@type\":\"BreadcrumbList\",\"@id\":\"https:\/\/iggnita.com\/en\/urun\/spin-on-filtre-mwm-12343764-orijinal\/#breadcrumb\",\"itemListElement\":[{\"@type\":\"ListItem\",\"position\":1,\"name\":\"Anasayfa\",\"item\":\"https:\/\/iggnita.com\/en\/\"},{\"@type\":\"ListItem\",\"position\":2,\"name\":\"Shop\",\"item\":\"https:\/\/iggnita.com\/en\/iggnitashop\/\"},{\"@type\":\"ListItem\",\"position\":3,\"name\":\"Spin-on Filter Oil Filter MWM 12343764 Original\"}]},{\"@type\":\"WebSite\",\"@id\":\"https:\/\/iggnita.com\/en\/#website\",\"url\":\"https:\/\/iggnita.com\/en\/\",\"name\":\"iggnita\",\"description\":\"Gaz Motoru Yedek Par\u00e7alar\u0131\",\"publisher\":{\"@id\":\"https:\/\/iggnita.com\/en\/#organization\"},\"potentialAction\":[{\"@type\":\"SearchAction\",\"target\":{\"@type\":\"EntryPoint\",\"urlTemplate\":\"https:\/\/iggnita.com\/en\/?s={search_term_string}\"},\"query-input\":{\"@type\":\"PropertyValueSpecification\",\"valueRequired\":true,\"valueName\":\"search_term_string\"}}],\"inLanguage\":\"en-US\"},{\"@type\":\"Organization\",\"@id\":\"https:\/\/iggnita.com\/en\/#organization\",\"name\":\"\u0130GGN\u0130TA MAK\u0130NA SANAY\u0130 VE T\u0130CARET\",\"url\":\"https:\/\/iggnita.com\/en\/\",\"logo\":{\"@type\":\"ImageObject\",\"inLanguage\":\"en-US\",\"@id\":\"https:\/\/iggnita.com\/en\/#\/schema\/logo\/image\/\",\"url\":\"https:\/\/iggnita.com\/en\/wp-content\/uploads\/2020\/12\/cropped-cropped-iggnita-logokkk.png\",\"contentUrl\":\"https:\/\/iggnita.com\/en\/wp-content\/uploads\/2020\/12\/cropped-cropped-iggnita-logokkk.png\",\"width\":330,\"height\":110,\"caption\":\"\u0130GGN\u0130TA MAK\u0130NA SANAY\u0130 VE T\u0130CARET\"},\"image\":{\"@id\":\"https:\/\/iggnita.com\/en\/#\/schema\/logo\/image\/\"},\"sameAs\":[\"https:\/\/www.facebook.com\/iggnita\",\"https:\/\/x.com\/iggnita\",\"https:\/\/www.instagram.com\/iggnita\/\",\"https:\/\/www.linkedin.com\/company\/70903335\/admin\/\",\"https:\/\/www.youtube.com\/channel\/UC0vF0xKibV2BYvXQi7kWb5w\"]}]}<\/script>\n<!-- \/ Yoast SEO plugin. -->","yoast_head_json":{"title":"Spin-on Filter Oil Filter MWM 12343764 Original - iggnita","robots":{"index":"index","follow":"follow","max-snippet":"max-snippet:-1","max-image-preview":"max-image-preview:large","max-video-preview":"max-video-preview:-1"},"canonical":"https:\/\/iggnita.com\/en\/urun\/spin-on-filtre-mwm-12343764-orijinal\/","og_locale":"en_US","og_type":"article","og_title":"Spin-on Filter Oil Filter MWM 12343764 Original - iggnita","og_description":"MWM TCG 3016 V8, MWM TCG 3016 V12, MWM TCG 3016 V16, MWM TCG 3016, MWM TCG 3020 V12, MWM TCG 3020 V16, MWM TCG 3020 V20, MWM TCG 3020 Our Iggnita Istanbul Warehouse Delivery Price: (Please sign up for special prices)","og_url":"https:\/\/iggnita.com\/en\/urun\/spin-on-filtre-mwm-12343764-orijinal\/","og_site_name":"iggnita","article_publisher":"https:\/\/www.facebook.com\/iggnita","article_modified_time":"2024-10-10T09:02:45+00:00","og_image":[{"width":800,"height":800,"url":"https:\/\/iggnita.com\/en\/wp-content\/uploads\/2020\/12\/Yag-Filtresi.jpg","type":"image\/jpeg"}],"twitter_card":"summary_large_image","twitter_site":"@iggnita","twitter_misc":{"Est. reading time":"1 minute"},"schema":{"@context":"https:\/\/schema.org","@graph":[{"@type":"WebPage","@id":"https:\/\/iggnita.com\/en\/urun\/spin-on-filtre-mwm-12343764-orijinal\/","url":"https:\/\/iggnita.com\/en\/urun\/spin-on-filtre-mwm-12343764-orijinal\/","name":"Spin-on Filter Oil Filter MWM 12343764 Original - iggnita","isPartOf":{"@id":"https:\/\/iggnita.com\/en\/#website"},"primaryImageOfPage":{"@id":"https:\/\/iggnita.com\/en\/urun\/spin-on-filtre-mwm-12343764-orijinal\/#primaryimage"},"image":{"@id":"https:\/\/iggnita.com\/en\/urun\/spin-on-filtre-mwm-12343764-orijinal\/#primaryimage"},"thumbnailUrl":"https:\/\/iggnita.com\/en\/wp-content\/uploads\/2021\/02\/Yag-Filtresi.jpg","datePublished":"2021-02-02T15:48:31+00:00","dateModified":"2024-10-10T09:02:45+00:00","breadcrumb":{"@id":"https:\/\/iggnita.com\/en\/urun\/spin-on-filtre-mwm-12343764-orijinal\/#breadcrumb"},"inLanguage":"en-US","potentialAction":[{"@type":"ReadAction","target":["https:\/\/iggnita.com\/en\/urun\/spin-on-filtre-mwm-12343764-orijinal\/"]}]},{"@type":"ImageObject","inLanguage":"en-US","@id":"https:\/\/iggnita.com\/en\/urun\/spin-on-filtre-mwm-12343764-orijinal\/#primaryimage","url":"https:\/\/iggnita.com\/en\/wp-content\/uploads\/2021\/02\/Yag-Filtresi.jpg","contentUrl":"https:\/\/iggnita.com\/en\/wp-content\/uploads\/2021\/02\/Yag-Filtresi.jpg","width":800,"height":800},{"@type":"BreadcrumbList","@id":"https:\/\/iggnita.com\/en\/urun\/spin-on-filtre-mwm-12343764-orijinal\/#breadcrumb","itemListElement":[{"@type":"ListItem","position":1,"name":"Anasayfa","item":"https:\/\/iggnita.com\/en\/"},{"@type":"ListItem","position":2,"name":"Shop","item":"https:\/\/iggnita.com\/en\/iggnitashop\/"},{"@type":"ListItem","position":3,"name":"Spin-on Filter Oil Filter MWM 12343764 Original"}]},{"@type":"WebSite","@id":"https:\/\/iggnita.com\/en\/#website","url":"https:\/\/iggnita.com\/en\/","name":"iggnita","description":"Gaz Motoru Yedek Par\u00e7alar\u0131","publisher":{"@id":"https:\/\/iggnita.com\/en\/#organization"},"potentialAction":[{"@type":"SearchAction","target":{"@type":"EntryPoint","urlTemplate":"https:\/\/iggnita.com\/en\/?s={search_term_string}"},"query-input":{"@type":"PropertyValueSpecification","valueRequired":true,"valueName":"search_term_string"}}],"inLanguage":"en-US"},{"@type":"Organization","@id":"https:\/\/iggnita.com\/en\/#organization","name":"\u0130GGN\u0130TA MAK\u0130NA SANAY\u0130 VE T\u0130CARET","url":"https:\/\/iggnita.com\/en\/","logo":{"@type":"ImageObject","inLanguage":"en-US","@id":"https:\/\/iggnita.com\/en\/#\/schema\/logo\/image\/","url":"https:\/\/iggnita.com\/en\/wp-content\/uploads\/2020\/12\/cropped-cropped-iggnita-logokkk.png","contentUrl":"https:\/\/iggnita.com\/en\/wp-content\/uploads\/2020\/12\/cropped-cropped-iggnita-logokkk.png","width":330,"height":110,"caption":"\u0130GGN\u0130TA MAK\u0130NA SANAY\u0130 VE T\u0130CARET"},"image":{"@id":"https:\/\/iggnita.com\/en\/#\/schema\/logo\/image\/"},"sameAs":["https:\/\/www.facebook.com\/iggnita","https:\/\/x.com\/iggnita","https:\/\/www.instagram.com\/iggnita\/","https:\/\/www.linkedin.com\/company\/70903335\/admin\/","https:\/\/www.youtube.com\/channel\/UC0vF0xKibV2BYvXQi7kWb5w"]}]}},"_links":{"self":[{"href":"https:\/\/iggnita.com\/en\/wp-json\/wp\/v2\/product\/7551","targetHints":{"allow":["GET"]}}],"collection":[{"href":"https:\/\/iggnita.com\/en\/wp-json\/wp\/v2\/product"}],"about":[{"href":"https:\/\/iggnita.com\/en\/wp-json\/wp\/v2\/types\/product"}],"wp:featuredmedia":[{"embeddable":true,"href":"https:\/\/iggnita.com\/en\/wp-json\/wp\/v2\/media\/10182"}],"wp:attachment":[{"href":"https:\/\/iggnita.com\/en\/wp-json\/wp\/v2\/media?parent=7551"}],"wp:term":[{"taxonomy":"product_brand","embeddable":true,"href":"https:\/\/iggnita.com\/en\/wp-json\/wp\/v2\/product_brand?post=7551"},{"taxonomy":"product_cat","embeddable":true,"href":"https:\/\/iggnita.com\/en\/wp-json\/wp\/v2\/product_cat?post=7551"},{"taxonomy":"product_tag","embeddable":true,"href":"https:\/\/iggnita.com\/en\/wp-json\/wp\/v2\/product_tag?post=7551"}],"curies":[{"name":"wp","href":"https:\/\/api.w.org\/{rel}","templated":true}]}}